{"id":402,"date":"2017-04-11T12:14:40","date_gmt":"2017-04-11T12:14:40","guid":{"rendered":"http:\/\/rierge.com\/?page_id=402"},"modified":"2025-03-21T15:31:39","modified_gmt":"2025-03-21T15:31:39","slug":"formacion","status":"publish","type":"page","link":"https:\/\/rierge.com\/pb\/servicios\/formacion\/","title":{"rendered":"Formaci\u00f3n"},"content":{"rendered":"<p><\/p>\n<table style=\"width: 100%;\">\n<tbody>\n<tr>\n<td style=\"width: 60%;\">\n<p style=\"text-align: justify;\">O treinamento \u00e9 uma parte essencial para obter um bom rendimento do investimento, pelo qual, na Rierge dispomos dos elementos necess\u00e1rios para poder oferecer aos usu\u00e1rios dos centros de usinagens cnc, um treinamento pr\u00e9vio a entrega da m\u00e1quina. Incentivamos a todos nossos clientes, que usufruam desses meios para a forma\u00e7\u00e3o de seus colaboradores.<\/p>\n<p style=\"text-align: justify;\">Essa forma\u00e7\u00e3o se oferece tanto de forma presencial como remota.<\/p>\n<p style=\"text-align: justify;\">Na forma\u00e7\u00e3o se ministra:<\/p>\n<ul>\n<li>Manejo da m\u00e1quina.<\/li>\n<li>Treinamento de software.<\/li>\n<li>Tarefas de manuten\u00e7\u00e3o<\/li>\n<li>Configura\u00e7\u00e3o de ferramentas.<\/li>\n<\/ul>\n<p style=\"text-align: justify;\"><strong>Centros de Treinamento<\/strong><\/p>\n<p style=\"text-align: justify;\">Nossos especialistas em treinamento, podem ajud\u00e1-los a descobrir novos m\u00e9todos de trabalho que poder\u00e3o implementar em seu processo produtivo. Esses cursos se realizam na f\u00e1brica, onde ter\u00e1 oportunidade de estar em contato com fabrica\u00e7\u00e3o da m\u00e1quina e certamente dar\u00e1 uma nova vis\u00e3o a organiza\u00e7\u00e3o da produ\u00e7\u00e3o e a tecnologia das ferramentas.<\/p>\n<p style=\"text-align: justify;\">Dependendo a que se dedica sua empresa, poder\u00e1 realizar testes com o material que ira trabalhar, adquirindo experi\u00eancia com a tecnologia da usinagem.<\/p>\n<p style=\"text-align: justify;\">O tempo investido no treinamento reverter\u00e1 numa maior produtividade, que permitira uma diminui\u00e7\u00e3o de custos e uso adequado dos elementos, que evitara erros.<\/p>\n<\/td>\n<\/tr>\n<\/tbody>\n<\/table>\n<p><div class=\"detalle\">\n\t\t<style type=\"text\/css\">\n\t\t\t#gallery-10 {\n\t\t\t\tmargin: auto;\n\t\t\t}\n\t\t\t#gallery-10 .gallery-item {\n\t\t\t\tfloat: left;\n\t\t\t\tmargin-top: 10px;\n\t\t\t\ttext-align: center;\n\t\t\t\twidth: 33%;\n\t\t\t}\n\t\t\t#gallery-10 img {\n\t\t\t\tborder: 2px solid #cfcfcf;\n\t\t\t}\n\t\t\t#gallery-10 .gallery-caption {\n\t\t\t\tmargin-left: 0;\n\t\t\t}\n\t\t\t\/* see gallery_shortcode() in wp-includes\/media.php *\/\n\t\t<\/style>\n\t\t<div id='gallery-10' class='gallery galleryid-402 gallery-columns-3 gallery-size-thumbnail'><dl class='gallery-item'>\n\t\t\t<dt class='gallery-icon landscape'>\n\t\t\t\t<a href='https:\/\/rierge.com\/wp-content\/uploads\/2023\/04\/011b4bc0cf0c5dab329117ca1085a67046f64333dd.jpg'><img loading=\"lazy\" decoding=\"async\" width=\"280\" height=\"280\" src=\"https:\/\/rierge.com\/wp-content\/uploads\/2023\/04\/011b4bc0cf0c5dab329117ca1085a67046f64333dd-280x280.jpg\" class=\"attachment-thumbnail size-thumbnail\" alt=\"\" srcset=\"https:\/\/rierge.com\/wp-content\/uploads\/2023\/04\/011b4bc0cf0c5dab329117ca1085a67046f64333dd-280x280.jpg 280w, https:\/\/rierge.com\/wp-content\/uploads\/2023\/04\/011b4bc0cf0c5dab329117ca1085a67046f64333dd-60x60.jpg 60w, https:\/\/rierge.com\/wp-content\/uploads\/2023\/04\/011b4bc0cf0c5dab329117ca1085a67046f64333dd-100x100.jpg 100w, https:\/\/rierge.com\/wp-content\/uploads\/2023\/04\/011b4bc0cf0c5dab329117ca1085a67046f64333dd-300x300.jpg 300w\" sizes=\"auto, (max-width: 280px) 100vw, 280px\" \/><\/a>\n\t\t\t<\/dt><\/dl><dl class='gallery-item'>\n\t\t\t<dt class='gallery-icon landscape'>\n\t\t\t\t<a href='https:\/\/rierge.com\/wp-content\/uploads\/2023\/04\/01018629782f4f3fe6e5dc6e3984ce430780536c79.jpg'><img loading=\"lazy\" decoding=\"async\" width=\"280\" height=\"280\" src=\"https:\/\/rierge.com\/wp-content\/uploads\/2023\/04\/01018629782f4f3fe6e5dc6e3984ce430780536c79-280x280.jpg\" class=\"attachment-thumbnail size-thumbnail\" alt=\"\" srcset=\"https:\/\/rierge.com\/wp-content\/uploads\/2023\/04\/01018629782f4f3fe6e5dc6e3984ce430780536c79-280x280.jpg 280w, https:\/\/rierge.com\/wp-content\/uploads\/2023\/04\/01018629782f4f3fe6e5dc6e3984ce430780536c79-60x60.jpg 60w, https:\/\/rierge.com\/wp-content\/uploads\/2023\/04\/01018629782f4f3fe6e5dc6e3984ce430780536c79-100x100.jpg 100w, https:\/\/rierge.com\/wp-content\/uploads\/2023\/04\/01018629782f4f3fe6e5dc6e3984ce430780536c79-300x300.jpg 300w\" sizes=\"auto, (max-width: 280px) 100vw, 280px\" \/><\/a>\n\t\t\t<\/dt><\/dl><dl class='gallery-item'>\n\t\t\t<dt class='gallery-icon landscape'>\n\t\t\t\t<a href='https:\/\/rierge.com\/wp-content\/uploads\/2023\/04\/01ee0814919f0e13cdac7f5bd62db737621d98525f.jpg'><img loading=\"lazy\" decoding=\"async\" width=\"280\" height=\"280\" src=\"https:\/\/rierge.com\/wp-content\/uploads\/2023\/04\/01ee0814919f0e13cdac7f5bd62db737621d98525f-280x280.jpg\" class=\"attachment-thumbnail size-thumbnail\" alt=\"\" srcset=\"https:\/\/rierge.com\/wp-content\/uploads\/2023\/04\/01ee0814919f0e13cdac7f5bd62db737621d98525f-280x280.jpg 280w, https:\/\/rierge.com\/wp-content\/uploads\/2023\/04\/01ee0814919f0e13cdac7f5bd62db737621d98525f-60x60.jpg 60w, https:\/\/rierge.com\/wp-content\/uploads\/2023\/04\/01ee0814919f0e13cdac7f5bd62db737621d98525f-100x100.jpg 100w, https:\/\/rierge.com\/wp-content\/uploads\/2023\/04\/01ee0814919f0e13cdac7f5bd62db737621d98525f-300x300.jpg 300w\" sizes=\"auto, (max-width: 280px) 100vw, 280px\" \/><\/a>\n\t\t\t<\/dt><\/dl><br style=\"clear: both\" \/><dl class='gallery-item'>\n\t\t\t<dt class='gallery-icon landscape'>\n\t\t\t\t<a href='https:\/\/rierge.com\/wp-content\/uploads\/2017\/04\/formacion_rierge_ga2.jpg'><img loading=\"lazy\" decoding=\"async\" width=\"280\" height=\"280\" src=\"https:\/\/rierge.com\/wp-content\/uploads\/2017\/04\/formacion_rierge_ga2-280x280.jpg\" class=\"attachment-thumbnail size-thumbnail\" alt=\"\" srcset=\"https:\/\/rierge.com\/wp-content\/uploads\/2017\/04\/formacion_rierge_ga2-280x280.jpg 280w, https:\/\/rierge.com\/wp-content\/uploads\/2017\/04\/formacion_rierge_ga2-300x300.jpg 300w, https:\/\/rierge.com\/wp-content\/uploads\/2017\/04\/formacion_rierge_ga2-100x100.jpg 100w\" sizes=\"auto, (max-width: 280px) 100vw, 280px\" \/><\/a>\n\t\t\t<\/dt><\/dl><dl class='gallery-item'>\n\t\t\t<dt class='gallery-icon landscape'>\n\t\t\t\t<a href='https:\/\/rierge.com\/wp-content\/uploads\/2025\/03\/IMG_1040.jpg'><img loading=\"lazy\" decoding=\"async\" width=\"280\" height=\"280\" src=\"https:\/\/rierge.com\/wp-content\/uploads\/2025\/03\/IMG_1040-280x280.jpg\" class=\"attachment-thumbnail size-thumbnail\" alt=\"\" srcset=\"https:\/\/rierge.com\/wp-content\/uploads\/2025\/03\/IMG_1040-280x280.jpg 280w, https:\/\/rierge.com\/wp-content\/uploads\/2025\/03\/IMG_1040-60x60.jpg 60w, https:\/\/rierge.com\/wp-content\/uploads\/2025\/03\/IMG_1040-100x100.jpg 100w\" sizes=\"auto, (max-width: 280px) 100vw, 280px\" \/><\/a>\n\t\t\t<\/dt><\/dl><dl class='gallery-item'>\n\t\t\t<dt class='gallery-icon landscape'>\n\t\t\t\t<a href='https:\/\/rierge.com\/wp-content\/uploads\/2025\/03\/cambio-random2.jpg'><img loading=\"lazy\" decoding=\"async\" width=\"280\" height=\"280\" src=\"https:\/\/rierge.com\/wp-content\/uploads\/2025\/03\/cambio-random2-280x280.jpg\" class=\"attachment-thumbnail size-thumbnail\" alt=\"\" srcset=\"https:\/\/rierge.com\/wp-content\/uploads\/2025\/03\/cambio-random2-280x280.jpg 280w, https:\/\/rierge.com\/wp-content\/uploads\/2025\/03\/cambio-random2-60x60.jpg 60w, https:\/\/rierge.com\/wp-content\/uploads\/2025\/03\/cambio-random2-100x100.jpg 100w\" sizes=\"auto, (max-width: 280px) 100vw, 280px\" \/><\/a>\n\t\t\t<\/dt><\/dl><br style=\"clear: both\" \/>\n\t\t<\/div>\n<\/div><\/p>","protected":false},"excerpt":{"rendered":"<p>O treinamento \u00e9 uma parte essencial para obter um bom rendimento do investimento, pelo qual, na Rierge dispomos dos elementos necess\u00e1rios para poder oferecer aos usu\u00e1rios dos centros de usinagens cnc, um treinamento pr\u00e9vio a entrega da m\u00e1quina. Incentivamos a todos nossos clientes, que usufruam desses meios para a forma\u00e7\u00e3o de seus colaboradores. Essa forma\u00e7\u00e3o [&hellip;]<\/p>\n","protected":false},"author":1,"featured_media":980,"parent":18,"menu_order":11,"comment_status":"closed","ping_status":"closed","template":"","meta":{"_mc_calendar":[],"footnotes":""},"class_list":["post-402","page","type-page","status-publish","has-post-thumbnail","hentry"],"yoast_head":"<!-- This site is optimized with the Yoast SEO Premium plugin v18.4 (Yoast SEO v24.9) - https:\/\/yoast.com\/wordpress\/plugins\/seo\/ -->\n<title>Formaci\u00f3n - RIERGE<\/title>\n<meta name=\"description\" content=\"Ofrecemos a los usuarios de los centros de mecanizado cnc una formaci\u00f3n previa a la entrega de la m\u00e1quina | Rierge\" \/>\n<meta name=\"robots\" content=\"index, follow, max-snippet:-1, max-image-preview:large, max-video-preview:-1\" \/>\n<link rel=\"canonical\" href=\"https:\/\/rierge.com\/servicios\/formacion\/\" \/>\n<meta property=\"og:locale\" content=\"pt_BR\" \/>\n<meta property=\"og:type\" content=\"article\" \/>\n<meta property=\"og:title\" content=\"[:es]Formaci\u00f3n CNC[:ca]Formaci\u00f3[:en]Training[:fr]Formation[:pb]Formaci\u00f3n[:]\" \/>\n<meta property=\"og:description\" content=\"La formaci\u00f3n es una parte esencial para obtener un buen rendimiento de la inversi\u00f3n, por lo que en Rierge disponemos de los elementos necesarios para\" \/>\n<meta property=\"og:url\" content=\"https:\/\/rierge.com\/servicios\/formacion\/\" \/>\n<meta property=\"og:site_name\" content=\"RIERGE\" \/>\n<meta property=\"article:modified_time\" content=\"2025-03-21T15:31:39+00:00\" \/>\n<meta property=\"og:image\" content=\"https:\/\/rierge.com\/wp-content\/uploads\/2017\/04\/b_formacion.jpg\" \/>\n\t<meta property=\"og:image:width\" content=\"1000\" \/>\n\t<meta property=\"og:image:height\" content=\"400\" \/>\n\t<meta property=\"og:image:type\" content=\"image\/jpeg\" \/>\n<meta name=\"twitter:card\" content=\"summary_large_image\" \/>\n<meta name=\"twitter:label1\" content=\"Est. tempo de leitura\" \/>\n\t<meta name=\"twitter:data1\" content=\"2 minutos\" \/>\n<script type=\"application\/ld+json\" class=\"yoast-schema-graph\">{\"@context\":\"https:\/\/schema.org\",\"@graph\":[{\"@type\":\"WebPage\",\"@id\":\"https:\/\/rierge.com\/servicios\/formacion\/\",\"url\":\"https:\/\/rierge.com\/servicios\/formacion\/\",\"name\":\"[:es]Formaci\u00f3n CNC[:ca]Formaci\u00f3[:en]Training[:fr]Formation[:pb]Formaci\u00f3n[:] - RIERGE\",\"isPartOf\":{\"@id\":\"https:\/\/rierge.com\/en\/#website\"},\"primaryImageOfPage\":{\"@id\":\"https:\/\/rierge.com\/servicios\/formacion\/#primaryimage\"},\"image\":{\"@id\":\"https:\/\/rierge.com\/servicios\/formacion\/#primaryimage\"},\"thumbnailUrl\":\"https:\/\/rierge.com\/wp-content\/uploads\/2017\/04\/b_formacion.jpg\",\"datePublished\":\"2017-04-11T12:14:40+00:00\",\"dateModified\":\"2025-03-21T15:31:39+00:00\",\"description\":\"Ofrecemos a los usuarios de los centros de mecanizado cnc una formaci\u00f3n previa a la entrega de la m\u00e1quina | Rierge\",\"breadcrumb\":{\"@id\":\"https:\/\/rierge.com\/servicios\/formacion\/#breadcrumb\"},\"inLanguage\":\"pt-BR\",\"potentialAction\":[{\"@type\":\"ReadAction\",\"target\":[\"https:\/\/rierge.com\/servicios\/formacion\/\"]}]},{\"@type\":\"ImageObject\",\"inLanguage\":\"pt-BR\",\"@id\":\"https:\/\/rierge.com\/servicios\/formacion\/#primaryimage\",\"url\":\"https:\/\/rierge.com\/wp-content\/uploads\/2017\/04\/b_formacion.jpg\",\"contentUrl\":\"https:\/\/rierge.com\/wp-content\/uploads\/2017\/04\/b_formacion.jpg\",\"width\":1000,\"height\":400},{\"@type\":\"BreadcrumbList\",\"@id\":\"https:\/\/rierge.com\/servicios\/formacion\/#breadcrumb\",\"itemListElement\":[{\"@type\":\"ListItem\",\"position\":1,\"name\":\"Home\",\"item\":\"https:\/\/rierge.com\/\"},{\"@type\":\"ListItem\",\"position\":2,\"name\":\"Services\",\"item\":\"https:\/\/rierge.com\/en\/services\/\"},{\"@type\":\"ListItem\",\"position\":3,\"name\":\"Formaci\u00f3n CNC\"}]},{\"@type\":\"WebSite\",\"@id\":\"https:\/\/rierge.com\/en\/#website\",\"url\":\"https:\/\/rierge.com\/en\/\",\"name\":\"RIERGE\",\"description\":\"\",\"publisher\":{\"@id\":\"https:\/\/rierge.com\/en\/#organization\"},\"potentialAction\":[{\"@type\":\"SearchAction\",\"target\":{\"@type\":\"EntryPoint\",\"urlTemplate\":\"https:\/\/rierge.com\/en\/?s={search_term_string}\"},\"query-input\":{\"@type\":\"PropertyValueSpecification\",\"valueRequired\":true,\"valueName\":\"search_term_string\"}}],\"inLanguage\":\"pt-BR\"},{\"@type\":\"Organization\",\"@id\":\"https:\/\/rierge.com\/en\/#organization\",\"name\":\"Rierge\",\"url\":\"https:\/\/rierge.com\/en\/\",\"logo\":{\"@type\":\"ImageObject\",\"inLanguage\":\"pt-BR\",\"@id\":\"https:\/\/rierge.com\/en\/#\/schema\/logo\/image\/\",\"url\":\"https:\/\/rierge.com\/wp-content\/uploads\/2017\/06\/logo-rierge-desde-1954.jpg\",\"contentUrl\":\"https:\/\/rierge.com\/wp-content\/uploads\/2017\/06\/logo-rierge-desde-1954.jpg\",\"width\":180,\"height\":50,\"caption\":\"Rierge\"},\"image\":{\"@id\":\"https:\/\/rierge.com\/en\/#\/schema\/logo\/image\/\"}}]}<\/script>\n<!-- \/ Yoast SEO Premium plugin. -->","yoast_head_json":{"title":"[:es]Formaci\u00f3n CNC[:ca]Formaci\u00f3[:en]Training[:fr]Formation[:pb]Formaci\u00f3n[:] - RIERGE","description":"Ofrecemos a los usuarios de los centros de mecanizado cnc una formaci\u00f3n previa a la entrega de la m\u00e1quina | Rierge","robots":{"index":"index","follow":"follow","max-snippet":"max-snippet:-1","max-image-preview":"max-image-preview:large","max-video-preview":"max-video-preview:-1"},"canonical":"https:\/\/rierge.com\/servicios\/formacion\/","og_locale":"pt_BR","og_type":"article","og_title":"[:es]Formaci\u00f3n CNC[:ca]Formaci\u00f3[:en]Training[:fr]Formation[:pb]Formaci\u00f3n[:]","og_description":"La formaci\u00f3n es una parte esencial para obtener un buen rendimiento de la inversi\u00f3n, por lo que en Rierge disponemos de los elementos necesarios para","og_url":"https:\/\/rierge.com\/servicios\/formacion\/","og_site_name":"RIERGE","article_modified_time":"2025-03-21T15:31:39+00:00","og_image":[{"width":1000,"height":400,"url":"https:\/\/rierge.com\/wp-content\/uploads\/2017\/04\/b_formacion.jpg","type":"image\/jpeg"}],"twitter_card":"summary_large_image","twitter_misc":{"Est. tempo de leitura":"2 minutos"},"schema":{"@context":"https:\/\/schema.org","@graph":[{"@type":"WebPage","@id":"https:\/\/rierge.com\/servicios\/formacion\/","url":"https:\/\/rierge.com\/servicios\/formacion\/","name":"[:es]Formaci\u00f3n CNC[:ca]Formaci\u00f3[:en]Training[:fr]Formation[:pb]Formaci\u00f3n[:] - RIERGE","isPartOf":{"@id":"https:\/\/rierge.com\/en\/#website"},"primaryImageOfPage":{"@id":"https:\/\/rierge.com\/servicios\/formacion\/#primaryimage"},"image":{"@id":"https:\/\/rierge.com\/servicios\/formacion\/#primaryimage"},"thumbnailUrl":"https:\/\/rierge.com\/wp-content\/uploads\/2017\/04\/b_formacion.jpg","datePublished":"2017-04-11T12:14:40+00:00","dateModified":"2025-03-21T15:31:39+00:00","description":"Ofrecemos a los usuarios de los centros de mecanizado cnc una formaci\u00f3n previa a la entrega de la m\u00e1quina | Rierge","breadcrumb":{"@id":"https:\/\/rierge.com\/servicios\/formacion\/#breadcrumb"},"inLanguage":"pt-BR","potentialAction":[{"@type":"ReadAction","target":["https:\/\/rierge.com\/servicios\/formacion\/"]}]},{"@type":"ImageObject","inLanguage":"pt-BR","@id":"https:\/\/rierge.com\/servicios\/formacion\/#primaryimage","url":"https:\/\/rierge.com\/wp-content\/uploads\/2017\/04\/b_formacion.jpg","contentUrl":"https:\/\/rierge.com\/wp-content\/uploads\/2017\/04\/b_formacion.jpg","width":1000,"height":400},{"@type":"BreadcrumbList","@id":"https:\/\/rierge.com\/servicios\/formacion\/#breadcrumb","itemListElement":[{"@type":"ListItem","position":1,"name":"Home","item":"https:\/\/rierge.com\/"},{"@type":"ListItem","position":2,"name":"Services","item":"https:\/\/rierge.com\/en\/services\/"},{"@type":"ListItem","position":3,"name":"Formaci\u00f3n CNC"}]},{"@type":"WebSite","@id":"https:\/\/rierge.com\/en\/#website","url":"https:\/\/rierge.com\/en\/","name":"RIERGE","description":"","publisher":{"@id":"https:\/\/rierge.com\/en\/#organization"},"potentialAction":[{"@type":"SearchAction","target":{"@type":"EntryPoint","urlTemplate":"https:\/\/rierge.com\/en\/?s={search_term_string}"},"query-input":{"@type":"PropertyValueSpecification","valueRequired":true,"valueName":"search_term_string"}}],"inLanguage":"pt-BR"},{"@type":"Organization","@id":"https:\/\/rierge.com\/en\/#organization","name":"Rierge","url":"https:\/\/rierge.com\/en\/","logo":{"@type":"ImageObject","inLanguage":"pt-BR","@id":"https:\/\/rierge.com\/en\/#\/schema\/logo\/image\/","url":"https:\/\/rierge.com\/wp-content\/uploads\/2017\/06\/logo-rierge-desde-1954.jpg","contentUrl":"https:\/\/rierge.com\/wp-content\/uploads\/2017\/06\/logo-rierge-desde-1954.jpg","width":180,"height":50,"caption":"Rierge"},"image":{"@id":"https:\/\/rierge.com\/en\/#\/schema\/logo\/image\/"}}]}},"_links":{"self":[{"href":"https:\/\/rierge.com\/pb\/wp-json\/wp\/v2\/pages\/402","targetHints":{"allow":["GET"]}}],"collection":[{"href":"https:\/\/rierge.com\/pb\/wp-json\/wp\/v2\/pages"}],"about":[{"href":"https:\/\/rierge.com\/pb\/wp-json\/wp\/v2\/types\/page"}],"author":[{"embeddable":true,"href":"https:\/\/rierge.com\/pb\/wp-json\/wp\/v2\/users\/1"}],"replies":[{"embeddable":true,"href":"https:\/\/rierge.com\/pb\/wp-json\/wp\/v2\/comments?post=402"}],"version-history":[{"count":4,"href":"https:\/\/rierge.com\/pb\/wp-json\/wp\/v2\/pages\/402\/revisions"}],"predecessor-version":[{"id":8059,"href":"https:\/\/rierge.com\/pb\/wp-json\/wp\/v2\/pages\/402\/revisions\/8059"}],"up":[{"embeddable":true,"href":"https:\/\/rierge.com\/pb\/wp-json\/wp\/v2\/pages\/18"}],"wp:featuredmedia":[{"embeddable":true,"href":"https:\/\/rierge.com\/pb\/wp-json\/wp\/v2\/media\/980"}],"wp:attachment":[{"href":"https:\/\/rierge.com\/pb\/wp-json\/wp\/v2\/media?parent=402"}],"curies":[{"name":"wp","href":"https:\/\/api.w.org\/{rel}","templated":true}]}}