{"id":14,"date":"2017-03-23T14:32:50","date_gmt":"2017-03-23T14:32:50","guid":{"rendered":"http:\/\/rierge.com\/?page_id=14"},"modified":"2022-07-28T07:43:36","modified_gmt":"2022-07-28T07:43:36","slug":"delegacines","status":"publish","type":"page","link":"https:\/\/rierge.com\/pb\/rierge\/delegacines\/","title":{"rendered":"Materiais Avan\u00e7ados"},"content":{"rendered":"<p><\/p>\n<table cellspacing=\"25px\">\n<tbody>\n<tr>\n<td style=\"width: 35%; text-align: center; vertical-align: top;\"><\/td>\n<td style=\"text-align: left; vertical-align: top;\">\n<p style=\"text-align: justify;\">O surgimento de novos materiais nos \u00faltimos anos, tanto na constru\u00e7\u00e3o quanto na fabrica\u00e7\u00e3o de m\u00f3veis e carpintaria, fez com que os fabricantes tivessem que se adaptar as m\u00e1quinas que foram inicialmente projetadas para trabalhar resinas de madeira e fibras, a trabalhar com resinas, alum\u00ednios, pl\u00e1sticos e materiais similares.<\/p>\n<p style=\"text-align: justify;\">N\u00f3s, ent\u00e3o, vamos definir alguns dos materiais que hoje fazem parte da nossa ind\u00fastria.<\/p>\n<\/td>\n<\/tr>\n<tr>\n<td style=\"text-align: center; vertical-align: top;\"><img loading=\"lazy\" decoding=\"async\" src=\"http:\/\/rierge.com\/wp-content\/uploads\/2017\/03\/RESINAS-FENOLICAS.jpg\" alt=\"\" width=\"310\" height=\"205\" data-id=\"1695\" \/><\/td>\n<td>\n<h3><strong>Resinas fen\u00f3licas<\/strong><\/h3>\n<p style=\"text-align: justify;\">Eles s\u00e3o usados ??na fabrica\u00e7\u00e3o de mobili\u00e1rio escolar, esportes, e de escrit\u00f3rio, em diferentes composi\u00e7\u00f5es \u00e9 um material ideal para laborat\u00f3rios e hospitais, tanto na fabrica\u00e7\u00e3o de m\u00f3veis quanto para o interior do revestimento e das paredes exteriores, mobili\u00e1rio urbano, parques infantis&#8230;<\/p>\n<p style=\"text-align: justify;\">Eles tamb\u00e9m s\u00e3o utilizados no setor automotivo e aeroespacial, como isolamento el\u00e9trico, na constru\u00e7\u00e3o de estradas de ferro e uma s\u00e9rie outros usos.<\/p>\n<p style=\"text-align: justify;\">\u00c9 resistente \u00e0 temperatura, tem boas propriedades el\u00e9ctricas e tem resist\u00eancia a solventes e \u00e1cidos, abras\u00e3o, estabilidade t\u00e9rmica, resist\u00eancia e propriedades de isolamento anticorrosivos, dependendo do tipo de resina e as respectivas concentra\u00e7\u00f5es.<\/p>\n<\/td>\n<\/tr>\n<tr>\n<td style=\"text-align: center; vertical-align: top;\"><img loading=\"lazy\" decoding=\"async\" src=\"http:\/\/rierge.com\/wp-content\/uploads\/2017\/03\/PANELES-COMPOSITES.jpg\" alt=\"\" width=\"310\" height=\"205\" data-id=\"1694\" \/><\/td>\n<td>\n<h3><strong>Pan\u00e9is Compostos<\/strong><\/h3>\n<p style=\"text-align: justify;\">Estes pain\u00e9is s\u00e3o um composto de alum\u00ednio, que permite ser dobrado ou curvado.<\/p>\n<p style=\"text-align: justify;\">\u00c9 constitu\u00edda por duas folhas de alum\u00ednio e um n\u00facleo termopl\u00e1stico.<\/p>\n<p style=\"text-align: justify;\">As suas propriedades pode ser instalado no exterior, impede a corros\u00e3o, \u00e9 resistente ao fogo e propriedades de isolamento de ru\u00eddo, vibra\u00e7\u00e3o e absorve as distor\u00e7\u00f5es que podem causar eventos s\u00edsmicos.<\/p>\n<p style=\"text-align: justify;\">Com uma gama de cores e acabamentos com a manipula\u00e7\u00e3o, oferecemos a possibilidade da execu\u00e7\u00e3o de obras de design.<\/p>\n<p style=\"text-align: justify;\">Tipico para instala\u00e7\u00e3o, que \u00e9 realizado em estruturas met\u00e1licas, forma uma bandeja para pendurar ristreles colocados na fachada.<\/p>\n<\/td>\n<\/tr>\n<tr>\n<td style=\"text-align: center; vertical-align: top;\"><img loading=\"lazy\" decoding=\"async\" src=\"http:\/\/rierge.com\/wp-content\/uploads\/2017\/03\/honeycomb-1.jpg\" alt=\"\" width=\"310\" height=\"205\" data-id=\"1693\" \/><\/td>\n<td>\n<h3><strong>Honeycomb<\/strong><\/h3>\n<p style=\"text-align: justify;\">Os pain\u00e9is estruturados do Honeycomb cont\u00e9m um tratamento anticorrosivo e uma chapa de alum\u00ednio em ambos os lados, \u00e9 protegido com um filtro de prote\u00e7\u00e3o de pl\u00e1stico.<\/p>\n<p style=\"text-align: justify;\">As caracter\u00edsticas principais desse pain\u00e9is s\u00e3o a rigidez, e s\u00e3o um perfeito isolante ac\u00fastico e t\u00e9rmico, e junto com uma ampla op\u00e7\u00f5es de manipula\u00e7\u00e3o, que permite a uzinagem manipulada, dobrando e curvando o que se torna um produto ideal para aplica\u00e7\u00f5es arquitet\u00f4nicas, ferrovi\u00e1ria e no setor naval e industrial.<\/p>\n<p style=\"text-align: justify;\">Telas divis\u00f3rias, pisos, tetos, portas, plataformas e todos os tipos de mobili\u00e1rio. Os interiores de navios, trens, avi\u00f5es, \u00f4nibus, caravanas e outros meios de transporte s\u00e3o feitos com esses pain\u00e9is.<\/p>\n<p style=\"text-align: justify;\">Outros setores, tais como elevadores, salas limpas, m\u00e1quinas industriais, etc<\/p>\n<\/td>\n<\/tr>\n<tr>\n<td style=\"text-align: center; vertical-align: top;\">\u00a0<img loading=\"lazy\" decoding=\"async\" src=\"http:\/\/rierge.com\/wp-content\/uploads\/2017\/03\/corian-1.jpg\" alt=\"\" width=\"310\" height=\"205\" data-id=\"1697\" \/><\/td>\n<td>\n<h3 style=\"text-align: justify;\"><strong>Corian<\/strong><\/h3>\n<p style=\"text-align: justify;\">Uma mistura de minerais naturais e de pol\u00edmero acr\u00edlico.<\/p>\n<p style=\"text-align: justify;\">\u00c9 fabricado em folhas e formas (pias e banheiros). Com uma vasta gama de cores.<\/p>\n<p style=\"text-align: justify;\">\u00c9 um material de design vers\u00e1til, com muitas aplica\u00e7\u00f5es em uma ampla gama de setores. Em casa na cozinha e m\u00f3veis de banho e ilumina\u00e7\u00e3o. Mas voc\u00ea tamb\u00e9m pode encontrar lojas, restaurantes, hospitais, escrit\u00f3rios&#8230; e em quase qualquer espa\u00e7o onde o design e o desempenho dur\u00e1vel s\u00e3o importantes.<\/p>\n<\/td>\n<\/tr>\n<tr>\n<td style=\"text-align: center; vertical-align: top;\">\u00a0<img loading=\"lazy\" decoding=\"async\" src=\"http:\/\/rierge.com\/wp-content\/uploads\/2017\/03\/fibra-de-vidrio-1.jpg\" alt=\"\" width=\"310\" height=\"205\" data-id=\"1692\" \/><\/td>\n<td>\n<h3 style=\"text-align: justify;\"><strong>Fibra de vidro<\/strong><\/h3>\n<p style=\"text-align: justify;\">A fibra de vidro \u00e9 o resultado da mescla da malha de vidro e de uma resina Epoxi na qual inicialmente \u00e9 liquida e depois se torna s\u00f3lida e se mant\u00e9m na forma final adquirida no molde.<\/p>\n<p style=\"text-align: justify;\">As caracter\u00edsticas da fibra de vidro s\u00e3o:<\/p>\n<p style=\"text-align: justify;\">\u2022 Excelente isolamento t\u00e9rmico<br \/>\n\u2022 Inerte a muitas sust\u00e2ncias, incluindo \u00e1cidos<br \/>\n\u2022 Alta maleabilidade<br \/>\n\u2022 Altamente resistente\u00a0\u00e0 tra\u00e7\u00e3o<\/p>\n<p style=\"text-align: justify;\">Pela pr\u00f3pria natureza do material, a fibra de vidro \u00e9 usada em v\u00e1rios setores, industrial e art\u00edstico. Entre os usos, os mais importantes s\u00e3o: of\u00edcio ou DIY, artigos n\u00e1uticos, incluindo pranchas de surf, windsurf, vela, barcos, etc. Tamb\u00e9m utilizado para esculturas e pe\u00e7as complexas. Por suas propriedades (\u00e9 mold\u00e1vel com baixos recursos) faz um material ideal para aqueles que querem trabalhar fibra de vidro.<\/p>\n<\/td>\n<\/tr>\n<tr>\n<td style=\"text-align: center; vertical-align: top;\">\u00a0<img loading=\"lazy\" decoding=\"async\" src=\"http:\/\/rierge.com\/wp-content\/uploads\/2017\/03\/fibra-de-carbono-1.jpg\" alt=\"\" width=\"310\" height=\"205\" data-id=\"1691\" \/><\/td>\n<td>\n<h3 style=\"text-align: justify;\"><strong>Fibra de carbono<\/strong><\/h3>\n<p style=\"text-align: justify;\">A Fibra de Carbono (CF) foi inicialmente desenvolvida para a ind\u00fastria espacial, mas agora com menor pre\u00e7o, se espalhou para outros campos: a ind\u00fastria de transporte, aeron\u00e1utica, o esporte de alto n\u00edvel e, finalmente, encontrar o FC at\u00e9 carteiras e rel\u00f3gios.<\/p>\n<p style=\"text-align: justify;\">A FC \u00e9 composto de muitas fibras de carbono em forma de cadeia. Existem muitos tipos de FC com propriedades diferentes, adaptados para muitas aplica\u00e7\u00f5es.<\/p>\n<p style=\"text-align: justify;\">A sua resist\u00eancia \u00e9 quase 3 vezes maior do que o a\u00e7o, e sua densidade \u00e9 de 4,5 vezes menor.<\/p>\n<p style=\"text-align: justify;\">Outras propriedades muito apreciadas na fibra de carbono s\u00e3o a resist\u00eancia \u00e0 corros\u00e3o, fogo, e in\u00e9rcia qu\u00edmica e condutividade el\u00e9ctrica. Mesmo ante varia\u00e7\u00f5es de temperatura mant\u00e9m sua forma. A fibra de carbono \u00e9 um pol\u00edmero convertido em fibra.<\/p>\n<p style=\"text-align: justify;\">Ela \u00e9 usada na ind\u00fastria de transporte, especialmente a ind\u00fastria aeroespacial e aeron\u00e1utica, mas a cada dia est\u00e1 tendo mais destaque na ind\u00fastria automotiva.<\/p>\n<\/td>\n<\/tr>\n<tr>\n<td style=\"text-align: center; vertical-align: top;\">\u00a0<img loading=\"lazy\" decoding=\"async\" src=\"http:\/\/rierge.com\/wp-content\/uploads\/2017\/03\/PANEL-SANDWICH.jpg\" alt=\"\" width=\"310\" height=\"205\" data-id=\"1698\" \/><\/td>\n<td>\n<h3 style=\"text-align: justify;\"><strong>Painel Sandwich<\/strong><\/h3>\n<p style=\"text-align: justify;\">Um Painel Sandwich t\u00edpico tem uma estrutura de tr\u00eas camadas. Superf\u00edcies r\u00edgida com um m\u00f3dulo relativamente elevado de elasticidade, s\u00e3o mantidos a uma dist\u00e2ncia por um n\u00facleo leve, que tem uma rigidez \u00e0 flex\u00e3o suficiente para suportar a maior parte das for\u00e7as de corte. A camada de n\u00facleo tamb\u00e9m actua como um isolamento t\u00e9rmico altamente eficiente.<\/p>\n<p style=\"text-align: justify;\">Os pain\u00e9is sandu\u00edche est\u00e3o agora dispon\u00edveis para uma ampla variedade de aplica\u00e7\u00f5es: paredes, telhados, paredes de interiores e tetos falsos, especialmente em edif\u00edcios industriais com elevados requisitos de isolamento t\u00e9rmico.<\/p>\n<p style=\"text-align: justify;\">Aplica\u00e7\u00f5es em engenharia civil: edif\u00edcios industriais, aeroportos, pr\u00e9dios administrativos, casas e casas pr\u00e9-fabricadas, salas de exposi\u00e7\u00f5es, hot\u00e9is, centros de exposi\u00e7\u00f5es, laborat\u00f3rios e salas limpas, salas de opera\u00e7\u00e3o, tintas, usinas, instala\u00e7\u00f5es de reciclagem, centros esportivos, supermercados comerciais telhados residenciais.<\/p>\n<p style=\"text-align: justify;\">Uso na ind\u00fastria de alimentos: frigor\u00edficos, armazenamento, tuneis de congelamento, salas de tratamento, salas limpas.<\/p>\n<p style=\"text-align: justify;\">Na fabrica\u00e7\u00e3o de ve\u00edculos para o transporte de alimentos refrigerados.<\/p>\n<p style=\"text-align: justify;\">Todos esses materiais tem em comum \u00e9 que s\u00e3o praticamente inalter\u00e1veis pela humidade, s\u00e3o resistentes a agentes corrosivos e n\u00e3o necessitam de manuten\u00e7\u00e3o por isso s\u00e3o ideais para exteriores e interiores, onde os ambientes s\u00e3o agressivos e se requer uma limpeza escrupulosa por motivos de cont\u00e1gio. Uma vez que esses materiais s\u00e3o agrad\u00e1veis a vista, com uma grande gama de cores, permitem ser serigrafados, e em alguns casos pode se personalizar a instala\u00e7\u00e3o ao gosto do cliente e permitir a realiza\u00e7\u00e3o de montagens complexas.<\/p>\n<p style=\"text-align: justify;\">Temos centros de usinagem, especialmente produzidos para a usinagem destes materiais, juntamente com uma vasta experi\u00eancia em si.<\/p>\n<\/td>\n<\/tr>\n<\/tbody>\n<\/table>\n<p style=\"text-align: center;\">Disponemos de centros de mecanizado, especialmente dise\u00f1ados para el mecanizado de \u00e9stos materiales, adem\u00e1s de una amplia experiencia en ellos.<\/p>\n<p><\/p>","protected":false},"excerpt":{"rendered":"<p>O surgimento de novos materiais nos \u00faltimos anos, tanto na constru\u00e7\u00e3o quanto na fabrica\u00e7\u00e3o de m\u00f3veis e carpintaria, fez com que os fabricantes tivessem que se adaptar as m\u00e1quinas que foram inicialmente projetadas para trabalhar resinas de madeira e fibras, a trabalhar com resinas, alum\u00ednios, pl\u00e1sticos e materiais similares. N\u00f3s, ent\u00e3o, vamos definir alguns dos [&hellip;]<\/p>\n","protected":false},"author":1,"featured_media":1690,"parent":23,"menu_order":2,"comment_status":"closed","ping_status":"closed","template":"","meta":{"_mc_calendar":[],"footnotes":""},"class_list":["post-14","page","type-page","status-publish","has-post-thumbnail","hentry"],"yoast_head":"<!-- This site is optimized with the Yoast SEO Premium plugin v18.4 (Yoast SEO v24.9) - https:\/\/yoast.com\/wordpress\/plugins\/seo\/ -->\n<title>Materiais Avan\u00e7ados - RIERGE<\/title>\n<meta name=\"description\" content=\"Descubre las soluciones de Rierge para el mecanizado de materiales avanzados como Resinas fen\u00f3licas, Paneles Composites, Honeycomb, Corian, Fibra de vidrio, Fibra de carbono y Panel S\u00e1ndwich | Rierge\" \/>\n<meta name=\"robots\" content=\"index, follow, max-snippet:-1, max-image-preview:large, max-video-preview:-1\" \/>\n<link rel=\"canonical\" href=\"https:\/\/rierge.com\/rierge\/delegacines\/\" \/>\n<meta property=\"og:locale\" content=\"pt_BR\" \/>\n<meta property=\"og:type\" content=\"article\" \/>\n<meta property=\"og:title\" content=\"[:es]Mecanizado Materiales Avanzados[:ca]Materials Avan\u00e7ats[:en]Advanced Materials[:fr]Mat\u00e9riaux Avanc\u00e9s[:pb]Materiais Avan\u00e7ados[:]\" \/>\n<meta property=\"og:description\" content=\"La irrupci\u00f3n de nuevos materiales desde hace unos a\u00f1os tanto en la construcci\u00f3n civil como en la industria en general y en particular en el sector\" \/>\n<meta property=\"og:url\" content=\"https:\/\/rierge.com\/rierge\/delegacines\/\" \/>\n<meta property=\"og:site_name\" content=\"RIERGE\" \/>\n<meta property=\"article:modified_time\" content=\"2022-07-28T07:43:36+00:00\" \/>\n<meta property=\"og:image\" content=\"https:\/\/rierge.com\/wp-content\/uploads\/2017\/03\/b_compania_materiales-avanzados.jpg\" \/>\n\t<meta property=\"og:image:width\" content=\"1000\" \/>\n\t<meta property=\"og:image:height\" content=\"400\" \/>\n\t<meta property=\"og:image:type\" content=\"image\/jpeg\" \/>\n<meta name=\"twitter:card\" content=\"summary_large_image\" \/>\n<meta name=\"twitter:label1\" content=\"Est. tempo de leitura\" \/>\n\t<meta name=\"twitter:data1\" content=\"32 minutos\" \/>\n<script type=\"application\/ld+json\" class=\"yoast-schema-graph\">{\"@context\":\"https:\/\/schema.org\",\"@graph\":[{\"@type\":\"WebPage\",\"@id\":\"https:\/\/rierge.com\/rierge\/delegacines\/\",\"url\":\"https:\/\/rierge.com\/rierge\/delegacines\/\",\"name\":\"[:es]Mecanizado Materiales Avanzados[:ca]Materials Avan\u00e7ats[:en]Advanced Materials[:fr]Mat\u00e9riaux Avanc\u00e9s[:pb]Materiais Avan\u00e7ados[:] - RIERGE\",\"isPartOf\":{\"@id\":\"https:\/\/rierge.com\/en\/#website\"},\"primaryImageOfPage\":{\"@id\":\"https:\/\/rierge.com\/rierge\/delegacines\/#primaryimage\"},\"image\":{\"@id\":\"https:\/\/rierge.com\/rierge\/delegacines\/#primaryimage\"},\"thumbnailUrl\":\"https:\/\/rierge.com\/wp-content\/uploads\/2017\/03\/b_compania_materiales-avanzados.jpg\",\"datePublished\":\"2017-03-23T14:32:50+00:00\",\"dateModified\":\"2022-07-28T07:43:36+00:00\",\"description\":\"Descubre las soluciones de Rierge para el mecanizado de materiales avanzados como Resinas fen\u00f3licas, Paneles Composites, Honeycomb, Corian, Fibra de vidrio, Fibra de carbono y Panel S\u00e1ndwich | Rierge\",\"breadcrumb\":{\"@id\":\"https:\/\/rierge.com\/rierge\/delegacines\/#breadcrumb\"},\"inLanguage\":\"pt-BR\",\"potentialAction\":[{\"@type\":\"ReadAction\",\"target\":[\"https:\/\/rierge.com\/rierge\/delegacines\/\"]}]},{\"@type\":\"ImageObject\",\"inLanguage\":\"pt-BR\",\"@id\":\"https:\/\/rierge.com\/rierge\/delegacines\/#primaryimage\",\"url\":\"https:\/\/rierge.com\/wp-content\/uploads\/2017\/03\/b_compania_materiales-avanzados.jpg\",\"contentUrl\":\"https:\/\/rierge.com\/wp-content\/uploads\/2017\/03\/b_compania_materiales-avanzados.jpg\",\"width\":1000,\"height\":400},{\"@type\":\"BreadcrumbList\",\"@id\":\"https:\/\/rierge.com\/rierge\/delegacines\/#breadcrumb\",\"itemListElement\":[{\"@type\":\"ListItem\",\"position\":1,\"name\":\"Home\",\"item\":\"https:\/\/rierge.com\/\"},{\"@type\":\"ListItem\",\"position\":2,\"name\":\"Compa\u00f1\u00eda\",\"item\":\"https:\/\/rierge.com\/\"},{\"@type\":\"ListItem\",\"position\":3,\"name\":\"Mecanizado Materiales Avanzados\"}]},{\"@type\":\"WebSite\",\"@id\":\"https:\/\/rierge.com\/en\/#website\",\"url\":\"https:\/\/rierge.com\/en\/\",\"name\":\"RIERGE\",\"description\":\"\",\"publisher\":{\"@id\":\"https:\/\/rierge.com\/en\/#organization\"},\"potentialAction\":[{\"@type\":\"SearchAction\",\"target\":{\"@type\":\"EntryPoint\",\"urlTemplate\":\"https:\/\/rierge.com\/en\/?s={search_term_string}\"},\"query-input\":{\"@type\":\"PropertyValueSpecification\",\"valueRequired\":true,\"valueName\":\"search_term_string\"}}],\"inLanguage\":\"pt-BR\"},{\"@type\":\"Organization\",\"@id\":\"https:\/\/rierge.com\/en\/#organization\",\"name\":\"Rierge\",\"url\":\"https:\/\/rierge.com\/en\/\",\"logo\":{\"@type\":\"ImageObject\",\"inLanguage\":\"pt-BR\",\"@id\":\"https:\/\/rierge.com\/en\/#\/schema\/logo\/image\/\",\"url\":\"https:\/\/rierge.com\/wp-content\/uploads\/2017\/06\/logo-rierge-desde-1954.jpg\",\"contentUrl\":\"https:\/\/rierge.com\/wp-content\/uploads\/2017\/06\/logo-rierge-desde-1954.jpg\",\"width\":180,\"height\":50,\"caption\":\"Rierge\"},\"image\":{\"@id\":\"https:\/\/rierge.com\/en\/#\/schema\/logo\/image\/\"}}]}<\/script>\n<!-- \/ Yoast SEO Premium plugin. -->","yoast_head_json":{"title":"[:es]Mecanizado Materiales Avanzados[:ca]Materials Avan\u00e7ats[:en]Advanced Materials[:fr]Mat\u00e9riaux Avanc\u00e9s[:pb]Materiais Avan\u00e7ados[:] - RIERGE","description":"Descubre las soluciones de Rierge para el mecanizado de materiales avanzados como Resinas fen\u00f3licas, Paneles Composites, Honeycomb, Corian, Fibra de vidrio, Fibra de carbono y Panel S\u00e1ndwich | Rierge","robots":{"index":"index","follow":"follow","max-snippet":"max-snippet:-1","max-image-preview":"max-image-preview:large","max-video-preview":"max-video-preview:-1"},"canonical":"https:\/\/rierge.com\/rierge\/delegacines\/","og_locale":"pt_BR","og_type":"article","og_title":"[:es]Mecanizado Materiales Avanzados[:ca]Materials Avan\u00e7ats[:en]Advanced Materials[:fr]Mat\u00e9riaux Avanc\u00e9s[:pb]Materiais Avan\u00e7ados[:]","og_description":"La irrupci\u00f3n de nuevos materiales desde hace unos a\u00f1os tanto en la construcci\u00f3n civil como en la industria en general y en particular en el sector","og_url":"https:\/\/rierge.com\/rierge\/delegacines\/","og_site_name":"RIERGE","article_modified_time":"2022-07-28T07:43:36+00:00","og_image":[{"width":1000,"height":400,"url":"https:\/\/rierge.com\/wp-content\/uploads\/2017\/03\/b_compania_materiales-avanzados.jpg","type":"image\/jpeg"}],"twitter_card":"summary_large_image","twitter_misc":{"Est. tempo de leitura":"32 minutos"},"schema":{"@context":"https:\/\/schema.org","@graph":[{"@type":"WebPage","@id":"https:\/\/rierge.com\/rierge\/delegacines\/","url":"https:\/\/rierge.com\/rierge\/delegacines\/","name":"[:es]Mecanizado Materiales Avanzados[:ca]Materials Avan\u00e7ats[:en]Advanced Materials[:fr]Mat\u00e9riaux Avanc\u00e9s[:pb]Materiais Avan\u00e7ados[:] - RIERGE","isPartOf":{"@id":"https:\/\/rierge.com\/en\/#website"},"primaryImageOfPage":{"@id":"https:\/\/rierge.com\/rierge\/delegacines\/#primaryimage"},"image":{"@id":"https:\/\/rierge.com\/rierge\/delegacines\/#primaryimage"},"thumbnailUrl":"https:\/\/rierge.com\/wp-content\/uploads\/2017\/03\/b_compania_materiales-avanzados.jpg","datePublished":"2017-03-23T14:32:50+00:00","dateModified":"2022-07-28T07:43:36+00:00","description":"Descubre las soluciones de Rierge para el mecanizado de materiales avanzados como Resinas fen\u00f3licas, Paneles Composites, Honeycomb, Corian, Fibra de vidrio, Fibra de carbono y Panel S\u00e1ndwich | Rierge","breadcrumb":{"@id":"https:\/\/rierge.com\/rierge\/delegacines\/#breadcrumb"},"inLanguage":"pt-BR","potentialAction":[{"@type":"ReadAction","target":["https:\/\/rierge.com\/rierge\/delegacines\/"]}]},{"@type":"ImageObject","inLanguage":"pt-BR","@id":"https:\/\/rierge.com\/rierge\/delegacines\/#primaryimage","url":"https:\/\/rierge.com\/wp-content\/uploads\/2017\/03\/b_compania_materiales-avanzados.jpg","contentUrl":"https:\/\/rierge.com\/wp-content\/uploads\/2017\/03\/b_compania_materiales-avanzados.jpg","width":1000,"height":400},{"@type":"BreadcrumbList","@id":"https:\/\/rierge.com\/rierge\/delegacines\/#breadcrumb","itemListElement":[{"@type":"ListItem","position":1,"name":"Home","item":"https:\/\/rierge.com\/"},{"@type":"ListItem","position":2,"name":"Compa\u00f1\u00eda","item":"https:\/\/rierge.com\/"},{"@type":"ListItem","position":3,"name":"Mecanizado Materiales Avanzados"}]},{"@type":"WebSite","@id":"https:\/\/rierge.com\/en\/#website","url":"https:\/\/rierge.com\/en\/","name":"RIERGE","description":"","publisher":{"@id":"https:\/\/rierge.com\/en\/#organization"},"potentialAction":[{"@type":"SearchAction","target":{"@type":"EntryPoint","urlTemplate":"https:\/\/rierge.com\/en\/?s={search_term_string}"},"query-input":{"@type":"PropertyValueSpecification","valueRequired":true,"valueName":"search_term_string"}}],"inLanguage":"pt-BR"},{"@type":"Organization","@id":"https:\/\/rierge.com\/en\/#organization","name":"Rierge","url":"https:\/\/rierge.com\/en\/","logo":{"@type":"ImageObject","inLanguage":"pt-BR","@id":"https:\/\/rierge.com\/en\/#\/schema\/logo\/image\/","url":"https:\/\/rierge.com\/wp-content\/uploads\/2017\/06\/logo-rierge-desde-1954.jpg","contentUrl":"https:\/\/rierge.com\/wp-content\/uploads\/2017\/06\/logo-rierge-desde-1954.jpg","width":180,"height":50,"caption":"Rierge"},"image":{"@id":"https:\/\/rierge.com\/en\/#\/schema\/logo\/image\/"}}]}},"_links":{"self":[{"href":"https:\/\/rierge.com\/pb\/wp-json\/wp\/v2\/pages\/14","targetHints":{"allow":["GET"]}}],"collection":[{"href":"https:\/\/rierge.com\/pb\/wp-json\/wp\/v2\/pages"}],"about":[{"href":"https:\/\/rierge.com\/pb\/wp-json\/wp\/v2\/types\/page"}],"author":[{"embeddable":true,"href":"https:\/\/rierge.com\/pb\/wp-json\/wp\/v2\/users\/1"}],"replies":[{"embeddable":true,"href":"https:\/\/rierge.com\/pb\/wp-json\/wp\/v2\/comments?post=14"}],"version-history":[{"count":0,"href":"https:\/\/rierge.com\/pb\/wp-json\/wp\/v2\/pages\/14\/revisions"}],"up":[{"embeddable":true,"href":"https:\/\/rierge.com\/pb\/wp-json\/wp\/v2\/pages\/23"}],"wp:featuredmedia":[{"embeddable":true,"href":"https:\/\/rierge.com\/pb\/wp-json\/wp\/v2\/media\/1690"}],"wp:attachment":[{"href":"https:\/\/rierge.com\/pb\/wp-json\/wp\/v2\/media?parent=14"}],"curies":[{"name":"wp","href":"https:\/\/api.w.org\/{rel}","templated":true}]}}