{"id":1246,"date":"2017-04-28T09:32:54","date_gmt":"2017-04-28T09:32:54","guid":{"rendered":"http:\/\/rierge.com\/?page_id=1246"},"modified":"2023-09-14T08:13:51","modified_gmt":"2023-09-14T08:13:51","slug":"procesos","status":"publish","type":"page","link":"https:\/\/rierge.com\/pb\/rierge\/procesos\/","title":{"rendered":"Procesos"},"content":{"rendered":"<p><\/p>\n<h2>\n<table cellspacing=\"20\">\n<tbody>\n<tr>\n<td>\n\t\t<style type=\"text\/css\">\n\t\t\t#gallery-9 {\n\t\t\t\tmargin: auto;\n\t\t\t}\n\t\t\t#gallery-9 .gallery-item {\n\t\t\t\tfloat: left;\n\t\t\t\tmargin-top: 10px;\n\t\t\t\ttext-align: center;\n\t\t\t\twidth: 50%;\n\t\t\t}\n\t\t\t#gallery-9 img {\n\t\t\t\tborder: 2px solid #cfcfcf;\n\t\t\t}\n\t\t\t#gallery-9 .gallery-caption {\n\t\t\t\tmargin-left: 0;\n\t\t\t}\n\t\t\t\/* see gallery_shortcode() in wp-includes\/media.php *\/\n\t\t<\/style>\n\t\t<div id='gallery-9' class='gallery galleryid-1496 gallery-columns-2 gallery-size-thumbnail'><dl class='gallery-item'>\n\t\t\t<dt class='gallery-icon landscape'>\n\t\t\t\t<a href='https:\/\/rierge.com\/wp-content\/uploads\/2017\/04\/RiergeDetalls-13.jpeg'><img loading=\"lazy\" decoding=\"async\" width=\"160\" height=\"160\" src=\"https:\/\/rierge.com\/wp-content\/uploads\/2017\/04\/RiergeDetalls-13-160x160.jpeg\" class=\"attachment-thumbnail size-thumbnail\" alt=\"\" srcset=\"https:\/\/rierge.com\/wp-content\/uploads\/2017\/04\/RiergeDetalls-13-160x160.jpeg 160w, https:\/\/rierge.com\/wp-content\/uploads\/2017\/04\/RiergeDetalls-13-300x300.jpeg 300w, https:\/\/rierge.com\/wp-content\/uploads\/2017\/04\/RiergeDetalls-13-100x100.jpeg 100w\" sizes=\"auto, (max-width: 160px) 100vw, 160px\" \/><\/a>\n\t\t\t<\/dt><\/dl><dl class='gallery-item'>\n\t\t\t<dt class='gallery-icon landscape'>\n\t\t\t\t<a href='https:\/\/rierge.com\/wp-content\/uploads\/2017\/04\/bancada-2-350x263.jpeg'><img loading=\"lazy\" decoding=\"async\" width=\"160\" height=\"160\" src=\"https:\/\/rierge.com\/wp-content\/uploads\/2017\/04\/bancada-2-350x263-160x160.jpeg\" class=\"attachment-thumbnail size-thumbnail\" alt=\"\" srcset=\"https:\/\/rierge.com\/wp-content\/uploads\/2017\/04\/bancada-2-350x263-160x160.jpeg 160w, https:\/\/rierge.com\/wp-content\/uploads\/2017\/04\/bancada-2-350x263-100x100.jpeg 100w\" sizes=\"auto, (max-width: 160px) 100vw, 160px\" \/><\/a>\n\t\t\t<\/dt><\/dl><br style=\"clear: both\" \/><dl class='gallery-item'>\n\t\t\t<dt class='gallery-icon landscape'>\n\t\t\t\t<a href='https:\/\/rierge.com\/wp-content\/uploads\/2017\/04\/Estabilizado-general-768x582.jpeg'><img loading=\"lazy\" decoding=\"async\" width=\"160\" height=\"160\" src=\"https:\/\/rierge.com\/wp-content\/uploads\/2017\/04\/Estabilizado-general-768x582-160x160.jpeg\" class=\"attachment-thumbnail size-thumbnail\" alt=\"\" srcset=\"https:\/\/rierge.com\/wp-content\/uploads\/2017\/04\/Estabilizado-general-768x582-160x160.jpeg 160w, https:\/\/rierge.com\/wp-content\/uploads\/2017\/04\/Estabilizado-general-768x582-300x300.jpeg 300w, https:\/\/rierge.com\/wp-content\/uploads\/2017\/04\/Estabilizado-general-768x582-100x100.jpeg 100w\" sizes=\"auto, (max-width: 160px) 100vw, 160px\" \/><\/a>\n\t\t\t<\/dt><\/dl>\n\t\t\t<br style='clear: both' \/>\n\t\t<\/div>\n<\/td>\n<td style=\"width: 62%; vertical-align: top;\">\n<h2><strong>TECNOLOGIA &amp; DESENVOLVIMENTO<\/strong><\/h2>\n<p style=\"text-align: justify;\">Na Rierge desenvolvemos nossos produtos atrav\u00e9s de nosso departamento t\u00e9cnico.<\/p>\n<p style=\"text-align: justify;\">Constru\u00edmos em nossas instala\u00e7\u00f5es todos os componentes estruturais, desenvolvemos nossos pr\u00f3prios softwares e adaptamos solu\u00e7\u00f5es de mercado a nossos produtos, soldamos, usinamos, constru\u00edmos os componentes metais mec\u00e2nicos, desenvolvemos e constru\u00edmos quadros el\u00e9tricos, programamos e parametrizamos todos os componentes eletr\u00f4nicos, pintamos, montamos os componentes e colocamos em opera\u00e7\u00e3o nossos centros de usinagem cnc.<\/p>\n<p style=\"text-align: justify;\">Nossa equipe qualificada, realiza o desenvolvimento e o esquema do quadro el\u00e9trico e em nossas instala\u00e7\u00f5es realizamos a montagem dos diferentes componentes, identificando cada um dos cabos, os quais tamb\u00e9m confeccionamos, soldamos terminais e testamos cada um deles, com a finalidade de ter a seguran\u00e7a de que n\u00e3o ocorra nenhuma falha de conex\u00e3o.<\/p>\n<p style=\"text-align: justify;\">A maioria de nossas maquinas, s\u00e3o tratadas estabilizando todas as pe\u00e7as que sofreram tens\u00f5es pela fabrica\u00e7\u00e3o na origem o no transcurso do processo de fabrica\u00e7\u00e3o da m\u00e1quina.<\/p>\n<p style=\"text-align: justify;\">Estas pe\u00e7as recebem tratamento com calor durante um per\u00edodo de 24h, chegando numa temperatura de 600\u00b0C, com a finalidade que durante o processo sejam eliminadas as tens\u00f5es internas , que derivam uma deforma\u00e7\u00e3o da estrutura com o passar dos meses, o que comportaria numa perda de precis\u00e3o e um desgaste superior dos componentes de tra\u00e7\u00e3o e transla\u00e7\u00e3o tais como guias, fusos, patins e cremalheiras.<\/p>\n<\/td>\n<\/tr>\n<tr>\n<td><img loading=\"lazy\" decoding=\"async\" class=\"size-medium wp-image-1389 aligncenter\" src=\"http:\/\/rierge.com\/wp-content\/uploads\/2017\/05\/Mecanizado-NT-DOOR5-350x265.jpg\" alt=\"\" width=\"350\" height=\"265\" data-id=\"1389\" srcset=\"https:\/\/rierge.com\/wp-content\/uploads\/2017\/05\/Mecanizado-NT-DOOR5-350x265.jpg 350w, https:\/\/rierge.com\/wp-content\/uploads\/2017\/05\/Mecanizado-NT-DOOR5-600x455.jpg 600w, https:\/\/rierge.com\/wp-content\/uploads\/2017\/05\/Mecanizado-NT-DOOR5-768x582.jpg 768w, https:\/\/rierge.com\/wp-content\/uploads\/2017\/05\/Mecanizado-NT-DOOR5-1000x758.jpg 1000w, https:\/\/rierge.com\/wp-content\/uploads\/2017\/05\/Mecanizado-NT-DOOR5-60x46.jpg 60w, https:\/\/rierge.com\/wp-content\/uploads\/2017\/05\/Mecanizado-NT-DOOR5.jpg 1200w\" sizes=\"auto, (max-width: 350px) 100vw, 350px\" \/><\/td>\n<td style=\"width: 62%; vertical-align: top;\">\n<h2 style=\"text-align: justify;\">Usinagem<\/h2>\n<p style=\"text-align: justify;\">Os pontos de apoio dos guias de precis\u00e3o, cremalheiras, fusos, suportes e demais pontos de apoio s\u00e3o usinados, para garantir um perfeito assentamento e paralelismo, garantindo assim uma m\u00e1xima precis\u00e3o da m\u00e1quina.<\/p>\n<\/td>\n<\/tr>\n<tr>\n<td>\n\t\t<style type=\"text\/css\">\n\t\t\t#gallery-10 {\n\t\t\t\tmargin: auto;\n\t\t\t}\n\t\t\t#gallery-10 .gallery-item {\n\t\t\t\tfloat: left;\n\t\t\t\tmargin-top: 10px;\n\t\t\t\ttext-align: center;\n\t\t\t\twidth: 50%;\n\t\t\t}\n\t\t\t#gallery-10 img {\n\t\t\t\tborder: 2px solid #cfcfcf;\n\t\t\t}\n\t\t\t#gallery-10 .gallery-caption {\n\t\t\t\tmargin-left: 0;\n\t\t\t}\n\t\t\t\/* see gallery_shortcode() in wp-includes\/media.php *\/\n\t\t<\/style>\n\t\t<div id='gallery-10' class='gallery galleryid-1496 gallery-columns-2 gallery-size-thumbnail'><dl class='gallery-item'>\n\t\t\t<dt class='gallery-icon landscape'>\n\t\t\t\t<a href='https:\/\/rierge.com\/wp-content\/uploads\/2017\/04\/01fe3ae239c27886087f538b0d86ffbfa6a09df0d6-350x263.jpeg'><img loading=\"lazy\" decoding=\"async\" width=\"160\" height=\"160\" src=\"https:\/\/rierge.com\/wp-content\/uploads\/2017\/04\/01fe3ae239c27886087f538b0d86ffbfa6a09df0d6-350x263-160x160.jpeg\" class=\"attachment-thumbnail size-thumbnail\" alt=\"\" srcset=\"https:\/\/rierge.com\/wp-content\/uploads\/2017\/04\/01fe3ae239c27886087f538b0d86ffbfa6a09df0d6-350x263-160x160.jpeg 160w, https:\/\/rierge.com\/wp-content\/uploads\/2017\/04\/01fe3ae239c27886087f538b0d86ffbfa6a09df0d6-350x263-100x100.jpeg 100w\" sizes=\"auto, (max-width: 160px) 100vw, 160px\" \/><\/a>\n\t\t\t<\/dt><\/dl><dl class='gallery-item'>\n\t\t\t<dt class='gallery-icon landscape'>\n\t\t\t\t<a href='https:\/\/rierge.com\/wp-content\/uploads\/2017\/04\/ensamblaje-350x263.jpeg'><img loading=\"lazy\" decoding=\"async\" width=\"160\" height=\"160\" src=\"https:\/\/rierge.com\/wp-content\/uploads\/2017\/04\/ensamblaje-350x263-160x160.jpeg\" class=\"attachment-thumbnail size-thumbnail\" alt=\"\" srcset=\"https:\/\/rierge.com\/wp-content\/uploads\/2017\/04\/ensamblaje-350x263-160x160.jpeg 160w, https:\/\/rierge.com\/wp-content\/uploads\/2017\/04\/ensamblaje-350x263-100x100.jpeg 100w\" sizes=\"auto, (max-width: 160px) 100vw, 160px\" \/><\/a>\n\t\t\t<\/dt><\/dl><br style=\"clear: both\" \/>\n\t\t<\/div>\n<\/td>\n<td style=\"vertical-align: top;\">\n<h2 style=\"text-align: justify;\">Montagem<\/h2>\n<p style=\"text-align: justify;\">Quando recebemos os componentes fabricados pelos diferentes departamentos da empresa, come\u00e7a o trabalho de montagem. Neste processo \u00e9 onde converge o trabalho de toda uma equipe e onde tudo tem que encaixar com a m\u00e1xima precis\u00e3o.\u00a0 S\u00e3o centenas de pe\u00e7as que configuram um produto de alta qualidade, para conseguir a m\u00e1xima satisfa\u00e7\u00e3o de nossos clientes.<\/p>\n<\/td>\n<\/tr>\n<tr>\n<td><img loading=\"lazy\" decoding=\"async\" class=\"size-full wp-image-493\" src=\"http:\/\/rierge.com\/wp-content\/uploads\/2017\/03\/cal3-1.jpg\" alt=\"\" width=\"277\" height=\"276\" data-id=\"493\" srcset=\"https:\/\/rierge.com\/wp-content\/uploads\/2017\/03\/cal3-1.jpg 277w, https:\/\/rierge.com\/wp-content\/uploads\/2017\/03\/cal3-1-100x100.jpg 100w, https:\/\/rierge.com\/wp-content\/uploads\/2017\/03\/cal3-1-60x60.jpg 60w\" sizes=\"auto, (max-width: 277px) 100vw, 277px\" \/><\/td>\n<td style=\"vertical-align: top;\">\n<h2 style=\"text-align: justify;\">Controle de Qualidade<\/h2>\n<p style=\"text-align: justify;\">Todos eixos s\u00e3o calibrados com interfer\u00f4metros laser para poder compensar as diferen\u00e7as de passo que podem ter com componentes de tra\u00e7\u00e3o como cremalheiras, fusos ou redutores.<\/p>\n<p style=\"text-align: justify;\">O esquadro entre os diferentes eixos, se realiza tamb\u00e9m com equipamentos a laser, o que nos garante alta precis\u00e3o e perfei\u00e7\u00e3o nas usinagens.<\/p>\n<p style=\"text-align: justify;\">Incorporamos as ultimas tecnologias de medi\u00e7\u00e3o para um perfeito alinhamento e compensa\u00e7\u00e3o dos eixos de tra\u00e7\u00e3o.<\/p>\n<p style=\"text-align: justify;\">Uma vez terminadas, as m\u00e1quinas passam por um rigoroso controle de qualidade, realizando Teste de Ovaliza\u00e7\u00e3o, Esquadro, Repetitividade, Precis\u00e3o, Lateralidade e Regula\u00e7\u00e3o de Servos por meio do Sistema Ballbar, e se efetuam testes de comprova\u00e7\u00e3o de todas as fun\u00e7\u00f5es.<\/p>\n<p style=\"text-align: justify;\">Nas m\u00e1quinas de grandes dimens\u00f5es, utilizamos o Laser Tracker para o alinhamento da montagem, na instala\u00e7\u00e3o e alinhamento das m\u00e1quinas.<\/p>\n<p style=\"text-align: justify;\">Estes equipamentos nos d\u00e3o documenta\u00e7\u00e3o para emiss\u00e3o do Certificado ISO.<\/p>\n<\/td>\n<\/tr>\n<tr>\n<td><img loading=\"lazy\" decoding=\"async\" class=\"alignnone size-medium wp-image-1909\" src=\"http:\/\/rierge.com\/wp-content\/uploads\/2017\/05\/CARLES-SAC-350x197.jpg\" alt=\"\" width=\"350\" height=\"197\" data-id=\"1909\" \/><\/td>\n<td style=\"vertical-align: top;\">\n<h2 style=\"text-align: justify;\">Conex\u00e3o v\u00eda modem<\/h2>\n<p style=\"text-align: justify;\">O modulo TELESERVICE, est\u00e1 composto por um modem, instalado no painel de comando, e software de comunica\u00e7\u00e3o para acessar desde nosso computador ao CNC via internet.<\/p>\n<p style=\"text-align: justify;\">Esse sistema nos possibilita oferece-lhe suporte t\u00e9cnico \u00e0 dist\u00e2ncia, orientando-lhe na programa\u00e7\u00e3o e podendo realizar o diagn\u00f3stico de qualquer falha, bem como na programa\u00e7\u00e3o e no sistema, importar e exportar arquivos, visualizar entradas e sa\u00eddas e a possibilidade de intervir no equipamento.<\/p>\n<p style=\"text-align: justify;\">Nas m\u00e1quinas, est\u00e3o dispostas, entradas externas de conex\u00e3o USB e de fones para estar conectado com nosso departamento de SAC via Skype.<\/p>\n<\/td>\n<\/tr>\n<tr>\n<td><img loading=\"lazy\" decoding=\"async\" class=\"alignnone size-medium wp-image-1829\" src=\"http:\/\/rierge.com\/wp-content\/uploads\/2017\/04\/01b945925f84a23100cf6b7a33a2de8ddcf30153b1-350x263-350x263.jpeg\" alt=\"\" width=\"350\" height=\"263\" data-id=\"1829\" srcset=\"https:\/\/rierge.com\/wp-content\/uploads\/2017\/04\/01b945925f84a23100cf6b7a33a2de8ddcf30153b1-350x263.jpeg 350w, https:\/\/rierge.com\/wp-content\/uploads\/2017\/04\/01b945925f84a23100cf6b7a33a2de8ddcf30153b1-350x263-60x45.jpeg 60w\" sizes=\"auto, (max-width: 350px) 100vw, 350px\" \/><\/td>\n<td style=\"vertical-align: top;\">\n<h2 style=\"text-align: justify;\">Registre-se e acesse<\/h2>\n<p style=\"text-align: justify;\">Nossos clientes podem ter acesso \u00e0 zona Club Cliente onde podem baixar todo tipo de documenta\u00e7\u00e3o t\u00e9cnica e comercial.<\/p>\n<p style=\"text-align: justify;\">Nossa Suite X4, desenvolvido em nosso departamento de Software, cresce a cada dia e nos oferece mais possibilidades de intercomunica\u00e7\u00e3o entre programas e facilita a nossos clientes o uso da m\u00e1quina, trabalhando em apenas um ambiente, f\u00e1cil e did\u00e1tico.<\/p>\n<p style=\"text-align: justify;\">Nosso servi\u00e7o t\u00e9cnico est\u00e1 dotado dos elementos necess\u00e1rios para avaliar a dist\u00e2ncia a natureza da intervers\u00e3o. Em 80% dos casos \u00e9 solucionado via conex\u00e3o, mas no caso que seja necess\u00e1ria interven\u00e7\u00e3o no local, nossos t\u00e9cnicos se deslocam para solucionar.<\/p>\n<p style=\"text-align: justify;\">Todas as m\u00e1quinas nossas, de nova gera\u00e7\u00e3o (2009), est\u00e3o equipadas com modem de conex\u00e3o\u00a0 com internet e entradas externas para conex\u00e3o de mem\u00f3ria USB, assim como, para conectar fones e microfone para que o cliente possa conectar ao departamento de SAT atrav\u00e9s do Skype, para receber assist\u00eancia remota e ajuda-los nas duvidas que ocorram.<\/p>\n<\/td>\n<\/tr>\n<\/tbody>\n<\/table>\n<p style=\"text-align: justify;\">Os componentes que usamos em nossas m\u00e1quinas s\u00e3o exclusivamente de origem europeia, e de marcas lideres em seu segmento, visite nossa se\u00e7\u00e3o de Colaboradores onde encontrar\u00e1 informa\u00e7\u00e3o acerca dos mesmos e links com seus sites.<\/p>\n<p style=\"text-align: justify;\"><ul class=\"videos\"><li class=\"grid-50\"><iframe loading=\"lazy\" width=\"100%\" height=\"270\" src=\"https:\/\/www.youtube.com\/embed\/D7G6gJzbrN4?rel=0\" frameborder=\"0\" allowfullscreen><\/iframe><\/ul><\/p>\n<p><\/p>","protected":false},"excerpt":{"rendered":"<p>TECNOLOGIA &amp; DESENVOLVIMENTO Na Rierge desenvolvemos nossos produtos atrav\u00e9s de nosso departamento t\u00e9cnico. Constru\u00edmos em nossas instala\u00e7\u00f5es todos os componentes estruturais, desenvolvemos nossos pr\u00f3prios softwares e adaptamos solu\u00e7\u00f5es de mercado a nossos produtos, soldamos, usinamos, constru\u00edmos os componentes metais mec\u00e2nicos, desenvolvemos e constru\u00edmos quadros el\u00e9tricos, programamos e parametrizamos todos os componentes eletr\u00f4nicos, pintamos, montamos os [&hellip;]<\/p>\n","protected":false},"author":1,"featured_media":2567,"parent":23,"menu_order":4,"comment_status":"closed","ping_status":"closed","template":"","meta":{"_mc_calendar":[],"footnotes":""},"class_list":["post-1246","page","type-page","status-publish","has-post-thumbnail","hentry"],"yoast_head":"<!-- This site is optimized with the Yoast SEO Premium plugin v18.4 (Yoast SEO v24.9) - https:\/\/yoast.com\/wordpress\/plugins\/seo\/ -->\n<title>Procesos de fabricaci\u00f3n de los centros de mecanizado - RIERGE<\/title>\n<meta name=\"description\" content=\"Conoce el proceso de fabricaci\u00f3n de los centros de mecanizado Rierge | Rierge\" \/>\n<meta name=\"robots\" content=\"index, follow, max-snippet:-1, max-image-preview:large, max-video-preview:-1\" \/>\n<link rel=\"canonical\" href=\"https:\/\/rierge.com\/rierge\/procesos\/\" \/>\n<meta property=\"og:locale\" content=\"pt_BR\" \/>\n<meta property=\"og:type\" content=\"article\" \/>\n<meta property=\"og:title\" content=\"[:es]Procesos[:ca]Processos[:en]Processes[:fr]Processus[:pb]Procesos[:]\" \/>\n<meta property=\"og:description\" content=\"Procesos para la fabricaci\u00f3n de los Centros de Mecanizado Rierge Tecnolog\u00eda &amp; Desarrollo En Rierge desarrollamos nuestros productos a trav\u00e9s de\" \/>\n<meta property=\"og:url\" content=\"https:\/\/rierge.com\/rierge\/procesos\/\" \/>\n<meta property=\"og:site_name\" content=\"RIERGE\" \/>\n<meta property=\"article:modified_time\" content=\"2023-09-14T08:13:51+00:00\" \/>\n<meta property=\"og:image\" content=\"https:\/\/rierge.com\/wp-content\/uploads\/2017\/05\/b_procesos.jpg\" \/>\n\t<meta property=\"og:image:width\" content=\"1000\" \/>\n\t<meta property=\"og:image:height\" content=\"400\" \/>\n\t<meta property=\"og:image:type\" content=\"image\/jpeg\" \/>\n<meta name=\"twitter:card\" content=\"summary_large_image\" \/>\n<meta name=\"twitter:label1\" content=\"Est. tempo de leitura\" \/>\n\t<meta name=\"twitter:data1\" content=\"23 minutos\" \/>\n<script type=\"application\/ld+json\" class=\"yoast-schema-graph\">{\"@context\":\"https:\/\/schema.org\",\"@graph\":[{\"@type\":\"WebPage\",\"@id\":\"https:\/\/rierge.com\/rierge\/procesos\/\",\"url\":\"https:\/\/rierge.com\/rierge\/procesos\/\",\"name\":\"Procesos de fabricaci\u00f3n de los centros de mecanizado - RIERGE\",\"isPartOf\":{\"@id\":\"https:\/\/rierge.com\/en\/#website\"},\"primaryImageOfPage\":{\"@id\":\"https:\/\/rierge.com\/rierge\/procesos\/#primaryimage\"},\"image\":{\"@id\":\"https:\/\/rierge.com\/rierge\/procesos\/#primaryimage\"},\"thumbnailUrl\":\"https:\/\/rierge.com\/wp-content\/uploads\/2017\/05\/b_procesos.jpg\",\"datePublished\":\"2017-04-28T09:32:54+00:00\",\"dateModified\":\"2023-09-14T08:13:51+00:00\",\"description\":\"Conoce el proceso de fabricaci\u00f3n de los centros de mecanizado Rierge | Rierge\",\"breadcrumb\":{\"@id\":\"https:\/\/rierge.com\/rierge\/procesos\/#breadcrumb\"},\"inLanguage\":\"pt-BR\",\"potentialAction\":[{\"@type\":\"ReadAction\",\"target\":[\"https:\/\/rierge.com\/rierge\/procesos\/\"]}]},{\"@type\":\"ImageObject\",\"inLanguage\":\"pt-BR\",\"@id\":\"https:\/\/rierge.com\/rierge\/procesos\/#primaryimage\",\"url\":\"https:\/\/rierge.com\/wp-content\/uploads\/2017\/05\/b_procesos.jpg\",\"contentUrl\":\"https:\/\/rierge.com\/wp-content\/uploads\/2017\/05\/b_procesos.jpg\",\"width\":1000,\"height\":400},{\"@type\":\"BreadcrumbList\",\"@id\":\"https:\/\/rierge.com\/rierge\/procesos\/#breadcrumb\",\"itemListElement\":[{\"@type\":\"ListItem\",\"position\":1,\"name\":\"Home\",\"item\":\"https:\/\/rierge.com\/\"},{\"@type\":\"ListItem\",\"position\":2,\"name\":\"Compa\u00f1\u00eda\",\"item\":\"https:\/\/rierge.com\/\"},{\"@type\":\"ListItem\",\"position\":3,\"name\":\"Procesos\"}]},{\"@type\":\"WebSite\",\"@id\":\"https:\/\/rierge.com\/en\/#website\",\"url\":\"https:\/\/rierge.com\/en\/\",\"name\":\"RIERGE\",\"description\":\"\",\"publisher\":{\"@id\":\"https:\/\/rierge.com\/en\/#organization\"},\"potentialAction\":[{\"@type\":\"SearchAction\",\"target\":{\"@type\":\"EntryPoint\",\"urlTemplate\":\"https:\/\/rierge.com\/en\/?s={search_term_string}\"},\"query-input\":{\"@type\":\"PropertyValueSpecification\",\"valueRequired\":true,\"valueName\":\"search_term_string\"}}],\"inLanguage\":\"pt-BR\"},{\"@type\":\"Organization\",\"@id\":\"https:\/\/rierge.com\/en\/#organization\",\"name\":\"Rierge\",\"url\":\"https:\/\/rierge.com\/en\/\",\"logo\":{\"@type\":\"ImageObject\",\"inLanguage\":\"pt-BR\",\"@id\":\"https:\/\/rierge.com\/en\/#\/schema\/logo\/image\/\",\"url\":\"https:\/\/rierge.com\/wp-content\/uploads\/2017\/06\/logo-rierge-desde-1954.jpg\",\"contentUrl\":\"https:\/\/rierge.com\/wp-content\/uploads\/2017\/06\/logo-rierge-desde-1954.jpg\",\"width\":180,\"height\":50,\"caption\":\"Rierge\"},\"image\":{\"@id\":\"https:\/\/rierge.com\/en\/#\/schema\/logo\/image\/\"}}]}<\/script>\n<!-- \/ Yoast SEO Premium plugin. -->","yoast_head_json":{"title":"Procesos de fabricaci\u00f3n de los centros de mecanizado - RIERGE","description":"Conoce el proceso de fabricaci\u00f3n de los centros de mecanizado Rierge | Rierge","robots":{"index":"index","follow":"follow","max-snippet":"max-snippet:-1","max-image-preview":"max-image-preview:large","max-video-preview":"max-video-preview:-1"},"canonical":"https:\/\/rierge.com\/rierge\/procesos\/","og_locale":"pt_BR","og_type":"article","og_title":"[:es]Procesos[:ca]Processos[:en]Processes[:fr]Processus[:pb]Procesos[:]","og_description":"Procesos para la fabricaci\u00f3n de los Centros de Mecanizado Rierge Tecnolog\u00eda &amp; Desarrollo En Rierge desarrollamos nuestros productos a trav\u00e9s de","og_url":"https:\/\/rierge.com\/rierge\/procesos\/","og_site_name":"RIERGE","article_modified_time":"2023-09-14T08:13:51+00:00","og_image":[{"width":1000,"height":400,"url":"https:\/\/rierge.com\/wp-content\/uploads\/2017\/05\/b_procesos.jpg","type":"image\/jpeg"}],"twitter_card":"summary_large_image","twitter_misc":{"Est. tempo de leitura":"23 minutos"},"schema":{"@context":"https:\/\/schema.org","@graph":[{"@type":"WebPage","@id":"https:\/\/rierge.com\/rierge\/procesos\/","url":"https:\/\/rierge.com\/rierge\/procesos\/","name":"Procesos de fabricaci\u00f3n de los centros de mecanizado - RIERGE","isPartOf":{"@id":"https:\/\/rierge.com\/en\/#website"},"primaryImageOfPage":{"@id":"https:\/\/rierge.com\/rierge\/procesos\/#primaryimage"},"image":{"@id":"https:\/\/rierge.com\/rierge\/procesos\/#primaryimage"},"thumbnailUrl":"https:\/\/rierge.com\/wp-content\/uploads\/2017\/05\/b_procesos.jpg","datePublished":"2017-04-28T09:32:54+00:00","dateModified":"2023-09-14T08:13:51+00:00","description":"Conoce el proceso de fabricaci\u00f3n de los centros de mecanizado Rierge | Rierge","breadcrumb":{"@id":"https:\/\/rierge.com\/rierge\/procesos\/#breadcrumb"},"inLanguage":"pt-BR","potentialAction":[{"@type":"ReadAction","target":["https:\/\/rierge.com\/rierge\/procesos\/"]}]},{"@type":"ImageObject","inLanguage":"pt-BR","@id":"https:\/\/rierge.com\/rierge\/procesos\/#primaryimage","url":"https:\/\/rierge.com\/wp-content\/uploads\/2017\/05\/b_procesos.jpg","contentUrl":"https:\/\/rierge.com\/wp-content\/uploads\/2017\/05\/b_procesos.jpg","width":1000,"height":400},{"@type":"BreadcrumbList","@id":"https:\/\/rierge.com\/rierge\/procesos\/#breadcrumb","itemListElement":[{"@type":"ListItem","position":1,"name":"Home","item":"https:\/\/rierge.com\/"},{"@type":"ListItem","position":2,"name":"Compa\u00f1\u00eda","item":"https:\/\/rierge.com\/"},{"@type":"ListItem","position":3,"name":"Procesos"}]},{"@type":"WebSite","@id":"https:\/\/rierge.com\/en\/#website","url":"https:\/\/rierge.com\/en\/","name":"RIERGE","description":"","publisher":{"@id":"https:\/\/rierge.com\/en\/#organization"},"potentialAction":[{"@type":"SearchAction","target":{"@type":"EntryPoint","urlTemplate":"https:\/\/rierge.com\/en\/?s={search_term_string}"},"query-input":{"@type":"PropertyValueSpecification","valueRequired":true,"valueName":"search_term_string"}}],"inLanguage":"pt-BR"},{"@type":"Organization","@id":"https:\/\/rierge.com\/en\/#organization","name":"Rierge","url":"https:\/\/rierge.com\/en\/","logo":{"@type":"ImageObject","inLanguage":"pt-BR","@id":"https:\/\/rierge.com\/en\/#\/schema\/logo\/image\/","url":"https:\/\/rierge.com\/wp-content\/uploads\/2017\/06\/logo-rierge-desde-1954.jpg","contentUrl":"https:\/\/rierge.com\/wp-content\/uploads\/2017\/06\/logo-rierge-desde-1954.jpg","width":180,"height":50,"caption":"Rierge"},"image":{"@id":"https:\/\/rierge.com\/en\/#\/schema\/logo\/image\/"}}]}},"_links":{"self":[{"href":"https:\/\/rierge.com\/pb\/wp-json\/wp\/v2\/pages\/1246","targetHints":{"allow":["GET"]}}],"collection":[{"href":"https:\/\/rierge.com\/pb\/wp-json\/wp\/v2\/pages"}],"about":[{"href":"https:\/\/rierge.com\/pb\/wp-json\/wp\/v2\/types\/page"}],"author":[{"embeddable":true,"href":"https:\/\/rierge.com\/pb\/wp-json\/wp\/v2\/users\/1"}],"replies":[{"embeddable":true,"href":"https:\/\/rierge.com\/pb\/wp-json\/wp\/v2\/comments?post=1246"}],"version-history":[{"count":3,"href":"https:\/\/rierge.com\/pb\/wp-json\/wp\/v2\/pages\/1246\/revisions"}],"predecessor-version":[{"id":7532,"href":"https:\/\/rierge.com\/pb\/wp-json\/wp\/v2\/pages\/1246\/revisions\/7532"}],"up":[{"embeddable":true,"href":"https:\/\/rierge.com\/pb\/wp-json\/wp\/v2\/pages\/23"}],"wp:featuredmedia":[{"embeddable":true,"href":"https:\/\/rierge.com\/pb\/wp-json\/wp\/v2\/media\/2567"}],"wp:attachment":[{"href":"https:\/\/rierge.com\/pb\/wp-json\/wp\/v2\/media?parent=1246"}],"curies":[{"name":"wp","href":"https:\/\/api.w.org\/{rel}","templated":true}]}}