{"id":402,"date":"2017-04-11T12:14:40","date_gmt":"2017-04-11T12:14:40","guid":{"rendered":"http:\/\/rierge.com\/?page_id=402"},"modified":"2025-03-21T15:31:39","modified_gmt":"2025-03-21T15:31:39","slug":"formacion","status":"publish","type":"page","link":"https:\/\/rierge.com\/fr\/servicios\/formacion\/","title":{"rendered":"Formation"},"content":{"rendered":"<p><\/p>\n<table style=\"width: 100%;\">\n<tbody>\n<tr>\n<td style=\"width: 60%;\">\n<p style=\"text-align: justify;\">La formation est un \u00e9l\u00e9ment essentiel pour obtenir un bon retour sur investissement, alors \u00e0 Rierge, nous avons les \u00e9l\u00e9ments n\u00e9cessaires pour pouvoir offrir \u00e0 nos clients une formation avant la livraison de la machine. Nous invitons tous nos clients \u00e0 consacrer quelques heures \u00e0 la formation.<\/p>\n<p style=\"text-align: justify;\">Cette formation est propos\u00e9e \u00e0 la fois face \u00e0 face et \u00e0 distance.<\/p>\n<p style=\"text-align: justify;\">Dans la formation, il est donn\u00e9:<\/p>\n<ul style=\"text-align: justify;\">\n<li>Gestion de la machine.<\/li>\n<li>Formation en logiciel.<\/li>\n<li>T\u00e2ches d&rsquo;entretien.<\/li>\n<li>Configuration des l&rsquo;outils.<\/li>\n<\/ul>\n<p style=\"text-align: justify;\"><strong>Centres de Formation<\/strong><\/p>\n<p style=\"text-align: justify;\">Nos sp\u00e9cialistes de la formation peuvent vous aider \u00e0 d\u00e9couvrir de nouvelles m\u00e9thodes de travail que vous pouvez impl\u00e9menter dans votre processus de production. Ces cours sont organis\u00e9s \u00e0 F\u00e1brica, o\u00f9 vous aurez l&rsquo;opportunit\u00e9 d&rsquo;\u00eatre en contact avec la fabrication des machines et des assurances qui vous apporteront une nouvelle vision concernant l&rsquo;organisation de la production et la technologie des outils.<\/p>\n<p style=\"text-align: justify;\">Selon votre entreprise, vous pouvez tester le mat\u00e9riel avec lequel vous travaillez, acqu\u00e9rir de l&rsquo;exp\u00e9rience dans la technologie d&rsquo;usinage.<\/p>\n<p style=\"text-align: justify;\">Le temps investi dans la formation revient \u00e0 une productivit\u00e9 accrue qui vous permettra d&rsquo;\u00e9conomiser des co\u00fbts et une utilisation appropri\u00e9e des \u00e9l\u00e9ments, ce qui emp\u00eachera les pannes.<\/p>\n<\/td>\n<\/tr>\n<\/tbody>\n<\/table>\n<p><div class=\"detalle\">\n\t\t<style type=\"text\/css\">\n\t\t\t#gallery-8 {\n\t\t\t\tmargin: auto;\n\t\t\t}\n\t\t\t#gallery-8 .gallery-item {\n\t\t\t\tfloat: left;\n\t\t\t\tmargin-top: 10px;\n\t\t\t\ttext-align: center;\n\t\t\t\twidth: 33%;\n\t\t\t}\n\t\t\t#gallery-8 img {\n\t\t\t\tborder: 2px solid #cfcfcf;\n\t\t\t}\n\t\t\t#gallery-8 .gallery-caption {\n\t\t\t\tmargin-left: 0;\n\t\t\t}\n\t\t\t\/* see gallery_shortcode() in wp-includes\/media.php *\/\n\t\t<\/style>\n\t\t<div id='gallery-8' class='gallery galleryid-402 gallery-columns-3 gallery-size-thumbnail'><dl class='gallery-item'>\n\t\t\t<dt class='gallery-icon landscape'>\n\t\t\t\t<a href='https:\/\/rierge.com\/wp-content\/uploads\/2023\/04\/011b4bc0cf0c5dab329117ca1085a67046f64333dd.jpg'><img loading=\"lazy\" decoding=\"async\" width=\"280\" height=\"280\" src=\"https:\/\/rierge.com\/wp-content\/uploads\/2023\/04\/011b4bc0cf0c5dab329117ca1085a67046f64333dd-280x280.jpg\" class=\"attachment-thumbnail size-thumbnail\" alt=\"\" srcset=\"https:\/\/rierge.com\/wp-content\/uploads\/2023\/04\/011b4bc0cf0c5dab329117ca1085a67046f64333dd-280x280.jpg 280w, https:\/\/rierge.com\/wp-content\/uploads\/2023\/04\/011b4bc0cf0c5dab329117ca1085a67046f64333dd-60x60.jpg 60w, https:\/\/rierge.com\/wp-content\/uploads\/2023\/04\/011b4bc0cf0c5dab329117ca1085a67046f64333dd-100x100.jpg 100w, https:\/\/rierge.com\/wp-content\/uploads\/2023\/04\/011b4bc0cf0c5dab329117ca1085a67046f64333dd-300x300.jpg 300w\" sizes=\"auto, (max-width: 280px) 100vw, 280px\" \/><\/a>\n\t\t\t<\/dt><\/dl><dl class='gallery-item'>\n\t\t\t<dt class='gallery-icon landscape'>\n\t\t\t\t<a href='https:\/\/rierge.com\/wp-content\/uploads\/2023\/04\/01018629782f4f3fe6e5dc6e3984ce430780536c79.jpg'><img loading=\"lazy\" decoding=\"async\" width=\"280\" height=\"280\" src=\"https:\/\/rierge.com\/wp-content\/uploads\/2023\/04\/01018629782f4f3fe6e5dc6e3984ce430780536c79-280x280.jpg\" class=\"attachment-thumbnail size-thumbnail\" alt=\"\" srcset=\"https:\/\/rierge.com\/wp-content\/uploads\/2023\/04\/01018629782f4f3fe6e5dc6e3984ce430780536c79-280x280.jpg 280w, https:\/\/rierge.com\/wp-content\/uploads\/2023\/04\/01018629782f4f3fe6e5dc6e3984ce430780536c79-60x60.jpg 60w, https:\/\/rierge.com\/wp-content\/uploads\/2023\/04\/01018629782f4f3fe6e5dc6e3984ce430780536c79-100x100.jpg 100w, https:\/\/rierge.com\/wp-content\/uploads\/2023\/04\/01018629782f4f3fe6e5dc6e3984ce430780536c79-300x300.jpg 300w\" sizes=\"auto, (max-width: 280px) 100vw, 280px\" \/><\/a>\n\t\t\t<\/dt><\/dl><dl class='gallery-item'>\n\t\t\t<dt class='gallery-icon landscape'>\n\t\t\t\t<a href='https:\/\/rierge.com\/wp-content\/uploads\/2023\/04\/01ee0814919f0e13cdac7f5bd62db737621d98525f.jpg'><img loading=\"lazy\" decoding=\"async\" width=\"280\" height=\"280\" src=\"https:\/\/rierge.com\/wp-content\/uploads\/2023\/04\/01ee0814919f0e13cdac7f5bd62db737621d98525f-280x280.jpg\" class=\"attachment-thumbnail size-thumbnail\" alt=\"\" srcset=\"https:\/\/rierge.com\/wp-content\/uploads\/2023\/04\/01ee0814919f0e13cdac7f5bd62db737621d98525f-280x280.jpg 280w, https:\/\/rierge.com\/wp-content\/uploads\/2023\/04\/01ee0814919f0e13cdac7f5bd62db737621d98525f-60x60.jpg 60w, https:\/\/rierge.com\/wp-content\/uploads\/2023\/04\/01ee0814919f0e13cdac7f5bd62db737621d98525f-100x100.jpg 100w, https:\/\/rierge.com\/wp-content\/uploads\/2023\/04\/01ee0814919f0e13cdac7f5bd62db737621d98525f-300x300.jpg 300w\" sizes=\"auto, (max-width: 280px) 100vw, 280px\" \/><\/a>\n\t\t\t<\/dt><\/dl><br style=\"clear: both\" \/><dl class='gallery-item'>\n\t\t\t<dt class='gallery-icon landscape'>\n\t\t\t\t<a href='https:\/\/rierge.com\/wp-content\/uploads\/2017\/04\/formacion_rierge_ga2.jpg'><img loading=\"lazy\" decoding=\"async\" width=\"280\" height=\"280\" src=\"https:\/\/rierge.com\/wp-content\/uploads\/2017\/04\/formacion_rierge_ga2-280x280.jpg\" class=\"attachment-thumbnail size-thumbnail\" alt=\"\" srcset=\"https:\/\/rierge.com\/wp-content\/uploads\/2017\/04\/formacion_rierge_ga2-280x280.jpg 280w, https:\/\/rierge.com\/wp-content\/uploads\/2017\/04\/formacion_rierge_ga2-300x300.jpg 300w, https:\/\/rierge.com\/wp-content\/uploads\/2017\/04\/formacion_rierge_ga2-100x100.jpg 100w\" sizes=\"auto, (max-width: 280px) 100vw, 280px\" \/><\/a>\n\t\t\t<\/dt><\/dl><dl class='gallery-item'>\n\t\t\t<dt class='gallery-icon landscape'>\n\t\t\t\t<a href='https:\/\/rierge.com\/wp-content\/uploads\/2025\/03\/IMG_1040.jpg'><img loading=\"lazy\" decoding=\"async\" width=\"280\" height=\"280\" src=\"https:\/\/rierge.com\/wp-content\/uploads\/2025\/03\/IMG_1040-280x280.jpg\" class=\"attachment-thumbnail size-thumbnail\" alt=\"\" srcset=\"https:\/\/rierge.com\/wp-content\/uploads\/2025\/03\/IMG_1040-280x280.jpg 280w, https:\/\/rierge.com\/wp-content\/uploads\/2025\/03\/IMG_1040-60x60.jpg 60w, https:\/\/rierge.com\/wp-content\/uploads\/2025\/03\/IMG_1040-100x100.jpg 100w\" sizes=\"auto, (max-width: 280px) 100vw, 280px\" \/><\/a>\n\t\t\t<\/dt><\/dl><dl class='gallery-item'>\n\t\t\t<dt class='gallery-icon landscape'>\n\t\t\t\t<a href='https:\/\/rierge.com\/wp-content\/uploads\/2025\/03\/cambio-random2.jpg'><img loading=\"lazy\" decoding=\"async\" width=\"280\" height=\"280\" src=\"https:\/\/rierge.com\/wp-content\/uploads\/2025\/03\/cambio-random2-280x280.jpg\" class=\"attachment-thumbnail size-thumbnail\" alt=\"\" srcset=\"https:\/\/rierge.com\/wp-content\/uploads\/2025\/03\/cambio-random2-280x280.jpg 280w, https:\/\/rierge.com\/wp-content\/uploads\/2025\/03\/cambio-random2-60x60.jpg 60w, https:\/\/rierge.com\/wp-content\/uploads\/2025\/03\/cambio-random2-100x100.jpg 100w\" sizes=\"auto, (max-width: 280px) 100vw, 280px\" \/><\/a>\n\t\t\t<\/dt><\/dl><br style=\"clear: both\" \/>\n\t\t<\/div>\n<\/div><\/p>","protected":false},"excerpt":{"rendered":"<p>La formation est un \u00e9l\u00e9ment essentiel pour obtenir un bon retour sur investissement, alors \u00e0 Rierge, nous avons les \u00e9l\u00e9ments n\u00e9cessaires pour pouvoir offrir \u00e0 nos clients une formation avant la livraison de la machine. Nous invitons tous nos clients \u00e0 consacrer quelques heures \u00e0 la formation. Cette formation est propos\u00e9e \u00e0 la fois face [&hellip;]<\/p>\n","protected":false},"author":1,"featured_media":980,"parent":18,"menu_order":11,"comment_status":"closed","ping_status":"closed","template":"","meta":{"_mc_calendar":[],"footnotes":""},"class_list":["post-402","page","type-page","status-publish","has-post-thumbnail","hentry"],"yoast_head":"<!-- This site is optimized with the Yoast SEO Premium plugin v18.4 (Yoast SEO v24.9) - https:\/\/yoast.com\/wordpress\/plugins\/seo\/ -->\n<title>Formation - RIERGE<\/title>\n<meta name=\"description\" content=\"Ofrecemos a los usuarios de los centros de mecanizado cnc una formaci\u00f3n previa a la entrega de la m\u00e1quina | Rierge\" \/>\n<meta name=\"robots\" content=\"index, follow, max-snippet:-1, max-image-preview:large, max-video-preview:-1\" \/>\n<link rel=\"canonical\" href=\"https:\/\/rierge.com\/servicios\/formacion\/\" \/>\n<meta property=\"og:locale\" content=\"fr_FR\" \/>\n<meta property=\"og:type\" content=\"article\" \/>\n<meta property=\"og:title\" content=\"[:es]Formaci\u00f3n CNC[:ca]Formaci\u00f3[:en]Training[:fr]Formation[:pb]Formaci\u00f3n[:]\" \/>\n<meta property=\"og:description\" content=\"La formaci\u00f3n es una parte esencial para obtener un buen rendimiento de la inversi\u00f3n, por lo que en Rierge disponemos de los elementos necesarios para\" \/>\n<meta property=\"og:url\" content=\"https:\/\/rierge.com\/servicios\/formacion\/\" \/>\n<meta property=\"og:site_name\" content=\"RIERGE\" \/>\n<meta property=\"article:modified_time\" content=\"2025-03-21T15:31:39+00:00\" \/>\n<meta property=\"og:image\" content=\"https:\/\/rierge.com\/wp-content\/uploads\/2017\/04\/b_formacion.jpg\" \/>\n\t<meta property=\"og:image:width\" content=\"1000\" \/>\n\t<meta property=\"og:image:height\" content=\"400\" \/>\n\t<meta property=\"og:image:type\" content=\"image\/jpeg\" \/>\n<meta name=\"twitter:card\" content=\"summary_large_image\" \/>\n<meta name=\"twitter:label1\" content=\"Dur\u00e9e de lecture estim\u00e9e\" \/>\n\t<meta name=\"twitter:data1\" content=\"2 minutes\" \/>\n<script type=\"application\/ld+json\" class=\"yoast-schema-graph\">{\"@context\":\"https:\/\/schema.org\",\"@graph\":[{\"@type\":\"WebPage\",\"@id\":\"https:\/\/rierge.com\/servicios\/formacion\/\",\"url\":\"https:\/\/rierge.com\/servicios\/formacion\/\",\"name\":\"[:es]Formaci\u00f3n CNC[:ca]Formaci\u00f3[:en]Training[:fr]Formation[:pb]Formaci\u00f3n[:] - RIERGE\",\"isPartOf\":{\"@id\":\"https:\/\/rierge.com\/en\/#website\"},\"primaryImageOfPage\":{\"@id\":\"https:\/\/rierge.com\/servicios\/formacion\/#primaryimage\"},\"image\":{\"@id\":\"https:\/\/rierge.com\/servicios\/formacion\/#primaryimage\"},\"thumbnailUrl\":\"https:\/\/rierge.com\/wp-content\/uploads\/2017\/04\/b_formacion.jpg\",\"datePublished\":\"2017-04-11T12:14:40+00:00\",\"dateModified\":\"2025-03-21T15:31:39+00:00\",\"description\":\"Ofrecemos a los usuarios de los centros de mecanizado cnc una formaci\u00f3n previa a la entrega de la m\u00e1quina | Rierge\",\"breadcrumb\":{\"@id\":\"https:\/\/rierge.com\/servicios\/formacion\/#breadcrumb\"},\"inLanguage\":\"fr-FR\",\"potentialAction\":[{\"@type\":\"ReadAction\",\"target\":[\"https:\/\/rierge.com\/servicios\/formacion\/\"]}]},{\"@type\":\"ImageObject\",\"inLanguage\":\"fr-FR\",\"@id\":\"https:\/\/rierge.com\/servicios\/formacion\/#primaryimage\",\"url\":\"https:\/\/rierge.com\/wp-content\/uploads\/2017\/04\/b_formacion.jpg\",\"contentUrl\":\"https:\/\/rierge.com\/wp-content\/uploads\/2017\/04\/b_formacion.jpg\",\"width\":1000,\"height\":400},{\"@type\":\"BreadcrumbList\",\"@id\":\"https:\/\/rierge.com\/servicios\/formacion\/#breadcrumb\",\"itemListElement\":[{\"@type\":\"ListItem\",\"position\":1,\"name\":\"Home\",\"item\":\"https:\/\/rierge.com\/\"},{\"@type\":\"ListItem\",\"position\":2,\"name\":\"Services\",\"item\":\"https:\/\/rierge.com\/en\/services\/\"},{\"@type\":\"ListItem\",\"position\":3,\"name\":\"Formaci\u00f3n CNC\"}]},{\"@type\":\"WebSite\",\"@id\":\"https:\/\/rierge.com\/en\/#website\",\"url\":\"https:\/\/rierge.com\/en\/\",\"name\":\"RIERGE\",\"description\":\"\",\"publisher\":{\"@id\":\"https:\/\/rierge.com\/en\/#organization\"},\"potentialAction\":[{\"@type\":\"SearchAction\",\"target\":{\"@type\":\"EntryPoint\",\"urlTemplate\":\"https:\/\/rierge.com\/en\/?s={search_term_string}\"},\"query-input\":{\"@type\":\"PropertyValueSpecification\",\"valueRequired\":true,\"valueName\":\"search_term_string\"}}],\"inLanguage\":\"fr-FR\"},{\"@type\":\"Organization\",\"@id\":\"https:\/\/rierge.com\/en\/#organization\",\"name\":\"Rierge\",\"url\":\"https:\/\/rierge.com\/en\/\",\"logo\":{\"@type\":\"ImageObject\",\"inLanguage\":\"fr-FR\",\"@id\":\"https:\/\/rierge.com\/en\/#\/schema\/logo\/image\/\",\"url\":\"https:\/\/rierge.com\/wp-content\/uploads\/2017\/06\/logo-rierge-desde-1954.jpg\",\"contentUrl\":\"https:\/\/rierge.com\/wp-content\/uploads\/2017\/06\/logo-rierge-desde-1954.jpg\",\"width\":180,\"height\":50,\"caption\":\"Rierge\"},\"image\":{\"@id\":\"https:\/\/rierge.com\/en\/#\/schema\/logo\/image\/\"}}]}<\/script>\n<!-- \/ Yoast SEO Premium plugin. -->","yoast_head_json":{"title":"[:es]Formaci\u00f3n CNC[:ca]Formaci\u00f3[:en]Training[:fr]Formation[:pb]Formaci\u00f3n[:] - RIERGE","description":"Ofrecemos a los usuarios de los centros de mecanizado cnc una formaci\u00f3n previa a la entrega de la m\u00e1quina | Rierge","robots":{"index":"index","follow":"follow","max-snippet":"max-snippet:-1","max-image-preview":"max-image-preview:large","max-video-preview":"max-video-preview:-1"},"canonical":"https:\/\/rierge.com\/servicios\/formacion\/","og_locale":"fr_FR","og_type":"article","og_title":"[:es]Formaci\u00f3n CNC[:ca]Formaci\u00f3[:en]Training[:fr]Formation[:pb]Formaci\u00f3n[:]","og_description":"La formaci\u00f3n es una parte esencial para obtener un buen rendimiento de la inversi\u00f3n, por lo que en Rierge disponemos de los elementos necesarios para","og_url":"https:\/\/rierge.com\/servicios\/formacion\/","og_site_name":"RIERGE","article_modified_time":"2025-03-21T15:31:39+00:00","og_image":[{"width":1000,"height":400,"url":"https:\/\/rierge.com\/wp-content\/uploads\/2017\/04\/b_formacion.jpg","type":"image\/jpeg"}],"twitter_card":"summary_large_image","twitter_misc":{"Dur\u00e9e de lecture estim\u00e9e":"2 minutes"},"schema":{"@context":"https:\/\/schema.org","@graph":[{"@type":"WebPage","@id":"https:\/\/rierge.com\/servicios\/formacion\/","url":"https:\/\/rierge.com\/servicios\/formacion\/","name":"[:es]Formaci\u00f3n CNC[:ca]Formaci\u00f3[:en]Training[:fr]Formation[:pb]Formaci\u00f3n[:] - RIERGE","isPartOf":{"@id":"https:\/\/rierge.com\/en\/#website"},"primaryImageOfPage":{"@id":"https:\/\/rierge.com\/servicios\/formacion\/#primaryimage"},"image":{"@id":"https:\/\/rierge.com\/servicios\/formacion\/#primaryimage"},"thumbnailUrl":"https:\/\/rierge.com\/wp-content\/uploads\/2017\/04\/b_formacion.jpg","datePublished":"2017-04-11T12:14:40+00:00","dateModified":"2025-03-21T15:31:39+00:00","description":"Ofrecemos a los usuarios de los centros de mecanizado cnc una formaci\u00f3n previa a la entrega de la m\u00e1quina | Rierge","breadcrumb":{"@id":"https:\/\/rierge.com\/servicios\/formacion\/#breadcrumb"},"inLanguage":"fr-FR","potentialAction":[{"@type":"ReadAction","target":["https:\/\/rierge.com\/servicios\/formacion\/"]}]},{"@type":"ImageObject","inLanguage":"fr-FR","@id":"https:\/\/rierge.com\/servicios\/formacion\/#primaryimage","url":"https:\/\/rierge.com\/wp-content\/uploads\/2017\/04\/b_formacion.jpg","contentUrl":"https:\/\/rierge.com\/wp-content\/uploads\/2017\/04\/b_formacion.jpg","width":1000,"height":400},{"@type":"BreadcrumbList","@id":"https:\/\/rierge.com\/servicios\/formacion\/#breadcrumb","itemListElement":[{"@type":"ListItem","position":1,"name":"Home","item":"https:\/\/rierge.com\/"},{"@type":"ListItem","position":2,"name":"Services","item":"https:\/\/rierge.com\/en\/services\/"},{"@type":"ListItem","position":3,"name":"Formaci\u00f3n CNC"}]},{"@type":"WebSite","@id":"https:\/\/rierge.com\/en\/#website","url":"https:\/\/rierge.com\/en\/","name":"RIERGE","description":"","publisher":{"@id":"https:\/\/rierge.com\/en\/#organization"},"potentialAction":[{"@type":"SearchAction","target":{"@type":"EntryPoint","urlTemplate":"https:\/\/rierge.com\/en\/?s={search_term_string}"},"query-input":{"@type":"PropertyValueSpecification","valueRequired":true,"valueName":"search_term_string"}}],"inLanguage":"fr-FR"},{"@type":"Organization","@id":"https:\/\/rierge.com\/en\/#organization","name":"Rierge","url":"https:\/\/rierge.com\/en\/","logo":{"@type":"ImageObject","inLanguage":"fr-FR","@id":"https:\/\/rierge.com\/en\/#\/schema\/logo\/image\/","url":"https:\/\/rierge.com\/wp-content\/uploads\/2017\/06\/logo-rierge-desde-1954.jpg","contentUrl":"https:\/\/rierge.com\/wp-content\/uploads\/2017\/06\/logo-rierge-desde-1954.jpg","width":180,"height":50,"caption":"Rierge"},"image":{"@id":"https:\/\/rierge.com\/en\/#\/schema\/logo\/image\/"}}]}},"_links":{"self":[{"href":"https:\/\/rierge.com\/fr\/wp-json\/wp\/v2\/pages\/402","targetHints":{"allow":["GET"]}}],"collection":[{"href":"https:\/\/rierge.com\/fr\/wp-json\/wp\/v2\/pages"}],"about":[{"href":"https:\/\/rierge.com\/fr\/wp-json\/wp\/v2\/types\/page"}],"author":[{"embeddable":true,"href":"https:\/\/rierge.com\/fr\/wp-json\/wp\/v2\/users\/1"}],"replies":[{"embeddable":true,"href":"https:\/\/rierge.com\/fr\/wp-json\/wp\/v2\/comments?post=402"}],"version-history":[{"count":4,"href":"https:\/\/rierge.com\/fr\/wp-json\/wp\/v2\/pages\/402\/revisions"}],"predecessor-version":[{"id":8059,"href":"https:\/\/rierge.com\/fr\/wp-json\/wp\/v2\/pages\/402\/revisions\/8059"}],"up":[{"embeddable":true,"href":"https:\/\/rierge.com\/fr\/wp-json\/wp\/v2\/pages\/18"}],"wp:featuredmedia":[{"embeddable":true,"href":"https:\/\/rierge.com\/fr\/wp-json\/wp\/v2\/media\/980"}],"wp:attachment":[{"href":"https:\/\/rierge.com\/fr\/wp-json\/wp\/v2\/media?parent=402"}],"curies":[{"name":"wp","href":"https:\/\/api.w.org\/{rel}","templated":true}]}}