{"id":1855,"date":"2017-05-18T11:13:43","date_gmt":"2017-05-18T11:13:43","guid":{"rendered":"http:\/\/rierge.com\/?page_id=1855"},"modified":"2023-03-30T14:08:50","modified_gmt":"2023-03-30T14:08:50","slug":"soluciones-integrales","status":"publish","type":"page","link":"https:\/\/rierge.com\/fr\/servicios\/soluciones-integrales\/","title":{"rendered":"Solutions int\u00e9grales"},"content":{"rendered":"<p><\/p>\n<h3><strong>L\u00edneas autom\u00e1ticas de panel<\/strong><\/h3>\n<table style=\"width: 100%;\">\n<tbody>\n<tr>\n<td style=\"width: 70%;\">\n<p><strong>Linea Nesting Impresora<\/strong><\/p>\n<p style=\"text-align: justify;\">Se compone de un centro de mecanizado cnc, que incorpora un cargador telescopico a la entrada de la m\u00e1quina y ese cargador dispone de una impresora de etiquetas que las va colocando de forma autom\u00e1tica en el panel antes de ser mecanizado.<\/p>\n<p style=\"text-align: justify;\">El cargador es telescopico de forma que podemos colocar un paquete de tablero y automaticamente se alimentar\u00e1 el centro de mecanizado, que simultaneamente a la descarga y limpieza del martir, colocara el nuevo panel en la m\u00e1quina para ser mecanizado.<\/p>\n<p style=\"text-align: justify;\">A la salida del centro de mecanizado, disponemos de una mesa de banda donde tendremos las piezas etiquetadas, cortadas y taladradas.<\/p>\n<\/td>\n<td style=\"width: 5%;\">\u00a0<\/td>\n<td><iframe loading=\"lazy\" src=\"\/\/www.youtube.com\/embed\/dHqSZ9-njIw\" width=\"560\" height=\"314\" allowfullscreen=\"allowfullscreen\"><\/iframe><\/td>\n<\/tr>\n<tr>\n<td>&nbsp;<\/td>\n<td>&nbsp;<\/td>\n<td style=\"text-align: right; vertical-align: top;\">\u00a0<\/td>\n<\/tr>\n<tr>\n<td>\n<p><strong>Linea de Nesting + Chapeadora<\/strong><\/p>\n<p style=\"text-align: justify;\">Se compone de un centro de mecanizado cnc, que incorpora un cargador telescopico a la entrada de la m\u00e1quina y ese cargador dispone de una impresora de etiquetas que las va colocando de forma autom\u00e1tica en el panel antes de ser mecanizado.<\/p>\n<p style=\"text-align: justify;\">El cargador es telescopico de forma que podemos colocar un paquete de tablero y automaticamente se alimentar\u00e1 el centro de mecanizado, que simultaneamente a la descarga y limpieza del martir, colocara el nuevo panel en la m\u00e1quina para ser mecanizado.<\/p>\n<p style=\"text-align: justify;\">A la salida del centro de mecanizado, tendremos una cinta de banda y un manipulador Goliat, que voltearan la pieza en caso de necesidad y alimentar\u00e1 una chapeadora de cantos electr\u00f3nica que de acuerdo con la informaci\u00f3n facilitada en el c\u00f3digo de barras de la pieza, elegira el canto correspondiente y se adecuar\u00e1 al grueso de la pieza, la cual a la salida de la chapeadora retornara al origen donde seg\u00fan necesidades volvera a la chapeadora o bien ser\u00e1 apilada en un palet y asi abr\u00e1 terminado el proceso.<\/p>\n<p>&nbsp;<\/p>\n<\/td>\n<td>&nbsp;<\/td>\n<td style=\"text-align: right; vertical-align: top;\"><iframe loading=\"lazy\" src=\"\/\/www.youtube.com\/embed\/BlqZI__2NqY\" width=\"560\" height=\"314\" allowfullscreen=\"allowfullscreen\"><\/iframe><\/td>\n<\/tr>\n<\/tbody>\n<\/table>\n<h3>Linea de fabricaci\u00f3n de puertas + colocaci\u00f3n de herrajes<\/h3>\n<table style=\"width: 100%;\">\n<tbody>\n<tr>\n<td style=\"width: 70%;\">\u00a0<\/td>\n<td style=\"width: 5%;\">\u00a0<\/td>\n<td>&nbsp;<\/td>\n<\/tr>\n<tr>\n<td>\n<p style=\"text-align: justify;\"><strong>Mecacerc + Ferramak<\/strong><\/p>\n<p style=\"text-align: justify;\"><strong>La l\u00ednea est\u00e1 compuesta por las m\u00e1quinas siguientes:<\/strong><\/p>\n<p style=\"text-align: justify;\">Centro de mecanizado <strong>MECACERC<\/strong> con cargador.<br \/>\n Insertadora de herrajes <strong>FERRAMAK.<\/strong><\/p>\n<div style=\"text-align: justify;\">\u00a0<\/div>\n<p style=\"text-align: justify;\">Despu\u00e9s de fabricar el marco por medio de una moldurera o bien con otro proceso, necesitamos mecanizar el alojamiento de los herrajes eso lo haremos con la m\u00e1quina <strong>MECACERC<\/strong>, que provista de un cargardor vertical de perfiles ira alimentando la m\u00e1quina.<\/p>\n<p style=\"text-align: justify;\">A la salida conectaremos con una <strong>FERRAMAK<\/strong>, la cual colocar\u00e1 los herrajes y los atornillara de forma autom\u00e1tica.<\/p>\n<p style=\"text-align: justify;\">Ya tenemos las tres piezas del marco listas para ser empaquetadas.<\/p>\n<p style=\"text-align: justify;\">En el caso de querer ensamblar los marcos con la puerta, lo haremos en el banco de montage para posteriormente ser embalado y entregar todo el Kit completo a nuestro cliente.<\/p>\n<p style=\"text-align: justify;\">Todo este proceso puede ser realizado de forma completamente autom\u00e1tica o semi automatica.<\/p>\n<\/td>\n<td>&nbsp;<\/td>\n<td style=\"vertical-align: top;\"><iframe loading=\"lazy\" src=\"\/\/www.youtube.com\/embed\/UQvgCZVV2r8\" width=\"560\" height=\"314\" allowfullscreen=\"allowfullscreen\"><\/iframe><\/td>\n<\/tr>\n<tr>\n<td>\n<p><strong>L\u00ednea de fabricaci\u00f3n de marcos + inserci\u00f3n de herrajes.<\/strong><\/p>\n<\/td>\n<td>&nbsp;<\/td>\n<td>&nbsp;<\/td>\n<\/tr>\n<tr>\n<td>\n<p style=\"text-align: justify;\"><strong>Megadoor + Ferradoor<\/strong><\/p>\n<p style=\"text-align: justify;\"><strong>Se compone de las siguientes m\u00e1quinas:<\/strong><\/p>\n<p style=\"text-align: justify;\">Manipulador <strong>Goliat<\/strong> para carga y descarga de puertas.<br \/>\n Centro de mecanizado <strong>MEGADOOR <\/strong>(Seg\u00fan necesidades productivas puede variar el modelo).<br \/>\n Insertadora de herrajes <strong>FERRADOOR.<\/strong><\/p>\n<p style=\"text-align: justify;\"><strong>Funcionamiento de la l\u00efnea:<\/strong><\/p>\n<p style=\"text-align: justify;\">Por mediaci\u00f3n del centro de mecanizado <strong>MEGADOOR<\/strong>, realizaremos todo el mecanizado de la puerta, (escuadrado, alojamiento de los pernos, alojamiento de la cerradura, taladro de la maneta, taladro de la llave, rayado y cualquier otro trabajo de fresado)<\/p>\n<p style=\"text-align: justify;\">A la salida de la m\u00e1quina conectaremos con la insertadora de herrajes <strong>FERRADOOR<\/strong> que nos colocar\u00e1 la cerradura y los pernos, sin importar la cantidad ni el sentido de apertura (derecha\/izquierda).<\/p>\n<p style=\"text-align: justify;\">Una vez terminado este proceso podemos pasar a embalar la puerta y mediante el manipulador <strong>GOLIAT<\/strong> la apilaremos en el lugar escogido por el cliente.<\/p>\n<p style=\"text-align: justify;\">En el caso de querer ensamblar la puerta con los marcos, lo haremos en el banco de montage para posteriormente ser embalado y entregar todo el Kit completo a nuestro cliente.<\/p>\n<p style=\"text-align: justify;\">Todo este proceso puede ser realizado de forma completamente autom\u00e1tica o semi automatica.<\/p>\n<p>&nbsp;<\/p>\n<table border=\"0\">\n<tbody>\n<tr>\n<td>&nbsp;<\/td>\n<\/tr>\n<\/tbody>\n<\/table>\n<p>&nbsp;<\/p>\n<\/td>\n<td>&nbsp;<\/td>\n<td style=\"vertical-align: top;\"><iframe loading=\"lazy\" src=\"\/\/www.youtube.com\/embed\/ClBxTY50hmM\" width=\"560\" height=\"314\" allowfullscreen=\"allowfullscreen\"><\/iframe><\/td>\n<\/tr>\n<tr>\n<td>&nbsp;<\/td>\n<td>&nbsp;<\/td>\n<td>&nbsp;<\/td>\n<\/tr>\n<\/tbody>\n<\/table>\n<p><\/p>","protected":false},"excerpt":{"rendered":"<p>L\u00edneas autom\u00e1ticas de panel Linea Nesting Impresora Se compone de un centro de mecanizado cnc, que incorpora un cargador telescopico a la entrada de la m\u00e1quina y ese cargador dispone de una impresora de etiquetas que las va colocando de forma autom\u00e1tica en el panel antes de ser mecanizado. El cargador es telescopico de forma [&hellip;]<\/p>\n","protected":false},"author":1,"featured_media":1856,"parent":18,"menu_order":13,"comment_status":"closed","ping_status":"closed","template":"","meta":{"_mc_calendar":[],"footnotes":""},"class_list":["post-1855","page","type-page","status-publish","has-post-thumbnail","hentry"],"yoast_head":"<!-- This site is optimized with the Yoast SEO Premium plugin v18.4 (Yoast SEO v24.9) - https:\/\/yoast.com\/wordpress\/plugins\/seo\/ -->\n<title>Solutions int\u00e9grales - RIERGE<\/title>\n<meta name=\"robots\" content=\"index, follow, max-snippet:-1, max-image-preview:large, max-video-preview:-1\" \/>\n<link rel=\"canonical\" href=\"https:\/\/rierge.com\/fr\/services\/soluciones-integrales\/\" \/>\n<meta property=\"og:locale\" content=\"fr_FR\" \/>\n<meta property=\"og:type\" content=\"article\" \/>\n<meta property=\"og:title\" content=\"[:es]Soluciones integrales[:ca]Solucions integrals[:en]Integral Solutions[:fr]Solutions int\u00e9grales[:pb]Soluciones integrales[:]\" \/>\n<meta property=\"og:description\" content=\"L\u00edneas autom\u00e1ticas de panel L\u00ednea Nesting Impresora Se compone de un centro de mecanizado CNC, que incorpora un cargador telesc\u00f3pico a la entrada de la\" \/>\n<meta property=\"og:url\" content=\"https:\/\/rierge.com\/fr\/services\/soluciones-integrales\/\" \/>\n<meta property=\"og:site_name\" content=\"RIERGE\" \/>\n<meta property=\"article:modified_time\" content=\"2023-03-30T14:08:50+00:00\" \/>\n<meta property=\"og:image\" content=\"https:\/\/rierge.com\/wp-content\/uploads\/2017\/05\/b_soluciones-integrales.jpg\" \/>\n\t<meta property=\"og:image:width\" content=\"1000\" \/>\n\t<meta property=\"og:image:height\" content=\"400\" \/>\n\t<meta property=\"og:image:type\" content=\"image\/jpeg\" \/>\n<meta name=\"twitter:card\" content=\"summary_large_image\" \/>\n<meta name=\"twitter:label1\" content=\"Dur\u00e9e de lecture estim\u00e9e\" \/>\n\t<meta name=\"twitter:data1\" content=\"16 minutes\" \/>\n<script type=\"application\/ld+json\" class=\"yoast-schema-graph\">{\"@context\":\"https:\/\/schema.org\",\"@graph\":[{\"@type\":\"WebPage\",\"@id\":\"https:\/\/rierge.com\/fr\/services\/soluciones-integrales\/\",\"url\":\"https:\/\/rierge.com\/fr\/services\/soluciones-integrales\/\",\"name\":\"[:es]Soluciones integrales[:ca]Solucions integrals[:en]Integral Solutions[:fr]Solutions int\u00e9grales[:pb]Soluciones integrales[:] - RIERGE\",\"isPartOf\":{\"@id\":\"https:\/\/rierge.com\/en\/#website\"},\"primaryImageOfPage\":{\"@id\":\"https:\/\/rierge.com\/fr\/services\/soluciones-integrales\/#primaryimage\"},\"image\":{\"@id\":\"https:\/\/rierge.com\/fr\/services\/soluciones-integrales\/#primaryimage\"},\"thumbnailUrl\":\"https:\/\/rierge.com\/wp-content\/uploads\/2017\/05\/b_soluciones-integrales.jpg\",\"datePublished\":\"2017-05-18T11:13:43+00:00\",\"dateModified\":\"2023-03-30T14:08:50+00:00\",\"breadcrumb\":{\"@id\":\"https:\/\/rierge.com\/fr\/services\/soluciones-integrales\/#breadcrumb\"},\"inLanguage\":\"fr-FR\",\"potentialAction\":[{\"@type\":\"ReadAction\",\"target\":[\"https:\/\/rierge.com\/fr\/services\/soluciones-integrales\/\"]}]},{\"@type\":\"ImageObject\",\"inLanguage\":\"fr-FR\",\"@id\":\"https:\/\/rierge.com\/fr\/services\/soluciones-integrales\/#primaryimage\",\"url\":\"https:\/\/rierge.com\/wp-content\/uploads\/2017\/05\/b_soluciones-integrales.jpg\",\"contentUrl\":\"https:\/\/rierge.com\/wp-content\/uploads\/2017\/05\/b_soluciones-integrales.jpg\",\"width\":1000,\"height\":400},{\"@type\":\"BreadcrumbList\",\"@id\":\"https:\/\/rierge.com\/fr\/services\/soluciones-integrales\/#breadcrumb\",\"itemListElement\":[{\"@type\":\"ListItem\",\"position\":1,\"name\":\"Home\",\"item\":\"https:\/\/rierge.com\/\"},{\"@type\":\"ListItem\",\"position\":2,\"name\":\"Services\",\"item\":\"https:\/\/rierge.com\/en\/services\/\"},{\"@type\":\"ListItem\",\"position\":3,\"name\":\"Solutions int\u00e9grales\"}]},{\"@type\":\"WebSite\",\"@id\":\"https:\/\/rierge.com\/en\/#website\",\"url\":\"https:\/\/rierge.com\/en\/\",\"name\":\"RIERGE\",\"description\":\"\",\"publisher\":{\"@id\":\"https:\/\/rierge.com\/en\/#organization\"},\"potentialAction\":[{\"@type\":\"SearchAction\",\"target\":{\"@type\":\"EntryPoint\",\"urlTemplate\":\"https:\/\/rierge.com\/en\/?s={search_term_string}\"},\"query-input\":{\"@type\":\"PropertyValueSpecification\",\"valueRequired\":true,\"valueName\":\"search_term_string\"}}],\"inLanguage\":\"fr-FR\"},{\"@type\":\"Organization\",\"@id\":\"https:\/\/rierge.com\/en\/#organization\",\"name\":\"Rierge\",\"url\":\"https:\/\/rierge.com\/en\/\",\"logo\":{\"@type\":\"ImageObject\",\"inLanguage\":\"fr-FR\",\"@id\":\"https:\/\/rierge.com\/en\/#\/schema\/logo\/image\/\",\"url\":\"https:\/\/rierge.com\/wp-content\/uploads\/2017\/06\/logo-rierge-desde-1954.jpg\",\"contentUrl\":\"https:\/\/rierge.com\/wp-content\/uploads\/2017\/06\/logo-rierge-desde-1954.jpg\",\"width\":180,\"height\":50,\"caption\":\"Rierge\"},\"image\":{\"@id\":\"https:\/\/rierge.com\/en\/#\/schema\/logo\/image\/\"}}]}<\/script>\n<!-- \/ Yoast SEO Premium plugin. -->","yoast_head_json":{"title":"[:es]Soluciones integrales[:ca]Solucions integrals[:en]Integral Solutions[:fr]Solutions int\u00e9grales[:pb]Soluciones integrales[:] - RIERGE","robots":{"index":"index","follow":"follow","max-snippet":"max-snippet:-1","max-image-preview":"max-image-preview:large","max-video-preview":"max-video-preview:-1"},"canonical":"https:\/\/rierge.com\/fr\/services\/soluciones-integrales\/","og_locale":"fr_FR","og_type":"article","og_title":"[:es]Soluciones integrales[:ca]Solucions integrals[:en]Integral Solutions[:fr]Solutions int\u00e9grales[:pb]Soluciones integrales[:]","og_description":"L\u00edneas autom\u00e1ticas de panel L\u00ednea Nesting Impresora Se compone de un centro de mecanizado CNC, que incorpora un cargador telesc\u00f3pico a la entrada de la","og_url":"https:\/\/rierge.com\/fr\/services\/soluciones-integrales\/","og_site_name":"RIERGE","article_modified_time":"2023-03-30T14:08:50+00:00","og_image":[{"width":1000,"height":400,"url":"https:\/\/rierge.com\/wp-content\/uploads\/2017\/05\/b_soluciones-integrales.jpg","type":"image\/jpeg"}],"twitter_card":"summary_large_image","twitter_misc":{"Dur\u00e9e de lecture estim\u00e9e":"16 minutes"},"schema":{"@context":"https:\/\/schema.org","@graph":[{"@type":"WebPage","@id":"https:\/\/rierge.com\/fr\/services\/soluciones-integrales\/","url":"https:\/\/rierge.com\/fr\/services\/soluciones-integrales\/","name":"[:es]Soluciones integrales[:ca]Solucions integrals[:en]Integral Solutions[:fr]Solutions int\u00e9grales[:pb]Soluciones integrales[:] - RIERGE","isPartOf":{"@id":"https:\/\/rierge.com\/en\/#website"},"primaryImageOfPage":{"@id":"https:\/\/rierge.com\/fr\/services\/soluciones-integrales\/#primaryimage"},"image":{"@id":"https:\/\/rierge.com\/fr\/services\/soluciones-integrales\/#primaryimage"},"thumbnailUrl":"https:\/\/rierge.com\/wp-content\/uploads\/2017\/05\/b_soluciones-integrales.jpg","datePublished":"2017-05-18T11:13:43+00:00","dateModified":"2023-03-30T14:08:50+00:00","breadcrumb":{"@id":"https:\/\/rierge.com\/fr\/services\/soluciones-integrales\/#breadcrumb"},"inLanguage":"fr-FR","potentialAction":[{"@type":"ReadAction","target":["https:\/\/rierge.com\/fr\/services\/soluciones-integrales\/"]}]},{"@type":"ImageObject","inLanguage":"fr-FR","@id":"https:\/\/rierge.com\/fr\/services\/soluciones-integrales\/#primaryimage","url":"https:\/\/rierge.com\/wp-content\/uploads\/2017\/05\/b_soluciones-integrales.jpg","contentUrl":"https:\/\/rierge.com\/wp-content\/uploads\/2017\/05\/b_soluciones-integrales.jpg","width":1000,"height":400},{"@type":"BreadcrumbList","@id":"https:\/\/rierge.com\/fr\/services\/soluciones-integrales\/#breadcrumb","itemListElement":[{"@type":"ListItem","position":1,"name":"Home","item":"https:\/\/rierge.com\/"},{"@type":"ListItem","position":2,"name":"Services","item":"https:\/\/rierge.com\/en\/services\/"},{"@type":"ListItem","position":3,"name":"Solutions int\u00e9grales"}]},{"@type":"WebSite","@id":"https:\/\/rierge.com\/en\/#website","url":"https:\/\/rierge.com\/en\/","name":"RIERGE","description":"","publisher":{"@id":"https:\/\/rierge.com\/en\/#organization"},"potentialAction":[{"@type":"SearchAction","target":{"@type":"EntryPoint","urlTemplate":"https:\/\/rierge.com\/en\/?s={search_term_string}"},"query-input":{"@type":"PropertyValueSpecification","valueRequired":true,"valueName":"search_term_string"}}],"inLanguage":"fr-FR"},{"@type":"Organization","@id":"https:\/\/rierge.com\/en\/#organization","name":"Rierge","url":"https:\/\/rierge.com\/en\/","logo":{"@type":"ImageObject","inLanguage":"fr-FR","@id":"https:\/\/rierge.com\/en\/#\/schema\/logo\/image\/","url":"https:\/\/rierge.com\/wp-content\/uploads\/2017\/06\/logo-rierge-desde-1954.jpg","contentUrl":"https:\/\/rierge.com\/wp-content\/uploads\/2017\/06\/logo-rierge-desde-1954.jpg","width":180,"height":50,"caption":"Rierge"},"image":{"@id":"https:\/\/rierge.com\/en\/#\/schema\/logo\/image\/"}}]}},"_links":{"self":[{"href":"https:\/\/rierge.com\/fr\/wp-json\/wp\/v2\/pages\/1855","targetHints":{"allow":["GET"]}}],"collection":[{"href":"https:\/\/rierge.com\/fr\/wp-json\/wp\/v2\/pages"}],"about":[{"href":"https:\/\/rierge.com\/fr\/wp-json\/wp\/v2\/types\/page"}],"author":[{"embeddable":true,"href":"https:\/\/rierge.com\/fr\/wp-json\/wp\/v2\/users\/1"}],"replies":[{"embeddable":true,"href":"https:\/\/rierge.com\/fr\/wp-json\/wp\/v2\/comments?post=1855"}],"version-history":[{"count":1,"href":"https:\/\/rierge.com\/fr\/wp-json\/wp\/v2\/pages\/1855\/revisions"}],"predecessor-version":[{"id":7407,"href":"https:\/\/rierge.com\/fr\/wp-json\/wp\/v2\/pages\/1855\/revisions\/7407"}],"up":[{"embeddable":true,"href":"https:\/\/rierge.com\/fr\/wp-json\/wp\/v2\/pages\/18"}],"wp:featuredmedia":[{"embeddable":true,"href":"https:\/\/rierge.com\/fr\/wp-json\/wp\/v2\/media\/1856"}],"wp:attachment":[{"href":"https:\/\/rierge.com\/fr\/wp-json\/wp\/v2\/media?parent=1855"}],"curies":[{"name":"wp","href":"https:\/\/api.w.org\/{rel}","templated":true}]}}