{"id":14,"date":"2017-03-23T14:32:50","date_gmt":"2017-03-23T14:32:50","guid":{"rendered":"http:\/\/rierge.com\/?page_id=14"},"modified":"2022-07-28T07:43:36","modified_gmt":"2022-07-28T07:43:36","slug":"delegacines","status":"publish","type":"page","link":"https:\/\/rierge.com\/fr\/rierge\/delegacines\/","title":{"rendered":"Mat\u00e9riaux Avanc\u00e9s"},"content":{"rendered":"<p><\/p>\n<table cellspacing=\"25px\">\n<tbody>\n<tr>\n<td style=\"width: 35%; text-align: center; vertical-align: top;\"><\/td>\n<td style=\"text-align: left; vertical-align: top;\">\n<p style=\"text-align: justify;\">L\u2019apparition de nouveaux mat\u00e9riaux depuis quelques ann\u00e9es, dans la construction civile tout comme dans la fabrication de meubles et dans la menuiserie, a fait que nous, les fabricants, nous devons adapter les machines qui, en principe, \u00e9taient con\u00e7ues pour travailler le bois ou des fibres comme les r\u00e9sines, aluminium, plastiques et autres mat\u00e9riaux similaires.<\/p>\n<p style=\"text-align: justify;\">Vous trouverez ci-dessous quelques uns des mat\u00e9riaux qui, de nos jours, font partie de notre secteur :<\/p>\n<\/td>\n<\/tr>\n<tr>\n<td style=\"text-align: center; vertical-align: top;\"><img loading=\"lazy\" decoding=\"async\" src=\"http:\/\/rierge.com\/wp-content\/uploads\/2017\/03\/RESINAS-FENOLICAS.jpg\" alt=\"\" width=\"310\" height=\"205\" data-id=\"1695\" \/><\/td>\n<td>\n<h3><strong>R\u00e9sines\u00a0ph\u00e9noliques<\/strong><\/h3>\n<p style=\"text-align: justify;\">On les utilise dans la fabrication de mobilier sportif, scolaire et de bureau. Ayant plusieurs compositions, il s\u2019agit d\u2019un mat\u00e9riel id\u00e9al pour les laboratoires et h\u00f4pitaux, tant dans la fabrication de mobilier que dans le rev\u00eatement mural ( int\u00e9rieur et ext\u00e9rieurs), le mobilier urbain, les parcs\u00a0 infantils\u2026<\/p>\n<p style=\"text-align: justify;\">Elles sont \u00e9galement utilis\u00e9es dans l\u2019industrie de l\u2019automobile et de l\u2019a\u00e9ronautique, comme isolants \u00e9l\u00e8ctriques, dans la construction de voies ferr\u00e9es\u2026 une infinit\u00e9 d\u2019utilisation.<\/p>\n<p style=\"text-align: justify;\">Elles r\u00e9sistent \u00e0 la temp\u00e9rature, aux dissolvants, acides, abrasion. Elle a de bonnes propri\u00e9t\u00e9s \u00e9lectriques et une stabilit\u00e9 thermique, des propri\u00e9t\u00e9s anti corrosives et isolantes, selon le type de r\u00e9sine et sa concentration.<\/p>\n<\/td>\n<\/tr>\n<tr>\n<td style=\"text-align: center; vertical-align: top;\"><img loading=\"lazy\" decoding=\"async\" src=\"http:\/\/rierge.com\/wp-content\/uploads\/2017\/03\/PANELES-COMPOSITES.jpg\" alt=\"\" width=\"310\" height=\"205\" data-id=\"1694\" \/><\/td>\n<td>\n<h3><strong>Paneles Composites<\/strong><\/h3>\n<p style=\"text-align: justify;\">Ces panneaux forment un compos\u00e9 d\u2019aluminium qui permet de plier et de courber.<\/p>\n<p style=\"text-align: justify;\">Il est compos\u00e9 de deux couches d\u2019aluminium et un noyau thermoplastique.<\/p>\n<p style=\"text-align: justify;\">Gr\u00e2ce \u00e0 ses propri\u00e9t\u00e9s, il peut \u00eatre install\u00e9 \u00e0 l\u2019ext\u00e9rieur, \u00e9vitant la corrosion, il est r\u00e9sistant au feu et poss\u00e9de des propri\u00e9t\u00e9s isolantes du bruit, des vibrations et absorbe les d\u00e9formations qui peuvent \u00eatre provoqu\u00e9es par des \u00e9pisodes sismiques.<\/p>\n<p style=\"text-align: justify;\">Il existe tout une gamme de couleurs et de finitions qui, avec sa maniabilit\u00e9, nous offrent la possibilit\u00e9 de cr\u00e9er des oeuvres design.<\/p>\n<p style=\"text-align: justify;\">Normalement, pour l\u2019installation qui est r\u00e9alis\u00e9e sur des structures m\u00e9talliques, est appos\u00e9 un plateau avec des op\u00e9rations d\u2019usinage pour les accrocher aux voliges plac\u00e9s sur la fa\u00e7ad.<\/p>\n<\/td>\n<\/tr>\n<tr>\n<td style=\"text-align: center; vertical-align: top;\"><img loading=\"lazy\" decoding=\"async\" src=\"http:\/\/rierge.com\/wp-content\/uploads\/2017\/03\/honeycomb-1.jpg\" alt=\"\" width=\"310\" height=\"205\" data-id=\"1693\" \/><\/td>\n<td>\n<h3><strong>Honeycomb<\/strong><\/h3>\n<p style=\"text-align: justify;\">Panneaux structuraux en nid d\u2019abeille aluminium avec traitement anticorrosif et plaque en aluminium sur chaque face et prot\u00e9g\u00e9s par un plastique de protection.<\/p>\n<p style=\"text-align: justify;\">Les caract\u00e9ristiques principales de ces panneaux sandwich sont leur rigidit\u00e9 en m\u00eame temps\u00a0 que leur l\u00e9g\u00e8ret\u00e9. Le fait qu\u2019il soit un parfait isolant acoustique et thermique et sa vaste de gamme d\u2019options qui permettent la manipulation, l\u2019usinage, le pliage et le recourbement,\u00a0 font de l\u2019Honeycomb un produit id\u00e9al des applications architecturales et ferroviaires, dans le secteur naval et industriel.<\/p>\n<p style=\"text-align: justify;\">Cloisons de division, sols, toits, portes, plateformes et tout type de mobilier ainsi que les int\u00e9rieurs de b\u00e2teaux, trains, autobus, caravanes et autres moyens de transport sont fabriqu\u00e9s avec ce genre de panneaux.<\/p>\n<p style=\"text-align: justify;\">L\u2019on peut citer d\u2019autres secteurs comme celui des ascenceurs, salles blanches, machinerie industrielle etc.<\/p>\n<\/td>\n<\/tr>\n<tr>\n<td style=\"text-align: center; vertical-align: top;\">\u00a0<img loading=\"lazy\" decoding=\"async\" src=\"http:\/\/rierge.com\/wp-content\/uploads\/2017\/03\/corian-1.jpg\" alt=\"\" width=\"310\" height=\"205\" data-id=\"1697\" \/><\/td>\n<td>\n<h3 style=\"text-align: justify;\"><strong>Corian<\/strong><\/h3>\n<p style=\"text-align: justify;\">C\u2019est un m\u00e9lange de min\u00e9raux naturels et de polym\u00e8re acrilique.<\/p>\n<p style=\"text-align: justify;\">Il est fabriqu\u00e9 en formes de plaques, poss\u00e8de une vaste gamme de couleurs et forment des\u00a0 \u00e9viers,\u00a0 lavabos.<\/p>\n<p style=\"text-align: justify;\">Il s\u2019agit d\u2019un mat\u00e9riel design polyvalent, avec une multitude d\u2019applications parmi une large gamme e secteurs. Au domicile, pour les cuisines et salles de bains, \u00e9l\u00e8ments de mobilier et l\u2019\u00e9clairage. L\u2019on peut aussi le trouver dans les magasins, restaurants, h\u00f4pitaux, bureaux\u2026 et dans n\u2019importe quel endroit o\u00f9 le design et un rendu durable sont importants.<\/p>\n<\/td>\n<\/tr>\n<tr>\n<td style=\"text-align: center; vertical-align: top;\">\u00a0<img loading=\"lazy\" decoding=\"async\" src=\"http:\/\/rierge.com\/wp-content\/uploads\/2017\/03\/fibra-de-vidrio-1.jpg\" alt=\"\" width=\"310\" height=\"205\" data-id=\"1692\" \/><\/td>\n<td>\n<h3 style=\"text-align: justify;\"><strong>Fibre de verre<\/strong><\/h3>\n<p>La fibre de verre est le r\u00e9sultat du m\u00e9lange de filets de verre avec une r\u00e9sine Epoxi laquelle, initialement, est liquide pour ensuite se solidifier et conserver la forme finale ou celle acquise via le moule.<\/p>\n<p>Les caract\u00e9ristiques de la fibre de verre sont :<\/p>\n<p style=\"text-align: justify;\">\u2022 Excellent isolant thermique<br \/>\n\u2022 Inerte face \u00e0 de nombreuses substances y compris les acides<br \/>\n\u2022 Grande maniabilit\u00e9<br \/>\n\u2022 Hautement r\u00e9sistant \u00e0 la traction<\/p>\n<p style=\"text-align: justify;\">Pour ses caract\u00e9ristiques propres en tant que mat\u00e9riel, la fibre de verre est utilis\u00e9e pour divers usages industriels et artistiques. Parmi les plus importants, l\u2019on trouve : l\u2019artisanat ou le bricolage, les pi\u00e8ces nautiques contenues dans les planches de surf, wind-surf, voiliers, canots\u2026 Elle est \u00e9galement utilis\u00e9e dans le domaine artistique, dans des sculptures et pi\u00e8ces compl\u00e8tes. Ses propri\u00e9t\u00e9s ( on peut la modeler facilement) en font un mat\u00e9riel id\u00e9al pour ceux qui d\u00e9sirent travailler avec de la fibre de verre.<\/p>\n<\/td>\n<\/tr>\n<tr>\n<td style=\"text-align: center; vertical-align: top;\">\u00a0<img loading=\"lazy\" decoding=\"async\" src=\"http:\/\/rierge.com\/wp-content\/uploads\/2017\/03\/fibra-de-carbono-1.jpg\" alt=\"\" width=\"310\" height=\"205\" data-id=\"1691\" \/><\/td>\n<td>\n<h3 style=\"text-align: justify;\"><strong>Fibre de carbone<\/strong><\/h3>\n<p style=\"text-align: justify;\">La Fibre de Carbone (FC) a d\u2019abord \u00e9t\u00e9 d\u00e9velopp\u00e9 pour l\u2019industrie spatiale. D\u00e9sormais, son prix ayant baiss\u00e9, elle s\u2019est \u00e9tendue \u00e0 d\u2019autres\u00a0 domaines : l\u2019industrie du transport, de l\u2019a\u00e9ronautique, sport de haut niveau, et derni\u00e8rement, nous trouvons la FC m\u00eame dans les portefeuilles et montres.<\/p>\n<p style=\"text-align: justify;\">La FC est compos\u00e9e de nombreux fils de carbone en forme de brin. Il existe plusieurs types de FC avec des propri\u00e9t\u00e9s diff\u00e9rentes, convenant \u00e0 de multiples applications.<\/p>\n<p style=\"text-align: justify;\">Sa r\u00e9sistance est presque 3 fois sup\u00e9rieure \u00e0 celle de l\u2019acier et sa densit\u00e9 4,5 fois inf\u00e9rieure.<\/p>\n<p style=\"text-align: justify;\">D\u2019autres caract\u00e9ristiques sont tr\u00e8s appr\u00e9ciables dans la fibre de carbone comme la r\u00e9sistance \u00e0 la corrosionm au feu et inertie chimique et la conductivit\u00e9 \u00e9l\u00e8ctrique. Face \u00e0 des variations de temp\u00e9rature, elle garde sa forme. La fibre de carbone est un polym\u00e8re transform\u00e9e en fibre.<\/p>\n<p style=\"text-align: justify;\">Elle est utilis\u00e9e dans l\u2019industrie du transport, en particulier dans celui de l\u2019a\u00e9rospatial et a\u00e9ronautique, mais chaque jour il occupe une place encore plus importante dans l\u2019automobile.<\/p>\n<\/td>\n<\/tr>\n<tr>\n<td style=\"text-align: center; vertical-align: top;\">\u00a0<img loading=\"lazy\" decoding=\"async\" src=\"http:\/\/rierge.com\/wp-content\/uploads\/2017\/03\/PANEL-SANDWICH.jpg\" alt=\"\" width=\"310\" height=\"205\" data-id=\"1698\" \/><\/td>\n<td>\n<h3 style=\"text-align: justify;\"><strong>Panel Sandwich<\/strong><\/h3>\n<p style=\"text-align: justify;\">Un panneau sandwich typique, poss\u00e9de une structure de 3 couches. Les surfaces rigides, avec un module relativement haut en \u00e9lasticit\u00e9 sont gard\u00e9es \u00e0 distance par un noyau l\u00e9ger, lequel a une rigidit\u00e9 flexionnelle suffisante pour supporter la plus grande partie des efforts de d\u00e9coupe. Le noyau agit aussi comme une couche d\u2019isolation thermique efficace.<\/p>\n<p style=\"text-align: justify;\">Les panneaux sandwich sont, de nos jours, disponibles pour une grande vari\u00e9t\u00e9 d\u2019applications: fa\u00e7ades, couvertures, faux-plafonds, cloisons internes, en particulier dans ces grands b\u00e2timents industriels aux exigences strictes d\u2019isolation thermique.<\/p>\n<p style=\"text-align: justify;\">Utilisations dans le g\u00e9nie civil: hangars industriels, a\u00e9roports, b\u00e2timents administratifs, maisonnette et maisons pr\u00e9fabriqu\u00e9es, h\u00f4tels, centres d\u2019exposition, laboratoires et salles blanches, blocs op\u00e9ratoires, salles de peinture, centrales \u00e9l\u00e8ctriques, usines de recyclage, pavillions omnisports, grandes surfaces-centres commerciaux, enveloppe de maisons.<\/p>\n<p style=\"text-align: justify;\">Utilisations dans l\u2019industrie alimentaire: chambres froides, salles de conservation, tunnels de cong\u00e9lation, salles blanches\u2026<\/p>\n<p style=\"text-align: justify;\">Tous ces mat\u00e9riaux ont un point en commun: ils sont pratiquement tous inalt\u00e9rables \u00e0 l\u2019humidit\u00e9, r\u00e9sistants aux agents corrosifs et ne requierent pas d\u2019entretien. C\u2019est pourquoi ils sont id\u00e9als pour l\u2019ext\u00e9rieur ou l\u2019int\u00e9rieur o\u00f9 les environnements sont agressifs et o\u00f9 une propret\u00e9 irr\u00e9prochable est \u00e9xig\u00e9 (risque de contagion).<br \/>\nEn m\u00eame temps, ce sont des mat\u00e9riaux agr\u00e9ables \u00e0 regarder, avec de vastes gammes de textures et couleurs. En outre,ils permettent une r\u00e9alisation de montages complexes, ils peuvent \u00eatre s\u00e9rigraphi\u00e9s dans certains cas, et l\u2019on peut personnaliser l\u2019installation, selon les go\u00fbts du client.<\/p>\n<\/td>\n<\/tr>\n<\/tbody>\n<\/table>\n<p style=\"text-align: center;\">Nous disposons de centres d\u2019usinage sp\u00e9cialement con\u00e7us pour l\u2019usinage de ces mat\u00e9riaux, en plus d\u2019une solide exp\u00e9rience dans ces derniers.<\/p>\n<p><\/p>","protected":false},"excerpt":{"rendered":"<p>L\u2019apparition de nouveaux mat\u00e9riaux depuis quelques ann\u00e9es, dans la construction civile tout comme dans la fabrication de meubles et dans la menuiserie, a fait que nous, les fabricants, nous devons adapter les machines qui, en principe, \u00e9taient con\u00e7ues pour travailler le bois ou des fibres comme les r\u00e9sines, aluminium, plastiques et autres mat\u00e9riaux similaires. Vous [&hellip;]<\/p>\n","protected":false},"author":1,"featured_media":1690,"parent":23,"menu_order":2,"comment_status":"closed","ping_status":"closed","template":"","meta":{"_mc_calendar":[],"footnotes":""},"class_list":["post-14","page","type-page","status-publish","has-post-thumbnail","hentry"],"yoast_head":"<!-- This site is optimized with the Yoast SEO Premium plugin v18.4 (Yoast SEO v24.9) - https:\/\/yoast.com\/wordpress\/plugins\/seo\/ -->\n<title>Mat\u00e9riaux Avanc\u00e9s - RIERGE<\/title>\n<meta name=\"description\" content=\"Descubre las soluciones de Rierge para el mecanizado de materiales avanzados como Resinas fen\u00f3licas, Paneles Composites, Honeycomb, Corian, Fibra de vidrio, Fibra de carbono y Panel S\u00e1ndwich | Rierge\" \/>\n<meta name=\"robots\" content=\"index, follow, max-snippet:-1, max-image-preview:large, max-video-preview:-1\" \/>\n<link rel=\"canonical\" href=\"https:\/\/rierge.com\/rierge\/delegacines\/\" \/>\n<meta property=\"og:locale\" content=\"fr_FR\" \/>\n<meta property=\"og:type\" content=\"article\" \/>\n<meta property=\"og:title\" content=\"[:es]Mecanizado Materiales Avanzados[:ca]Materials Avan\u00e7ats[:en]Advanced Materials[:fr]Mat\u00e9riaux Avanc\u00e9s[:pb]Materiais Avan\u00e7ados[:]\" \/>\n<meta property=\"og:description\" content=\"La irrupci\u00f3n de nuevos materiales desde hace unos a\u00f1os tanto en la construcci\u00f3n civil como en la industria en general y en particular en el sector\" \/>\n<meta property=\"og:url\" content=\"https:\/\/rierge.com\/rierge\/delegacines\/\" \/>\n<meta property=\"og:site_name\" content=\"RIERGE\" \/>\n<meta property=\"article:modified_time\" content=\"2022-07-28T07:43:36+00:00\" \/>\n<meta property=\"og:image\" content=\"https:\/\/rierge.com\/wp-content\/uploads\/2017\/03\/b_compania_materiales-avanzados.jpg\" \/>\n\t<meta property=\"og:image:width\" content=\"1000\" \/>\n\t<meta property=\"og:image:height\" content=\"400\" \/>\n\t<meta property=\"og:image:type\" content=\"image\/jpeg\" \/>\n<meta name=\"twitter:card\" content=\"summary_large_image\" \/>\n<meta name=\"twitter:label1\" content=\"Dur\u00e9e de lecture estim\u00e9e\" \/>\n\t<meta name=\"twitter:data1\" content=\"32 minutes\" \/>\n<script type=\"application\/ld+json\" class=\"yoast-schema-graph\">{\"@context\":\"https:\/\/schema.org\",\"@graph\":[{\"@type\":\"WebPage\",\"@id\":\"https:\/\/rierge.com\/rierge\/delegacines\/\",\"url\":\"https:\/\/rierge.com\/rierge\/delegacines\/\",\"name\":\"[:es]Mecanizado Materiales Avanzados[:ca]Materials Avan\u00e7ats[:en]Advanced Materials[:fr]Mat\u00e9riaux Avanc\u00e9s[:pb]Materiais Avan\u00e7ados[:] - RIERGE\",\"isPartOf\":{\"@id\":\"https:\/\/rierge.com\/en\/#website\"},\"primaryImageOfPage\":{\"@id\":\"https:\/\/rierge.com\/rierge\/delegacines\/#primaryimage\"},\"image\":{\"@id\":\"https:\/\/rierge.com\/rierge\/delegacines\/#primaryimage\"},\"thumbnailUrl\":\"https:\/\/rierge.com\/wp-content\/uploads\/2017\/03\/b_compania_materiales-avanzados.jpg\",\"datePublished\":\"2017-03-23T14:32:50+00:00\",\"dateModified\":\"2022-07-28T07:43:36+00:00\",\"description\":\"Descubre las soluciones de Rierge para el mecanizado de materiales avanzados como Resinas fen\u00f3licas, Paneles Composites, Honeycomb, Corian, Fibra de vidrio, Fibra de carbono y Panel S\u00e1ndwich | Rierge\",\"breadcrumb\":{\"@id\":\"https:\/\/rierge.com\/rierge\/delegacines\/#breadcrumb\"},\"inLanguage\":\"fr-FR\",\"potentialAction\":[{\"@type\":\"ReadAction\",\"target\":[\"https:\/\/rierge.com\/rierge\/delegacines\/\"]}]},{\"@type\":\"ImageObject\",\"inLanguage\":\"fr-FR\",\"@id\":\"https:\/\/rierge.com\/rierge\/delegacines\/#primaryimage\",\"url\":\"https:\/\/rierge.com\/wp-content\/uploads\/2017\/03\/b_compania_materiales-avanzados.jpg\",\"contentUrl\":\"https:\/\/rierge.com\/wp-content\/uploads\/2017\/03\/b_compania_materiales-avanzados.jpg\",\"width\":1000,\"height\":400},{\"@type\":\"BreadcrumbList\",\"@id\":\"https:\/\/rierge.com\/rierge\/delegacines\/#breadcrumb\",\"itemListElement\":[{\"@type\":\"ListItem\",\"position\":1,\"name\":\"Home\",\"item\":\"https:\/\/rierge.com\/\"},{\"@type\":\"ListItem\",\"position\":2,\"name\":\"Compa\u00f1\u00eda\",\"item\":\"https:\/\/rierge.com\/\"},{\"@type\":\"ListItem\",\"position\":3,\"name\":\"Mecanizado Materiales Avanzados\"}]},{\"@type\":\"WebSite\",\"@id\":\"https:\/\/rierge.com\/en\/#website\",\"url\":\"https:\/\/rierge.com\/en\/\",\"name\":\"RIERGE\",\"description\":\"\",\"publisher\":{\"@id\":\"https:\/\/rierge.com\/en\/#organization\"},\"potentialAction\":[{\"@type\":\"SearchAction\",\"target\":{\"@type\":\"EntryPoint\",\"urlTemplate\":\"https:\/\/rierge.com\/en\/?s={search_term_string}\"},\"query-input\":{\"@type\":\"PropertyValueSpecification\",\"valueRequired\":true,\"valueName\":\"search_term_string\"}}],\"inLanguage\":\"fr-FR\"},{\"@type\":\"Organization\",\"@id\":\"https:\/\/rierge.com\/en\/#organization\",\"name\":\"Rierge\",\"url\":\"https:\/\/rierge.com\/en\/\",\"logo\":{\"@type\":\"ImageObject\",\"inLanguage\":\"fr-FR\",\"@id\":\"https:\/\/rierge.com\/en\/#\/schema\/logo\/image\/\",\"url\":\"https:\/\/rierge.com\/wp-content\/uploads\/2017\/06\/logo-rierge-desde-1954.jpg\",\"contentUrl\":\"https:\/\/rierge.com\/wp-content\/uploads\/2017\/06\/logo-rierge-desde-1954.jpg\",\"width\":180,\"height\":50,\"caption\":\"Rierge\"},\"image\":{\"@id\":\"https:\/\/rierge.com\/en\/#\/schema\/logo\/image\/\"}}]}<\/script>\n<!-- \/ Yoast SEO Premium plugin. -->","yoast_head_json":{"title":"[:es]Mecanizado Materiales Avanzados[:ca]Materials Avan\u00e7ats[:en]Advanced Materials[:fr]Mat\u00e9riaux Avanc\u00e9s[:pb]Materiais Avan\u00e7ados[:] - RIERGE","description":"Descubre las soluciones de Rierge para el mecanizado de materiales avanzados como Resinas fen\u00f3licas, Paneles Composites, Honeycomb, Corian, Fibra de vidrio, Fibra de carbono y Panel S\u00e1ndwich | Rierge","robots":{"index":"index","follow":"follow","max-snippet":"max-snippet:-1","max-image-preview":"max-image-preview:large","max-video-preview":"max-video-preview:-1"},"canonical":"https:\/\/rierge.com\/rierge\/delegacines\/","og_locale":"fr_FR","og_type":"article","og_title":"[:es]Mecanizado Materiales Avanzados[:ca]Materials Avan\u00e7ats[:en]Advanced Materials[:fr]Mat\u00e9riaux Avanc\u00e9s[:pb]Materiais Avan\u00e7ados[:]","og_description":"La irrupci\u00f3n de nuevos materiales desde hace unos a\u00f1os tanto en la construcci\u00f3n civil como en la industria en general y en particular en el sector","og_url":"https:\/\/rierge.com\/rierge\/delegacines\/","og_site_name":"RIERGE","article_modified_time":"2022-07-28T07:43:36+00:00","og_image":[{"width":1000,"height":400,"url":"https:\/\/rierge.com\/wp-content\/uploads\/2017\/03\/b_compania_materiales-avanzados.jpg","type":"image\/jpeg"}],"twitter_card":"summary_large_image","twitter_misc":{"Dur\u00e9e de lecture estim\u00e9e":"32 minutes"},"schema":{"@context":"https:\/\/schema.org","@graph":[{"@type":"WebPage","@id":"https:\/\/rierge.com\/rierge\/delegacines\/","url":"https:\/\/rierge.com\/rierge\/delegacines\/","name":"[:es]Mecanizado Materiales Avanzados[:ca]Materials Avan\u00e7ats[:en]Advanced Materials[:fr]Mat\u00e9riaux Avanc\u00e9s[:pb]Materiais Avan\u00e7ados[:] - RIERGE","isPartOf":{"@id":"https:\/\/rierge.com\/en\/#website"},"primaryImageOfPage":{"@id":"https:\/\/rierge.com\/rierge\/delegacines\/#primaryimage"},"image":{"@id":"https:\/\/rierge.com\/rierge\/delegacines\/#primaryimage"},"thumbnailUrl":"https:\/\/rierge.com\/wp-content\/uploads\/2017\/03\/b_compania_materiales-avanzados.jpg","datePublished":"2017-03-23T14:32:50+00:00","dateModified":"2022-07-28T07:43:36+00:00","description":"Descubre las soluciones de Rierge para el mecanizado de materiales avanzados como Resinas fen\u00f3licas, Paneles Composites, Honeycomb, Corian, Fibra de vidrio, Fibra de carbono y Panel S\u00e1ndwich | Rierge","breadcrumb":{"@id":"https:\/\/rierge.com\/rierge\/delegacines\/#breadcrumb"},"inLanguage":"fr-FR","potentialAction":[{"@type":"ReadAction","target":["https:\/\/rierge.com\/rierge\/delegacines\/"]}]},{"@type":"ImageObject","inLanguage":"fr-FR","@id":"https:\/\/rierge.com\/rierge\/delegacines\/#primaryimage","url":"https:\/\/rierge.com\/wp-content\/uploads\/2017\/03\/b_compania_materiales-avanzados.jpg","contentUrl":"https:\/\/rierge.com\/wp-content\/uploads\/2017\/03\/b_compania_materiales-avanzados.jpg","width":1000,"height":400},{"@type":"BreadcrumbList","@id":"https:\/\/rierge.com\/rierge\/delegacines\/#breadcrumb","itemListElement":[{"@type":"ListItem","position":1,"name":"Home","item":"https:\/\/rierge.com\/"},{"@type":"ListItem","position":2,"name":"Compa\u00f1\u00eda","item":"https:\/\/rierge.com\/"},{"@type":"ListItem","position":3,"name":"Mecanizado Materiales Avanzados"}]},{"@type":"WebSite","@id":"https:\/\/rierge.com\/en\/#website","url":"https:\/\/rierge.com\/en\/","name":"RIERGE","description":"","publisher":{"@id":"https:\/\/rierge.com\/en\/#organization"},"potentialAction":[{"@type":"SearchAction","target":{"@type":"EntryPoint","urlTemplate":"https:\/\/rierge.com\/en\/?s={search_term_string}"},"query-input":{"@type":"PropertyValueSpecification","valueRequired":true,"valueName":"search_term_string"}}],"inLanguage":"fr-FR"},{"@type":"Organization","@id":"https:\/\/rierge.com\/en\/#organization","name":"Rierge","url":"https:\/\/rierge.com\/en\/","logo":{"@type":"ImageObject","inLanguage":"fr-FR","@id":"https:\/\/rierge.com\/en\/#\/schema\/logo\/image\/","url":"https:\/\/rierge.com\/wp-content\/uploads\/2017\/06\/logo-rierge-desde-1954.jpg","contentUrl":"https:\/\/rierge.com\/wp-content\/uploads\/2017\/06\/logo-rierge-desde-1954.jpg","width":180,"height":50,"caption":"Rierge"},"image":{"@id":"https:\/\/rierge.com\/en\/#\/schema\/logo\/image\/"}}]}},"_links":{"self":[{"href":"https:\/\/rierge.com\/fr\/wp-json\/wp\/v2\/pages\/14","targetHints":{"allow":["GET"]}}],"collection":[{"href":"https:\/\/rierge.com\/fr\/wp-json\/wp\/v2\/pages"}],"about":[{"href":"https:\/\/rierge.com\/fr\/wp-json\/wp\/v2\/types\/page"}],"author":[{"embeddable":true,"href":"https:\/\/rierge.com\/fr\/wp-json\/wp\/v2\/users\/1"}],"replies":[{"embeddable":true,"href":"https:\/\/rierge.com\/fr\/wp-json\/wp\/v2\/comments?post=14"}],"version-history":[{"count":0,"href":"https:\/\/rierge.com\/fr\/wp-json\/wp\/v2\/pages\/14\/revisions"}],"up":[{"embeddable":true,"href":"https:\/\/rierge.com\/fr\/wp-json\/wp\/v2\/pages\/23"}],"wp:featuredmedia":[{"embeddable":true,"href":"https:\/\/rierge.com\/fr\/wp-json\/wp\/v2\/media\/1690"}],"wp:attachment":[{"href":"https:\/\/rierge.com\/fr\/wp-json\/wp\/v2\/media?parent=14"}],"curies":[{"name":"wp","href":"https:\/\/api.w.org\/{rel}","templated":true}]}}