{"id":1246,"date":"2017-04-28T09:32:54","date_gmt":"2017-04-28T09:32:54","guid":{"rendered":"http:\/\/rierge.com\/?page_id=1246"},"modified":"2023-09-14T08:13:51","modified_gmt":"2023-09-14T08:13:51","slug":"procesos","status":"publish","type":"page","link":"https:\/\/rierge.com\/fr\/rierge\/procesos\/","title":{"rendered":"Processus"},"content":{"rendered":"<p><\/p>\n<h2>\n<table cellspacing=\"20\">\n<tbody>\n<tr>\n<td>\n\t\t<style type=\"text\/css\">\n\t\t\t#gallery-7 {\n\t\t\t\tmargin: auto;\n\t\t\t}\n\t\t\t#gallery-7 .gallery-item {\n\t\t\t\tfloat: left;\n\t\t\t\tmargin-top: 10px;\n\t\t\t\ttext-align: center;\n\t\t\t\twidth: 50%;\n\t\t\t}\n\t\t\t#gallery-7 img {\n\t\t\t\tborder: 2px solid #cfcfcf;\n\t\t\t}\n\t\t\t#gallery-7 .gallery-caption {\n\t\t\t\tmargin-left: 0;\n\t\t\t}\n\t\t\t\/* see gallery_shortcode() in wp-includes\/media.php *\/\n\t\t<\/style>\n\t\t<div id='gallery-7' class='gallery galleryid-1496 gallery-columns-2 gallery-size-thumbnail'><dl class='gallery-item'>\n\t\t\t<dt class='gallery-icon landscape'>\n\t\t\t\t<a href='https:\/\/rierge.com\/wp-content\/uploads\/2017\/04\/RiergeDetalls-13.jpeg'><img loading=\"lazy\" decoding=\"async\" width=\"160\" height=\"160\" src=\"https:\/\/rierge.com\/wp-content\/uploads\/2017\/04\/RiergeDetalls-13-160x160.jpeg\" class=\"attachment-thumbnail size-thumbnail\" alt=\"\" srcset=\"https:\/\/rierge.com\/wp-content\/uploads\/2017\/04\/RiergeDetalls-13-160x160.jpeg 160w, https:\/\/rierge.com\/wp-content\/uploads\/2017\/04\/RiergeDetalls-13-300x300.jpeg 300w, https:\/\/rierge.com\/wp-content\/uploads\/2017\/04\/RiergeDetalls-13-100x100.jpeg 100w\" sizes=\"auto, (max-width: 160px) 100vw, 160px\" \/><\/a>\n\t\t\t<\/dt><\/dl><dl class='gallery-item'>\n\t\t\t<dt class='gallery-icon landscape'>\n\t\t\t\t<a href='https:\/\/rierge.com\/wp-content\/uploads\/2017\/04\/bancada-2-350x263.jpeg'><img loading=\"lazy\" decoding=\"async\" width=\"160\" height=\"160\" src=\"https:\/\/rierge.com\/wp-content\/uploads\/2017\/04\/bancada-2-350x263-160x160.jpeg\" class=\"attachment-thumbnail size-thumbnail\" alt=\"\" srcset=\"https:\/\/rierge.com\/wp-content\/uploads\/2017\/04\/bancada-2-350x263-160x160.jpeg 160w, https:\/\/rierge.com\/wp-content\/uploads\/2017\/04\/bancada-2-350x263-100x100.jpeg 100w\" sizes=\"auto, (max-width: 160px) 100vw, 160px\" \/><\/a>\n\t\t\t<\/dt><\/dl><br style=\"clear: both\" \/><dl class='gallery-item'>\n\t\t\t<dt class='gallery-icon landscape'>\n\t\t\t\t<a href='https:\/\/rierge.com\/wp-content\/uploads\/2017\/04\/Estabilizado-general-768x582.jpeg'><img loading=\"lazy\" decoding=\"async\" width=\"160\" height=\"160\" src=\"https:\/\/rierge.com\/wp-content\/uploads\/2017\/04\/Estabilizado-general-768x582-160x160.jpeg\" class=\"attachment-thumbnail size-thumbnail\" alt=\"\" srcset=\"https:\/\/rierge.com\/wp-content\/uploads\/2017\/04\/Estabilizado-general-768x582-160x160.jpeg 160w, https:\/\/rierge.com\/wp-content\/uploads\/2017\/04\/Estabilizado-general-768x582-300x300.jpeg 300w, https:\/\/rierge.com\/wp-content\/uploads\/2017\/04\/Estabilizado-general-768x582-100x100.jpeg 100w\" sizes=\"auto, (max-width: 160px) 100vw, 160px\" \/><\/a>\n\t\t\t<\/dt><\/dl>\n\t\t\t<br style='clear: both' \/>\n\t\t<\/div>\n<\/td>\n<td style=\"width: 62%; vertical-align: top;\">\n<h2><span id=\"result_box\" class=\"\" lang=\"fr\"><span title=\"TECNOLOG\u00cdA &amp; DESARROLLO\n\n\"><strong>Technologie &amp; D\u00e9veloppement<br \/>\n<\/strong><\/span><\/span><\/h2>\n<p><span title=\"En Rierge desarrollamos nuestros productos a trav\u00e9s de nuestra oficina t\u00e9cnica.\n\n\">Chez Rierge, nous d\u00e9veloppons nos produits gr\u00e2ce \u00e0 notre bureau technique.<\/span><\/p>\n<p><span title=\"Construimos en nuestras instalaciones todos los componentes de calderer\u00eda, desarrollamos nuestro propio software y adaptamos soluciones de mercado a nuestros productos, soldamos, mecanizamos,construimos los elementos de chapa met\u00e1lica, dise\u00f1amos y construimos los cuadros el\u00e9ctricos, realizamos la programaci\u00f3n y parametrizaci\u00f3n de todos los elementos\">Nous construisons tous nos composants de la chaudi\u00e8re dans nos installations, d\u00e9veloppons notre propre logiciel et adaptons les solutions de march\u00e9 \u00e0 nos produits, soudons, m\u00e9canisons, construisons des \u00e9l\u00e9ments en t\u00f4le, concevons et construisons des panneaux \u00e9lectriques, r\u00e9alisons la programmation et la param\u00e9trisation de tous les \u00e9l\u00e9ments <\/span><span title=\"electr\u00f3nicos, pintamos, ensamblamos los componentes y realizamos la puesta en marcha de nuestros centros de mecanizado cnc.\n\n\">\u00c9lectronique, peinture, assembler les composants et r\u00e9aliser le d\u00e9marrage de nos centres d&rsquo;usinage cnc.<\/span><\/p>\n<p><span title=\"Nuestro personal cualificado realiza el dise\u00f1o y el esquema del cuadro el\u00e9ctrico y en nuestras instalaciones realizamos el montage de los diferentes elementos, identificando cada uno de los cables, los cuales tambi\u00e9n confeccionamos, soldamos los terminales y comprobamos cada uno de ellos, con el fin de\">Notre personnel qualifi\u00e9 r\u00e9alise la conception et la mise en page du panneau \u00e9lectrique et, dans nos installations, nous assemblons les diff\u00e9rents \u00e9l\u00e9ments, identifiant chacun des c\u00e2bles, nous fabriquons \u00e9galement, soumettons les bornes et v\u00e9rifions chacun, afin de <\/span><span title=\"tener la seguridad de que no se produzca ning\u00fan fallo de conexi\u00f3n.\n\n\">Assurez-vous qu&rsquo;il n&rsquo;y a pas de panne de connexion.<\/span><\/p>\n<p><span title=\"La mayor\u00eda de nuestras m\u00e1quinas, son tratadas estabilizando todas las piezas que han sufrido tensiones por su fabricaci\u00f3n en origen o en el transcurso del proceso de fabricaci\u00f3n de la m\u00e1quina.\n\n\">La plupart de nos machines sont trait\u00e9es en stabilisant toutes les pi\u00e8ces qui ont subi des tensions en raison de leur fabrication \u00e0 l&rsquo;origine ou au cours du processus de fabrication de la machine.<\/span><\/p>\n<p><span title=\"Estas piezas son tratadas con calor durante un per\u00edodo de 24 h.\">Ces pi\u00e8ces sont trait\u00e9es \u00e0 la chaleur pendant 24 h. <\/span><span title=\"llegando a una temperatura de 600 \u00baC, con el fin de que durante el proceso sean eliminadas las tensiones internas que deriven a una deformaci\u00f3n de la estructura con el paso de los meses, lo que comportar\u00eda una p\u00e9rdida de precisi\u00f3n y un desgaste superior de los elementos\">Atteindre une temp\u00e9rature de 600 \u00b0 C, de sorte que pendant le processus les contraintes internes qui conduisent \u00e0 une d\u00e9formation de la structure au passage des mois, ce qui impliquerait une perte de pr\u00e9cision et une usure sup\u00e9rieure des \u00e9l\u00e9ments <\/span><span title=\"de tracci\u00f3n y traslaci\u00f3n como son gu\u00edas, husillos, patines y elementos de tracci\u00f3n.\">De traction et de translation tels que des guides, des broches, des patins et des \u00e9l\u00e9ments de traction.<\/span><\/p>\n<p style=\"text-align: justify;\">\n<\/td>\n<\/tr>\n<tr>\n<td><img loading=\"lazy\" decoding=\"async\" class=\"size-medium wp-image-1389 aligncenter\" src=\"http:\/\/rierge.com\/wp-content\/uploads\/2017\/05\/Mecanizado-NT-DOOR5-350x265.jpg\" alt=\"\" width=\"350\" height=\"265\" data-id=\"1389\" srcset=\"https:\/\/rierge.com\/wp-content\/uploads\/2017\/05\/Mecanizado-NT-DOOR5-350x265.jpg 350w, https:\/\/rierge.com\/wp-content\/uploads\/2017\/05\/Mecanizado-NT-DOOR5-600x455.jpg 600w, https:\/\/rierge.com\/wp-content\/uploads\/2017\/05\/Mecanizado-NT-DOOR5-768x582.jpg 768w, https:\/\/rierge.com\/wp-content\/uploads\/2017\/05\/Mecanizado-NT-DOOR5-1000x758.jpg 1000w, https:\/\/rierge.com\/wp-content\/uploads\/2017\/05\/Mecanizado-NT-DOOR5-60x46.jpg 60w, https:\/\/rierge.com\/wp-content\/uploads\/2017\/05\/Mecanizado-NT-DOOR5.jpg 1200w\" sizes=\"auto, (max-width: 350px) 100vw, 350px\" \/><\/td>\n<td style=\"width: 62%; vertical-align: top;\">\n<h2 style=\"text-align: justify;\">USINAGE<\/h2>\n<p>Les points de support des guides de pr\u00e9cision, des racks, des broches, des supports et d&rsquo;autres points de support sont usin\u00e9s, afin de garantir un r\u00e9glage et un parall\u00e9lisme parfaits, garantissant une pr\u00e9cision maximale de la machine.<\/p>\n<p style=\"text-align: justify;\">\n<\/td>\n<\/tr>\n<tr>\n<td>\n\t\t<style type=\"text\/css\">\n\t\t\t#gallery-8 {\n\t\t\t\tmargin: auto;\n\t\t\t}\n\t\t\t#gallery-8 .gallery-item {\n\t\t\t\tfloat: left;\n\t\t\t\tmargin-top: 10px;\n\t\t\t\ttext-align: center;\n\t\t\t\twidth: 50%;\n\t\t\t}\n\t\t\t#gallery-8 img {\n\t\t\t\tborder: 2px solid #cfcfcf;\n\t\t\t}\n\t\t\t#gallery-8 .gallery-caption {\n\t\t\t\tmargin-left: 0;\n\t\t\t}\n\t\t\t\/* see gallery_shortcode() in wp-includes\/media.php *\/\n\t\t<\/style>\n\t\t<div id='gallery-8' class='gallery galleryid-1496 gallery-columns-2 gallery-size-thumbnail'><dl class='gallery-item'>\n\t\t\t<dt class='gallery-icon landscape'>\n\t\t\t\t<a href='https:\/\/rierge.com\/wp-content\/uploads\/2017\/04\/01fe3ae239c27886087f538b0d86ffbfa6a09df0d6-350x263.jpeg'><img loading=\"lazy\" decoding=\"async\" width=\"160\" height=\"160\" src=\"https:\/\/rierge.com\/wp-content\/uploads\/2017\/04\/01fe3ae239c27886087f538b0d86ffbfa6a09df0d6-350x263-160x160.jpeg\" class=\"attachment-thumbnail size-thumbnail\" alt=\"\" srcset=\"https:\/\/rierge.com\/wp-content\/uploads\/2017\/04\/01fe3ae239c27886087f538b0d86ffbfa6a09df0d6-350x263-160x160.jpeg 160w, https:\/\/rierge.com\/wp-content\/uploads\/2017\/04\/01fe3ae239c27886087f538b0d86ffbfa6a09df0d6-350x263-100x100.jpeg 100w\" sizes=\"auto, (max-width: 160px) 100vw, 160px\" \/><\/a>\n\t\t\t<\/dt><\/dl><dl class='gallery-item'>\n\t\t\t<dt class='gallery-icon landscape'>\n\t\t\t\t<a href='https:\/\/rierge.com\/wp-content\/uploads\/2017\/04\/ensamblaje-350x263.jpeg'><img loading=\"lazy\" decoding=\"async\" width=\"160\" height=\"160\" src=\"https:\/\/rierge.com\/wp-content\/uploads\/2017\/04\/ensamblaje-350x263-160x160.jpeg\" class=\"attachment-thumbnail size-thumbnail\" alt=\"\" srcset=\"https:\/\/rierge.com\/wp-content\/uploads\/2017\/04\/ensamblaje-350x263-160x160.jpeg 160w, https:\/\/rierge.com\/wp-content\/uploads\/2017\/04\/ensamblaje-350x263-100x100.jpeg 100w\" sizes=\"auto, (max-width: 160px) 100vw, 160px\" \/><\/a>\n\t\t\t<\/dt><\/dl><br style=\"clear: both\" \/>\n\t\t<\/div>\n<\/td>\n<td style=\"vertical-align: top;\">\n<h2 style=\"text-align: justify;\">MONTAGE<\/h2>\n<p>Lorsque nous recevons les composants fabriqu\u00e9s par les diff\u00e9rents d\u00e9partements de l&rsquo;entreprise, le travail d&rsquo;assemblage des \u00e9l\u00e9ments commence, dans ce processus, c&rsquo;est l\u00e0 que le travail d&rsquo;une \u00e9quipe enti\u00e8re converge et o\u00f9 tout doit s&rsquo;adapter \u00e0 la pr\u00e9cision maximale.<\/p>\n<p>Il existe des centaines de pi\u00e8ces qui permettront de configurer un produit de haute qualit\u00e9 et de pr\u00e9cision, afin d&rsquo;obtenir la satisfaction maximale de nos clients.<\/td>\n<\/tr>\n<tr>\n<td>\n<p><div id=\"attachment_493\" style=\"width: 287px\" class=\"wp-caption alignnone\"><img loading=\"lazy\" decoding=\"async\" aria-describedby=\"caption-attachment-493\" class=\"size-full wp-image-493\" src=\"http:\/\/rierge.com\/wp-content\/uploads\/2017\/03\/cal3-1.jpg\" alt=\"\" width=\"277\" height=\"276\" data-id=\"493\" srcset=\"https:\/\/rierge.com\/wp-content\/uploads\/2017\/03\/cal3-1.jpg 277w, https:\/\/rierge.com\/wp-content\/uploads\/2017\/03\/cal3-1-100x100.jpg 100w, https:\/\/rierge.com\/wp-content\/uploads\/2017\/03\/cal3-1-60x60.jpg 60w\" sizes=\"auto, (max-width: 277px) 100vw, 277px\" \/><p id=\"caption-attachment-493\" class=\"wp-caption-text\">INTERFER\u00d3METRO L\u00c1SER<\/p><\/div><\/td>\n<td style=\"vertical-align: top;\">\n<h2 style=\"text-align: justify;\">CONTR\u00d3LE DE QUALIT\u00c9<\/h2>\n<p>Tous les axes sont \u00e9talonn\u00e9s avec des interf\u00e9rom\u00e8tres laser afin de compenser les diff\u00e9rences de hauteur des \u00e9l\u00e9ments de traction tels que les fermetures \u00e0 glissi\u00e8re, les broches ou les r\u00e9ducteurs.<\/p>\n<p>Le quadrillage entre les diff\u00e9rents axes est \u00e9galement r\u00e9alis\u00e9 avec des \u00e9quipements laser, ce qui nous garantit une grande pr\u00e9cision et perfection dans l&rsquo;usinage.<\/p>\n<p>Nous incorporons les derni\u00e8res technologies de mesure pour un alignement et une compensation parfaits des essieux de traction.<br \/>\nUne fois les machines termin\u00e9es, elles subissent un contr\u00f4le de qualit\u00e9 strict en effectuant un test de circulabilit\u00e9, de quadrillage, de r\u00e9p\u00e9tabilit\u00e9, de pr\u00e9cision, de lat\u00e9ralit\u00e9 et de r\u00e9gulation des servos au moyen du syst\u00e8me Ballbar et des tests de toutes les fonctions sont effectu\u00e9s.<\/p>\n<p>Dans les grandes machines, le Laser Tracker est utilis\u00e9 pour l&rsquo;alignement de l&rsquo;assemblage, l&rsquo;installation et l&rsquo;alignement des machines.<\/p>\n<p>Ces \u00e9quipes nous \u00e9mettent des documents pour la d\u00e9livrance de la certification ISO.<\/td>\n<\/tr>\n<tr>\n<td>\u00a0<img loading=\"lazy\" decoding=\"async\" class=\"alignnone size-medium wp-image-1909\" src=\"http:\/\/rierge.com\/wp-content\/uploads\/2017\/05\/CARLES-SAC-350x197.jpg\" alt=\"\" width=\"350\" height=\"197\" data-id=\"1909\" \/><\/td>\n<td style=\"vertical-align: top;\">\n<h2 style=\"text-align: justify;\">CONNEXION INTERNET<\/h2>\n<p>Le module TELESERVICE se compose d&rsquo;un modem, install\u00e9 dans le bureau de commande et le logiciel de communication pour acc\u00e9der depuis notre ordinateur \u00e0 la CNC via Internet.<\/p>\n<p>Ce syst\u00e8me nous permet d&rsquo;offrir un support technique \u00e0 distance, de vous orienter vers la programmation et en m\u00eame temps pouvoir diagnostiquer toute d\u00e9faillance dans le programme ou dans le syst\u00e8me, importer et exporter des fichiers, afficher les entr\u00e9es et sorties ainsi que la possibilit\u00e9 d&rsquo;intervenir sur les \u00e9quipements.<\/p>\n<p>Dans la machine, des prises de connexion USB externes et des \u00e9couteurs sont disponibles pour \u00eatre connect\u00e9s \u00e0 notre service SAT via Skype.<\/p>\n<p style=\"text-align: justify;\">\n<\/td>\n<\/tr>\n<tr>\n<td><img loading=\"lazy\" decoding=\"async\" class=\"alignnone size-medium wp-image-1829\" src=\"http:\/\/rierge.com\/wp-content\/uploads\/2017\/04\/01b945925f84a23100cf6b7a33a2de8ddcf30153b1-350x263-350x263.jpeg\" alt=\"\" width=\"350\" height=\"263\" data-id=\"1829\" srcset=\"https:\/\/rierge.com\/wp-content\/uploads\/2017\/04\/01b945925f84a23100cf6b7a33a2de8ddcf30153b1-350x263.jpeg 350w, https:\/\/rierge.com\/wp-content\/uploads\/2017\/04\/01b945925f84a23100cf6b7a33a2de8ddcf30153b1-350x263-60x45.jpeg 60w\" sizes=\"auto, (max-width: 350px) 100vw, 350px\" \/><\/td>\n<td style=\"vertical-align: top;\">\n<h2 style=\"text-align: justify;\">ENREGISTREZ-VOUS ET CONNECTEZ-VOUS<\/h2>\n<p>Nos clients peuvent acc\u00e9der \u00e0 la zone Clients Club o\u00f9 tous les types de documentation technique et commerciale peuvent \u00eatre t\u00e9l\u00e9charg\u00e9s.<\/p>\n<p>Notre SUITE X4, d\u00e9velopp\u00e9 dans notre d\u00e9partement Logiciel, grandit chaque jour et nous offre plus d&rsquo;intercommunication entre les programmes et facilite \u00e0 nos clients l&rsquo;utilisation de la machine, en travaillant dans un environnement unique, facile et didactique.<\/p>\n<p>Notre service technique est \u00e9quip\u00e9 des \u00e9l\u00e9ments n\u00e9cessaires pour pouvoir \u00e9valuer \u00e0 distance la nature de l&rsquo;intervention. Dans 80% des cas, il est r\u00e9solu par des moyens t\u00e9l\u00e9matiques, mais dans le cas o\u00f9 une intervention sur place est n\u00e9cessaire, nos techniciens se d\u00e9placent pour le r\u00e9soudre.<\/p>\n<p>Toutes nos machines de nouvelle g\u00e9n\u00e9ration 2009 sont \u00e9quip\u00e9es d&rsquo;un modem de connexion \u00e0 Internet et de prises externes de connexion de m\u00e9moire USB ainsi que de connecter des \u00e9couteurs et micro afin que le client puisse \u00e9tablir un contact avec notre service SAT via Skype pour obtenir de l&rsquo;aide \u00c0 distance et vous aider dans les doutes que vous pourriez avoir.<\/p>\n<p style=\"text-align: justify;\">\n<\/td>\n<\/tr>\n<\/tbody>\n<\/table>\n<p style=\"text-align: justify;\">Les composants que nous utilisons dans nos machines sont exclusivement d&rsquo;origine europ\u00e9enne et de marques de premier plan dans leur sp\u00e9cialit\u00e9, visitez notre section de Collaborateurs o\u00f9 vous trouverez des informations \u00e0 leur sujet et des liens vers leur site.<\/p>\n<ul class=\"videos\"><li class=\"grid-50\"><iframe loading=\"lazy\" width=\"100%\" height=\"270\" src=\"https:\/\/www.youtube.com\/embed\/D7G6gJzbrN4?rel=0\" frameborder=\"0\" allowfullscreen><\/iframe><\/ul>\n<p><\/p>","protected":false},"excerpt":{"rendered":"<p>Technologie &amp; D\u00e9veloppement Chez Rierge, nous d\u00e9veloppons nos produits gr\u00e2ce \u00e0 notre bureau technique. Nous construisons tous nos composants de la chaudi\u00e8re dans nos installations, d\u00e9veloppons notre propre logiciel et adaptons les solutions de march\u00e9 \u00e0 nos produits, soudons, m\u00e9canisons, construisons des \u00e9l\u00e9ments en t\u00f4le, concevons et construisons des panneaux \u00e9lectriques, r\u00e9alisons la programmation et [&hellip;]<\/p>\n","protected":false},"author":1,"featured_media":2567,"parent":23,"menu_order":4,"comment_status":"closed","ping_status":"closed","template":"","meta":{"_mc_calendar":[],"footnotes":""},"class_list":["post-1246","page","type-page","status-publish","has-post-thumbnail","hentry"],"yoast_head":"<!-- This site is optimized with the Yoast SEO Premium plugin v18.4 (Yoast SEO v24.9) - https:\/\/yoast.com\/wordpress\/plugins\/seo\/ -->\n<title>Procesos de fabricaci\u00f3n de los centros de mecanizado - RIERGE<\/title>\n<meta name=\"description\" content=\"Conoce el proceso de fabricaci\u00f3n de los centros de mecanizado Rierge | Rierge\" \/>\n<meta name=\"robots\" content=\"index, follow, max-snippet:-1, max-image-preview:large, max-video-preview:-1\" \/>\n<link rel=\"canonical\" href=\"https:\/\/rierge.com\/rierge\/procesos\/\" \/>\n<meta property=\"og:locale\" content=\"fr_FR\" \/>\n<meta property=\"og:type\" content=\"article\" \/>\n<meta property=\"og:title\" content=\"[:es]Procesos[:ca]Processos[:en]Processes[:fr]Processus[:pb]Procesos[:]\" \/>\n<meta property=\"og:description\" content=\"Procesos para la fabricaci\u00f3n de los Centros de Mecanizado Rierge Tecnolog\u00eda &amp; Desarrollo En Rierge desarrollamos nuestros productos a trav\u00e9s de\" \/>\n<meta property=\"og:url\" content=\"https:\/\/rierge.com\/rierge\/procesos\/\" \/>\n<meta property=\"og:site_name\" content=\"RIERGE\" \/>\n<meta property=\"article:modified_time\" content=\"2023-09-14T08:13:51+00:00\" \/>\n<meta property=\"og:image\" content=\"https:\/\/rierge.com\/wp-content\/uploads\/2017\/05\/b_procesos.jpg\" \/>\n\t<meta property=\"og:image:width\" content=\"1000\" \/>\n\t<meta property=\"og:image:height\" content=\"400\" \/>\n\t<meta property=\"og:image:type\" content=\"image\/jpeg\" \/>\n<meta name=\"twitter:card\" content=\"summary_large_image\" \/>\n<meta name=\"twitter:label1\" content=\"Dur\u00e9e de lecture estim\u00e9e\" \/>\n\t<meta name=\"twitter:data1\" content=\"23 minutes\" \/>\n<script type=\"application\/ld+json\" class=\"yoast-schema-graph\">{\"@context\":\"https:\/\/schema.org\",\"@graph\":[{\"@type\":\"WebPage\",\"@id\":\"https:\/\/rierge.com\/rierge\/procesos\/\",\"url\":\"https:\/\/rierge.com\/rierge\/procesos\/\",\"name\":\"Procesos de fabricaci\u00f3n de los centros de mecanizado - RIERGE\",\"isPartOf\":{\"@id\":\"https:\/\/rierge.com\/en\/#website\"},\"primaryImageOfPage\":{\"@id\":\"https:\/\/rierge.com\/rierge\/procesos\/#primaryimage\"},\"image\":{\"@id\":\"https:\/\/rierge.com\/rierge\/procesos\/#primaryimage\"},\"thumbnailUrl\":\"https:\/\/rierge.com\/wp-content\/uploads\/2017\/05\/b_procesos.jpg\",\"datePublished\":\"2017-04-28T09:32:54+00:00\",\"dateModified\":\"2023-09-14T08:13:51+00:00\",\"description\":\"Conoce el proceso de fabricaci\u00f3n de los centros de mecanizado Rierge | Rierge\",\"breadcrumb\":{\"@id\":\"https:\/\/rierge.com\/rierge\/procesos\/#breadcrumb\"},\"inLanguage\":\"fr-FR\",\"potentialAction\":[{\"@type\":\"ReadAction\",\"target\":[\"https:\/\/rierge.com\/rierge\/procesos\/\"]}]},{\"@type\":\"ImageObject\",\"inLanguage\":\"fr-FR\",\"@id\":\"https:\/\/rierge.com\/rierge\/procesos\/#primaryimage\",\"url\":\"https:\/\/rierge.com\/wp-content\/uploads\/2017\/05\/b_procesos.jpg\",\"contentUrl\":\"https:\/\/rierge.com\/wp-content\/uploads\/2017\/05\/b_procesos.jpg\",\"width\":1000,\"height\":400},{\"@type\":\"BreadcrumbList\",\"@id\":\"https:\/\/rierge.com\/rierge\/procesos\/#breadcrumb\",\"itemListElement\":[{\"@type\":\"ListItem\",\"position\":1,\"name\":\"Home\",\"item\":\"https:\/\/rierge.com\/\"},{\"@type\":\"ListItem\",\"position\":2,\"name\":\"Compa\u00f1\u00eda\",\"item\":\"https:\/\/rierge.com\/\"},{\"@type\":\"ListItem\",\"position\":3,\"name\":\"Procesos\"}]},{\"@type\":\"WebSite\",\"@id\":\"https:\/\/rierge.com\/en\/#website\",\"url\":\"https:\/\/rierge.com\/en\/\",\"name\":\"RIERGE\",\"description\":\"\",\"publisher\":{\"@id\":\"https:\/\/rierge.com\/en\/#organization\"},\"potentialAction\":[{\"@type\":\"SearchAction\",\"target\":{\"@type\":\"EntryPoint\",\"urlTemplate\":\"https:\/\/rierge.com\/en\/?s={search_term_string}\"},\"query-input\":{\"@type\":\"PropertyValueSpecification\",\"valueRequired\":true,\"valueName\":\"search_term_string\"}}],\"inLanguage\":\"fr-FR\"},{\"@type\":\"Organization\",\"@id\":\"https:\/\/rierge.com\/en\/#organization\",\"name\":\"Rierge\",\"url\":\"https:\/\/rierge.com\/en\/\",\"logo\":{\"@type\":\"ImageObject\",\"inLanguage\":\"fr-FR\",\"@id\":\"https:\/\/rierge.com\/en\/#\/schema\/logo\/image\/\",\"url\":\"https:\/\/rierge.com\/wp-content\/uploads\/2017\/06\/logo-rierge-desde-1954.jpg\",\"contentUrl\":\"https:\/\/rierge.com\/wp-content\/uploads\/2017\/06\/logo-rierge-desde-1954.jpg\",\"width\":180,\"height\":50,\"caption\":\"Rierge\"},\"image\":{\"@id\":\"https:\/\/rierge.com\/en\/#\/schema\/logo\/image\/\"}}]}<\/script>\n<!-- \/ Yoast SEO Premium plugin. -->","yoast_head_json":{"title":"Procesos de fabricaci\u00f3n de los centros de mecanizado - RIERGE","description":"Conoce el proceso de fabricaci\u00f3n de los centros de mecanizado Rierge | Rierge","robots":{"index":"index","follow":"follow","max-snippet":"max-snippet:-1","max-image-preview":"max-image-preview:large","max-video-preview":"max-video-preview:-1"},"canonical":"https:\/\/rierge.com\/rierge\/procesos\/","og_locale":"fr_FR","og_type":"article","og_title":"[:es]Procesos[:ca]Processos[:en]Processes[:fr]Processus[:pb]Procesos[:]","og_description":"Procesos para la fabricaci\u00f3n de los Centros de Mecanizado Rierge Tecnolog\u00eda &amp; Desarrollo En Rierge desarrollamos nuestros productos a trav\u00e9s de","og_url":"https:\/\/rierge.com\/rierge\/procesos\/","og_site_name":"RIERGE","article_modified_time":"2023-09-14T08:13:51+00:00","og_image":[{"width":1000,"height":400,"url":"https:\/\/rierge.com\/wp-content\/uploads\/2017\/05\/b_procesos.jpg","type":"image\/jpeg"}],"twitter_card":"summary_large_image","twitter_misc":{"Dur\u00e9e de lecture estim\u00e9e":"23 minutes"},"schema":{"@context":"https:\/\/schema.org","@graph":[{"@type":"WebPage","@id":"https:\/\/rierge.com\/rierge\/procesos\/","url":"https:\/\/rierge.com\/rierge\/procesos\/","name":"Procesos de fabricaci\u00f3n de los centros de mecanizado - RIERGE","isPartOf":{"@id":"https:\/\/rierge.com\/en\/#website"},"primaryImageOfPage":{"@id":"https:\/\/rierge.com\/rierge\/procesos\/#primaryimage"},"image":{"@id":"https:\/\/rierge.com\/rierge\/procesos\/#primaryimage"},"thumbnailUrl":"https:\/\/rierge.com\/wp-content\/uploads\/2017\/05\/b_procesos.jpg","datePublished":"2017-04-28T09:32:54+00:00","dateModified":"2023-09-14T08:13:51+00:00","description":"Conoce el proceso de fabricaci\u00f3n de los centros de mecanizado Rierge | Rierge","breadcrumb":{"@id":"https:\/\/rierge.com\/rierge\/procesos\/#breadcrumb"},"inLanguage":"fr-FR","potentialAction":[{"@type":"ReadAction","target":["https:\/\/rierge.com\/rierge\/procesos\/"]}]},{"@type":"ImageObject","inLanguage":"fr-FR","@id":"https:\/\/rierge.com\/rierge\/procesos\/#primaryimage","url":"https:\/\/rierge.com\/wp-content\/uploads\/2017\/05\/b_procesos.jpg","contentUrl":"https:\/\/rierge.com\/wp-content\/uploads\/2017\/05\/b_procesos.jpg","width":1000,"height":400},{"@type":"BreadcrumbList","@id":"https:\/\/rierge.com\/rierge\/procesos\/#breadcrumb","itemListElement":[{"@type":"ListItem","position":1,"name":"Home","item":"https:\/\/rierge.com\/"},{"@type":"ListItem","position":2,"name":"Compa\u00f1\u00eda","item":"https:\/\/rierge.com\/"},{"@type":"ListItem","position":3,"name":"Procesos"}]},{"@type":"WebSite","@id":"https:\/\/rierge.com\/en\/#website","url":"https:\/\/rierge.com\/en\/","name":"RIERGE","description":"","publisher":{"@id":"https:\/\/rierge.com\/en\/#organization"},"potentialAction":[{"@type":"SearchAction","target":{"@type":"EntryPoint","urlTemplate":"https:\/\/rierge.com\/en\/?s={search_term_string}"},"query-input":{"@type":"PropertyValueSpecification","valueRequired":true,"valueName":"search_term_string"}}],"inLanguage":"fr-FR"},{"@type":"Organization","@id":"https:\/\/rierge.com\/en\/#organization","name":"Rierge","url":"https:\/\/rierge.com\/en\/","logo":{"@type":"ImageObject","inLanguage":"fr-FR","@id":"https:\/\/rierge.com\/en\/#\/schema\/logo\/image\/","url":"https:\/\/rierge.com\/wp-content\/uploads\/2017\/06\/logo-rierge-desde-1954.jpg","contentUrl":"https:\/\/rierge.com\/wp-content\/uploads\/2017\/06\/logo-rierge-desde-1954.jpg","width":180,"height":50,"caption":"Rierge"},"image":{"@id":"https:\/\/rierge.com\/en\/#\/schema\/logo\/image\/"}}]}},"_links":{"self":[{"href":"https:\/\/rierge.com\/fr\/wp-json\/wp\/v2\/pages\/1246","targetHints":{"allow":["GET"]}}],"collection":[{"href":"https:\/\/rierge.com\/fr\/wp-json\/wp\/v2\/pages"}],"about":[{"href":"https:\/\/rierge.com\/fr\/wp-json\/wp\/v2\/types\/page"}],"author":[{"embeddable":true,"href":"https:\/\/rierge.com\/fr\/wp-json\/wp\/v2\/users\/1"}],"replies":[{"embeddable":true,"href":"https:\/\/rierge.com\/fr\/wp-json\/wp\/v2\/comments?post=1246"}],"version-history":[{"count":3,"href":"https:\/\/rierge.com\/fr\/wp-json\/wp\/v2\/pages\/1246\/revisions"}],"predecessor-version":[{"id":7532,"href":"https:\/\/rierge.com\/fr\/wp-json\/wp\/v2\/pages\/1246\/revisions\/7532"}],"up":[{"embeddable":true,"href":"https:\/\/rierge.com\/fr\/wp-json\/wp\/v2\/pages\/23"}],"wp:featuredmedia":[{"embeddable":true,"href":"https:\/\/rierge.com\/fr\/wp-json\/wp\/v2\/media\/2567"}],"wp:attachment":[{"href":"https:\/\/rierge.com\/fr\/wp-json\/wp\/v2\/media?parent=1246"}],"curies":[{"name":"wp","href":"https:\/\/api.w.org\/{rel}","templated":true}]}}