                 
                                       
                                       
                                       
                                       
                                       
                                       
                                       
                                       
                                       
                                       
                                       
                                       
                                       
                                         
                                       
                                       
                                       
                                       
                                       
                                       
                                       
                                       
                                       
                                       
                                       
                                       
                                       
                                         
                                       
                                       
                                       
                                       
                                       
                                       
                                       
                                       
                                       
                                       
                                       
                                       
                                       
                                         
                                       
                                       
                                       
                                       
                                       
                                       
                                       
                                       
                                       
                                       
                                       
                                       
                                       
                                         
                                       
                                       
                                       
                                       
                                       
                                       
                                       
                                       
                                       
                                       
                                       
                                       
                                       
                        {"id":12,"date":"2017-03-23T14:32:34","date_gmt":"2017-03-23T14:32:34","guid":{"rendered":"http:\/\/rierge.com\/?page_id=12"},"modified":"2024-05-08T09:52:58","modified_gmt":"2024-05-08T09:52:58","slug":"sobre-nosostros","status":"publish","type":"page","link":"https:\/\/rierge.com\/fr\/rierge\/sobre-nosostros\/","title":{"rendered":"\u00c0 propos de nous"},"content":{"rendered":"<p><\/p>\n<table cellspacing=\"25\">\n<tbody>\n<tr>\n<td style=\"width: 25%; vertical-align: top;\">\n<div class=\"list-mark\">\n<h3>PRESENTE DANS LES SECTEURS<\/h3>\n<ul>\n<li>A\u00e9ronautique.<\/li>\n<li>Automobile.<\/li>\n<li>Ferrovial.<\/li>\n<li>Solid Surface.<\/li>\n<li>Fabrication de meubles.<\/li>\n<li>Fabrication de portes, fen\u00eatres et escaliers..<\/li>\n<\/ul>\n<\/div>\n<div class=\"clear padding-top-20\">\u00a0<\/div>\n<div class=\"list-mark\">\n<h3>MECANISATION DES MAT\u00c9RIELS COMME<\/h3>\n<ul>\n<li>R\u00e9sines<\/li>\n<li>Composites<\/li>\n<li>Mat\u00e9riaux technologiques<\/li>\n<li>Fibre de carbone<\/li>\n<li>Bois<\/li>\n<li>Aluminium<\/li>\n<li>Plastique<\/li>\n<\/ul>\n<\/div>\n<\/td>\n<td style=\"text-align: justify;\">\n<p>Rierge a \u00e9t\u00e9 fond\u00e9e en 1954 et, depuis 1990, est sp\u00e9cialis\u00e9e dans la conception et la fabrication de centres d&rsquo;usinage CNC pour diff\u00e9rents secteurs industriels, l&rsquo;usinage de divers mat\u00e9riaux. Chez nos usines de Mollet et Martorelles (Barcelone), nous fabriquons en totalit\u00e9 les centres d&rsquo;usinage CNC. <strong>\u00c0 RIERGE<\/strong> &#8211; Nous d\u00e9veloppons vos projets. &#8211; Nous concevons des solutions. &#8211; Nous d\u00e9veloppons un logiciel pour les utilisateurs. &#8211; Nous programmons les automates de l&rsquo;\u00e9quipement &#8211; Nous r\u00e9alisons le soudage, le pliage et l&rsquo;usinage des structures. &#8211; Nous concevons et assemblons les panneaux \u00e9lectriques des machines. &#8211; Nous assemblons les diff\u00e9rentes pi\u00e8ces dans nos installations. &#8211; Nous avons param\u00e9tr\u00e9 et programm\u00e9 la CNC. &#8211; Nous installons et fournissons une formation pour nos produits. <strong><em>TOUT, MERCI \u00c0 L&rsquo;\u00c9QUIPE TECHNIQUE DE RIERGE.<\/em><\/strong> Le changement constant de tendances, l&rsquo;\u00e9volution inexorable de la technologie et les nouveaux mat\u00e9riaux \u00e0 usiner nous obligent \u00e0 \u00eatre attentifs au march\u00e9 et \u00e0 d\u00e9velopper les outils et machines n\u00e9cessaires aux nouvelles exigences du march\u00e9. Actuellement, d&rsquo;autres mat\u00e9riaux sont int\u00e9gr\u00e9s dans l&rsquo;industrie en g\u00e9n\u00e9ral, tels que les r\u00e9sines, les composites, le corian, Honeycomb, Alucobon, la fibre de verre, la fibre de carbone, le panneau sandwich &#8230; qui sont combin\u00e9s ou remplacent les mat\u00e9riaux traditionnels.<\/p>\n<p>&nbsp;<\/p>\n<h3><strong>LES SECTEURS D&rsquo;APPLICATION<\/strong><\/h3>\n<p><strong>Mat\u00e9riaux, composites et aluminium avanc\u00e9s:<\/strong> Centres d&rsquo;usinage de commande num\u00e9rique pour l&rsquo;usinage d&rsquo;aluminium et de mat\u00e9riaux composites. C&rsquo;est le d\u00e9partement le plus innovant de l&rsquo;entreprise, o\u00f9 l&rsquo;\u00e9volution de ces mat\u00e9riaux a \u00e9t\u00e9 le protagoniste absolu. RIERGE a investi dans le d\u00e9veloppement de diff\u00e9rentes solutions pour fournir des secteurs innovants tels que l&rsquo;a\u00e9rospatiale, l&rsquo;automobile, le nautique, le chemin de fer et bien d&rsquo;autres encore. <strong>Plastique:<\/strong> Centres d&rsquo;usinage \u00e0 commande num\u00e9rique pour l&rsquo;usinage de mati\u00e8res plastiques et composites. <strong>Bois:<\/strong> Centres d&rsquo;usinage num\u00e9riques (CNC) pour le travail du bois. Nous avons des machines sp\u00e9cifiques pour l&rsquo;usinage de portes, fen\u00eatres, escaliers et lignes automatiques pour l&rsquo;usinage de panneaux<\/p>\n<\/td>\n<\/tr>\n<tr>\n<td style=\"width: 25%; text-align: right; vertical-align: middle;\"><span style=\"color: #808080; font-size: 14pt;\">AVEC RIERGE AURA UNE SOLUTION INTEGRALE DE MACHINE\/LOGICIEL<\/span><\/td>\n<td style=\"text-align: justify;\">\n<h3>\u00a0<\/h3>\n<h3>\u00a0<\/h3>\n<h3>\u00a0<\/h3>\n<h3>\u00a0<\/h3>\n<h3>CONSEIL COMMERCIAL<\/h3>\n<p>Chez Rierge, nous conseillons \u00e0 nos clients de choisir la solution la plus adapt\u00e9e \u00e0 leurs besoins. \u00c0 l&rsquo;heure actuelle, le march\u00e9 exige une production flexible et dynamique, il est donc essentiel de choisir le format et le logiciel de machine les plus adapt\u00e9s au produit final que nous voulons fabriquer. Notre vaste gamme de machines con\u00e7ues pour chaque secteur productif permet \u00e0 Rierge de vous proposer la solution la plus int\u00e9ressante et la plus productive. Avec Rierge, vous disposerez d&rsquo;une solution compl\u00e8te de machine \/ logiciel. En outre, nous vous proposons la possibilit\u00e9 d&rsquo;automatiser vos processus avec les syst\u00e8mes de chargement et de d\u00e9chargement, tous g\u00e9r\u00e9s \u00e0 partir d&rsquo;un seul logiciel. Notre \u00e9quipe de vente avec notre service technique vous conseille de choisir la meilleure solution personnalis\u00e9e.<\/p>\n<\/td>\n<\/tr>\n<tr>\n<td style=\"width: 25%; text-align: right; vertical-align: middle;\"><span style=\"color: #808080; font-size: 14pt;\">NOUS AVONS UN SPACE POUR LES D\u00c9MOSTRATIONS <\/span><span style=\"color: #808080; font-size: 14pt;\">DE LA MACHINE ET LES PR\u00c9SENTATIONS DE LOGICIELS <\/span><\/td>\n<td>\n<h3>\u00a0<\/h3>\n<h3>\u00a0<\/h3>\n<h3 style=\"text-align: justify;\">ESPACE DE D\u00c9MONSTRATIONS<\/h3>\n<p>Dans nos installations de Martorelles, nous disposons d&rsquo;une salle pr\u00e9par\u00e9e pour des d\u00e9monstrations de machines et de pr\u00e9sentations logicielles afin que notre client puisse voir la fonctionnalit\u00e9 de la conjonction des deux facettes. Ce service nous permet de tester les mat\u00e9riaux et les outils, un autre facteur important pour le bon fonctionnement de l&rsquo;installation. Dans cet espace, nous organisons des colloques et des formations pour les \u00e9quipes de vente et de design de nos clients afin de leur offrir un terrain de vente pour les produits con\u00e7us et fabriqu\u00e9s avec les solutions int\u00e9gr\u00e9es de Rierge. Ce service est \u00e0 votre disposition, n&rsquo;h\u00e9sitez pas \u00e0 contacter notre service Marketing pour planifier l&rsquo;\u00e9v\u00e9nement<\/p>\n<\/td>\n<\/tr>\n<tr>\n<td style=\"width: 25%; text-align: right; vertical-align: middle;\"><span style=\"color: #808080; font-size: 14pt;\">RIERGE D\u00c9VELOPPE CONSTANTEMENT NOUVEAUX PRODUITS<\/span><\/td>\n<td>\n<h3 style=\"text-align: justify;\">TECNOLOGIE &amp; D\u00c9VELOPPEMENT<\/h3>\n<p>Chez Rierge, nous d\u00e9veloppons nos produits gr\u00e2ce \u00e0 notre bureau technique, nous d\u00e9veloppons dans nos installations tous les composants de la chaudi\u00e8re, nous d\u00e9veloppons notre propre logiciel et nous adaptons les solutions de march\u00e9 \u00e0 nos produits. Nos machines suivent des proc\u00e9d\u00e9s de qualit\u00e9 stricts, o\u00f9 tous les composants qui ont \u00e9t\u00e9 soud\u00e9s ou qui, en raison de leur processus de fabrication, sont expos\u00e9s \u00e0 des temp\u00e9ratures \u00e9lev\u00e9es sont soumis \u00e0 un processus de stabilisation. Dans le processus de finition de la construction, tous les essieux sont compar\u00e9s, ajust\u00e9s, carr\u00e9s et compens\u00e9s, avec des \u00e9l\u00e9ments de haute pr\u00e9cision, pour garantir la pr\u00e9cision et la qualit\u00e9 dans les finitions de ses produits, en plus de la durabilit\u00e9 des composants m\u00e9caniques de la traction et de la traslation Rierge d\u00e9veloppe constamment de nouveaux produits et des am\u00e9liorations dans les domaines existants, \u00e9tant un leader mondial du secteur.<\/p>\n<\/td>\n<\/tr>\n<tr>\n<td style=\"width: 25%; text-align: right; vertical-align: middle;\"><span style=\"color: #808080; font-size: 14pt;\">OBTENIR PLUS DE PRODUCTIVIT\u00c9 AVEC NOS SOLUTIONS D&rsquo;AUTOMATISATIONS<\/span><\/td>\n<td>\n<h3>\u00a0<\/h3>\n<h3 style=\"text-align: justify;\">SOLUTIONS D&rsquo;AUTOMATISATION<\/h3>\n<p>Pour atteindre constamment la productivit\u00e9 attendue, chaque machine d&rsquo;usinage d\u00e9pend du chargement et du d\u00e9chargement des pi\u00e8ces sans interruption. Pour cela, nous avons d\u00e9velopp\u00e9 diff\u00e9rents syst\u00e8mes pour que les machines fonctionnent sans interruption et de forme automatique. Nous avons des chargeurs t\u00e9lescopiques pour les manipulateurs de chargement et de ventouses pour le chargement, le d\u00e9chargement et l&#8217;empilage des portes, tous contr\u00f4l\u00e9s \u00e0 partir d&rsquo;un seul point et connect\u00e9s \u00e0 votre ERP.<\/p>\n<ul>\n<li style=\"text-align: justify;\"><strong>Conception et fabrication selon vos besoins.<\/strong><\/li>\n<li style=\"text-align: justify;\"><strong>Contr\u00f4l\u00e9 \u00e0 partir d&rsquo;un seul point et d&rsquo;un seul programme.<\/strong><\/li>\n<li style=\"text-align: justify;\"><strong>Connexion pour Teleservice.<\/strong><\/li>\n<li style=\"text-align: justify;\"><strong>Fabrication intelligente.<\/strong><\/li>\n<\/ul>\n<\/td>\n<\/tr>\n<\/tbody>\n<\/table>\n<p style=\"text-align: center;\"><ul class=\"videos\"><li class=\"grid-100\"><iframe loading=\"lazy\" width=\"560\" height=\"315\" src=\"https:\/\/www.youtube.com\/embed\/-gKU6_L2QkE?rel=0\" frameborder=\"0\" allowfullscreen><\/iframe><\/ul><\/p>\n<p style=\"text-align: justify;\"><div class=\"contenedor-colaboradores\"><h2>Colaboradores<\/h2><p class=\"sub-titulo\"><\/p><ul class=\"colaboradores\"><li class=\"slide\"><a href=\"https:\/\/www.siemens.com\" target=\"_blank\"><img decoding=\"async\" src=\"https:\/\/rierge.com\/wp-content\/uploads\/2017\/03\/siemens-125x55.jpg\" alt=\" \" \/><\/a><\/li><li class=\"slide\"><a href=\"http:\/\/www.schaeffler.es\" target=\"_blank\"><img decoding=\"async\" src=\"https:\/\/rierge.com\/wp-content\/uploads\/2017\/03\/schaeffler-125x55.jpg\" alt=\" \" \/><\/a><\/li><li class=\"slide\"><a href=\"https:\/\/www.becker-international.com\/index.php?id=1&lang=003&func=&list=&shop_obj=&shop_index=\" target=\"_blank\"><img decoding=\"async\" src=\"https:\/\/rierge.com\/wp-content\/uploads\/2017\/03\/becker-125x55.jpg\" alt=\" \" \/><\/a><\/li><li class=\"slide\"><a href=\"http:\/\/www.buschvacuum.com\" target=\"_blank\"><img decoding=\"async\" src=\"https:\/\/rierge.com\/wp-content\/uploads\/2017\/03\/busch-125x55.jpg\" alt=\" \" \/><\/a><\/li><li class=\"slide\"><a href=\"http:\/\/www.raabe-software.de\/?lang=en&s=\" target=\"_blank\"><img decoding=\"async\" src=\"https:\/\/rierge.com\/wp-content\/uploads\/2017\/03\/twin-cam-125x55.jpg\" alt=\" \" \/><\/a><\/li><li class=\"slide\"><a href=\"https:\/\/teowin.com\" target=\"_blank\"><img decoding=\"async\" src=\"https:\/\/rierge.com\/wp-content\/uploads\/2024\/08\/Teowin_Compacto_Negativo_Blanco_redu-125x106.jpg\" alt=\" \" \/><\/a><\/li><li class=\"slide\"><a href=\"https:\/\/www.ddxgroup.com\/es\/software\" target=\"_blank\"><img decoding=\"async\" src=\"https:\/\/rierge.com\/wp-content\/uploads\/2017\/03\/1580726226-DDX-Logo-LINEAR-VERSION-white-125x38.png\" alt=\" \" \/><\/a><\/li><li class=\"slide\"><a href=\"http:\/\/www.gabarro.com\/es\/\" target=\"_blank\"><img decoding=\"async\" src=\"https:\/\/rierge.com\/wp-content\/uploads\/2017\/10\/Logo_Gabarro_3-web-125x42.jpg\" alt=\" \" \/><\/a><\/li><li class=\"slide\"><a href=\"http:\/\/www.gamo.com\/?lang=es\" target=\"_blank\"><img decoding=\"async\" src=\"https:\/\/rierge.com\/wp-content\/uploads\/2017\/10\/gamo1-125x31.jpg\" alt=\" \" \/><\/a><\/li><li class=\"slide\"><a href=\"https:\/\/www.prodim-systems.com\" target=\"_blank\"><img decoding=\"async\" src=\"https:\/\/rierge.com\/wp-content\/uploads\/2017\/03\/prodim-125x55.jpg\" alt=\" \" \/><\/a><\/li><li class=\"slide\"><a href=\"https:\/\/www.geodetic.com\" target=\"_blank\"><img decoding=\"async\" src=\"https:\/\/rierge.com\/wp-content\/uploads\/2017\/03\/nub3d-125x55.jpg\" alt=\" \" \/><\/a><\/li><li class=\"slide\"><a href=\"http:\/\/www.mia-cg.com\/\" target=\"_blank\"><img decoding=\"async\" src=\"https:\/\/rierge.com\/wp-content\/uploads\/2017\/03\/mia-125x55.jpg\" alt=\" \" \/><\/a><\/li><li class=\"slide\"><a href=\"http:\/\/www.cenfim.org\" target=\"_blank\"><img decoding=\"async\" src=\"https:\/\/rierge.com\/wp-content\/uploads\/2017\/10\/cenfim-web-125x38.jpg\" alt=\" \" \/><\/a><\/li><li class=\"slide\"><a href=\"http:\/\/www.cumesoft.com\" target=\"_blank\"><img decoding=\"async\" src=\"https:\/\/rierge.com\/wp-content\/uploads\/2017\/03\/cumesoft-125x55.jpg\" alt=\" \" \/><\/a><\/li><\/ul><\/div><div class=\"clear\"><\/div><\/p>\n<p style=\"text-align: justify;\">\u00a0<\/p>\n<p><\/p>","protected":false},"excerpt":{"rendered":"<p>PRESENTE DANS LES SECTEURS A\u00e9ronautique. Automobile. Ferrovial. Solid Surface. Fabrication de meubles. Fabrication de portes, fen\u00eatres et escaliers.. \u00a0 MECANISATION DES MAT\u00c9RIELS COMME R\u00e9sines Composites Mat\u00e9riaux technologiques Fibre de carbone Bois Aluminium Plastique Rierge a \u00e9t\u00e9 fond\u00e9e en 1954 et, depuis 1990, est sp\u00e9cialis\u00e9e dans la conception et la fabrication de centres d&rsquo;usinage CNC pour [&hellip;]<\/p>\n","protected":false},"author":1,"featured_media":1615,"parent":23,"menu_order":6,"comment_status":"closed","ping_status":"closed","template":"","meta":{"_mc_calendar":[],"footnotes":""},"class_list":["post-12","page","type-page","status-publish","has-post-thumbnail","hentry"],"yoast_head":"<!-- This site is optimized with the Yoast SEO Premium plugin v18.4 (Yoast SEO v24.9) - https:\/\/yoast.com\/wordpress\/plugins\/seo\/ -->\n<title>\u00c0 propos de nous - RIERGE<\/title>\n<meta name=\"description\" content=\"Rierge se fund\u00f3 en 1954 y desde 1990 est\u00e1 especializada en el dise\u00f1o y fabricaci\u00f3n de Centros de Mecanizado CNC, para diferentes sectores Industriales, mecanizando materiales diversos.\" \/>\n<meta name=\"robots\" content=\"index, follow, max-snippet:-1, max-image-preview:large, max-video-preview:-1\" \/>\n<link rel=\"canonical\" href=\"https:\/\/rierge.com\/rierge\/sobre-nosostros\/\" \/>\n<meta property=\"og:locale\" content=\"fr_FR\" \/>\n<meta property=\"og:type\" content=\"article\" \/>\n<meta property=\"og:title\" content=\"[:es]Sobre Nosotros[:ca]Sobre Nosaltres[:en]About Us[:fr]\u00c0 propos de nous[:pb]Sobre Nosotros[:]\" \/>\n<meta property=\"og:description\" content=\"PRESENTES EN LOS SECTORES Aeroespacial Automotriz Ferrovial Solid Surface Fabricaci\u00f3n de Muebles Fabricaci\u00f3n de puertas, ventanas y escaleras \u00a0 MECANIZADO\" \/>\n<meta property=\"og:url\" content=\"https:\/\/rierge.com\/rierge\/sobre-nosostros\/\" \/>\n<meta property=\"og:site_name\" content=\"RIERGE\" \/>\n<meta property=\"article:modified_time\" content=\"2024-05-08T09:52:58+00:00\" \/>\n<meta property=\"og:image\" content=\"https:\/\/rierge.com\/wp-content\/uploads\/2017\/03\/b_compania_sobre-nosotros.jpg\" \/>\n\t<meta property=\"og:image:width\" content=\"1000\" \/>\n\t<meta property=\"og:image:height\" content=\"400\" \/>\n\t<meta property=\"og:image:type\" content=\"image\/jpeg\" \/>\n<meta name=\"twitter:card\" content=\"summary_large_image\" \/>\n<meta name=\"twitter:label1\" content=\"Dur\u00e9e de lecture estim\u00e9e\" \/>\n\t<meta name=\"twitter:data1\" content=\"4 minutes\" \/>\n<script type=\"application\/ld+json\" class=\"yoast-schema-graph\">{\"@context\":\"https:\/\/schema.org\",\"@graph\":[{\"@type\":\"WebPage\",\"@id\":\"https:\/\/rierge.com\/rierge\/sobre-nosostros\/\",\"url\":\"https:\/\/rierge.com\/rierge\/sobre-nosostros\/\",\"name\":\"[:es]Sobre Nosotros[:ca]Sobre Nosaltres[:en]About Us[:fr]\u00c0 propos de nous[:pb]Sobre Nosotros[:] - RIERGE\",\"isPartOf\":{\"@id\":\"https:\/\/rierge.com\/en\/#website\"},\"primaryImageOfPage\":{\"@id\":\"https:\/\/rierge.com\/rierge\/sobre-nosostros\/#primaryimage\"},\"image\":{\"@id\":\"https:\/\/rierge.com\/rierge\/sobre-nosostros\/#primaryimage\"},\"thumbnailUrl\":\"https:\/\/rierge.com\/wp-content\/uploads\/2017\/03\/b_compania_sobre-nosotros.jpg\",\"datePublished\":\"2017-03-23T14:32:34+00:00\",\"dateModified\":\"2024-05-08T09:52:58+00:00\",\"description\":\"Rierge se fund\u00f3 en 1954 y desde 1990 est\u00e1 especializada en el dise\u00f1o y fabricaci\u00f3n de Centros de Mecanizado CNC, para diferentes sectores Industriales, mecanizando materiales diversos.\",\"breadcrumb\":{\"@id\":\"https:\/\/rierge.com\/rierge\/sobre-nosostros\/#breadcrumb\"},\"inLanguage\":\"fr-FR\",\"potentialAction\":[{\"@type\":\"ReadAction\",\"target\":[\"https:\/\/rierge.com\/rierge\/sobre-nosostros\/\"]}]},{\"@type\":\"ImageObject\",\"inLanguage\":\"fr-FR\",\"@id\":\"https:\/\/rierge.com\/rierge\/sobre-nosostros\/#primaryimage\",\"url\":\"https:\/\/rierge.com\/wp-content\/uploads\/2017\/03\/b_compania_sobre-nosotros.jpg\",\"contentUrl\":\"https:\/\/rierge.com\/wp-content\/uploads\/2017\/03\/b_compania_sobre-nosotros.jpg\",\"width\":1000,\"height\":400},{\"@type\":\"BreadcrumbList\",\"@id\":\"https:\/\/rierge.com\/rierge\/sobre-nosostros\/#breadcrumb\",\"itemListElement\":[{\"@type\":\"ListItem\",\"position\":1,\"name\":\"Home\",\"item\":\"https:\/\/rierge.com\/\"},{\"@type\":\"ListItem\",\"position\":2,\"name\":\"Compa\u00f1\u00eda\",\"item\":\"https:\/\/rierge.com\/\"},{\"@type\":\"ListItem\",\"position\":3,\"name\":\"Sobre Nosotros\"}]},{\"@type\":\"WebSite\",\"@id\":\"https:\/\/rierge.com\/en\/#website\",\"url\":\"https:\/\/rierge.com\/en\/\",\"name\":\"RIERGE\",\"description\":\"\",\"publisher\":{\"@id\":\"https:\/\/rierge.com\/en\/#organization\"},\"potentialAction\":[{\"@type\":\"SearchAction\",\"target\":{\"@type\":\"EntryPoint\",\"urlTemplate\":\"https:\/\/rierge.com\/en\/?s={search_term_string}\"},\"query-input\":{\"@type\":\"PropertyValueSpecification\",\"valueRequired\":true,\"valueName\":\"search_term_string\"}}],\"inLanguage\":\"fr-FR\"},{\"@type\":\"Organization\",\"@id\":\"https:\/\/rierge.com\/en\/#organization\",\"name\":\"Rierge\",\"url\":\"https:\/\/rierge.com\/en\/\",\"logo\":{\"@type\":\"ImageObject\",\"inLanguage\":\"fr-FR\",\"@id\":\"https:\/\/rierge.com\/en\/#\/schema\/logo\/image\/\",\"url\":\"https:\/\/rierge.com\/wp-content\/uploads\/2017\/06\/logo-rierge-desde-1954.jpg\",\"contentUrl\":\"https:\/\/rierge.com\/wp-content\/uploads\/2017\/06\/logo-rierge-desde-1954.jpg\",\"width\":180,\"height\":50,\"caption\":\"Rierge\"},\"image\":{\"@id\":\"https:\/\/rierge.com\/en\/#\/schema\/logo\/image\/\"}}]}<\/script>\n<!-- \/ Yoast SEO Premium plugin. -->","yoast_head_json":{"title":"[:es]Sobre Nosotros[:ca]Sobre Nosaltres[:en]About Us[:fr]\u00c0 propos de nous[:pb]Sobre Nosotros[:] - RIERGE","description":"Rierge se fund\u00f3 en 1954 y desde 1990 est\u00e1 especializada en el dise\u00f1o y fabricaci\u00f3n de Centros de Mecanizado CNC, para diferentes sectores Industriales, mecanizando materiales diversos.","robots":{"index":"index","follow":"follow","max-snippet":"max-snippet:-1","max-image-preview":"max-image-preview:large","max-video-preview":"max-video-preview:-1"},"canonical":"https:\/\/rierge.com\/rierge\/sobre-nosostros\/","og_locale":"fr_FR","og_type":"article","og_title":"[:es]Sobre Nosotros[:ca]Sobre Nosaltres[:en]About Us[:fr]\u00c0 propos de nous[:pb]Sobre Nosotros[:]","og_description":"PRESENTES EN LOS SECTORES Aeroespacial Automotriz Ferrovial Solid Surface Fabricaci\u00f3n de Muebles Fabricaci\u00f3n de puertas, ventanas y escaleras \u00a0 MECANIZADO","og_url":"https:\/\/rierge.com\/rierge\/sobre-nosostros\/","og_site_name":"RIERGE","article_modified_time":"2024-05-08T09:52:58+00:00","og_image":[{"width":1000,"height":400,"url":"https:\/\/rierge.com\/wp-content\/uploads\/2017\/03\/b_compania_sobre-nosotros.jpg","type":"image\/jpeg"}],"twitter_card":"summary_large_image","twitter_misc":{"Dur\u00e9e de lecture estim\u00e9e":"4 minutes"},"schema":{"@context":"https:\/\/schema.org","@graph":[{"@type":"WebPage","@id":"https:\/\/rierge.com\/rierge\/sobre-nosostros\/","url":"https:\/\/rierge.com\/rierge\/sobre-nosostros\/","name":"[:es]Sobre Nosotros[:ca]Sobre Nosaltres[:en]About Us[:fr]\u00c0 propos de nous[:pb]Sobre Nosotros[:] - RIERGE","isPartOf":{"@id":"https:\/\/rierge.com\/en\/#website"},"primaryImageOfPage":{"@id":"https:\/\/rierge.com\/rierge\/sobre-nosostros\/#primaryimage"},"image":{"@id":"https:\/\/rierge.com\/rierge\/sobre-nosostros\/#primaryimage"},"thumbnailUrl":"https:\/\/rierge.com\/wp-content\/uploads\/2017\/03\/b_compania_sobre-nosotros.jpg","datePublished":"2017-03-23T14:32:34+00:00","dateModified":"2024-05-08T09:52:58+00:00","description":"Rierge se fund\u00f3 en 1954 y desde 1990 est\u00e1 especializada en el dise\u00f1o y fabricaci\u00f3n de Centros de Mecanizado CNC, para diferentes sectores Industriales, mecanizando materiales diversos.","breadcrumb":{"@id":"https:\/\/rierge.com\/rierge\/sobre-nosostros\/#breadcrumb"},"inLanguage":"fr-FR","potentialAction":[{"@type":"ReadAction","target":["https:\/\/rierge.com\/rierge\/sobre-nosostros\/"]}]},{"@type":"ImageObject","inLanguage":"fr-FR","@id":"https:\/\/rierge.com\/rierge\/sobre-nosostros\/#primaryimage","url":"https:\/\/rierge.com\/wp-content\/uploads\/2017\/03\/b_compania_sobre-nosotros.jpg","contentUrl":"https:\/\/rierge.com\/wp-content\/uploads\/2017\/03\/b_compania_sobre-nosotros.jpg","width":1000,"height":400},{"@type":"BreadcrumbList","@id":"https:\/\/rierge.com\/rierge\/sobre-nosostros\/#breadcrumb","itemListElement":[{"@type":"ListItem","position":1,"name":"Home","item":"https:\/\/rierge.com\/"},{"@type":"ListItem","position":2,"name":"Compa\u00f1\u00eda","item":"https:\/\/rierge.com\/"},{"@type":"ListItem","position":3,"name":"Sobre Nosotros"}]},{"@type":"WebSite","@id":"https:\/\/rierge.com\/en\/#website","url":"https:\/\/rierge.com\/en\/","name":"RIERGE","description":"","publisher":{"@id":"https:\/\/rierge.com\/en\/#organization"},"potentialAction":[{"@type":"SearchAction","target":{"@type":"EntryPoint","urlTemplate":"https:\/\/rierge.com\/en\/?s={search_term_string}"},"query-input":{"@type":"PropertyValueSpecification","valueRequired":true,"valueName":"search_term_string"}}],"inLanguage":"fr-FR"},{"@type":"Organization","@id":"https:\/\/rierge.com\/en\/#organization","name":"Rierge","url":"https:\/\/rierge.com\/en\/","logo":{"@type":"ImageObject","inLanguage":"fr-FR","@id":"https:\/\/rierge.com\/en\/#\/schema\/logo\/image\/","url":"https:\/\/rierge.com\/wp-content\/uploads\/2017\/06\/logo-rierge-desde-1954.jpg","contentUrl":"https:\/\/rierge.com\/wp-content\/uploads\/2017\/06\/logo-rierge-desde-1954.jpg","width":180,"height":50,"caption":"Rierge"},"image":{"@id":"https:\/\/rierge.com\/en\/#\/schema\/logo\/image\/"}}]}},"_links":{"self":[{"href":"https:\/\/rierge.com\/fr\/wp-json\/wp\/v2\/pages\/12","targetHints":{"allow":["GET"]}}],"collection":[{"href":"https:\/\/rierge.com\/fr\/wp-json\/wp\/v2\/pages"}],"about":[{"href":"https:\/\/rierge.com\/fr\/wp-json\/wp\/v2\/types\/page"}],"author":[{"embeddable":true,"href":"https:\/\/rierge.com\/fr\/wp-json\/wp\/v2\/users\/1"}],"replies":[{"embeddable":true,"href":"https:\/\/rierge.com\/fr\/wp-json\/wp\/v2\/comments?post=12"}],"version-history":[{"count":7,"href":"https:\/\/rierge.com\/fr\/wp-json\/wp\/v2\/pages\/12\/revisions"}],"predecessor-version":[{"id":7855,"href":"https:\/\/rierge.com\/fr\/wp-json\/wp\/v2\/pages\/12\/revisions\/7855"}],"up":[{"embeddable":true,"href":"https:\/\/rierge.com\/fr\/wp-json\/wp\/v2\/pages\/23"}],"wp:featuredmedia":[{"embeddable":true,"href":"https:\/\/rierge.com\/fr\/wp-json\/wp\/v2\/media\/1615"}],"wp:attachment":[{"href":"https:\/\/rierge.com\/fr\/wp-json\/wp\/v2\/media?parent=12"}],"curies":[{"name":"wp","href":"https:\/\/api.w.org\/{rel}","templated":true}]}}