{"id":918,"date":"2017-04-17T19:03:49","date_gmt":"2017-04-17T19:03:49","guid":{"rendered":"http:\/\/rierge.com\/?page_id=918"},"modified":"2025-03-21T15:03:06","modified_gmt":"2025-03-21T15:03:06","slug":"barcelona","status":"publish","type":"page","link":"https:\/\/rierge.com\/es\/contactar\/barcelona\/","title":{"rendered":"Barcelona"},"content":{"rendered":"<p><\/p>\n<p style=\"text-align: justify;\">Barcelona primero fue Barcino, una peque\u00f1a ciudad de fundaci\u00f3n romana que con el paso de los siglos se convirti\u00f3 en una importante capital medieval. El esplendor de aquellos tiempos se fren\u00f3 al iniciarse la \u00e9poca moderna, con la guerra de Sucesi\u00f3n. Aun as\u00ed, la ciudad avanz\u00f3 al ritmo de los tiempos, industrializ\u00e1ndose y convirti\u00e9ndose en el motor de la <em><strong><a href=\"http:\/\/lameva.barcelona.cat\/es\" target=\"_blank\" rel=\"noopener noreferrer\">Catalu\u00f1a actual.<\/a><\/strong><\/em><\/p>\n<p style=\"text-align: justify;\"><div tabindex=\"0\" class=\"cycloneslider cycloneslider-template-dark cycloneslider-width-responsive\" id=\"cycloneslider-barcelona-1\" style=\"max-width:960px\" > <div class=\"cycloneslider-slides cycle-slideshow\" data-cycle-allow-wrap=\"true\" data-cycle-dynamic-height=\"off\" data-cycle-auto-height=\"960:600\" data-cycle-auto-height-easing=\"null\" data-cycle-auto-height-speed=\"250\" data-cycle-delay=\"0\" data-cycle-easing=\"\" data-cycle-fx=\"fade\" data-cycle-hide-non-active=\"true\" data-cycle-log=\"false\" data-cycle-next=\"#cycloneslider-barcelona-1 .cycloneslider-next\" data-cycle-pager=\"#cycloneslider-barcelona-1 .cycloneslider-pager\" data-cycle-pause-on-hover=\"true\" data-cycle-prev=\"#cycloneslider-barcelona-1 .cycloneslider-prev\" data-cycle-slides=\"&gt; div\" data-cycle-speed=\"1000\" data-cycle-swipe=\"1\" data-cycle-tile-count=\"7\" data-cycle-tile-delay=\"100\" data-cycle-tile-vertical=\"true\" data-cycle-timeout=\"3000\" > <div class=\"cycloneslider-slide cycloneslider-slide-image\" > <img decoding=\"async\" src=\"https:\/\/rierge.com\/wp-content\/uploads\/2017\/04\/casa-batllo5-960x600.jpeg\" alt=\"\" title=\"\" \/> <\/div> <div class=\"cycloneslider-slide cycloneslider-slide-image\" > <img decoding=\"async\" src=\"https:\/\/rierge.com\/wp-content\/uploads\/2017\/04\/Barcelona-beach-Spain-960x600.jpg\" alt=\"\" title=\"\" \/> <\/div> <div class=\"cycloneslider-slide cycloneslider-slide-image\" > <img decoding=\"async\" src=\"https:\/\/rierge.com\/wp-content\/uploads\/2017\/04\/Nit_Barcelona_h1-960x600.jpg\" alt=\"\" title=\"\" \/> <\/div> <div class=\"cycloneslider-slide cycloneslider-slide-image\" > <img decoding=\"async\" src=\"https:\/\/rierge.com\/wp-content\/uploads\/2017\/04\/montjuich2-960x600.jpg\" alt=\"\" title=\"\" \/> <\/div> <div class=\"cycloneslider-slide cycloneslider-slide-image\" > <img decoding=\"async\" src=\"https:\/\/rierge.com\/wp-content\/uploads\/2017\/04\/litoral-barcelona-960x600.jpg\" alt=\"\" title=\"\" \/> <\/div> <div class=\"cycloneslider-slide cycloneslider-slide-image\" > <img decoding=\"async\" src=\"https:\/\/rierge.com\/wp-content\/uploads\/2017\/04\/Sagrada-Familia-960x600.jpg\" alt=\"\" title=\"\" \/> <\/div> <div class=\"cycloneslider-slide cycloneslider-slide-image\" > <img decoding=\"async\" src=\"https:\/\/rierge.com\/wp-content\/uploads\/2017\/04\/la-rambla-960x600.jpg\" alt=\"\" title=\"\" \/> <\/div> <div class=\"cycloneslider-slide cycloneslider-slide-image\" > <img decoding=\"async\" src=\"https:\/\/rierge.com\/wp-content\/uploads\/2017\/04\/barceloa-desde-montana-960x600.jpg\" alt=\"\" title=\"\" \/> <\/div> <div class=\"cycloneslider-slide cycloneslider-slide-image\" > <img decoding=\"async\" src=\"https:\/\/rierge.com\/wp-content\/uploads\/2017\/04\/casa-batllo2-960x600.jpg\" alt=\"\" title=\"\" \/> <\/div> <div class=\"cycloneslider-slide cycloneslider-slide-image\" > <img decoding=\"async\" src=\"https:\/\/rierge.com\/wp-content\/uploads\/2017\/04\/Barcelona-4-960x600.jpg\" alt=\"\" title=\"\" \/> <\/div> <\/div> <div class=\"cycloneslider-pager\"><\/div> <a href=\"#\" class=\"cycloneslider-prev\"> <span class=\"arrow\"><\/span> <\/a> <a href=\"#\" class=\"cycloneslider-next\"> <span class=\"arrow\"><\/span> <\/a> <\/div><\/p>\n<h4>Links de interes para que conozca la ciudad antes de visitarnos.<\/h4>\n<p><em><a href=\"http:\/\/www.aeropuertobarcelona-elprat.com\/\" target=\"_blank\" rel=\"noopener noreferrer\">Aeropuerto de Barcelona<\/a><\/em><\/p>\n<p><em><a href=\"https:\/\/www.renfe.com\/es\/es\/cercanias\/rodalies-catalunya\" target=\"_blank\" rel=\"noopener noreferrer\">Ferrocarril.<\/a><\/em><\/p>\n<p><a href=\"https:\/\/www.tmb.cat\/es\/home#iss=https%3A%2F%2Fauth.tmb.cat%2Fauth%2Frealms%2Ftmb\" target=\"_blank\" rel=\"noopener\">Metro_Bus TMB<\/a><\/p>\n<p><a href=\"https:\/\/www.thetrainline.com\/es\/\" target=\"_blank\" rel=\"noopener\">Trainline<\/a><\/p>\n<p><em><a href=\"http:\/\/www.barcelonaturisme.com\/wv3\/es\/\" target=\"_blank\" rel=\"noopener noreferrer\">Turismo<\/a><\/em><\/p>","protected":false},"excerpt":{"rendered":"<p>Barcelona primero fue Barcino, una peque\u00f1a ciudad de fundaci\u00f3n romana que con el paso de los siglos se convirti\u00f3 en una importante capital medieval. El esplendor de aquellos tiempos se fren\u00f3 al iniciarse la \u00e9poca moderna, con la guerra de Sucesi\u00f3n. Aun as\u00ed, la ciudad avanz\u00f3 al ritmo de los tiempos, industrializ\u00e1ndose y convirti\u00e9ndose en [&hellip;]<\/p>\n","protected":false},"author":1,"featured_media":1879,"parent":212,"menu_order":25,"comment_status":"closed","ping_status":"closed","template":"","meta":{"_mc_calendar":[],"footnotes":""},"class_list":["post-918","page","type-page","status-publish","has-post-thumbnail","hentry"],"yoast_head":"<!-- This site is optimized with the Yoast SEO Premium plugin v18.4 (Yoast SEO v24.9) - https:\/\/yoast.com\/wordpress\/plugins\/seo\/ -->\n<title>Barcelona - RIERGE<\/title>\n<meta name=\"robots\" content=\"index, follow, max-snippet:-1, max-image-preview:large, max-video-preview:-1\" \/>\n<link rel=\"canonical\" href=\"https:\/\/rierge.com\/contactar\/barcelona\/\" \/>\n<meta property=\"og:locale\" content=\"es_ES\" \/>\n<meta property=\"og:type\" content=\"article\" \/>\n<meta property=\"og:title\" content=\"Barcelona\" \/>\n<meta property=\"og:description\" content=\"Barcelona primero fue Barcino, una peque\u00f1a ciudad de fundaci\u00f3n romana que con el paso de los siglos se convirti\u00f3 en una importante capital medieval. El\" \/>\n<meta property=\"og:url\" content=\"https:\/\/rierge.com\/contactar\/barcelona\/\" \/>\n<meta property=\"og:site_name\" content=\"RIERGE\" \/>\n<meta property=\"article:modified_time\" content=\"2025-03-21T15:03:06+00:00\" \/>\n<meta property=\"og:image\" content=\"https:\/\/rierge.com\/wp-content\/uploads\/2017\/05\/b_BCN.jpg\" \/>\n\t<meta property=\"og:image:width\" content=\"1000\" \/>\n\t<meta property=\"og:image:height\" content=\"300\" \/>\n\t<meta property=\"og:image:type\" content=\"image\/jpeg\" \/>\n<meta name=\"twitter:card\" content=\"summary_large_image\" \/>\n<meta name=\"twitter:label1\" content=\"Tiempo de lectura\" \/>\n\t<meta name=\"twitter:data1\" content=\"1 minuto\" \/>\n<script type=\"application\/ld+json\" class=\"yoast-schema-graph\">{\"@context\":\"https:\/\/schema.org\",\"@graph\":[{\"@type\":\"WebPage\",\"@id\":\"https:\/\/rierge.com\/contactar\/barcelona\/\",\"url\":\"https:\/\/rierge.com\/contactar\/barcelona\/\",\"name\":\"Barcelona - RIERGE\",\"isPartOf\":{\"@id\":\"https:\/\/rierge.com\/en\/#website\"},\"primaryImageOfPage\":{\"@id\":\"https:\/\/rierge.com\/contactar\/barcelona\/#primaryimage\"},\"image\":{\"@id\":\"https:\/\/rierge.com\/contactar\/barcelona\/#primaryimage\"},\"thumbnailUrl\":\"https:\/\/rierge.com\/wp-content\/uploads\/2017\/05\/b_BCN.jpg\",\"datePublished\":\"2017-04-17T19:03:49+00:00\",\"dateModified\":\"2025-03-21T15:03:06+00:00\",\"breadcrumb\":{\"@id\":\"https:\/\/rierge.com\/contactar\/barcelona\/#breadcrumb\"},\"inLanguage\":\"es\",\"potentialAction\":[{\"@type\":\"ReadAction\",\"target\":[\"https:\/\/rierge.com\/contactar\/barcelona\/\"]}]},{\"@type\":\"ImageObject\",\"inLanguage\":\"es\",\"@id\":\"https:\/\/rierge.com\/contactar\/barcelona\/#primaryimage\",\"url\":\"https:\/\/rierge.com\/wp-content\/uploads\/2017\/05\/b_BCN.jpg\",\"contentUrl\":\"https:\/\/rierge.com\/wp-content\/uploads\/2017\/05\/b_BCN.jpg\",\"width\":1000,\"height\":300},{\"@type\":\"BreadcrumbList\",\"@id\":\"https:\/\/rierge.com\/contactar\/barcelona\/#breadcrumb\",\"itemListElement\":[{\"@type\":\"ListItem\",\"position\":1,\"name\":\"Home\",\"item\":\"https:\/\/rierge.com\/\"},{\"@type\":\"ListItem\",\"position\":2,\"name\":\"Contactar\",\"item\":\"https:\/\/rierge.com\/es\/contactar\/\"},{\"@type\":\"ListItem\",\"position\":3,\"name\":\"Barcelona\"}]},{\"@type\":\"WebSite\",\"@id\":\"https:\/\/rierge.com\/en\/#website\",\"url\":\"https:\/\/rierge.com\/en\/\",\"name\":\"RIERGE\",\"description\":\"\",\"publisher\":{\"@id\":\"https:\/\/rierge.com\/en\/#organization\"},\"potentialAction\":[{\"@type\":\"SearchAction\",\"target\":{\"@type\":\"EntryPoint\",\"urlTemplate\":\"https:\/\/rierge.com\/en\/?s={search_term_string}\"},\"query-input\":{\"@type\":\"PropertyValueSpecification\",\"valueRequired\":true,\"valueName\":\"search_term_string\"}}],\"inLanguage\":\"es\"},{\"@type\":\"Organization\",\"@id\":\"https:\/\/rierge.com\/en\/#organization\",\"name\":\"Rierge\",\"url\":\"https:\/\/rierge.com\/en\/\",\"logo\":{\"@type\":\"ImageObject\",\"inLanguage\":\"es\",\"@id\":\"https:\/\/rierge.com\/en\/#\/schema\/logo\/image\/\",\"url\":\"https:\/\/rierge.com\/wp-content\/uploads\/2017\/06\/logo-rierge-desde-1954.jpg\",\"contentUrl\":\"https:\/\/rierge.com\/wp-content\/uploads\/2017\/06\/logo-rierge-desde-1954.jpg\",\"width\":180,\"height\":50,\"caption\":\"Rierge\"},\"image\":{\"@id\":\"https:\/\/rierge.com\/en\/#\/schema\/logo\/image\/\"}}]}<\/script>\n<!-- \/ Yoast SEO Premium plugin. -->","yoast_head_json":{"title":"Barcelona - RIERGE","robots":{"index":"index","follow":"follow","max-snippet":"max-snippet:-1","max-image-preview":"max-image-preview:large","max-video-preview":"max-video-preview:-1"},"canonical":"https:\/\/rierge.com\/contactar\/barcelona\/","og_locale":"es_ES","og_type":"article","og_title":"Barcelona","og_description":"Barcelona primero fue Barcino, una peque\u00f1a ciudad de fundaci\u00f3n romana que con el paso de los siglos se convirti\u00f3 en una importante capital medieval. El","og_url":"https:\/\/rierge.com\/contactar\/barcelona\/","og_site_name":"RIERGE","article_modified_time":"2025-03-21T15:03:06+00:00","og_image":[{"width":1000,"height":300,"url":"https:\/\/rierge.com\/wp-content\/uploads\/2017\/05\/b_BCN.jpg","type":"image\/jpeg"}],"twitter_card":"summary_large_image","twitter_misc":{"Tiempo de lectura":"1 minuto"},"schema":{"@context":"https:\/\/schema.org","@graph":[{"@type":"WebPage","@id":"https:\/\/rierge.com\/contactar\/barcelona\/","url":"https:\/\/rierge.com\/contactar\/barcelona\/","name":"Barcelona - RIERGE","isPartOf":{"@id":"https:\/\/rierge.com\/en\/#website"},"primaryImageOfPage":{"@id":"https:\/\/rierge.com\/contactar\/barcelona\/#primaryimage"},"image":{"@id":"https:\/\/rierge.com\/contactar\/barcelona\/#primaryimage"},"thumbnailUrl":"https:\/\/rierge.com\/wp-content\/uploads\/2017\/05\/b_BCN.jpg","datePublished":"2017-04-17T19:03:49+00:00","dateModified":"2025-03-21T15:03:06+00:00","breadcrumb":{"@id":"https:\/\/rierge.com\/contactar\/barcelona\/#breadcrumb"},"inLanguage":"es","potentialAction":[{"@type":"ReadAction","target":["https:\/\/rierge.com\/contactar\/barcelona\/"]}]},{"@type":"ImageObject","inLanguage":"es","@id":"https:\/\/rierge.com\/contactar\/barcelona\/#primaryimage","url":"https:\/\/rierge.com\/wp-content\/uploads\/2017\/05\/b_BCN.jpg","contentUrl":"https:\/\/rierge.com\/wp-content\/uploads\/2017\/05\/b_BCN.jpg","width":1000,"height":300},{"@type":"BreadcrumbList","@id":"https:\/\/rierge.com\/contactar\/barcelona\/#breadcrumb","itemListElement":[{"@type":"ListItem","position":1,"name":"Home","item":"https:\/\/rierge.com\/"},{"@type":"ListItem","position":2,"name":"Contactar","item":"https:\/\/rierge.com\/es\/contactar\/"},{"@type":"ListItem","position":3,"name":"Barcelona"}]},{"@type":"WebSite","@id":"https:\/\/rierge.com\/en\/#website","url":"https:\/\/rierge.com\/en\/","name":"RIERGE","description":"","publisher":{"@id":"https:\/\/rierge.com\/en\/#organization"},"potentialAction":[{"@type":"SearchAction","target":{"@type":"EntryPoint","urlTemplate":"https:\/\/rierge.com\/en\/?s={search_term_string}"},"query-input":{"@type":"PropertyValueSpecification","valueRequired":true,"valueName":"search_term_string"}}],"inLanguage":"es"},{"@type":"Organization","@id":"https:\/\/rierge.com\/en\/#organization","name":"Rierge","url":"https:\/\/rierge.com\/en\/","logo":{"@type":"ImageObject","inLanguage":"es","@id":"https:\/\/rierge.com\/en\/#\/schema\/logo\/image\/","url":"https:\/\/rierge.com\/wp-content\/uploads\/2017\/06\/logo-rierge-desde-1954.jpg","contentUrl":"https:\/\/rierge.com\/wp-content\/uploads\/2017\/06\/logo-rierge-desde-1954.jpg","width":180,"height":50,"caption":"Rierge"},"image":{"@id":"https:\/\/rierge.com\/en\/#\/schema\/logo\/image\/"}}]}},"_links":{"self":[{"href":"https:\/\/rierge.com\/es\/wp-json\/wp\/v2\/pages\/918","targetHints":{"allow":["GET"]}}],"collection":[{"href":"https:\/\/rierge.com\/es\/wp-json\/wp\/v2\/pages"}],"about":[{"href":"https:\/\/rierge.com\/es\/wp-json\/wp\/v2\/types\/page"}],"author":[{"embeddable":true,"href":"https:\/\/rierge.com\/es\/wp-json\/wp\/v2\/users\/1"}],"replies":[{"embeddable":true,"href":"https:\/\/rierge.com\/es\/wp-json\/wp\/v2\/comments?post=918"}],"version-history":[{"count":4,"href":"https:\/\/rierge.com\/es\/wp-json\/wp\/v2\/pages\/918\/revisions"}],"predecessor-version":[{"id":8050,"href":"https:\/\/rierge.com\/es\/wp-json\/wp\/v2\/pages\/918\/revisions\/8050"}],"up":[{"embeddable":true,"href":"https:\/\/rierge.com\/es\/wp-json\/wp\/v2\/pages\/212"}],"wp:featuredmedia":[{"embeddable":true,"href":"https:\/\/rierge.com\/es\/wp-json\/wp\/v2\/media\/1879"}],"wp:attachment":[{"href":"https:\/\/rierge.com\/es\/wp-json\/wp\/v2\/media?parent=918"}],"curies":[{"name":"wp","href":"https:\/\/api.w.org\/{rel}","templated":true}]}}