{"id":889,"date":"2017-04-16T19:19:22","date_gmt":"2017-04-16T19:19:22","guid":{"rendered":"http:\/\/rierge.com\/?page_id=889"},"modified":"2022-07-28T10:08:20","modified_gmt":"2022-07-28T10:08:20","slug":"industria-4-0","status":"publish","type":"page","link":"https:\/\/rierge.com\/es\/servicios\/software\/industria-4-0\/","title":{"rendered":"Industria 4.0"},"content":{"rendered":"<p><\/p>\n<p style=\"text-align: justify;\">Estamos desarrollado programas y m\u00e1quinas capaces de una mayor adaptabilidad a las necesidades y a los procesos de producci\u00f3n, asignando los recursos disponibles de una forma m\u00e1s eficiente y rentable incorporando una mayor flexibilidad e individualizaci\u00f3n de los procedimientos de fabricaci\u00f3n. Estamos trabajando para que el mundo virtual de la inform\u00e1tica e Internet y el mundo f\u00edsico de las m\u00e1quinas se conviertan en solo uno.<\/p>\n<p style=\"text-align: justify;\">Con la automatizaci\u00f3n industrial que integrar\u00e1&nbsp;d\u00eda a d\u00eda los sistemas de captura de datos y las posibilidades de comunicaciones inal\u00e1mbricas, las unidades productivas ganar\u00e1n en capacidad de obtener datos que se intercambiar\u00e1n entre sus procesos.<\/p>\n<p style=\"text-align: justify;\">Los fabricantes deberemos gestionar grandes cantidades de datos para poder llevar a cabo esa eficiencia y flexibilidad, lo cual no ser\u00e1 posible sin un software que nos facilite esta gesti\u00f3n.<\/p>\n<p><\/p>","protected":false},"excerpt":{"rendered":"<p>Estamos desarrollado programas y m\u00e1quinas capaces de una mayor adaptabilidad a las necesidades y a los procesos de producci\u00f3n, asignando los recursos disponibles de una forma m\u00e1s eficiente y rentable incorporando una mayor flexibilidad e individualizaci\u00f3n de los procedimientos de fabricaci\u00f3n. Estamos trabajando para que el mundo virtual de la inform\u00e1tica e Internet y el [&hellip;]<\/p>\n","protected":false},"author":1,"featured_media":2131,"parent":451,"menu_order":10,"comment_status":"closed","ping_status":"closed","template":"","meta":{"_mc_calendar":[],"footnotes":""},"class_list":["post-889","page","type-page","status-publish","has-post-thumbnail","hentry"],"yoast_head":"<!-- This site is optimized with the Yoast SEO Premium plugin v18.4 (Yoast SEO v24.9) - https:\/\/yoast.com\/wordpress\/plugins\/seo\/ -->\n<title>Industria 4.0 - RIERGE<\/title>\n<meta name=\"description\" content=\"Descubre las soluciones de software y centros de mecanizado de Rierge para la Industria 4.0 | Rierge\" \/>\n<meta name=\"robots\" content=\"index, follow, max-snippet:-1, max-image-preview:large, max-video-preview:-1\" \/>\n<link rel=\"canonical\" href=\"https:\/\/rierge.com\/es\/servicios\/software\/industria-4-0\/\" \/>\n<meta property=\"og:locale\" content=\"es_ES\" \/>\n<meta property=\"og:type\" content=\"article\" \/>\n<meta property=\"og:title\" content=\"[:es]Industria 4.0[:ca]Ind\u00fastria 4.0[:en]Industry 4.0[:fr]Industrie 4.0[:pb]Ind\u00fastria 4.0[:]\" \/>\n<meta property=\"og:description\" content=\"Estamos desarrollado programas y m\u00e1quinas capaces de una mayor adaptabilidad a las necesidades y a los procesos de producci\u00f3n, asignando los recursos\" \/>\n<meta property=\"og:url\" content=\"https:\/\/rierge.com\/es\/servicios\/software\/industria-4-0\/\" \/>\n<meta property=\"og:site_name\" content=\"RIERGE\" \/>\n<meta property=\"article:modified_time\" content=\"2022-07-28T10:08:20+00:00\" \/>\n<meta property=\"og:image\" content=\"https:\/\/rierge.com\/wp-content\/uploads\/2017\/05\/b_industria-4.0.jpg\" \/>\n\t<meta property=\"og:image:width\" content=\"1000\" \/>\n\t<meta property=\"og:image:height\" content=\"340\" \/>\n\t<meta property=\"og:image:type\" content=\"image\/jpeg\" \/>\n<meta name=\"twitter:card\" content=\"summary_large_image\" \/>\n<meta name=\"twitter:label1\" content=\"Tiempo de lectura\" \/>\n\t<meta name=\"twitter:data1\" content=\"3 minutos\" \/>\n<script type=\"application\/ld+json\" class=\"yoast-schema-graph\">{\"@context\":\"https:\/\/schema.org\",\"@graph\":[{\"@type\":\"WebPage\",\"@id\":\"https:\/\/rierge.com\/es\/servicios\/software\/industria-4-0\/\",\"url\":\"https:\/\/rierge.com\/es\/servicios\/software\/industria-4-0\/\",\"name\":\"[:es]Industria 4.0[:ca]Ind\u00fastria 4.0[:en]Industry 4.0[:fr]Industrie 4.0[:pb]Ind\u00fastria 4.0[:] - RIERGE\",\"isPartOf\":{\"@id\":\"https:\/\/rierge.com\/en\/#website\"},\"primaryImageOfPage\":{\"@id\":\"https:\/\/rierge.com\/es\/servicios\/software\/industria-4-0\/#primaryimage\"},\"image\":{\"@id\":\"https:\/\/rierge.com\/es\/servicios\/software\/industria-4-0\/#primaryimage\"},\"thumbnailUrl\":\"https:\/\/rierge.com\/wp-content\/uploads\/2017\/05\/b_industria-4.0.jpg\",\"datePublished\":\"2017-04-16T19:19:22+00:00\",\"dateModified\":\"2022-07-28T10:08:20+00:00\",\"description\":\"Descubre las soluciones de software y centros de mecanizado de Rierge para la Industria 4.0 | Rierge\",\"breadcrumb\":{\"@id\":\"https:\/\/rierge.com\/es\/servicios\/software\/industria-4-0\/#breadcrumb\"},\"inLanguage\":\"es\",\"potentialAction\":[{\"@type\":\"ReadAction\",\"target\":[\"https:\/\/rierge.com\/es\/servicios\/software\/industria-4-0\/\"]}]},{\"@type\":\"ImageObject\",\"inLanguage\":\"es\",\"@id\":\"https:\/\/rierge.com\/es\/servicios\/software\/industria-4-0\/#primaryimage\",\"url\":\"https:\/\/rierge.com\/wp-content\/uploads\/2017\/05\/b_industria-4.0.jpg\",\"contentUrl\":\"https:\/\/rierge.com\/wp-content\/uploads\/2017\/05\/b_industria-4.0.jpg\",\"width\":1000,\"height\":340},{\"@type\":\"BreadcrumbList\",\"@id\":\"https:\/\/rierge.com\/es\/servicios\/software\/industria-4-0\/#breadcrumb\",\"itemListElement\":[{\"@type\":\"ListItem\",\"position\":1,\"name\":\"Home\",\"item\":\"https:\/\/rierge.com\/\"},{\"@type\":\"ListItem\",\"position\":2,\"name\":\"Services\",\"item\":\"https:\/\/rierge.com\/en\/services\/\"},{\"@type\":\"ListItem\",\"position\":3,\"name\":\"Cad Cam Software\",\"item\":\"https:\/\/rierge.com\/es\/servicios\/software\/\"},{\"@type\":\"ListItem\",\"position\":4,\"name\":\"Industria 4.0\"}]},{\"@type\":\"WebSite\",\"@id\":\"https:\/\/rierge.com\/en\/#website\",\"url\":\"https:\/\/rierge.com\/en\/\",\"name\":\"RIERGE\",\"description\":\"\",\"publisher\":{\"@id\":\"https:\/\/rierge.com\/en\/#organization\"},\"potentialAction\":[{\"@type\":\"SearchAction\",\"target\":{\"@type\":\"EntryPoint\",\"urlTemplate\":\"https:\/\/rierge.com\/en\/?s={search_term_string}\"},\"query-input\":{\"@type\":\"PropertyValueSpecification\",\"valueRequired\":true,\"valueName\":\"search_term_string\"}}],\"inLanguage\":\"es\"},{\"@type\":\"Organization\",\"@id\":\"https:\/\/rierge.com\/en\/#organization\",\"name\":\"Rierge\",\"url\":\"https:\/\/rierge.com\/en\/\",\"logo\":{\"@type\":\"ImageObject\",\"inLanguage\":\"es\",\"@id\":\"https:\/\/rierge.com\/en\/#\/schema\/logo\/image\/\",\"url\":\"https:\/\/rierge.com\/wp-content\/uploads\/2017\/06\/logo-rierge-desde-1954.jpg\",\"contentUrl\":\"https:\/\/rierge.com\/wp-content\/uploads\/2017\/06\/logo-rierge-desde-1954.jpg\",\"width\":180,\"height\":50,\"caption\":\"Rierge\"},\"image\":{\"@id\":\"https:\/\/rierge.com\/en\/#\/schema\/logo\/image\/\"}}]}<\/script>\n<!-- \/ Yoast SEO Premium plugin. -->","yoast_head_json":{"title":"[:es]Industria 4.0[:ca]Ind\u00fastria 4.0[:en]Industry 4.0[:fr]Industrie 4.0[:pb]Ind\u00fastria 4.0[:] - RIERGE","description":"Descubre las soluciones de software y centros de mecanizado de Rierge para la Industria 4.0 | Rierge","robots":{"index":"index","follow":"follow","max-snippet":"max-snippet:-1","max-image-preview":"max-image-preview:large","max-video-preview":"max-video-preview:-1"},"canonical":"https:\/\/rierge.com\/es\/servicios\/software\/industria-4-0\/","og_locale":"es_ES","og_type":"article","og_title":"[:es]Industria 4.0[:ca]Ind\u00fastria 4.0[:en]Industry 4.0[:fr]Industrie 4.0[:pb]Ind\u00fastria 4.0[:]","og_description":"Estamos desarrollado programas y m\u00e1quinas capaces de una mayor adaptabilidad a las necesidades y a los procesos de producci\u00f3n, asignando los recursos","og_url":"https:\/\/rierge.com\/es\/servicios\/software\/industria-4-0\/","og_site_name":"RIERGE","article_modified_time":"2022-07-28T10:08:20+00:00","og_image":[{"width":1000,"height":340,"url":"https:\/\/rierge.com\/wp-content\/uploads\/2017\/05\/b_industria-4.0.jpg","type":"image\/jpeg"}],"twitter_card":"summary_large_image","twitter_misc":{"Tiempo de lectura":"3 minutos"},"schema":{"@context":"https:\/\/schema.org","@graph":[{"@type":"WebPage","@id":"https:\/\/rierge.com\/es\/servicios\/software\/industria-4-0\/","url":"https:\/\/rierge.com\/es\/servicios\/software\/industria-4-0\/","name":"[:es]Industria 4.0[:ca]Ind\u00fastria 4.0[:en]Industry 4.0[:fr]Industrie 4.0[:pb]Ind\u00fastria 4.0[:] - RIERGE","isPartOf":{"@id":"https:\/\/rierge.com\/en\/#website"},"primaryImageOfPage":{"@id":"https:\/\/rierge.com\/es\/servicios\/software\/industria-4-0\/#primaryimage"},"image":{"@id":"https:\/\/rierge.com\/es\/servicios\/software\/industria-4-0\/#primaryimage"},"thumbnailUrl":"https:\/\/rierge.com\/wp-content\/uploads\/2017\/05\/b_industria-4.0.jpg","datePublished":"2017-04-16T19:19:22+00:00","dateModified":"2022-07-28T10:08:20+00:00","description":"Descubre las soluciones de software y centros de mecanizado de Rierge para la Industria 4.0 | Rierge","breadcrumb":{"@id":"https:\/\/rierge.com\/es\/servicios\/software\/industria-4-0\/#breadcrumb"},"inLanguage":"es","potentialAction":[{"@type":"ReadAction","target":["https:\/\/rierge.com\/es\/servicios\/software\/industria-4-0\/"]}]},{"@type":"ImageObject","inLanguage":"es","@id":"https:\/\/rierge.com\/es\/servicios\/software\/industria-4-0\/#primaryimage","url":"https:\/\/rierge.com\/wp-content\/uploads\/2017\/05\/b_industria-4.0.jpg","contentUrl":"https:\/\/rierge.com\/wp-content\/uploads\/2017\/05\/b_industria-4.0.jpg","width":1000,"height":340},{"@type":"BreadcrumbList","@id":"https:\/\/rierge.com\/es\/servicios\/software\/industria-4-0\/#breadcrumb","itemListElement":[{"@type":"ListItem","position":1,"name":"Home","item":"https:\/\/rierge.com\/"},{"@type":"ListItem","position":2,"name":"Services","item":"https:\/\/rierge.com\/en\/services\/"},{"@type":"ListItem","position":3,"name":"Cad Cam Software","item":"https:\/\/rierge.com\/es\/servicios\/software\/"},{"@type":"ListItem","position":4,"name":"Industria 4.0"}]},{"@type":"WebSite","@id":"https:\/\/rierge.com\/en\/#website","url":"https:\/\/rierge.com\/en\/","name":"RIERGE","description":"","publisher":{"@id":"https:\/\/rierge.com\/en\/#organization"},"potentialAction":[{"@type":"SearchAction","target":{"@type":"EntryPoint","urlTemplate":"https:\/\/rierge.com\/en\/?s={search_term_string}"},"query-input":{"@type":"PropertyValueSpecification","valueRequired":true,"valueName":"search_term_string"}}],"inLanguage":"es"},{"@type":"Organization","@id":"https:\/\/rierge.com\/en\/#organization","name":"Rierge","url":"https:\/\/rierge.com\/en\/","logo":{"@type":"ImageObject","inLanguage":"es","@id":"https:\/\/rierge.com\/en\/#\/schema\/logo\/image\/","url":"https:\/\/rierge.com\/wp-content\/uploads\/2017\/06\/logo-rierge-desde-1954.jpg","contentUrl":"https:\/\/rierge.com\/wp-content\/uploads\/2017\/06\/logo-rierge-desde-1954.jpg","width":180,"height":50,"caption":"Rierge"},"image":{"@id":"https:\/\/rierge.com\/en\/#\/schema\/logo\/image\/"}}]}},"_links":{"self":[{"href":"https:\/\/rierge.com\/es\/wp-json\/wp\/v2\/pages\/889","targetHints":{"allow":["GET"]}}],"collection":[{"href":"https:\/\/rierge.com\/es\/wp-json\/wp\/v2\/pages"}],"about":[{"href":"https:\/\/rierge.com\/es\/wp-json\/wp\/v2\/types\/page"}],"author":[{"embeddable":true,"href":"https:\/\/rierge.com\/es\/wp-json\/wp\/v2\/users\/1"}],"replies":[{"embeddable":true,"href":"https:\/\/rierge.com\/es\/wp-json\/wp\/v2\/comments?post=889"}],"version-history":[{"count":0,"href":"https:\/\/rierge.com\/es\/wp-json\/wp\/v2\/pages\/889\/revisions"}],"up":[{"embeddable":true,"href":"https:\/\/rierge.com\/es\/wp-json\/wp\/v2\/pages\/451"}],"wp:featuredmedia":[{"embeddable":true,"href":"https:\/\/rierge.com\/es\/wp-json\/wp\/v2\/media\/2131"}],"wp:attachment":[{"href":"https:\/\/rierge.com\/es\/wp-json\/wp\/v2\/media?parent=889"}],"curies":[{"name":"wp","href":"https:\/\/api.w.org\/{rel}","templated":true}]}}