{"id":1688,"date":"2017-05-09T16:16:19","date_gmt":"2017-05-09T16:16:19","guid":{"rendered":"http:\/\/rierge.com\/?page_id=1688"},"modified":"2025-02-11T10:02:59","modified_gmt":"2025-02-11T10:02:59","slug":"distribuidores","status":"publish","type":"page","link":"https:\/\/rierge.com\/es\/distribuidores\/","title":{"rendered":"Distribuidores"},"content":{"rendered":"<p><\/p>\n<table>\n<tbody>\n<tr>\n<td style=\"width: 50%;\">\n<table class=\"delegaciones\">\n<tbody>\n<tr>\n<td colspan=\"2\"><\/td>\n<\/tr>\n<tr>\n<td style=\"width: 70px;\"><\/td>\n<td style=\"vertical-align: middle;\"><\/td>\n<\/tr>\n<tr>\n<td><\/td>\n<td><\/td>\n<\/tr>\n<tr>\n<td><\/td>\n<td><\/td>\n<\/tr>\n<tr>\n<td><\/td>\n<td><\/td>\n<\/tr>\n<tr>\n<td><\/td>\n<td><\/td>\n<\/tr>\n<\/tbody>\n<\/table>\n<\/td>\n<td style=\"text-align: center; vertical-align: middle;\"><\/td>\n<\/tr>\n<\/tbody>\n<\/table>\n<table>\n<tbody>\n<tr>\n<td style=\"width: 50%;\">\n<table class=\"delegaciones\">\n<tbody>\n<tr>\n<td colspan=\"2\">\n<h3><span style=\"font-size: 18pt;\">\u00a0<\/span><\/h3>\n<\/td>\n<\/tr>\n<tr>\n<td style=\"width: 70px;\"><\/td>\n<td><\/td>\n<\/tr>\n<tr>\n<td><\/td>\n<td><\/td>\n<\/tr>\n<tr>\n<td><\/td>\n<td><\/td>\n<\/tr>\n<tr>\n<td><\/td>\n<td><\/td>\n<\/tr>\n<tr>\n<td><\/td>\n<td><\/td>\n<\/tr>\n<\/tbody>\n<\/table>\n<\/td>\n<td><\/td>\n<\/tr>\n<\/tbody>\n<\/table>\n<table>\n<tbody>\n<tr>\n<td style=\"vertical-align: top;\">\n<p style=\"text-align: justify;\">\n<\/td>\n<td>\n<p style=\"text-align: justify;\">\n<\/td>\n<td><\/td>\n<\/tr>\n<\/tbody>\n<\/table>\n<table>\n<tbody>\n<tr>\n<td>\n<table class=\"delegaciones\">\n<tbody>\n<tr>\n<td colspan=\"2\">\n<h3>GALICIA \/ COMERCIAL DIGON<\/h3>\n<\/td>\n<\/tr>\n<tr>\n<td><img loading=\"lazy\" decoding=\"async\" src=\"http:\/\/rierge.com\/wp-content\/uploads\/2017\/05\/picto1.jpg\" alt=\"\" width=\"45\" height=\"45\" data-id=\"1886\" \/><\/td>\n<td><span class=\"_Xbe\">Pol. Ind. de Bergondo. Calle Parroquia de Corti\u00f1an, 11 <\/span><span class=\"_Xbe\">15165 Babio (Santa Marta)<\/span><\/td>\n<\/tr>\n<tr>\n<td><img loading=\"lazy\" decoding=\"async\" src=\"http:\/\/rierge.com\/wp-content\/uploads\/2017\/05\/picto2.jpg\" alt=\"\" width=\"45\" height=\"45\" data-id=\"1883\" \/><\/td>\n<td>Sr. Francisco Doldan<\/td>\n<\/tr>\n<tr>\n<td><img loading=\"lazy\" decoding=\"async\" src=\"http:\/\/rierge.com\/wp-content\/uploads\/2017\/05\/picto3.jpg\" alt=\"\" width=\"45\" height=\"45\" data-id=\"1885\" \/><\/td>\n<td>+34 649807786<\/td>\n<\/tr>\n<tr>\n<td><img loading=\"lazy\" decoding=\"async\" class=\"alignnone\" src=\"http:\/\/rierge.com\/wp-content\/uploads\/2017\/05\/picto4.jpg\" alt=\"\" width=\"45\" height=\"45\" data-id=\"1884\" \/><\/td>\n<td><a href=\"mailto:paco@comercialdigon.com\">paco@comercialdigon.com<\/a><\/td>\n<\/tr>\n<tr>\n<td><img loading=\"lazy\" decoding=\"async\" class=\"alignleft\" src=\"http:\/\/rierge.com\/wp-content\/uploads\/2017\/03\/picto-phoneEXT.jpg\" alt=\"\" width=\"45\" height=\"45\" data-id=\"2301\" \/><\/td>\n<td>\u00a0+34 981795358<\/td>\n<\/tr>\n<\/tbody>\n<\/table>\n<\/td>\n<td><\/td>\n<\/tr>\n<\/tbody>\n<\/table>\n<table>\n<tbody>\n<tr>\n<td>\n<table class=\"delegaciones\">\n<tbody>\n<tr>\n<td colspan=\"2\">\n<h3><\/h3>\n<\/td>\n<\/tr>\n<tr>\n<td><\/td>\n<td><\/td>\n<\/tr>\n<tr>\n<td><\/td>\n<td><\/td>\n<\/tr>\n<tr>\n<td><\/td>\n<td><\/td>\n<\/tr>\n<tr>\n<td><\/td>\n<td><\/td>\n<\/tr>\n<tr>\n<td><\/td>\n<td><\/td>\n<\/tr>\n<\/tbody>\n<\/table>\n<\/td>\n<td><\/td>\n<\/tr>\n<\/tbody>\n<\/table>\n<table>\n<tbody>\n<tr>\n<td>La venta de nuestras m\u00e1quinas se realiza por medio de distribuidores que puedan atender con prontitud las intervenciones que sean necesarias. Estos distribuidores disponen de formaci\u00f3n t\u00e9cnica y stock de los recambios m\u00e1s habituales. De todas formas los componentes de nuestras m\u00e1quinas son est\u00e1ndar y proceden de compa\u00f1\u00edas de primer orden que disponen de delegaciones en la mayor\u00eda de pa\u00edses de Mundo.<\/td>\n<td><\/td>\n<td><\/td>\n<\/tr>\n<\/tbody>\n<\/table>\n<table>\n<tbody>\n<tr>\n<td>\n<p style=\"text-align: justify;\">\n<\/td>\n<td><\/td>\n<td>\n<div class=\"wpcf7 no-js\" id=\"wpcf7-f6-o1\" lang=\"es-ES\" dir=\"ltr\" data-wpcf7-id=\"6\">\n<div class=\"screen-reader-response\"><p role=\"status\" aria-live=\"polite\" aria-atomic=\"true\"><\/p> <ul><\/ul><\/div>\n<form action=\"\/es\/wp-json\/wp\/v2\/pages\/1688#wpcf7-f6-o1\" method=\"post\" class=\"wpcf7-form init\" aria-label=\"Formulario de contacto\" novalidate=\"novalidate\" data-status=\"init\">\n<div style=\"display: none;\">\n<input type=\"hidden\" name=\"_wpcf7\" value=\"6\" \/>\n<input type=\"hidden\" name=\"_wpcf7_version\" value=\"6.0.5\" \/>\n<input type=\"hidden\" name=\"_wpcf7_locale\" value=\"es_ES\" \/>\n<input type=\"hidden\" name=\"_wpcf7_unit_tag\" value=\"wpcf7-f6-o1\" \/>\n<input type=\"hidden\" name=\"_wpcf7_container_post\" value=\"0\" \/>\n<input type=\"hidden\" name=\"_wpcf7_posted_data_hash\" value=\"\" \/>\n<input type=\"hidden\" name=\"_wpcf7dtx_version\" value=\"5.0.3\" \/>\n<input type=\"hidden\" name=\"_wpcf7_recaptcha_response\" value=\"\" \/>\n<\/div>\n<p><label><span class=\"required\">*<\/span>Nombre empresa <\/label><span class=\"wpcf7-form-control-wrap\" data-name=\"your-name\"><input size=\"40\" maxlength=\"400\" class=\"wpcf7-form-control wpcf7-text wpcf7-validates-as-required\" aria-required=\"true\" aria-invalid=\"false\" value=\"\" type=\"text\" name=\"your-name\" \/><\/span>\n<\/p>\n<p><label><span class=\"required\"><\/span>Persona de contacto<\/label><span class=\"wpcf7-form-control-wrap\" data-name=\"your-persona-contacte\"><input size=\"40\" maxlength=\"400\" class=\"wpcf7-form-control wpcf7-text\" aria-invalid=\"false\" value=\"\" type=\"text\" name=\"your-persona-contacte\" \/><\/span>\n<\/p>\n<p><label><span class=\"required\">*<\/span>Tel\u00e9fono<\/label><span class=\"wpcf7-form-control-wrap\" data-name=\"your-telefon\"><input size=\"40\" maxlength=\"400\" class=\"wpcf7-form-control wpcf7-text wpcf7-validates-as-required\" aria-required=\"true\" aria-invalid=\"false\" value=\"\" type=\"text\" name=\"your-telefon\" \/><\/span>\n<\/p>\n<p><label><span class=\"required\">*<\/span>Email<\/label><span class=\"wpcf7-form-control-wrap\" data-name=\"your-email\"><input size=\"40\" maxlength=\"400\" class=\"wpcf7-form-control wpcf7-email wpcf7-validates-as-required wpcf7-text wpcf7-validates-as-email\" aria-required=\"true\" aria-invalid=\"false\" value=\"\" type=\"email\" name=\"your-email\" \/><\/span>\n<\/p>\n<p><span class=\"wpcf7-form-control-wrap\" data-name=\"menu-nn\"><select class=\"wpcf7-form-control wpcf7-select test-class\" id=\"test\" aria-invalid=\"false\" name=\"menu-nn\"><option value=\"\">&#8212;Por favor, elige una opci\u00f3n&#8212;<\/option><option value=\"Informaci\u00f3n\">Informaci\u00f3n<\/option><option value=\"Distribuci\u00f3n\">Distribuci\u00f3n<\/option><option value=\"Oferta de trabajo\">Oferta de trabajo<\/option><\/select><\/span><br \/>\n<span class=\"wpcf7-form-control-wrap hiddendefault\" data-name=\"hiddendefault\"><input type=\"hidden\" name=\"hiddendefault\" class=\"wpcf7-form-control wpcf7-hidden wpcf7dtx wpcf7dtx-hidden\" aria-invalid=\"false\"><\/span>\n<\/p>\n<p><label>Mensaje<\/label><span class=\"wpcf7-form-control-wrap\" data-name=\"your-message\"><textarea cols=\"40\" rows=\"10\" maxlength=\"2000\" class=\"wpcf7-form-control wpcf7-textarea\" aria-invalid=\"false\" name=\"your-message\"><\/textarea><\/span>\n<\/p>\n<p><span class=\"wpcf7-form-control-wrap\" data-name=\"acceptance-100\"><span class=\"wpcf7-form-control wpcf7-acceptance\"><span class=\"wpcf7-list-item\"><label><input type=\"checkbox\" name=\"acceptance-100\" value=\"1\" aria-invalid=\"false\" \/><span class=\"wpcf7-list-item-label\">Acepto la <a href=\"http:\/\/rierge.com\/es\/contactar\/privacidad\/\" target=\"_blank\">pol\u00edtica de privacidad<\/a><\/span><\/label><\/span><\/span><\/span><br \/>\n<span class=\"wpcf7-form-control-wrap checkbox-766\"><span class=\"wpcf7-form-control wpcf7-checkbox\"><span class=\"wpcf7-list-item first last\" style=\"margin:0 !important\"><input type=\"checkbox\" name=\"checkbox-766[]\" value=\"Acepto recibir comunicaciones informativas\/comerciales de RIERGE\" style=\"display: inline;float: left;height: auto;margin-right: 10px;width: auto;\" \/><span class=\"wpcf7-list-item-label\">Acepto recibir comunicaciones informativas\/comerciales de RIERGE<\/span><\/span><\/span><\/span><br \/>\n\n<\/p>\n<p><input class=\"wpcf7-form-control wpcf7-submit has-spinner\" type=\"submit\" value=\"Enviar\" \/>\n<\/p>\n<p>De acuerdo con la la Ley Org\u00e1nica 3\/2018, de 5 de diciembre, de Protecci\u00f3n de Datos Personales y Garant\u00eda de los Derechos Digitales (LOPDGDD), los datos personales recogidos en el presente formulario ser\u00e1n objeto de tratamiento por parte de RIERGE con la finalidad de ponernos en contacto con usted y ofrecer una respuesta a las consultas planteadas por medio del presente formulario. La base legal para el tratamiento de sus datos es su consentimiento, el desarrollo de medidas precontractuales o contractuales, el cumplimiento de obligaciones legales y\/o el inter\u00e9s leg\u00edtimo de RIERGE. Se podr\u00e1n ejercer los derechos de acceso, supresi\u00f3n, rectificaci\u00f3n, oposici\u00f3n, portabilidad o limitaci\u00f3n mediante correo electr\u00f3nico a la direcci\u00f3n rierge@rierge.com. En todo caso, los interesados tienen el derecho de presentar una reclamaci\u00f3n ante la Autoridad de Protecci\u00f3n de Datos correspondiente. Los datos personales proporcionados se conservar\u00e1n por el periodo legal o contractualmente previsto, o mientras se mantenga el consentimiento del interesado. No se har\u00e1 cesi\u00f3n de los datos recogidos, excepto por obligaci\u00f3n legal o cesiones autorizadas por ley. Rogamos, comunique de forma inmediata a rierge@rierge.com cualquier cambio o modificaci\u00f3n que se produzca en relaci\u00f3n a los datos que nos ha proporcionado, con el fin de que estos respondan con veracidad a su situaci\u00f3n personal en todo momento.\n<\/p><div class=\"wpcf7-response-output\" aria-hidden=\"true\"><\/div>\n<\/form>\n<\/div>\n<\/td>\n<\/tr>\n<\/tbody>\n<\/table>\n<p><\/p>","protected":false},"excerpt":{"rendered":"<p>\u00a0 GALICIA \/ COMERCIAL DIGON Pol. Ind. de Bergondo. Calle Parroquia de Corti\u00f1an, 11 15165 Babio (Santa Marta) Sr. Francisco Doldan +34 649807786 paco@comercialdigon.com \u00a0+34 981795358 La venta de nuestras m\u00e1quinas se realiza por medio de distribuidores que puedan atender con prontitud las intervenciones que sean necesarias. Estos distribuidores disponen de formaci\u00f3n t\u00e9cnica y stock [&hellip;]<\/p>\n","protected":false},"author":1,"featured_media":0,"parent":0,"menu_order":22,"comment_status":"closed","ping_status":"closed","template":"","meta":{"_mc_calendar":[],"footnotes":""},"class_list":["post-1688","page","type-page","status-publish","hentry"],"yoast_head":"<!-- This site is optimized with the Yoast SEO Premium plugin v18.4 (Yoast SEO v24.9) - https:\/\/yoast.com\/wordpress\/plugins\/seo\/ -->\n<title>Distribuidores - RIERGE<\/title>\n<meta name=\"robots\" content=\"index, follow, max-snippet:-1, max-image-preview:large, max-video-preview:-1\" \/>\n<link rel=\"canonical\" href=\"https:\/\/rierge.com\/distribuidores\/\" \/>\n<meta property=\"og:locale\" content=\"es_ES\" \/>\n<meta property=\"og:type\" content=\"article\" \/>\n<meta property=\"og:title\" content=\"[:es]Distribuidores[:ca]Distribu\u00efdors[:en]Distributors[:fr]Concessionnaires[:pb]Distribuidores[:]\" \/>\n<meta property=\"og:description\" content=\"\u00a0 GALICIA \/ COMERCIAL DIGON Pol. Ind. de Bergondo. Calle Parroquia de Corti\u00f1an, 11 15165 Babio (Santa Marta) Sr. Francisco Doldan +34 649807786\" \/>\n<meta property=\"og:url\" content=\"https:\/\/rierge.com\/distribuidores\/\" \/>\n<meta property=\"og:site_name\" content=\"RIERGE\" \/>\n<meta property=\"article:modified_time\" content=\"2025-02-11T10:02:59+00:00\" \/>\n<meta property=\"og:image\" content=\"http:\/\/rierge.com\/wp-content\/uploads\/2017\/05\/picto1.jpg\" \/>\n<meta name=\"twitter:card\" content=\"summary_large_image\" \/>\n<meta name=\"twitter:label1\" content=\"Tiempo de lectura\" \/>\n\t<meta name=\"twitter:data1\" content=\"2 minutos\" \/>\n<script type=\"application\/ld+json\" class=\"yoast-schema-graph\">{\"@context\":\"https:\/\/schema.org\",\"@graph\":[{\"@type\":\"WebPage\",\"@id\":\"https:\/\/rierge.com\/distribuidores\/\",\"url\":\"https:\/\/rierge.com\/distribuidores\/\",\"name\":\"[:es]Distribuidores[:ca]Distribu\u00efdors[:en]Distributors[:fr]Concessionnaires[:pb]Distribuidores[:] - RIERGE\",\"isPartOf\":{\"@id\":\"https:\/\/rierge.com\/en\/#website\"},\"primaryImageOfPage\":{\"@id\":\"https:\/\/rierge.com\/distribuidores\/#primaryimage\"},\"image\":{\"@id\":\"https:\/\/rierge.com\/distribuidores\/#primaryimage\"},\"thumbnailUrl\":\"http:\/\/rierge.com\/wp-content\/uploads\/2017\/05\/picto1.jpg\",\"datePublished\":\"2017-05-09T16:16:19+00:00\",\"dateModified\":\"2025-02-11T10:02:59+00:00\",\"breadcrumb\":{\"@id\":\"https:\/\/rierge.com\/distribuidores\/#breadcrumb\"},\"inLanguage\":\"es\",\"potentialAction\":[{\"@type\":\"ReadAction\",\"target\":[\"https:\/\/rierge.com\/distribuidores\/\"]}]},{\"@type\":\"ImageObject\",\"inLanguage\":\"es\",\"@id\":\"https:\/\/rierge.com\/distribuidores\/#primaryimage\",\"url\":\"http:\/\/rierge.com\/wp-content\/uploads\/2017\/05\/picto1.jpg\",\"contentUrl\":\"http:\/\/rierge.com\/wp-content\/uploads\/2017\/05\/picto1.jpg\"},{\"@type\":\"BreadcrumbList\",\"@id\":\"https:\/\/rierge.com\/distribuidores\/#breadcrumb\",\"itemListElement\":[{\"@type\":\"ListItem\",\"position\":1,\"name\":\"Home\",\"item\":\"https:\/\/rierge.com\/\"},{\"@type\":\"ListItem\",\"position\":2,\"name\":\"Distribuidores\"}]},{\"@type\":\"WebSite\",\"@id\":\"https:\/\/rierge.com\/en\/#website\",\"url\":\"https:\/\/rierge.com\/en\/\",\"name\":\"RIERGE\",\"description\":\"\",\"publisher\":{\"@id\":\"https:\/\/rierge.com\/en\/#organization\"},\"potentialAction\":[{\"@type\":\"SearchAction\",\"target\":{\"@type\":\"EntryPoint\",\"urlTemplate\":\"https:\/\/rierge.com\/en\/?s={search_term_string}\"},\"query-input\":{\"@type\":\"PropertyValueSpecification\",\"valueRequired\":true,\"valueName\":\"search_term_string\"}}],\"inLanguage\":\"es\"},{\"@type\":\"Organization\",\"@id\":\"https:\/\/rierge.com\/en\/#organization\",\"name\":\"Rierge\",\"url\":\"https:\/\/rierge.com\/en\/\",\"logo\":{\"@type\":\"ImageObject\",\"inLanguage\":\"es\",\"@id\":\"https:\/\/rierge.com\/en\/#\/schema\/logo\/image\/\",\"url\":\"https:\/\/rierge.com\/wp-content\/uploads\/2017\/06\/logo-rierge-desde-1954.jpg\",\"contentUrl\":\"https:\/\/rierge.com\/wp-content\/uploads\/2017\/06\/logo-rierge-desde-1954.jpg\",\"width\":180,\"height\":50,\"caption\":\"Rierge\"},\"image\":{\"@id\":\"https:\/\/rierge.com\/en\/#\/schema\/logo\/image\/\"}}]}<\/script>\n<!-- \/ Yoast SEO Premium plugin. -->","yoast_head_json":{"title":"[:es]Distribuidores[:ca]Distribu\u00efdors[:en]Distributors[:fr]Concessionnaires[:pb]Distribuidores[:] - RIERGE","robots":{"index":"index","follow":"follow","max-snippet":"max-snippet:-1","max-image-preview":"max-image-preview:large","max-video-preview":"max-video-preview:-1"},"canonical":"https:\/\/rierge.com\/distribuidores\/","og_locale":"es_ES","og_type":"article","og_title":"[:es]Distribuidores[:ca]Distribu\u00efdors[:en]Distributors[:fr]Concessionnaires[:pb]Distribuidores[:]","og_description":"\u00a0 GALICIA \/ COMERCIAL DIGON Pol. Ind. de Bergondo. Calle Parroquia de Corti\u00f1an, 11 15165 Babio (Santa Marta) Sr. Francisco Doldan +34 649807786","og_url":"https:\/\/rierge.com\/distribuidores\/","og_site_name":"RIERGE","article_modified_time":"2025-02-11T10:02:59+00:00","og_image":[{"url":"http:\/\/rierge.com\/wp-content\/uploads\/2017\/05\/picto1.jpg","type":"","width":"","height":""}],"twitter_card":"summary_large_image","twitter_misc":{"Tiempo de lectura":"2 minutos"},"schema":{"@context":"https:\/\/schema.org","@graph":[{"@type":"WebPage","@id":"https:\/\/rierge.com\/distribuidores\/","url":"https:\/\/rierge.com\/distribuidores\/","name":"[:es]Distribuidores[:ca]Distribu\u00efdors[:en]Distributors[:fr]Concessionnaires[:pb]Distribuidores[:] - RIERGE","isPartOf":{"@id":"https:\/\/rierge.com\/en\/#website"},"primaryImageOfPage":{"@id":"https:\/\/rierge.com\/distribuidores\/#primaryimage"},"image":{"@id":"https:\/\/rierge.com\/distribuidores\/#primaryimage"},"thumbnailUrl":"http:\/\/rierge.com\/wp-content\/uploads\/2017\/05\/picto1.jpg","datePublished":"2017-05-09T16:16:19+00:00","dateModified":"2025-02-11T10:02:59+00:00","breadcrumb":{"@id":"https:\/\/rierge.com\/distribuidores\/#breadcrumb"},"inLanguage":"es","potentialAction":[{"@type":"ReadAction","target":["https:\/\/rierge.com\/distribuidores\/"]}]},{"@type":"ImageObject","inLanguage":"es","@id":"https:\/\/rierge.com\/distribuidores\/#primaryimage","url":"http:\/\/rierge.com\/wp-content\/uploads\/2017\/05\/picto1.jpg","contentUrl":"http:\/\/rierge.com\/wp-content\/uploads\/2017\/05\/picto1.jpg"},{"@type":"BreadcrumbList","@id":"https:\/\/rierge.com\/distribuidores\/#breadcrumb","itemListElement":[{"@type":"ListItem","position":1,"name":"Home","item":"https:\/\/rierge.com\/"},{"@type":"ListItem","position":2,"name":"Distribuidores"}]},{"@type":"WebSite","@id":"https:\/\/rierge.com\/en\/#website","url":"https:\/\/rierge.com\/en\/","name":"RIERGE","description":"","publisher":{"@id":"https:\/\/rierge.com\/en\/#organization"},"potentialAction":[{"@type":"SearchAction","target":{"@type":"EntryPoint","urlTemplate":"https:\/\/rierge.com\/en\/?s={search_term_string}"},"query-input":{"@type":"PropertyValueSpecification","valueRequired":true,"valueName":"search_term_string"}}],"inLanguage":"es"},{"@type":"Organization","@id":"https:\/\/rierge.com\/en\/#organization","name":"Rierge","url":"https:\/\/rierge.com\/en\/","logo":{"@type":"ImageObject","inLanguage":"es","@id":"https:\/\/rierge.com\/en\/#\/schema\/logo\/image\/","url":"https:\/\/rierge.com\/wp-content\/uploads\/2017\/06\/logo-rierge-desde-1954.jpg","contentUrl":"https:\/\/rierge.com\/wp-content\/uploads\/2017\/06\/logo-rierge-desde-1954.jpg","width":180,"height":50,"caption":"Rierge"},"image":{"@id":"https:\/\/rierge.com\/en\/#\/schema\/logo\/image\/"}}]}},"_links":{"self":[{"href":"https:\/\/rierge.com\/es\/wp-json\/wp\/v2\/pages\/1688","targetHints":{"allow":["GET"]}}],"collection":[{"href":"https:\/\/rierge.com\/es\/wp-json\/wp\/v2\/pages"}],"about":[{"href":"https:\/\/rierge.com\/es\/wp-json\/wp\/v2\/types\/page"}],"author":[{"embeddable":true,"href":"https:\/\/rierge.com\/es\/wp-json\/wp\/v2\/users\/1"}],"replies":[{"embeddable":true,"href":"https:\/\/rierge.com\/es\/wp-json\/wp\/v2\/comments?post=1688"}],"version-history":[{"count":5,"href":"https:\/\/rierge.com\/es\/wp-json\/wp\/v2\/pages\/1688\/revisions"}],"predecessor-version":[{"id":8023,"href":"https:\/\/rierge.com\/es\/wp-json\/wp\/v2\/pages\/1688\/revisions\/8023"}],"wp:attachment":[{"href":"https:\/\/rierge.com\/es\/wp-json\/wp\/v2\/media?parent=1688"}],"curies":[{"name":"wp","href":"https:\/\/api.w.org\/{rel}","templated":true}]}}