{"id":1564,"date":"2017-05-08T13:57:28","date_gmt":"2017-05-08T13:57:28","guid":{"rendered":"http:\/\/rierge.com\/?page_id=1564"},"modified":"2024-03-13T11:01:55","modified_gmt":"2024-03-13T11:01:55","slug":"catalogos","status":"publish","type":"page","link":"https:\/\/rierge.com\/es\/servicios\/catalogos\/","title":{"rendered":"Cat\u00e1logos"},"content":{"rendered":"<p><\/p>\n<p>&nbsp;<\/p>\n<p>?<\/p>\n<table class=\"catalogos\" style=\"border-color: #ebe6e6;\">\n<tbody>\n<tr>\n<td style=\"background-color: #ebe6e6; border-color: #ebe6e6;\"><a href=\"http:\/\/rierge.com\/wp-content\/uploads\/2017\/05\/05-JST-MM-SJN-ALUFAST.pdf\" target=\"_blank\" rel=\"noopener\"><img loading=\"lazy\" decoding=\"async\" class=\"alignnone wp-image-1930 size-medium\" src=\"https:\/\/rierge.com\/wp-content\/uploads\/2017\/05\/05-JST-MM-SJN-ALUFAST-1-248x350.jpg\" alt=\"\" width=\"248\" height=\"350\" data-id=\"1930\" srcset=\"https:\/\/rierge.com\/wp-content\/uploads\/2017\/05\/05-JST-MM-SJN-ALUFAST-1-248x350.jpg 248w, https:\/\/rierge.com\/wp-content\/uploads\/2017\/05\/05-JST-MM-SJN-ALUFAST-1-600x848.jpg 600w, https:\/\/rierge.com\/wp-content\/uploads\/2017\/05\/05-JST-MM-SJN-ALUFAST-1-768x1086.jpg 768w, https:\/\/rierge.com\/wp-content\/uploads\/2017\/05\/05-JST-MM-SJN-ALUFAST-1-707x1000.jpg 707w, https:\/\/rierge.com\/wp-content\/uploads\/2017\/05\/05-JST-MM-SJN-ALUFAST-1-60x85.jpg 60w, https:\/\/rierge.com\/wp-content\/uploads\/2017\/05\/05-JST-MM-SJN-ALUFAST-1.jpg 827w\" sizes=\"auto, (max-width: 248px) 100vw, 248px\" \/><\/a><\/td>\n<td style=\"background-color: #ebe6e6; border-color: #ebe6e6; text-align: justify;\">\u00a0<a href=\"http:\/\/rierge.com\/wp-content\/uploads\/2022\/04\/EASYNEST-2022-web.pdf\" target=\"_blank\" rel=\"noopener\"><img loading=\"lazy\" decoding=\"async\" class=\"alignnone wp-image-6623 size-medium\" src=\"http:\/\/rierge.com\/wp-content\/uploads\/2017\/05\/EASYNEST-2022-248x350.jpg\" alt=\"\" width=\"248\" height=\"350\" data-id=\"6623\" srcset=\"https:\/\/rierge.com\/wp-content\/uploads\/2017\/05\/EASYNEST-2022-248x350.jpg 248w, https:\/\/rierge.com\/wp-content\/uploads\/2017\/05\/EASYNEST-2022-600x848.jpg 600w, https:\/\/rierge.com\/wp-content\/uploads\/2017\/05\/EASYNEST-2022-768x1085.jpg 768w, https:\/\/rierge.com\/wp-content\/uploads\/2017\/05\/EASYNEST-2022.jpg 920w, https:\/\/rierge.com\/wp-content\/uploads\/2017\/05\/EASYNEST-2022-60x85.jpg 60w, https:\/\/rierge.com\/wp-content\/uploads\/2017\/05\/EASYNEST-2022-125x177.jpg 125w\" sizes=\"auto, (max-width: 248px) 100vw, 248px\" \/><\/a><\/td>\n<td style=\"background-color: #ebe6e6; border-color: #ebe6e6;\"><a href=\"http:\/\/rierge.com\/wp-content\/uploads\/2017\/05\/03-ALFA-MEGA.pdf\" target=\"_blank\" rel=\"noopener\"><img loading=\"lazy\" decoding=\"async\" class=\"alignnone wp-image-1928 size-medium\" src=\"http:\/\/rierge.com\/wp-content\/uploads\/2017\/05\/03-ALFA-MEGA-1-248x350.jpg\" alt=\"\" width=\"248\" height=\"350\" data-id=\"1928\" srcset=\"https:\/\/rierge.com\/wp-content\/uploads\/2017\/05\/03-ALFA-MEGA-1-248x350.jpg 248w, https:\/\/rierge.com\/wp-content\/uploads\/2017\/05\/03-ALFA-MEGA-1-600x848.jpg 600w, https:\/\/rierge.com\/wp-content\/uploads\/2017\/05\/03-ALFA-MEGA-1-768x1086.jpg 768w, https:\/\/rierge.com\/wp-content\/uploads\/2017\/05\/03-ALFA-MEGA-1-707x1000.jpg 707w, https:\/\/rierge.com\/wp-content\/uploads\/2017\/05\/03-ALFA-MEGA-1-60x85.jpg 60w, https:\/\/rierge.com\/wp-content\/uploads\/2017\/05\/03-ALFA-MEGA-1.jpg 827w\" sizes=\"auto, (max-width: 248px) 100vw, 248px\" \/><\/a><\/td>\n<\/tr>\n<tr>\n<td style=\"background-color: #ebe6e6; border-color: #ebe6e6;\">\u00a0<\/td>\n<td style=\"background-color: #ebe6e6; border-color: #ebe6e6;\">\u00a0<\/td>\n<td style=\"background-color: #ebe6e6; border-color: #ebe6e6;\">\u00a0<\/td>\n<\/tr>\n<tr>\n<td style=\"background-color: #ebe6e6; border-color: #ebe6e6;\"><a href=\"https:\/\/rierge.com\/wp-content\/uploads\/2024\/03\/Rierge_quadriptico_2024.pdf\" target=\"_blank\" rel=\"noopener\"><img loading=\"lazy\" decoding=\"async\" class=\"alignnone wp-image-6428 size-full\" src=\"https:\/\/rierge.com\/wp-content\/uploads\/2022\/01\/Soluciones-Rierge.jpg\" alt=\"\" width=\"248\" height=\"350\" data-id=\"1931\" srcset=\"https:\/\/rierge.com\/wp-content\/uploads\/2022\/01\/Soluciones-Rierge.jpg 248w, https:\/\/rierge.com\/wp-content\/uploads\/2022\/01\/Soluciones-Rierge-60x85.jpg 60w, https:\/\/rierge.com\/wp-content\/uploads\/2022\/01\/Soluciones-Rierge-125x176.jpg 125w\" sizes=\"auto, (max-width: 248px) 100vw, 248px\" \/><\/a><\/td>\n<td style=\"background-color: #ebe6e6; border-color: #ebe6e6;\"><a href=\"http:\/\/rierge.com\/wp-content\/uploads\/2020\/03\/RIERGE-ALUMINIO-2020-web.pdf\" target=\"_blank\" rel=\"noopener\"><img loading=\"lazy\" decoding=\"async\" class=\"alignnone wp-image-5791 size-medium\" src=\"https:\/\/rierge.com\/wp-content\/uploads\/2020\/01\/06-RIERGE-ALUMINIO-247x350.jpg\" alt=\"\" width=\"247\" height=\"350\" data-id=\"5791\" srcset=\"https:\/\/rierge.com\/wp-content\/uploads\/2020\/01\/06-RIERGE-ALUMINIO-247x350.jpg 247w, https:\/\/rierge.com\/wp-content\/uploads\/2020\/01\/06-RIERGE-ALUMINIO-600x849.jpg 600w, https:\/\/rierge.com\/wp-content\/uploads\/2020\/01\/06-RIERGE-ALUMINIO-60x85.jpg 60w, https:\/\/rierge.com\/wp-content\/uploads\/2020\/01\/06-RIERGE-ALUMINIO-125x177.jpg 125w, https:\/\/rierge.com\/wp-content\/uploads\/2020\/01\/06-RIERGE-ALUMINIO.jpg 707w\" sizes=\"auto, (max-width: 247px) 100vw, 247px\" \/><\/a><\/td>\n<td style=\"background-color: #ebe6e6; border-color: #ebe6e6;\"><a href=\"http:\/\/rierge.com\/wp-content\/uploads\/2018\/02\/easynest-evolution-web-baixa.pdf\" target=\"_blank\" rel=\"noopener\"><img loading=\"lazy\" decoding=\"async\" class=\"alignnone wp-image-4652 size-medium\" src=\"http:\/\/rierge.com\/wp-content\/uploads\/2018\/02\/EASYNEST-EVOLUTION-248x350.jpg\" alt=\"\" width=\"248\" height=\"350\" data-id=\"4652\" srcset=\"https:\/\/rierge.com\/wp-content\/uploads\/2018\/02\/EASYNEST-EVOLUTION.jpg 248w, https:\/\/rierge.com\/wp-content\/uploads\/2018\/02\/EASYNEST-EVOLUTION-60x85.jpg 60w, https:\/\/rierge.com\/wp-content\/uploads\/2018\/02\/EASYNEST-EVOLUTION-125x176.jpg 125w\" sizes=\"auto, (max-width: 248px) 100vw, 248px\" \/><\/a><\/td>\n<\/tr>\n<tr>\n<td style=\"background-color: #ebe6e6; border-color: #ebe6e6;\"><a href=\"https:\/\/rierge.com\/wp-content\/uploads\/2023\/07\/PUERTAS-2023-web.pdf\" target=\"_blank\" rel=\"noopener\"><img loading=\"lazy\" decoding=\"async\" class=\"aligncenter wp-image-7481 size-medium\" src=\"https:\/\/rierge.com\/wp-content\/uploads\/2023\/07\/PUERTAS-2023-600x848-1-248x350.jpg\" alt=\"\" width=\"248\" height=\"350\" data-id=\"7481\" srcset=\"https:\/\/rierge.com\/wp-content\/uploads\/2023\/07\/PUERTAS-2023-600x848-1-248x350.jpg 248w, https:\/\/rierge.com\/wp-content\/uploads\/2023\/07\/PUERTAS-2023-600x848-1-125x177.jpg 125w, https:\/\/rierge.com\/wp-content\/uploads\/2023\/07\/PUERTAS-2023-600x848-1.jpg 600w\" sizes=\"auto, (max-width: 248px) 100vw, 248px\" \/><\/a><\/td>\n<td style=\"background-color: #ebe6e6; border-color: #ebe6e6;\"><a href=\"http:\/\/rierge.com\/wp-content\/uploads\/2017\/05\/02-cat_RIERGE_2007.pdf\" target=\"_blank\" rel=\"noopener\"><img loading=\"lazy\" decoding=\"async\" class=\"alignnone wp-image-1927 size-medium\" src=\"http:\/\/rierge.com\/wp-content\/uploads\/2017\/05\/02-cat_RIERGE_2007-1-257x350.jpg\" alt=\"\" width=\"257\" height=\"350\" data-id=\"1927\" srcset=\"https:\/\/rierge.com\/wp-content\/uploads\/2017\/05\/02-cat_RIERGE_2007-1-257x350.jpg 257w, https:\/\/rierge.com\/wp-content\/uploads\/2017\/05\/02-cat_RIERGE_2007-1-600x816.jpg 600w, https:\/\/rierge.com\/wp-content\/uploads\/2017\/05\/02-cat_RIERGE_2007-1-768x1045.jpg 768w, https:\/\/rierge.com\/wp-content\/uploads\/2017\/05\/02-cat_RIERGE_2007-1-735x1000.jpg 735w, https:\/\/rierge.com\/wp-content\/uploads\/2017\/05\/02-cat_RIERGE_2007-1-60x82.jpg 60w, https:\/\/rierge.com\/wp-content\/uploads\/2017\/05\/02-cat_RIERGE_2007-1.jpg 857w\" sizes=\"auto, (max-width: 257px) 100vw, 257px\" \/><\/a><\/td>\n<td style=\"background-color: #ebe6e6; border-color: #ebe6e6;\"><a href=\"http:\/\/rierge.com\/wp-content\/uploads\/2017\/05\/01-catalegRiergeRED1.pdf\" target=\"_blank\" rel=\"noopener\"><img loading=\"lazy\" decoding=\"async\" class=\"alignnone wp-image-1926 size-medium\" src=\"http:\/\/rierge.com\/wp-content\/uploads\/2017\/05\/01-catalegRiergeRED1-1-255x350.jpg\" alt=\"\" width=\"255\" height=\"350\" data-id=\"1926\" srcset=\"https:\/\/rierge.com\/wp-content\/uploads\/2017\/05\/01-catalegRiergeRED1-1-255x350.jpg 255w, https:\/\/rierge.com\/wp-content\/uploads\/2017\/05\/01-catalegRiergeRED1-1-600x823.jpg 600w, https:\/\/rierge.com\/wp-content\/uploads\/2017\/05\/01-catalegRiergeRED1-1-768x1053.jpg 768w, https:\/\/rierge.com\/wp-content\/uploads\/2017\/05\/01-catalegRiergeRED1-1-729x1000.jpg 729w, https:\/\/rierge.com\/wp-content\/uploads\/2017\/05\/01-catalegRiergeRED1-1-60x82.jpg 60w, https:\/\/rierge.com\/wp-content\/uploads\/2017\/05\/01-catalegRiergeRED1-1.jpg 852w\" sizes=\"auto, (max-width: 255px) 100vw, 255px\" \/><\/a><\/td>\n<\/tr>\n<\/tbody>\n<\/table>\n<p>&nbsp;<\/p>\n<div class=\"productos grid-33\" style=\"text-align:center\"><a href=\" https:\/\/rierge.com\/es\/categoria\/metal\/ \"><img decoding=\"async\" src=\"https:\/\/rierge.com\/wp-content\/uploads\/2017\/05\/sectors_home2_metal.jpg\" \/><h3>Metal<\/h3><p>Para el mecanizado de diferentes materiales destinados al sector aeron\u00e1utico, autom\u00f3vil, ferroviario.<p><\/a><\/div><div class=\"productos grid-33\" style=\"text-align:center\"><a href=\" https:\/\/rierge.com\/es\/categoria\/plastico\/ \"><img decoding=\"async\" src=\"https:\/\/rierge.com\/wp-content\/uploads\/2017\/05\/sectors_home2_plastico-1.jpg\" \/><h3>Pl\u00e1stico<\/h3><p>Hemos desarrollado toda una gama centros de mecanizado CNC, dise\u00f1ados para el mecanizado de materiales pl\u00e1sticos.<p><\/a><\/div><div class=\"productos grid-33\" style=\"text-align:center\"><a href=\" https:\/\/rierge.com\/es\/categoria\/madera\/ \"><img decoding=\"async\" src=\"https:\/\/rierge.com\/wp-content\/uploads\/2017\/05\/sectors_home2_madera.jpg\" \/><h3>Madera<\/h3><p>Disponemos de una extens\u00edsima gama de centros de mecanizado cnc, para trabajar la madera y productos afines.<p><\/a><\/div>\n<p><\/p>","protected":false},"excerpt":{"rendered":"<p>&nbsp; ? \u00a0 \u00a0 \u00a0 \u00a0 &nbsp;<\/p>\n","protected":false},"author":1,"featured_media":1919,"parent":18,"menu_order":8,"comment_status":"closed","ping_status":"closed","template":"","meta":{"_mc_calendar":[],"footnotes":""},"class_list":["post-1564","page","type-page","status-publish","has-post-thumbnail","hentry"],"yoast_head":"<!-- This site is optimized with the Yoast SEO Premium plugin v18.4 (Yoast SEO v24.9) - https:\/\/yoast.com\/wordpress\/plugins\/seo\/ -->\n<title>Cat\u00e1logos - RIERGE<\/title>\n<meta name=\"robots\" content=\"index, follow, max-snippet:-1, max-image-preview:large, max-video-preview:-1\" \/>\n<link rel=\"canonical\" href=\"https:\/\/rierge.com\/en\/services\/catalogs\/\" \/>\n<meta property=\"og:locale\" content=\"es_ES\" \/>\n<meta property=\"og:type\" content=\"article\" \/>\n<meta property=\"og:title\" content=\"[:es]Cat\u00e1logos[:ca]Cat\u00e0legs[:en]Catalogs[:fr]Catalogues[:pb]Cat\u00e1logos[:]\" \/>\n<meta property=\"og:description\" content=\"&nbsp; ? \u00a0 \u00a0 \u00a0 \u00a0 &nbsp; &nbsp; &nbsp; \u00a0 \u00a0 \u00a0 \u00a0 &nbsp; &nbsp; \u00a0 \u00a0 \u00a0 &nbsp; &nbsp; \u00a0 \u00a0 \u00a0 &nbsp; &nbsp; ? \u00a0 \u00a0 \u00a0 \u00a0\" \/>\n<meta property=\"og:url\" content=\"https:\/\/rierge.com\/en\/services\/catalogs\/\" \/>\n<meta property=\"og:site_name\" content=\"RIERGE\" \/>\n<meta property=\"article:modified_time\" content=\"2024-03-13T11:01:55+00:00\" \/>\n<meta property=\"og:image\" content=\"https:\/\/rierge.com\/wp-content\/uploads\/2017\/05\/b_catalogos.jpg\" \/>\n\t<meta property=\"og:image:width\" content=\"1000\" \/>\n\t<meta property=\"og:image:height\" content=\"400\" \/>\n\t<meta property=\"og:image:type\" content=\"image\/jpeg\" \/>\n<meta name=\"twitter:card\" content=\"summary_large_image\" \/>\n<script type=\"application\/ld+json\" class=\"yoast-schema-graph\">{\"@context\":\"https:\/\/schema.org\",\"@graph\":[{\"@type\":\"WebPage\",\"@id\":\"https:\/\/rierge.com\/en\/services\/catalogs\/\",\"url\":\"https:\/\/rierge.com\/en\/services\/catalogs\/\",\"name\":\"[:es]Cat\u00e1logos[:ca]Cat\u00e0legs[:en]Catalogs[:fr]Catalogues[:pb]Cat\u00e1logos[:] - RIERGE\",\"isPartOf\":{\"@id\":\"https:\/\/rierge.com\/en\/#website\"},\"primaryImageOfPage\":{\"@id\":\"https:\/\/rierge.com\/en\/services\/catalogs\/#primaryimage\"},\"image\":{\"@id\":\"https:\/\/rierge.com\/en\/services\/catalogs\/#primaryimage\"},\"thumbnailUrl\":\"https:\/\/rierge.com\/wp-content\/uploads\/2017\/05\/b_catalogos.jpg\",\"datePublished\":\"2017-05-08T13:57:28+00:00\",\"dateModified\":\"2024-03-13T11:01:55+00:00\",\"breadcrumb\":{\"@id\":\"https:\/\/rierge.com\/en\/services\/catalogs\/#breadcrumb\"},\"inLanguage\":\"es\",\"potentialAction\":[{\"@type\":\"ReadAction\",\"target\":[\"https:\/\/rierge.com\/en\/services\/catalogs\/\"]}]},{\"@type\":\"ImageObject\",\"inLanguage\":\"es\",\"@id\":\"https:\/\/rierge.com\/en\/services\/catalogs\/#primaryimage\",\"url\":\"https:\/\/rierge.com\/wp-content\/uploads\/2017\/05\/b_catalogos.jpg\",\"contentUrl\":\"https:\/\/rierge.com\/wp-content\/uploads\/2017\/05\/b_catalogos.jpg\",\"width\":1000,\"height\":400},{\"@type\":\"BreadcrumbList\",\"@id\":\"https:\/\/rierge.com\/en\/services\/catalogs\/#breadcrumb\",\"itemListElement\":[{\"@type\":\"ListItem\",\"position\":1,\"name\":\"Home\",\"item\":\"https:\/\/rierge.com\/\"},{\"@type\":\"ListItem\",\"position\":2,\"name\":\"Services\",\"item\":\"https:\/\/rierge.com\/en\/services\/\"},{\"@type\":\"ListItem\",\"position\":3,\"name\":\"Catalogs\"}]},{\"@type\":\"WebSite\",\"@id\":\"https:\/\/rierge.com\/en\/#website\",\"url\":\"https:\/\/rierge.com\/en\/\",\"name\":\"RIERGE\",\"description\":\"\",\"publisher\":{\"@id\":\"https:\/\/rierge.com\/en\/#organization\"},\"potentialAction\":[{\"@type\":\"SearchAction\",\"target\":{\"@type\":\"EntryPoint\",\"urlTemplate\":\"https:\/\/rierge.com\/en\/?s={search_term_string}\"},\"query-input\":{\"@type\":\"PropertyValueSpecification\",\"valueRequired\":true,\"valueName\":\"search_term_string\"}}],\"inLanguage\":\"es\"},{\"@type\":\"Organization\",\"@id\":\"https:\/\/rierge.com\/en\/#organization\",\"name\":\"Rierge\",\"url\":\"https:\/\/rierge.com\/en\/\",\"logo\":{\"@type\":\"ImageObject\",\"inLanguage\":\"es\",\"@id\":\"https:\/\/rierge.com\/en\/#\/schema\/logo\/image\/\",\"url\":\"https:\/\/rierge.com\/wp-content\/uploads\/2017\/06\/logo-rierge-desde-1954.jpg\",\"contentUrl\":\"https:\/\/rierge.com\/wp-content\/uploads\/2017\/06\/logo-rierge-desde-1954.jpg\",\"width\":180,\"height\":50,\"caption\":\"Rierge\"},\"image\":{\"@id\":\"https:\/\/rierge.com\/en\/#\/schema\/logo\/image\/\"}}]}<\/script>\n<!-- \/ Yoast SEO Premium plugin. -->","yoast_head_json":{"title":"[:es]Cat\u00e1logos[:ca]Cat\u00e0legs[:en]Catalogs[:fr]Catalogues[:pb]Cat\u00e1logos[:] - RIERGE","robots":{"index":"index","follow":"follow","max-snippet":"max-snippet:-1","max-image-preview":"max-image-preview:large","max-video-preview":"max-video-preview:-1"},"canonical":"https:\/\/rierge.com\/en\/services\/catalogs\/","og_locale":"es_ES","og_type":"article","og_title":"[:es]Cat\u00e1logos[:ca]Cat\u00e0legs[:en]Catalogs[:fr]Catalogues[:pb]Cat\u00e1logos[:]","og_description":"&nbsp; ? \u00a0 \u00a0 \u00a0 \u00a0 &nbsp; &nbsp; &nbsp; \u00a0 \u00a0 \u00a0 \u00a0 &nbsp; &nbsp; \u00a0 \u00a0 \u00a0 &nbsp; &nbsp; \u00a0 \u00a0 \u00a0 &nbsp; &nbsp; ? \u00a0 \u00a0 \u00a0 \u00a0","og_url":"https:\/\/rierge.com\/en\/services\/catalogs\/","og_site_name":"RIERGE","article_modified_time":"2024-03-13T11:01:55+00:00","og_image":[{"width":1000,"height":400,"url":"https:\/\/rierge.com\/wp-content\/uploads\/2017\/05\/b_catalogos.jpg","type":"image\/jpeg"}],"twitter_card":"summary_large_image","schema":{"@context":"https:\/\/schema.org","@graph":[{"@type":"WebPage","@id":"https:\/\/rierge.com\/en\/services\/catalogs\/","url":"https:\/\/rierge.com\/en\/services\/catalogs\/","name":"[:es]Cat\u00e1logos[:ca]Cat\u00e0legs[:en]Catalogs[:fr]Catalogues[:pb]Cat\u00e1logos[:] - RIERGE","isPartOf":{"@id":"https:\/\/rierge.com\/en\/#website"},"primaryImageOfPage":{"@id":"https:\/\/rierge.com\/en\/services\/catalogs\/#primaryimage"},"image":{"@id":"https:\/\/rierge.com\/en\/services\/catalogs\/#primaryimage"},"thumbnailUrl":"https:\/\/rierge.com\/wp-content\/uploads\/2017\/05\/b_catalogos.jpg","datePublished":"2017-05-08T13:57:28+00:00","dateModified":"2024-03-13T11:01:55+00:00","breadcrumb":{"@id":"https:\/\/rierge.com\/en\/services\/catalogs\/#breadcrumb"},"inLanguage":"es","potentialAction":[{"@type":"ReadAction","target":["https:\/\/rierge.com\/en\/services\/catalogs\/"]}]},{"@type":"ImageObject","inLanguage":"es","@id":"https:\/\/rierge.com\/en\/services\/catalogs\/#primaryimage","url":"https:\/\/rierge.com\/wp-content\/uploads\/2017\/05\/b_catalogos.jpg","contentUrl":"https:\/\/rierge.com\/wp-content\/uploads\/2017\/05\/b_catalogos.jpg","width":1000,"height":400},{"@type":"BreadcrumbList","@id":"https:\/\/rierge.com\/en\/services\/catalogs\/#breadcrumb","itemListElement":[{"@type":"ListItem","position":1,"name":"Home","item":"https:\/\/rierge.com\/"},{"@type":"ListItem","position":2,"name":"Services","item":"https:\/\/rierge.com\/en\/services\/"},{"@type":"ListItem","position":3,"name":"Catalogs"}]},{"@type":"WebSite","@id":"https:\/\/rierge.com\/en\/#website","url":"https:\/\/rierge.com\/en\/","name":"RIERGE","description":"","publisher":{"@id":"https:\/\/rierge.com\/en\/#organization"},"potentialAction":[{"@type":"SearchAction","target":{"@type":"EntryPoint","urlTemplate":"https:\/\/rierge.com\/en\/?s={search_term_string}"},"query-input":{"@type":"PropertyValueSpecification","valueRequired":true,"valueName":"search_term_string"}}],"inLanguage":"es"},{"@type":"Organization","@id":"https:\/\/rierge.com\/en\/#organization","name":"Rierge","url":"https:\/\/rierge.com\/en\/","logo":{"@type":"ImageObject","inLanguage":"es","@id":"https:\/\/rierge.com\/en\/#\/schema\/logo\/image\/","url":"https:\/\/rierge.com\/wp-content\/uploads\/2017\/06\/logo-rierge-desde-1954.jpg","contentUrl":"https:\/\/rierge.com\/wp-content\/uploads\/2017\/06\/logo-rierge-desde-1954.jpg","width":180,"height":50,"caption":"Rierge"},"image":{"@id":"https:\/\/rierge.com\/en\/#\/schema\/logo\/image\/"}}]}},"_links":{"self":[{"href":"https:\/\/rierge.com\/es\/wp-json\/wp\/v2\/pages\/1564","targetHints":{"allow":["GET"]}}],"collection":[{"href":"https:\/\/rierge.com\/es\/wp-json\/wp\/v2\/pages"}],"about":[{"href":"https:\/\/rierge.com\/es\/wp-json\/wp\/v2\/types\/page"}],"author":[{"embeddable":true,"href":"https:\/\/rierge.com\/es\/wp-json\/wp\/v2\/users\/1"}],"replies":[{"embeddable":true,"href":"https:\/\/rierge.com\/es\/wp-json\/wp\/v2\/comments?post=1564"}],"version-history":[{"count":6,"href":"https:\/\/rierge.com\/es\/wp-json\/wp\/v2\/pages\/1564\/revisions"}],"predecessor-version":[{"id":7819,"href":"https:\/\/rierge.com\/es\/wp-json\/wp\/v2\/pages\/1564\/revisions\/7819"}],"up":[{"embeddable":true,"href":"https:\/\/rierge.com\/es\/wp-json\/wp\/v2\/pages\/18"}],"wp:featuredmedia":[{"embeddable":true,"href":"https:\/\/rierge.com\/es\/wp-json\/wp\/v2\/media\/1919"}],"wp:attachment":[{"href":"https:\/\/rierge.com\/es\/wp-json\/wp\/v2\/media?parent=1564"}],"curies":[{"name":"wp","href":"https:\/\/api.w.org\/{rel}","templated":true}]}}