{"id":14,"date":"2017-03-23T14:32:50","date_gmt":"2017-03-23T14:32:50","guid":{"rendered":"http:\/\/rierge.com\/?page_id=14"},"modified":"2022-07-28T07:43:36","modified_gmt":"2022-07-28T07:43:36","slug":"delegacines","status":"publish","type":"page","link":"https:\/\/rierge.com\/es\/rierge\/delegacines\/","title":{"rendered":"Mecanizado Materiales Avanzados"},"content":{"rendered":"<p><\/p>\n<table cellspacing=\"25px\">\n<tbody>\n<tr>\n<td style=\"width: 35%; text-align: center; vertical-align: top;\"><\/td>\n<td style=\"text-align: left; vertical-align: top;\">\n<p style=\"text-align: justify;\">La irrupci\u00f3n de nuevos materiales desde hace unos a\u00f1os tanto en la construcci\u00f3n civil como en la industria en general y en particular en el sector aeronautico, ha hecho que los fabricantes hayamos tenido que adecuar las m\u00e1quinas, para trabajar toda esa gama de materiales, que por su composici\u00f3n requiere de un tratamiento especial a nivel de revoluciones de giro de herramienta, avance y robustez de las estructuras para dotar las m\u00e1quinas de una buena din\u00e1mica y a la vez absorver vibraciones.<\/p>\n<p style=\"text-align: justify;\">Vamos a definir a continuaci\u00f3n algunos de los materiales que hoy en d\u00eda est\u00e1n formando parte de los diferentes sectores industriales:<\/p>\n<\/td>\n<\/tr>\n<tr>\n<td style=\"text-align: center; vertical-align: top;\"><img loading=\"lazy\" decoding=\"async\" class=\"alignnone\" src=\"http:\/\/rierge.com\/wp-content\/uploads\/2017\/03\/RESINAS-FENOLICAS.jpg\" alt=\"\" width=\"310\" height=\"205\" data-id=\"1695\" \/><\/td>\n<td>\n<h2><strong>Mecanizado Resinas fen\u00f3licas<\/strong><\/h2>\n<p style=\"text-align: justify;\">Se usan en la fabricaci\u00f3n de mobiliario deportivo, escolar y de oficina. En diferentes composiciones es un material ideal para laboratorios y hospitales, tanto en la fabricaci\u00f3n de mobiliario como para el revestimiento de paredes interiores y exteriores, mobiliario urbano, parques infantiles etc<\/p>\n<p style=\"text-align: justify;\">Se usan tambi\u00e9n en la industria del autom\u00f3vil y aeron\u00e1utica, como aislantes el\u00e9ctricos, en la construcci\u00f3n de ferrocarriles y un largo sinf\u00edn de usos.<\/p>\n<p style=\"text-align: justify;\">Es resistente a las temperaturas extremas, tiene buenas propiedades el\u00e9ctricas y es resistente a los disolventes, \u00e1cidos y a la abrasi\u00f3n; adem\u00e1s tiene estabilidad t\u00e9rmica, propiedades anticorrosivas y aislantes, dependiendo del tipo de resina y de sus concentraciones.<\/p>\n<\/td>\n<\/tr>\n<tr>\n<td style=\"text-align: center; vertical-align: top;\"><img loading=\"lazy\" decoding=\"async\" class=\"alignnone\" src=\"http:\/\/rierge.com\/wp-content\/uploads\/2017\/03\/PANELES-COMPOSITES.jpg\" alt=\"\" width=\"310\" height=\"205\" data-id=\"1694\" \/><\/td>\n<td>\n<h2><strong>Mecanizado Paneles Composites<\/strong><\/h2>\n<p style=\"text-align: justify;\">\u00c9stos paneles son un compuesto de aluminio que permite ser doblado o curvado. Est\u00e1n compuestos de dos l\u00e1minas de aluminio y un n\u00facleo termopl\u00e1stico.<\/p>\n<p style=\"text-align: justify;\">\n<p>Por sus propiedades puede ser instalado en el exterio ya que evita la corrosi\u00f3n, es resistente al fuego y tiene propiedades aislantes del ruido, de las vibraciones y absorbe las deformaciones que puedan provocar episodios s\u00edsmicos.<\/p>\n<p style=\"text-align: justify;\">Existe toda una gama de colores y acabados que, junto con la maleabilidad, nos ofrecen la posibilidad de la ejecuci\u00f3n de obras de dise\u00f1o.<\/p>\n<p style=\"text-align: justify;\">Normalmente, para la instalaci\u00f3n que se realiza sobre estructuras met\u00e1licas, se conforma una bandeja con mecanizados para colgar sobre los ristreles colocados sobre la fachada.<\/p>\n<\/td>\n<\/tr>\n<tr>\n<td style=\"text-align: center; vertical-align: top;\"><a href=\"http:\/\/rierge.com\/wp-content\/uploads\/2017\/03\/honeycomb-1.jpg\"><img loading=\"lazy\" decoding=\"async\" class=\"size-full wp-image-1693 alignnone\" src=\"http:\/\/rierge.com\/wp-content\/uploads\/2017\/03\/honeycomb-1.jpg\" alt=\"\" width=\"310\" height=\"205\" data-id=\"1693\" srcset=\"https:\/\/rierge.com\/wp-content\/uploads\/2017\/03\/honeycomb-1.jpg 310w, https:\/\/rierge.com\/wp-content\/uploads\/2017\/03\/honeycomb-1-60x40.jpg 60w, https:\/\/rierge.com\/wp-content\/uploads\/2017\/03\/honeycomb-1-125x83.jpg 125w\" sizes=\"auto, (max-width: 310px) 100vw, 310px\" \/><\/a><\/td>\n<td>\n<h2><strong>Mecanizado Honeycomb<\/strong><\/h2>\n<p style=\"text-align: justify;\">Paneles estructurales de \u00abnido de abeja\u00bb\u00a0de aluminio con tratamiento anticorrosivo, chapa de aluminio por ambas caras y cubierto con un pl\u00e1stico de protecci\u00f3n.<\/p>\n<p style=\"text-align: justify;\">Las caracter\u00edsticas principales de \u00e9stos paneles s\u00e1ndwich son la rigidez, a la vez que ligeros, as\u00ed como un perfecto aislante ac\u00fastico y t\u00e9rmico que, junto con la amplia gama de opciones que permiten la manipulaci\u00f3n, mecanizado, curvado y plegado, lo que hace es que sea un producto ideal para aplicaciones arquitect\u00f3nicas y ferroviarias, en el sector naval e industrial.<\/p>\n<p style=\"text-align: justify;\">Mamparas de divisi\u00f3n, suelos, techos, puertas, plataformas y todo tipo de mobiliario. Los interiores de barcos, trenes, aviones, autobuses, caravanas y otros medios de transporte, son fabricados con \u00e9ste tipo paneles.<\/p>\n<p style=\"text-align: justify;\">Tambi\u00e9n puede aplicarse en otros sectores como el de ascensores, salas blancas, maquinaria industrial, etc.<\/p>\n<\/td>\n<\/tr>\n<tr>\n<td style=\"text-align: center; vertical-align: top;\">\u00a0<img loading=\"lazy\" decoding=\"async\" class=\"alignnone wp-image-1697 size-full\" src=\"http:\/\/rierge.com\/wp-content\/uploads\/2017\/03\/corian-1.jpg\" alt=\"\" width=\"310\" height=\"205\" data-id=\"1697\" srcset=\"https:\/\/rierge.com\/wp-content\/uploads\/2017\/03\/corian-1.jpg 310w, https:\/\/rierge.com\/wp-content\/uploads\/2017\/03\/corian-1-60x40.jpg 60w, https:\/\/rierge.com\/wp-content\/uploads\/2017\/03\/corian-1-125x83.jpg 125w\" sizes=\"auto, (max-width: 310px) 100vw, 310px\" \/><\/td>\n<td>\n<h2 style=\"text-align: justify;\"><strong>Mecanizado Corian<\/strong><\/h2>\n<p style=\"text-align: justify;\">Es una mezcla de minerales naturales y de pol\u00edmero acr\u00edlico.<\/p>\n<p style=\"text-align: justify;\">Se fabrica en forma de planchas y formas (fregaderos y lavamanos), con una gran gama de colores.<\/p>\n<p style=\"text-align: justify;\">Es un material de dise\u00f1o vers\u00e1til, con multitud de aplicaciones en una amplia gama de sectores. En el hogar, para cocinas y ba\u00f1os, elementos de mobiliario e iluminaci\u00f3n. Tambi\u00e9n se puede encontrar en tiendas, restaurantes, hospitales, oficinas&#8230; y en casi cualquier espacio donde el dise\u00f1o y un rendimiento duradero sean importantes.<\/p>\n<\/td>\n<\/tr>\n<tr>\n<td style=\"text-align: center; vertical-align: top;\">\u00a0<img loading=\"lazy\" decoding=\"async\" class=\"alignnone wp-image-1692 size-full\" src=\"http:\/\/rierge.com\/wp-content\/uploads\/2017\/03\/fibra-de-vidrio-1.jpg\" alt=\"\" width=\"310\" height=\"205\" data-id=\"1692\" srcset=\"https:\/\/rierge.com\/wp-content\/uploads\/2017\/03\/fibra-de-vidrio-1.jpg 310w, https:\/\/rierge.com\/wp-content\/uploads\/2017\/03\/fibra-de-vidrio-1-60x40.jpg 60w, https:\/\/rierge.com\/wp-content\/uploads\/2017\/03\/fibra-de-vidrio-1-125x83.jpg 125w\" sizes=\"auto, (max-width: 310px) 100vw, 310px\" \/><\/td>\n<td>\n<h2 style=\"text-align: justify;\"><strong>Mecanizado Fibra de vidrio<\/strong><\/h2>\n<p style=\"text-align: justify;\">La fibra de vidrio es el resultado\u00a0de mezclar la malla de vidrio con una resina Epoxi, la cual inicialmente es l\u00edquida para luego solidificarse y poder mantener la forma final o aquella adquirida del molde.<\/p>\n<p style=\"text-align: justify;\">Las caracter\u00edsticas de la fibra de vidrio son:<\/p>\n<p style=\"text-align: justify;\">\u2022 Excelente aislante t\u00e9rmico<br \/>\n\u2022 Inerte a muchas sustancias, incluyendo los \u00e1cidos<br \/>\n\u2022 Gran maleabilidad<br \/>\n\u2022 Altamente resistente a la tracci\u00f3n<\/p>\n<p style=\"text-align: justify;\">Por las caracter\u00edsticas propias del material, la fibra de vidrio se utiliza en diversos usos industriales y art\u00edsticos. Entre los usos m\u00e1s destacados se encuentran: manualidades o bricolaje, piezas n\u00e1uticas que incluyen tablas de surf, wind-surf, veleros, lanchas, etc. Tambi\u00e9n usado en art\u00edstica para esculturas y piezas complejas. Por sus propiedades (es moldeable con escasos recursos) hace un material ideal para aquellos que desean trabajar la fibra de vidrio.<\/p>\n<\/td>\n<\/tr>\n<tr>\n<td style=\"text-align: center; vertical-align: top;\">\u00a0<img loading=\"lazy\" decoding=\"async\" class=\"alignnone wp-image-1691\" src=\"http:\/\/rierge.com\/wp-content\/uploads\/2017\/03\/fibra-de-carbono-1.jpg\" alt=\"\" width=\"310\" height=\"205\" data-id=\"1691\" srcset=\"https:\/\/rierge.com\/wp-content\/uploads\/2017\/03\/fibra-de-carbono-1.jpg 310w, https:\/\/rierge.com\/wp-content\/uploads\/2017\/03\/fibra-de-carbono-1-60x40.jpg 60w, https:\/\/rierge.com\/wp-content\/uploads\/2017\/03\/fibra-de-carbono-1-125x83.jpg 125w\" sizes=\"auto, (max-width: 310px) 100vw, 310px\" \/><\/td>\n<td>\n<h2 style=\"text-align: justify;\"><strong>Mecanizado Fibra de carbono<\/strong><\/h2>\n<p style=\"text-align: justify;\">La fibra de carbono (FC) se desarroll\u00f3 inicialmente para la industria espacial, pero ahora, al bajar de precio, se ha extendido a otros campos: la industria del transporte, aeron\u00e1utica, deporte de alta competici\u00f3n y \u00faltimamente encontramos la FC hasta en carteras de bolsillo y relojes.<\/p>\n<p style=\"text-align: justify;\">La FC est\u00e1 compuesta por muchos hilos de carbono en forma de hebra. Existen muchas clases de FC con propiedades diversas, adaptadas a muchas aplicaciones.<\/p>\n<p style=\"text-align: justify;\">Su resistencia es casi 3 veces superior a la del acero y su densidad es 4,5 veces menor.<\/p>\n<p style=\"text-align: justify;\">Otras propiedades muy apreciables en la fibra de carbono son la resistencia a la corrosi\u00f3n, al fuego e inercia qu\u00edmica y la conductividad el\u00e9ctrica. Ante las variaciones de temperatura conserva su forma. La fibra de carbono es un pol\u00edmero convertido en fibra.<\/p>\n<p style=\"text-align: justify;\">Se usa en la industria del transporte, especialmente la aeroespacial y aeron\u00e1utica, pero cada d\u00eda est\u00e1 tomando m\u00e1s protagonismo en la automoci\u00f3n.<\/p>\n<\/td>\n<\/tr>\n<tr>\n<td style=\"text-align: center; vertical-align: top;\">\u00a0<img loading=\"lazy\" decoding=\"async\" class=\"alignnone\" src=\"http:\/\/rierge.com\/wp-content\/uploads\/2017\/03\/PANEL-SANDWICH.jpg\" alt=\"\" width=\"310\" height=\"205\" data-id=\"1698\" \/><\/td>\n<td>\n<h2 style=\"text-align: justify;\"><strong>Mecanizado Panel S\u00e1ndwich<\/strong><\/h2>\n<p style=\"text-align: justify;\">Un panel s\u00e1ndwich t\u00edpico tiene una estructura de tres capas. Las superficies r\u00edgidas, con un m\u00f3dulo relativamente alto de elasticidad: se mantienen a distancia por un n\u00facleo ligero, el cual tiene una rigidez a flexi\u00f3n suficiente para soportar la mayor parte de los esfuerzos de corte. El n\u00facleo act\u00faa tambi\u00e9n como una capa de aislamiento t\u00e9rmico altamente eficaz.<\/p>\n<p style=\"text-align: justify;\">Los paneles s\u00e1ndwich est\u00e1n hoy en d\u00eda disponibles para una gran variedad de aplicaciones: fachadas, cubiertas, falsos techos y particiones interiores, especialmente en aquellos edificios industriales con elevados requerimientos de aislamiento t\u00e9rmico.<\/p>\n<p style=\"text-align: justify;\">Usos en obra civil: naves industriales, aeropuertos, edificios de administraci\u00f3n, casetas y casas prefabricadas, vest\u00edbulos de exhibici\u00f3n, hoteles, recintos feriales, laboratorios y salas blancas, quir\u00f3fanos, salas de pintura, centrales el\u00e9ctricas, plantas de reciclaje, polideportivos, grandes superficies comerciales y cubiertas de viviendas.<\/p>\n<p style=\"text-align: justify;\">Usos en la industria alimentaria: c\u00e1maras frigor\u00edficas, salas de conservaci\u00f3n, t\u00faneles de congelaci\u00f3n, salas de proceso, salas blancas.<\/p>\n<p style=\"text-align: justify;\">En la fabricaci\u00f3n de veh\u00edculos destinados al transporte de alimentos refrigerados.<\/p>\n<p style=\"text-align: justify;\">Todos \u00e9stos materiales tienen en com\u00fan que son pr\u00e1cticamente inalterables por humedad, son resistentes a los agentes corrosivos y no necesitan mantenimiento, por lo cual son ideales para exteriores e interiores donde los ambientes sean agresivos y se requiera una escrupulosa limpieza por motivos de contagio.<\/p>\n<p style=\"text-align: justify;\">A la vez son materiales agradables a la vista con grandes gamas de texturas y colores, adem\u00e1s permiten ser serigrafiados en algunos casos por lo que se puede personalizar la instalaci\u00f3n a gusto de cliente y que permiten la realizaci\u00f3n de complejos montajes.<\/p>\n<\/td>\n<\/tr>\n<\/tbody>\n<\/table>\n<p style=\"text-align: center;\">Disponemos de centros de mecanizado especialmente dise\u00f1ados para el mecanizado de \u00e9stos materiales, adem\u00e1s de una amplia experiencia en ellos.<\/p>\n<p><\/p>","protected":false},"excerpt":{"rendered":"<p>La irrupci\u00f3n de nuevos materiales desde hace unos a\u00f1os tanto en la construcci\u00f3n civil como en la industria en general y en particular en el sector aeronautico, ha hecho que los fabricantes hayamos tenido que adecuar las m\u00e1quinas, para trabajar toda esa gama de materiales, que por su composici\u00f3n requiere de un tratamiento especial a [&hellip;]<\/p>\n","protected":false},"author":1,"featured_media":1690,"parent":23,"menu_order":2,"comment_status":"closed","ping_status":"closed","template":"","meta":{"_mc_calendar":[],"footnotes":""},"class_list":["post-14","page","type-page","status-publish","has-post-thumbnail","hentry"],"yoast_head":"<!-- This site is optimized with the Yoast SEO Premium plugin v18.4 (Yoast SEO v24.9) - https:\/\/yoast.com\/wordpress\/plugins\/seo\/ -->\n<title>Mecanizado Materiales Avanzados - RIERGE<\/title>\n<meta name=\"description\" content=\"Descubre las soluciones de Rierge para el mecanizado de materiales avanzados como Resinas fen\u00f3licas, Paneles Composites, Honeycomb, Corian, Fibra de vidrio, Fibra de carbono y Panel S\u00e1ndwich | Rierge\" \/>\n<meta name=\"robots\" content=\"index, follow, max-snippet:-1, max-image-preview:large, max-video-preview:-1\" \/>\n<link rel=\"canonical\" href=\"https:\/\/rierge.com\/rierge\/delegacines\/\" \/>\n<meta property=\"og:locale\" content=\"es_ES\" \/>\n<meta property=\"og:type\" content=\"article\" \/>\n<meta property=\"og:title\" content=\"[:es]Mecanizado Materiales Avanzados[:ca]Materials Avan\u00e7ats[:en]Advanced Materials[:fr]Mat\u00e9riaux Avanc\u00e9s[:pb]Materiais Avan\u00e7ados[:]\" \/>\n<meta property=\"og:description\" content=\"La irrupci\u00f3n de nuevos materiales desde hace unos a\u00f1os tanto en la construcci\u00f3n civil como en la industria en general y en particular en el sector\" \/>\n<meta property=\"og:url\" content=\"https:\/\/rierge.com\/rierge\/delegacines\/\" \/>\n<meta property=\"og:site_name\" content=\"RIERGE\" \/>\n<meta property=\"article:modified_time\" content=\"2022-07-28T07:43:36+00:00\" \/>\n<meta property=\"og:image\" content=\"https:\/\/rierge.com\/wp-content\/uploads\/2017\/03\/b_compania_materiales-avanzados.jpg\" \/>\n\t<meta property=\"og:image:width\" content=\"1000\" \/>\n\t<meta property=\"og:image:height\" content=\"400\" \/>\n\t<meta property=\"og:image:type\" content=\"image\/jpeg\" \/>\n<meta name=\"twitter:card\" content=\"summary_large_image\" \/>\n<meta name=\"twitter:label1\" content=\"Tiempo de lectura\" \/>\n\t<meta name=\"twitter:data1\" content=\"32 minutos\" \/>\n<script type=\"application\/ld+json\" class=\"yoast-schema-graph\">{\"@context\":\"https:\/\/schema.org\",\"@graph\":[{\"@type\":\"WebPage\",\"@id\":\"https:\/\/rierge.com\/rierge\/delegacines\/\",\"url\":\"https:\/\/rierge.com\/rierge\/delegacines\/\",\"name\":\"[:es]Mecanizado Materiales Avanzados[:ca]Materials Avan\u00e7ats[:en]Advanced Materials[:fr]Mat\u00e9riaux Avanc\u00e9s[:pb]Materiais Avan\u00e7ados[:] - RIERGE\",\"isPartOf\":{\"@id\":\"https:\/\/rierge.com\/en\/#website\"},\"primaryImageOfPage\":{\"@id\":\"https:\/\/rierge.com\/rierge\/delegacines\/#primaryimage\"},\"image\":{\"@id\":\"https:\/\/rierge.com\/rierge\/delegacines\/#primaryimage\"},\"thumbnailUrl\":\"https:\/\/rierge.com\/wp-content\/uploads\/2017\/03\/b_compania_materiales-avanzados.jpg\",\"datePublished\":\"2017-03-23T14:32:50+00:00\",\"dateModified\":\"2022-07-28T07:43:36+00:00\",\"description\":\"Descubre las soluciones de Rierge para el mecanizado de materiales avanzados como Resinas fen\u00f3licas, Paneles Composites, Honeycomb, Corian, Fibra de vidrio, Fibra de carbono y Panel S\u00e1ndwich | Rierge\",\"breadcrumb\":{\"@id\":\"https:\/\/rierge.com\/rierge\/delegacines\/#breadcrumb\"},\"inLanguage\":\"es\",\"potentialAction\":[{\"@type\":\"ReadAction\",\"target\":[\"https:\/\/rierge.com\/rierge\/delegacines\/\"]}]},{\"@type\":\"ImageObject\",\"inLanguage\":\"es\",\"@id\":\"https:\/\/rierge.com\/rierge\/delegacines\/#primaryimage\",\"url\":\"https:\/\/rierge.com\/wp-content\/uploads\/2017\/03\/b_compania_materiales-avanzados.jpg\",\"contentUrl\":\"https:\/\/rierge.com\/wp-content\/uploads\/2017\/03\/b_compania_materiales-avanzados.jpg\",\"width\":1000,\"height\":400},{\"@type\":\"BreadcrumbList\",\"@id\":\"https:\/\/rierge.com\/rierge\/delegacines\/#breadcrumb\",\"itemListElement\":[{\"@type\":\"ListItem\",\"position\":1,\"name\":\"Home\",\"item\":\"https:\/\/rierge.com\/\"},{\"@type\":\"ListItem\",\"position\":2,\"name\":\"Compa\u00f1\u00eda\",\"item\":\"https:\/\/rierge.com\/\"},{\"@type\":\"ListItem\",\"position\":3,\"name\":\"Mecanizado Materiales Avanzados\"}]},{\"@type\":\"WebSite\",\"@id\":\"https:\/\/rierge.com\/en\/#website\",\"url\":\"https:\/\/rierge.com\/en\/\",\"name\":\"RIERGE\",\"description\":\"\",\"publisher\":{\"@id\":\"https:\/\/rierge.com\/en\/#organization\"},\"potentialAction\":[{\"@type\":\"SearchAction\",\"target\":{\"@type\":\"EntryPoint\",\"urlTemplate\":\"https:\/\/rierge.com\/en\/?s={search_term_string}\"},\"query-input\":{\"@type\":\"PropertyValueSpecification\",\"valueRequired\":true,\"valueName\":\"search_term_string\"}}],\"inLanguage\":\"es\"},{\"@type\":\"Organization\",\"@id\":\"https:\/\/rierge.com\/en\/#organization\",\"name\":\"Rierge\",\"url\":\"https:\/\/rierge.com\/en\/\",\"logo\":{\"@type\":\"ImageObject\",\"inLanguage\":\"es\",\"@id\":\"https:\/\/rierge.com\/en\/#\/schema\/logo\/image\/\",\"url\":\"https:\/\/rierge.com\/wp-content\/uploads\/2017\/06\/logo-rierge-desde-1954.jpg\",\"contentUrl\":\"https:\/\/rierge.com\/wp-content\/uploads\/2017\/06\/logo-rierge-desde-1954.jpg\",\"width\":180,\"height\":50,\"caption\":\"Rierge\"},\"image\":{\"@id\":\"https:\/\/rierge.com\/en\/#\/schema\/logo\/image\/\"}}]}<\/script>\n<!-- \/ Yoast SEO Premium plugin. -->","yoast_head_json":{"title":"[:es]Mecanizado Materiales Avanzados[:ca]Materials Avan\u00e7ats[:en]Advanced Materials[:fr]Mat\u00e9riaux Avanc\u00e9s[:pb]Materiais Avan\u00e7ados[:] - RIERGE","description":"Descubre las soluciones de Rierge para el mecanizado de materiales avanzados como Resinas fen\u00f3licas, Paneles Composites, Honeycomb, Corian, Fibra de vidrio, Fibra de carbono y Panel S\u00e1ndwich | Rierge","robots":{"index":"index","follow":"follow","max-snippet":"max-snippet:-1","max-image-preview":"max-image-preview:large","max-video-preview":"max-video-preview:-1"},"canonical":"https:\/\/rierge.com\/rierge\/delegacines\/","og_locale":"es_ES","og_type":"article","og_title":"[:es]Mecanizado Materiales Avanzados[:ca]Materials Avan\u00e7ats[:en]Advanced Materials[:fr]Mat\u00e9riaux Avanc\u00e9s[:pb]Materiais Avan\u00e7ados[:]","og_description":"La irrupci\u00f3n de nuevos materiales desde hace unos a\u00f1os tanto en la construcci\u00f3n civil como en la industria en general y en particular en el sector","og_url":"https:\/\/rierge.com\/rierge\/delegacines\/","og_site_name":"RIERGE","article_modified_time":"2022-07-28T07:43:36+00:00","og_image":[{"width":1000,"height":400,"url":"https:\/\/rierge.com\/wp-content\/uploads\/2017\/03\/b_compania_materiales-avanzados.jpg","type":"image\/jpeg"}],"twitter_card":"summary_large_image","twitter_misc":{"Tiempo de lectura":"32 minutos"},"schema":{"@context":"https:\/\/schema.org","@graph":[{"@type":"WebPage","@id":"https:\/\/rierge.com\/rierge\/delegacines\/","url":"https:\/\/rierge.com\/rierge\/delegacines\/","name":"[:es]Mecanizado Materiales Avanzados[:ca]Materials Avan\u00e7ats[:en]Advanced Materials[:fr]Mat\u00e9riaux Avanc\u00e9s[:pb]Materiais Avan\u00e7ados[:] - RIERGE","isPartOf":{"@id":"https:\/\/rierge.com\/en\/#website"},"primaryImageOfPage":{"@id":"https:\/\/rierge.com\/rierge\/delegacines\/#primaryimage"},"image":{"@id":"https:\/\/rierge.com\/rierge\/delegacines\/#primaryimage"},"thumbnailUrl":"https:\/\/rierge.com\/wp-content\/uploads\/2017\/03\/b_compania_materiales-avanzados.jpg","datePublished":"2017-03-23T14:32:50+00:00","dateModified":"2022-07-28T07:43:36+00:00","description":"Descubre las soluciones de Rierge para el mecanizado de materiales avanzados como Resinas fen\u00f3licas, Paneles Composites, Honeycomb, Corian, Fibra de vidrio, Fibra de carbono y Panel S\u00e1ndwich | Rierge","breadcrumb":{"@id":"https:\/\/rierge.com\/rierge\/delegacines\/#breadcrumb"},"inLanguage":"es","potentialAction":[{"@type":"ReadAction","target":["https:\/\/rierge.com\/rierge\/delegacines\/"]}]},{"@type":"ImageObject","inLanguage":"es","@id":"https:\/\/rierge.com\/rierge\/delegacines\/#primaryimage","url":"https:\/\/rierge.com\/wp-content\/uploads\/2017\/03\/b_compania_materiales-avanzados.jpg","contentUrl":"https:\/\/rierge.com\/wp-content\/uploads\/2017\/03\/b_compania_materiales-avanzados.jpg","width":1000,"height":400},{"@type":"BreadcrumbList","@id":"https:\/\/rierge.com\/rierge\/delegacines\/#breadcrumb","itemListElement":[{"@type":"ListItem","position":1,"name":"Home","item":"https:\/\/rierge.com\/"},{"@type":"ListItem","position":2,"name":"Compa\u00f1\u00eda","item":"https:\/\/rierge.com\/"},{"@type":"ListItem","position":3,"name":"Mecanizado Materiales Avanzados"}]},{"@type":"WebSite","@id":"https:\/\/rierge.com\/en\/#website","url":"https:\/\/rierge.com\/en\/","name":"RIERGE","description":"","publisher":{"@id":"https:\/\/rierge.com\/en\/#organization"},"potentialAction":[{"@type":"SearchAction","target":{"@type":"EntryPoint","urlTemplate":"https:\/\/rierge.com\/en\/?s={search_term_string}"},"query-input":{"@type":"PropertyValueSpecification","valueRequired":true,"valueName":"search_term_string"}}],"inLanguage":"es"},{"@type":"Organization","@id":"https:\/\/rierge.com\/en\/#organization","name":"Rierge","url":"https:\/\/rierge.com\/en\/","logo":{"@type":"ImageObject","inLanguage":"es","@id":"https:\/\/rierge.com\/en\/#\/schema\/logo\/image\/","url":"https:\/\/rierge.com\/wp-content\/uploads\/2017\/06\/logo-rierge-desde-1954.jpg","contentUrl":"https:\/\/rierge.com\/wp-content\/uploads\/2017\/06\/logo-rierge-desde-1954.jpg","width":180,"height":50,"caption":"Rierge"},"image":{"@id":"https:\/\/rierge.com\/en\/#\/schema\/logo\/image\/"}}]}},"_links":{"self":[{"href":"https:\/\/rierge.com\/es\/wp-json\/wp\/v2\/pages\/14","targetHints":{"allow":["GET"]}}],"collection":[{"href":"https:\/\/rierge.com\/es\/wp-json\/wp\/v2\/pages"}],"about":[{"href":"https:\/\/rierge.com\/es\/wp-json\/wp\/v2\/types\/page"}],"author":[{"embeddable":true,"href":"https:\/\/rierge.com\/es\/wp-json\/wp\/v2\/users\/1"}],"replies":[{"embeddable":true,"href":"https:\/\/rierge.com\/es\/wp-json\/wp\/v2\/comments?post=14"}],"version-history":[{"count":0,"href":"https:\/\/rierge.com\/es\/wp-json\/wp\/v2\/pages\/14\/revisions"}],"up":[{"embeddable":true,"href":"https:\/\/rierge.com\/es\/wp-json\/wp\/v2\/pages\/23"}],"wp:featuredmedia":[{"embeddable":true,"href":"https:\/\/rierge.com\/es\/wp-json\/wp\/v2\/media\/1690"}],"wp:attachment":[{"href":"https:\/\/rierge.com\/es\/wp-json\/wp\/v2\/media?parent=14"}],"curies":[{"name":"wp","href":"https:\/\/api.w.org\/{rel}","templated":true}]}}