                 
                                       
                                       
                                       
                                       
                                       
                                       
                                       
                                       
                                       
                                       
                                       
                                       
                                       
                                         
                                       
                                       
                                       
                                       
                                       
                                       
                                       
                                       
                                       
                                       
                                       
                                       
                                       
                                         
                                       
                                       
                                       
                                       
                                       
                                       
                                       
                                       
                                       
                                       
                                       
                                       
                                       
                                         
                                       
                                       
                                       
                                       
                                       
                                       
                                       
                                       
                                       
                                       
                                       
                                       
                                       
                                         
                                       
                                       
                                       
                                       
                                       
                                       
                                       
                                       
                                       
                                       
                                       
                                       
                                       
                        {"id":12,"date":"2017-03-23T14:32:34","date_gmt":"2017-03-23T14:32:34","guid":{"rendered":"http:\/\/rierge.com\/?page_id=12"},"modified":"2024-05-08T09:52:58","modified_gmt":"2024-05-08T09:52:58","slug":"sobre-nosostros","status":"publish","type":"page","link":"https:\/\/rierge.com\/es\/rierge\/sobre-nosostros\/","title":{"rendered":"Sobre Nosotros"},"content":{"rendered":"<p><\/p>\n<table cellspacing=\"25\">\n<tbody>\n<tr>\n<td style=\"width: 25%; vertical-align: top;\">\n<div class=\"list-mark\">\n<h3>PRESENTES EN LOS SECTORES<\/h3>\n<ul>\n<li style=\"list-style-type: none;\">\n<ul>\n<li>Aeroespacial<\/li>\n<li>Automotriz<\/li>\n<li>Ferrovial<\/li>\n<li>Solid Surface<\/li>\n<li>Fabricaci\u00f3n de Muebles<\/li>\n<li>Fabricaci\u00f3n de puertas, ventanas y escaleras<\/li>\n<\/ul>\n<\/li>\n<\/ul>\n<\/div>\n<div class=\"clear padding-top-20\">\u00a0<\/div>\n<div class=\"list-mark\">\n<h3>MECANIZADO DE MATERIALES COMO<\/h3>\n<ul>\n<li>Resinas<\/li>\n<li>Composites<\/li>\n<li>Materiales Tecnol\u00f3gicos<\/li>\n<li>Fibra de carbono<\/li>\n<li>Madera<\/li>\n<li>Aluminio<\/li>\n<li>Pl\u00e1stico<\/li>\n<\/ul>\n<\/div>\n<\/td>\n<td style=\"text-align: justify;\">\n<p>Rierge se fund\u00f3 en 1954 y desde 1990 est\u00e1 especializada en el dise\u00f1o y fabricaci\u00f3n de Centros de Mecanizado CNC, para diferentes sectores Industriales, mecanizando materiales diversos.<\/p>\n<p>En nuestras plantas de Mollet y Martorelles (Barcelona) se realiza la fabricaci\u00f3n de los centros de mecanizado CNC al completo.<\/p>\n<p><strong>En RIERGE<\/strong><br \/>\n\u2013 Desarrollamos sus proyectos.<br \/>\n\u2013 Dise\u00f1amos soluciones.<br \/>\n\u2013 Desarrollamos Software para usuario.<br \/>\n\u2013 Programamos los PLC\u2019s de los equipos<br \/>\n\u2013 Realizamos la soldadura, plegado y mecanizado de las estructuras.<br \/>\n\u2013 Dise\u00f1amos y montamos los cuadros el\u00e9ctricos de las m\u00e1quinas.<br \/>\n\u2013 Ensamblamos en nuestras instalaciones las diferentes partes.<br \/>\n\u2013 Parametrizamos y programamos el CNC.<br \/>\n\u2013 Instalamos y proporcionamos formaci\u00f3n de nuestros productos.<\/p>\n<p><em>TODO ELLO, GRACIAS AL EQUIPO T\u00c9CNICO EN PLANTILLA DE RIERGE.<\/em><\/p>\n<p>El constante cambio de tendencias, la evoluci\u00f3n inexorable de la tecnolog\u00eda y los nuevos materiales a mecanizar, nos obliga a estar atentos al mercado y desarrollar las herramientas y m\u00e1quinas necesarias adaptadas a las nuevas exigencias del mercado.<\/p>\n<p>Actualmente otros materiales est\u00e1n siendo integrados en la industria en general, como son las resinas, composites, corian, alucob\u00f3n, Honeycomb, Fibra de vidrio, Fibra carbono, Panel s\u00e1ndwich\u2026 que son combinados o sustituyen los materiales tradicionales.<\/p>\n<p>&nbsp;<\/p>\n<p>&nbsp;<\/p>\n<h3><strong>LOS SECTORES APLICATIVOS<\/strong><\/h3>\n<p><strong>Materiales avanzados, composites y aluminio:<\/strong><br \/>\nCentros de mecanizado a Control Num\u00e9rico, para el mecanizado de aluminio y materiales compuestos.<br \/>\nEste ha sido el departamento m\u00e1s innovador de la empresa, donde la evoluci\u00f3n de estos materiales ha sido el protagonista absoluto. RIERGE ha invertido en desarrollar diferentes soluciones para el poder suministrar a sectores innovadores como el aeroespacial, el automovil\u00edstico, el sector n\u00e1utico, el ferrovial y muchos m\u00e1s.<\/p>\n<p><strong>Pl\u00e1stico:<\/strong><br \/>\nCentros de mecanizado de Control Num\u00e9rico, para el mecanizado de materiales pl\u00e1sticos y composites.<\/p>\n<p><strong>Madera:<\/strong><br \/>\nCentros de mecanizado a Control Num\u00e9rico (CNC) para trabajar madera. Disponemos de m\u00e1quinas espec\u00edficas para el mecanizado de puertas, ventanas, escaleras y l\u00edneas autom\u00e1ticas de producci\u00f3n para tablero y puertas.<\/p>\n<\/td>\n<\/tr>\n<tr>\n<td style=\"width: 25%; text-align: right; vertical-align: middle;\"><span style=\"color: #808080; font-size: 14pt;\">CON RIERGE DISPONDR\u00c1 DE UNA SOLUCI\u00d3N INTEGRAL DE M\u00c1QUINA\/SOFTWARE<\/span><\/td>\n<td style=\"text-align: justify;\">\n<h3>\u00a0<\/h3>\n<h3>ASESORAMIENTO COMERCIAL<\/h3>\n<p>En Rierge asesoramos a nuestros clientes en la elecci\u00f3n de la soluci\u00f3n m\u00e1s adecuada a sus necesidades.<\/p>\n<p>En la actualidad, el mercado exige una producci\u00f3n flexible y din\u00e1mica, por lo que es esencial escoger el formato de m\u00e1quina m\u00e1s adecuado y el software que se adapte al producto final que deseamos fabricar.<\/p>\n<p>Nuestra extensa gama de m\u00e1quinas dise\u00f1adas para cada sector productivo hace que Rierge pueda ofrecerle la soluci\u00f3n m\u00e1s interesante y productiva.<\/p>\n<p>Con Rierge dispondr\u00e1 de una soluci\u00f3n integral de m\u00e1quina\/software.<\/p>\n<p>Adem\u00e1s, le ofrecemos la posibilidad de automatizar sus procesos con sistemas de carga y descarga, todo ello gestionado desde un \u00fanico software.<\/p>\n<p>Nuestro equipo comercial junto a nuestro departamento t\u00e9cnico, est\u00e1 capacitado para asesorarle en escoger la mejor soluci\u00f3n personalizada.<\/p>\n<\/td>\n<\/tr>\n<tr>\n<td style=\"width: 25%; text-align: right; vertical-align: middle;\"><span style=\"color: #808080; font-size: 14pt;\">DISPONEMOS DE SHOWROOM PARA DEMOSTRACIONES DE M\u00c1QUINAS Y PRESENTACIONES DE SOFTWARE<\/span><\/td>\n<td>\n<h3>\u00a0<\/h3>\n<h3 style=\"text-align: justify;\">SHOWROOM DE DEMOSTRACIONES<\/h3>\n<p style=\"text-align: justify;\">En nuestras instalaciones de Martorelles disponemos de una Sala preparada para la realizaci\u00f3n de demostraciones de m\u00e1quinas y presentaciones de software, de forma que nuestro cliente pude ver la funcionalidad de la conjunci\u00f3n de ambas facetas.<\/p>\n<p style=\"text-align: justify;\">Este servicio, nos permite poder realizar pruebas de materiales y herramientas, otro de los factores importantes para el buen funcionamiento de la instalaci\u00f3n.<\/p>\n<p style=\"text-align: justify;\">En este espacio, se realizan coloquios y formaci\u00f3n para los equipos de ventas y dise\u00f1o de nuestros clientes, para ofrecerles argumentos de venta de los productos dise\u00f1ados y elaborados con las soluciones integradas de Rierge.<\/p>\n<p style=\"text-align: justify;\">Este servicio est\u00e1 a su disposici\u00f3n, no dude en contactar con nuestro departamento de Marketing para la programaci\u00f3n del evento.<\/p>\n<\/td>\n<\/tr>\n<tr>\n<td style=\"width: 25%; text-align: right; vertical-align: middle;\"><span style=\"color: #808080; font-size: 14pt;\">RIERGE DESARROLLA<br \/>\nCONSTANTEMENTE<br \/>\nNUEVOS PRODUCTOS<\/span><\/td>\n<td>\n<h3 style=\"text-align: justify;\">TECNOLOG\u00cdA &amp; DESARROLLO<\/h3>\n<p style=\"text-align: justify;\">En Rierge desarrollamos nuestros productos a trav\u00e9s de nuestra oficina t\u00e9cnica, construimos en nuestras instalaciones todos los componentes de calderer\u00eda, desarrollamos nuestro propio software y adaptamos soluciones de mercado a nuestros productos.<\/p>\n<p style=\"text-align: justify;\">Nuestras m\u00e1quinas siguen unos estrictos procesos de calidad, donde todos los componentes que han sido soldados o que, por su proceso de fabricaci\u00f3n, est\u00e1n expuestas a altas temperaturas son sometidos a un proceso de estabilizado.<\/p>\n<p style=\"text-align: justify;\">En el proceso de acabado de la construcci\u00f3n todos los ejes son comparados, ajustados, escuadrados y compensados, con elementos de alta precisi\u00f3n, para garantizar precisi\u00f3n y calidad en los acabados de sus productos, adem\u00e1s de una durabilidad de los componentes mec\u00e1nicos de tracci\u00f3n y traslaci\u00f3n.<\/p>\n<p style=\"text-align: justify;\">Rierge desarrolla constantemente nuevos productos y mejoras en los existentes, siendo un l\u00edder mundial del sector.<\/p>\n<\/td>\n<\/tr>\n<tr>\n<td style=\"width: 25%; text-align: right; vertical-align: middle;\"><span style=\"color: #808080; font-size: 14pt;\">CONSIGA UNA MAYOR PRODUCTIVIDAD CON NUESTRAS SOLUCIONES DE AUTOMATIZACI\u00d3N<\/span><\/td>\n<td>\n<h3>\u00a0<\/h3>\n<h3 style=\"text-align: justify;\">SOLUCIONES DE AUTOMATIZACI\u00d3N<\/h3>\n<p style=\"text-align: justify;\">Para alcanzar de forma constante la esperada productividad, cada m\u00e1quina de mecanizado depende de la carga y descarga de piezas sin interrupciones. Para ello, hemos desarrollado diferentes sistemas para que las m\u00e1quinas trabajen sin interrupciones y de forma autom\u00e1tica.<\/p>\n<p style=\"text-align: justify;\">Disponemos de cargadores telesc\u00f3picos para la carga de panel y manipuladores de ventosas para la carga, descarga y apilado de puertas, todo ello controlado desde un \u00fanico punto y con conexi\u00f3n a su ERP.<\/p>\n<ul>\n<li style=\"text-align: justify;\"><strong>Dise\u00f1o y fabricaci\u00f3n de acuerdo con sus necesidades.<\/strong><\/li>\n<li style=\"text-align: justify;\"><strong>Controlado desde un \u00fanico punto y un solo programa.<\/strong><\/li>\n<li style=\"text-align: justify;\"><strong>Conexi\u00f3n para Teleservice.<\/strong><\/li>\n<li style=\"text-align: justify;\"><strong>Fabricaci\u00f3n inteligente.<\/strong><\/li>\n<\/ul>\n<\/td>\n<\/tr>\n<\/tbody>\n<\/table>\n<p style=\"text-align: center;\"><ul class=\"videos\"><li class=\"grid-100\"><iframe loading=\"lazy\" width=\"560\" height=\"315\" src=\"https:\/\/www.youtube.com\/embed\/-gKU6_L2QkE?rel=0\" frameborder=\"0\" allowfullscreen><\/iframe><\/ul><\/p>\n<p style=\"text-align: justify;\"><div class=\"contenedor-colaboradores\"><h2>Colaboradores<\/h2><p class=\"sub-titulo\"><\/p><ul class=\"colaboradores\"><li class=\"slide\"><a href=\"https:\/\/www.siemens.com\" target=\"_blank\"><img decoding=\"async\" src=\"https:\/\/rierge.com\/wp-content\/uploads\/2017\/03\/siemens-125x55.jpg\" alt=\" \" \/><\/a><\/li><li class=\"slide\"><a href=\"http:\/\/www.schaeffler.es\" target=\"_blank\"><img decoding=\"async\" src=\"https:\/\/rierge.com\/wp-content\/uploads\/2017\/03\/schaeffler-125x55.jpg\" alt=\" \" \/><\/a><\/li><li class=\"slide\"><a href=\"https:\/\/www.becker-international.com\/index.php?id=1&lang=003&func=&list=&shop_obj=&shop_index=\" target=\"_blank\"><img decoding=\"async\" src=\"https:\/\/rierge.com\/wp-content\/uploads\/2017\/03\/becker-125x55.jpg\" alt=\" \" \/><\/a><\/li><li class=\"slide\"><a href=\"http:\/\/www.buschvacuum.com\" target=\"_blank\"><img decoding=\"async\" src=\"https:\/\/rierge.com\/wp-content\/uploads\/2017\/03\/busch-125x55.jpg\" alt=\" \" \/><\/a><\/li><li class=\"slide\"><a href=\"http:\/\/www.raabe-software.de\/?lang=en&s=\" target=\"_blank\"><img decoding=\"async\" src=\"https:\/\/rierge.com\/wp-content\/uploads\/2017\/03\/twin-cam-125x55.jpg\" alt=\" \" \/><\/a><\/li><li class=\"slide\"><a href=\"https:\/\/teowin.com\" target=\"_blank\"><img decoding=\"async\" src=\"https:\/\/rierge.com\/wp-content\/uploads\/2024\/08\/Teowin_Compacto_Negativo_Blanco_redu-125x106.jpg\" alt=\" \" \/><\/a><\/li><li class=\"slide\"><a href=\"https:\/\/www.ddxgroup.com\/es\/software\" target=\"_blank\"><img decoding=\"async\" src=\"https:\/\/rierge.com\/wp-content\/uploads\/2017\/03\/1580726226-DDX-Logo-LINEAR-VERSION-white-125x38.png\" alt=\" \" \/><\/a><\/li><li class=\"slide\"><a href=\"http:\/\/www.gabarro.com\/es\/\" target=\"_blank\"><img decoding=\"async\" src=\"https:\/\/rierge.com\/wp-content\/uploads\/2017\/10\/Logo_Gabarro_3-web-125x42.jpg\" alt=\" \" \/><\/a><\/li><li class=\"slide\"><a href=\"http:\/\/www.gamo.com\/?lang=es\" target=\"_blank\"><img decoding=\"async\" src=\"https:\/\/rierge.com\/wp-content\/uploads\/2017\/10\/gamo1-125x31.jpg\" alt=\" \" \/><\/a><\/li><li class=\"slide\"><a href=\"https:\/\/www.prodim-systems.com\" target=\"_blank\"><img decoding=\"async\" src=\"https:\/\/rierge.com\/wp-content\/uploads\/2017\/03\/prodim-125x55.jpg\" alt=\" \" \/><\/a><\/li><li class=\"slide\"><a href=\"https:\/\/www.geodetic.com\" target=\"_blank\"><img decoding=\"async\" src=\"https:\/\/rierge.com\/wp-content\/uploads\/2017\/03\/nub3d-125x55.jpg\" alt=\" \" \/><\/a><\/li><li class=\"slide\"><a href=\"http:\/\/www.mia-cg.com\/\" target=\"_blank\"><img decoding=\"async\" src=\"https:\/\/rierge.com\/wp-content\/uploads\/2017\/03\/mia-125x55.jpg\" alt=\" \" \/><\/a><\/li><li class=\"slide\"><a href=\"http:\/\/www.cenfim.org\" target=\"_blank\"><img decoding=\"async\" src=\"https:\/\/rierge.com\/wp-content\/uploads\/2017\/10\/cenfim-web-125x38.jpg\" alt=\" \" \/><\/a><\/li><li class=\"slide\"><a href=\"http:\/\/www.cumesoft.com\" target=\"_blank\"><img decoding=\"async\" src=\"https:\/\/rierge.com\/wp-content\/uploads\/2017\/03\/cumesoft-125x55.jpg\" alt=\" \" \/><\/a><\/li><\/ul><\/div><div class=\"clear\"><\/div><\/p>\n<p style=\"text-align: justify;\">\u00a0<\/p>\n<p><\/p>","protected":false},"excerpt":{"rendered":"<p>PRESENTES EN LOS SECTORES Aeroespacial Automotriz Ferrovial Solid Surface Fabricaci\u00f3n de Muebles Fabricaci\u00f3n de puertas, ventanas y escaleras \u00a0 MECANIZADO DE MATERIALES COMO Resinas Composites Materiales Tecnol\u00f3gicos Fibra de carbono Madera Aluminio Pl\u00e1stico Rierge se fund\u00f3 en 1954 y desde 1990 est\u00e1 especializada en el dise\u00f1o y fabricaci\u00f3n de Centros de Mecanizado CNC, para diferentes [&hellip;]<\/p>\n","protected":false},"author":1,"featured_media":1615,"parent":23,"menu_order":6,"comment_status":"closed","ping_status":"closed","template":"","meta":{"_mc_calendar":[],"footnotes":""},"class_list":["post-12","page","type-page","status-publish","has-post-thumbnail","hentry"],"yoast_head":"<!-- This site is optimized with the Yoast SEO Premium plugin v18.4 (Yoast SEO v24.9) - https:\/\/yoast.com\/wordpress\/plugins\/seo\/ -->\n<title>Sobre Nosotros - RIERGE<\/title>\n<meta name=\"description\" content=\"Rierge se fund\u00f3 en 1954 y desde 1990 est\u00e1 especializada en el dise\u00f1o y fabricaci\u00f3n de Centros de Mecanizado CNC, para diferentes sectores Industriales, mecanizando materiales diversos.\" \/>\n<meta name=\"robots\" content=\"index, follow, max-snippet:-1, max-image-preview:large, max-video-preview:-1\" \/>\n<link rel=\"canonical\" href=\"https:\/\/rierge.com\/rierge\/sobre-nosostros\/\" \/>\n<meta property=\"og:locale\" content=\"es_ES\" \/>\n<meta property=\"og:type\" content=\"article\" \/>\n<meta property=\"og:title\" content=\"[:es]Sobre Nosotros[:ca]Sobre Nosaltres[:en]About Us[:fr]\u00c0 propos de nous[:pb]Sobre Nosotros[:]\" \/>\n<meta property=\"og:description\" content=\"PRESENTES EN LOS SECTORES Aeroespacial Automotriz Ferrovial Solid Surface Fabricaci\u00f3n de Muebles Fabricaci\u00f3n de puertas, ventanas y escaleras \u00a0 MECANIZADO\" \/>\n<meta property=\"og:url\" content=\"https:\/\/rierge.com\/rierge\/sobre-nosostros\/\" \/>\n<meta property=\"og:site_name\" content=\"RIERGE\" \/>\n<meta property=\"article:modified_time\" content=\"2024-05-08T09:52:58+00:00\" \/>\n<meta property=\"og:image\" content=\"https:\/\/rierge.com\/wp-content\/uploads\/2017\/03\/b_compania_sobre-nosotros.jpg\" \/>\n\t<meta property=\"og:image:width\" content=\"1000\" \/>\n\t<meta property=\"og:image:height\" content=\"400\" \/>\n\t<meta property=\"og:image:type\" content=\"image\/jpeg\" \/>\n<meta name=\"twitter:card\" content=\"summary_large_image\" \/>\n<meta name=\"twitter:label1\" content=\"Tiempo de lectura\" \/>\n\t<meta name=\"twitter:data1\" content=\"4 minutos\" \/>\n<script type=\"application\/ld+json\" class=\"yoast-schema-graph\">{\"@context\":\"https:\/\/schema.org\",\"@graph\":[{\"@type\":\"WebPage\",\"@id\":\"https:\/\/rierge.com\/rierge\/sobre-nosostros\/\",\"url\":\"https:\/\/rierge.com\/rierge\/sobre-nosostros\/\",\"name\":\"[:es]Sobre Nosotros[:ca]Sobre Nosaltres[:en]About Us[:fr]\u00c0 propos de nous[:pb]Sobre Nosotros[:] - RIERGE\",\"isPartOf\":{\"@id\":\"https:\/\/rierge.com\/en\/#website\"},\"primaryImageOfPage\":{\"@id\":\"https:\/\/rierge.com\/rierge\/sobre-nosostros\/#primaryimage\"},\"image\":{\"@id\":\"https:\/\/rierge.com\/rierge\/sobre-nosostros\/#primaryimage\"},\"thumbnailUrl\":\"https:\/\/rierge.com\/wp-content\/uploads\/2017\/03\/b_compania_sobre-nosotros.jpg\",\"datePublished\":\"2017-03-23T14:32:34+00:00\",\"dateModified\":\"2024-05-08T09:52:58+00:00\",\"description\":\"Rierge se fund\u00f3 en 1954 y desde 1990 est\u00e1 especializada en el dise\u00f1o y fabricaci\u00f3n de Centros de Mecanizado CNC, para diferentes sectores Industriales, mecanizando materiales diversos.\",\"breadcrumb\":{\"@id\":\"https:\/\/rierge.com\/rierge\/sobre-nosostros\/#breadcrumb\"},\"inLanguage\":\"es\",\"potentialAction\":[{\"@type\":\"ReadAction\",\"target\":[\"https:\/\/rierge.com\/rierge\/sobre-nosostros\/\"]}]},{\"@type\":\"ImageObject\",\"inLanguage\":\"es\",\"@id\":\"https:\/\/rierge.com\/rierge\/sobre-nosostros\/#primaryimage\",\"url\":\"https:\/\/rierge.com\/wp-content\/uploads\/2017\/03\/b_compania_sobre-nosotros.jpg\",\"contentUrl\":\"https:\/\/rierge.com\/wp-content\/uploads\/2017\/03\/b_compania_sobre-nosotros.jpg\",\"width\":1000,\"height\":400},{\"@type\":\"BreadcrumbList\",\"@id\":\"https:\/\/rierge.com\/rierge\/sobre-nosostros\/#breadcrumb\",\"itemListElement\":[{\"@type\":\"ListItem\",\"position\":1,\"name\":\"Home\",\"item\":\"https:\/\/rierge.com\/\"},{\"@type\":\"ListItem\",\"position\":2,\"name\":\"Compa\u00f1\u00eda\",\"item\":\"https:\/\/rierge.com\/\"},{\"@type\":\"ListItem\",\"position\":3,\"name\":\"Sobre Nosotros\"}]},{\"@type\":\"WebSite\",\"@id\":\"https:\/\/rierge.com\/en\/#website\",\"url\":\"https:\/\/rierge.com\/en\/\",\"name\":\"RIERGE\",\"description\":\"\",\"publisher\":{\"@id\":\"https:\/\/rierge.com\/en\/#organization\"},\"potentialAction\":[{\"@type\":\"SearchAction\",\"target\":{\"@type\":\"EntryPoint\",\"urlTemplate\":\"https:\/\/rierge.com\/en\/?s={search_term_string}\"},\"query-input\":{\"@type\":\"PropertyValueSpecification\",\"valueRequired\":true,\"valueName\":\"search_term_string\"}}],\"inLanguage\":\"es\"},{\"@type\":\"Organization\",\"@id\":\"https:\/\/rierge.com\/en\/#organization\",\"name\":\"Rierge\",\"url\":\"https:\/\/rierge.com\/en\/\",\"logo\":{\"@type\":\"ImageObject\",\"inLanguage\":\"es\",\"@id\":\"https:\/\/rierge.com\/en\/#\/schema\/logo\/image\/\",\"url\":\"https:\/\/rierge.com\/wp-content\/uploads\/2017\/06\/logo-rierge-desde-1954.jpg\",\"contentUrl\":\"https:\/\/rierge.com\/wp-content\/uploads\/2017\/06\/logo-rierge-desde-1954.jpg\",\"width\":180,\"height\":50,\"caption\":\"Rierge\"},\"image\":{\"@id\":\"https:\/\/rierge.com\/en\/#\/schema\/logo\/image\/\"}}]}<\/script>\n<!-- \/ Yoast SEO Premium plugin. -->","yoast_head_json":{"title":"[:es]Sobre Nosotros[:ca]Sobre Nosaltres[:en]About Us[:fr]\u00c0 propos de nous[:pb]Sobre Nosotros[:] - RIERGE","description":"Rierge se fund\u00f3 en 1954 y desde 1990 est\u00e1 especializada en el dise\u00f1o y fabricaci\u00f3n de Centros de Mecanizado CNC, para diferentes sectores Industriales, mecanizando materiales diversos.","robots":{"index":"index","follow":"follow","max-snippet":"max-snippet:-1","max-image-preview":"max-image-preview:large","max-video-preview":"max-video-preview:-1"},"canonical":"https:\/\/rierge.com\/rierge\/sobre-nosostros\/","og_locale":"es_ES","og_type":"article","og_title":"[:es]Sobre Nosotros[:ca]Sobre Nosaltres[:en]About Us[:fr]\u00c0 propos de nous[:pb]Sobre Nosotros[:]","og_description":"PRESENTES EN LOS SECTORES Aeroespacial Automotriz Ferrovial Solid Surface Fabricaci\u00f3n de Muebles Fabricaci\u00f3n de puertas, ventanas y escaleras \u00a0 MECANIZADO","og_url":"https:\/\/rierge.com\/rierge\/sobre-nosostros\/","og_site_name":"RIERGE","article_modified_time":"2024-05-08T09:52:58+00:00","og_image":[{"width":1000,"height":400,"url":"https:\/\/rierge.com\/wp-content\/uploads\/2017\/03\/b_compania_sobre-nosotros.jpg","type":"image\/jpeg"}],"twitter_card":"summary_large_image","twitter_misc":{"Tiempo de lectura":"4 minutos"},"schema":{"@context":"https:\/\/schema.org","@graph":[{"@type":"WebPage","@id":"https:\/\/rierge.com\/rierge\/sobre-nosostros\/","url":"https:\/\/rierge.com\/rierge\/sobre-nosostros\/","name":"[:es]Sobre Nosotros[:ca]Sobre Nosaltres[:en]About Us[:fr]\u00c0 propos de nous[:pb]Sobre Nosotros[:] - RIERGE","isPartOf":{"@id":"https:\/\/rierge.com\/en\/#website"},"primaryImageOfPage":{"@id":"https:\/\/rierge.com\/rierge\/sobre-nosostros\/#primaryimage"},"image":{"@id":"https:\/\/rierge.com\/rierge\/sobre-nosostros\/#primaryimage"},"thumbnailUrl":"https:\/\/rierge.com\/wp-content\/uploads\/2017\/03\/b_compania_sobre-nosotros.jpg","datePublished":"2017-03-23T14:32:34+00:00","dateModified":"2024-05-08T09:52:58+00:00","description":"Rierge se fund\u00f3 en 1954 y desde 1990 est\u00e1 especializada en el dise\u00f1o y fabricaci\u00f3n de Centros de Mecanizado CNC, para diferentes sectores Industriales, mecanizando materiales diversos.","breadcrumb":{"@id":"https:\/\/rierge.com\/rierge\/sobre-nosostros\/#breadcrumb"},"inLanguage":"es","potentialAction":[{"@type":"ReadAction","target":["https:\/\/rierge.com\/rierge\/sobre-nosostros\/"]}]},{"@type":"ImageObject","inLanguage":"es","@id":"https:\/\/rierge.com\/rierge\/sobre-nosostros\/#primaryimage","url":"https:\/\/rierge.com\/wp-content\/uploads\/2017\/03\/b_compania_sobre-nosotros.jpg","contentUrl":"https:\/\/rierge.com\/wp-content\/uploads\/2017\/03\/b_compania_sobre-nosotros.jpg","width":1000,"height":400},{"@type":"BreadcrumbList","@id":"https:\/\/rierge.com\/rierge\/sobre-nosostros\/#breadcrumb","itemListElement":[{"@type":"ListItem","position":1,"name":"Home","item":"https:\/\/rierge.com\/"},{"@type":"ListItem","position":2,"name":"Compa\u00f1\u00eda","item":"https:\/\/rierge.com\/"},{"@type":"ListItem","position":3,"name":"Sobre Nosotros"}]},{"@type":"WebSite","@id":"https:\/\/rierge.com\/en\/#website","url":"https:\/\/rierge.com\/en\/","name":"RIERGE","description":"","publisher":{"@id":"https:\/\/rierge.com\/en\/#organization"},"potentialAction":[{"@type":"SearchAction","target":{"@type":"EntryPoint","urlTemplate":"https:\/\/rierge.com\/en\/?s={search_term_string}"},"query-input":{"@type":"PropertyValueSpecification","valueRequired":true,"valueName":"search_term_string"}}],"inLanguage":"es"},{"@type":"Organization","@id":"https:\/\/rierge.com\/en\/#organization","name":"Rierge","url":"https:\/\/rierge.com\/en\/","logo":{"@type":"ImageObject","inLanguage":"es","@id":"https:\/\/rierge.com\/en\/#\/schema\/logo\/image\/","url":"https:\/\/rierge.com\/wp-content\/uploads\/2017\/06\/logo-rierge-desde-1954.jpg","contentUrl":"https:\/\/rierge.com\/wp-content\/uploads\/2017\/06\/logo-rierge-desde-1954.jpg","width":180,"height":50,"caption":"Rierge"},"image":{"@id":"https:\/\/rierge.com\/en\/#\/schema\/logo\/image\/"}}]}},"_links":{"self":[{"href":"https:\/\/rierge.com\/es\/wp-json\/wp\/v2\/pages\/12","targetHints":{"allow":["GET"]}}],"collection":[{"href":"https:\/\/rierge.com\/es\/wp-json\/wp\/v2\/pages"}],"about":[{"href":"https:\/\/rierge.com\/es\/wp-json\/wp\/v2\/types\/page"}],"author":[{"embeddable":true,"href":"https:\/\/rierge.com\/es\/wp-json\/wp\/v2\/users\/1"}],"replies":[{"embeddable":true,"href":"https:\/\/rierge.com\/es\/wp-json\/wp\/v2\/comments?post=12"}],"version-history":[{"count":7,"href":"https:\/\/rierge.com\/es\/wp-json\/wp\/v2\/pages\/12\/revisions"}],"predecessor-version":[{"id":7855,"href":"https:\/\/rierge.com\/es\/wp-json\/wp\/v2\/pages\/12\/revisions\/7855"}],"up":[{"embeddable":true,"href":"https:\/\/rierge.com\/es\/wp-json\/wp\/v2\/pages\/23"}],"wp:featuredmedia":[{"embeddable":true,"href":"https:\/\/rierge.com\/es\/wp-json\/wp\/v2\/media\/1615"}],"wp:attachment":[{"href":"https:\/\/rierge.com\/es\/wp-json\/wp\/v2\/media?parent=12"}],"curies":[{"name":"wp","href":"https:\/\/api.w.org\/{rel}","templated":true}]}}