{"id":571,"date":"2017-04-14T11:13:41","date_gmt":"2017-04-14T11:13:41","guid":{"rendered":"http:\/\/rierge.com\/?page_id=571"},"modified":"2023-04-12T16:23:57","modified_gmt":"2023-04-12T16:23:57","slug":"historia","status":"publish","type":"page","link":"https:\/\/rierge.com\/en\/rierge\/historia\/","title":{"rendered":"History"},"content":{"rendered":"<p><\/p>\n<table>\n<tbody>\n<tr>\n<td style=\"width: 30%;\">\n<table>\n<tbody>\n<tr>\n<td><img loading=\"lazy\" decoding=\"async\" src=\"http:\/\/rierge.com\/wp-content\/uploads\/2017\/04\/santi-riera_2-350x233.png\" alt=\"\" width=\"212\" height=\"212\" data-id=\"2168\"><\/td>\n<\/tr>\n<tr>\n<td><strong>Santi Riera<\/strong><br \/>\nGerente<\/td>\n<\/tr>\n<\/tbody>\n<\/table>\n<\/td>\n<td>\n<p style=\"text-align: justify;\"><strong>RIERGE<\/strong> was founded in 1954 by Mr. Santiago Riera Corretge and Mr. Andr\u00e9s Erra Fabregat, and was incorporated into a corporation in 1977.<\/p>\n<p style=\"text-align: justify;\">Company dedicated, since 60&#8217;s to the industrial sector, innovating and developing new products since then.<\/p>\n<p style=\"text-align: justify;\">Since the beggining of the 90&#8217;s we started the development of plasma and laser pantographs as well as numerical control machining centers. To date we have been developing different models and system to make machining centers much more productive.<\/p>\n<p style=\"text-align: justify;\">Our offer has been growing until achieving the most extensive range of machines and solutions to specific needs.<\/p>\n<p style=\"text-align: justify;\">We have specialized in the manufacture of &nbsp;customized machines to&nbsp;the needs of the customer and we have developed integral production lines. We have technical office and software development department.<\/p>\n<p style=\"text-align: justify;\">All the processes&nbsp;that make up the manufacture of machines are carried out in the plant of our company.<\/p>\n<p>At the moment we can offer complete production solutions with machining and manipulation of parts, in addition to ironwork&#8217;s inserting machines, automating to the maximum the processes.<\/p>\n<p style=\"text-align: justify;\">Worldwide RIERGE has distributors with qualified personnel to advise you about the best solution for your activity acquiring, as well as providing an after-sales service. We have our own delegations with technical service and commercial structure in Brasil and Mexico.<\/p>\n<\/td>\n<\/tr>\n<tr>\n<td style=\"width: 30%;\" colspan=\"2\"><img loading=\"lazy\" decoding=\"async\" class=\"aligncenter size-full wp-image-1491\" src=\"http:\/\/rierge.com\/wp-content\/uploads\/2017\/04\/mapa-compania.jpg\" alt=\"\" width=\"863\" height=\"550\" data-id=\"1491\" srcset=\"https:\/\/rierge.com\/wp-content\/uploads\/2017\/04\/mapa-compania.jpg 863w, https:\/\/rierge.com\/wp-content\/uploads\/2017\/04\/mapa-compania-600x382.jpg 600w, https:\/\/rierge.com\/wp-content\/uploads\/2017\/04\/mapa-compania-350x223.jpg 350w, https:\/\/rierge.com\/wp-content\/uploads\/2017\/04\/mapa-compania-768x489.jpg 768w, https:\/\/rierge.com\/wp-content\/uploads\/2017\/04\/mapa-compania-60x38.jpg 60w\" sizes=\"auto, (max-width: 863px) 100vw, 863px\" \/><\/td>\n<\/tr>\n<\/tbody>\n<\/table>\n<p><\/p>","protected":false},"excerpt":{"rendered":"<p>Santi Riera Gerente RIERGE was founded in 1954 by Mr. Santiago Riera Corretge and Mr. Andr\u00e9s Erra Fabregat, and was incorporated into a corporation in 1977. Company dedicated, since 60&#8217;s to the industrial sector, innovating and developing new products since then. Since the beggining of the 90&#8217;s we started the development of plasma and laser [&hellip;]<\/p>\n","protected":false},"author":1,"featured_media":1488,"parent":23,"menu_order":5,"comment_status":"closed","ping_status":"closed","template":"","meta":{"_mc_calendar":[],"footnotes":""},"class_list":["post-571","page","type-page","status-publish","has-post-thumbnail","hentry"],"yoast_head":"<!-- This site is optimized with the Yoast SEO Premium plugin v18.4 (Yoast SEO v24.9) - https:\/\/yoast.com\/wordpress\/plugins\/seo\/ -->\n<title>History - RIERGE<\/title>\n<meta name=\"description\" content=\"Empresa dedicada desde los 60 al sector Industrial, innovando y desarrollando nuevos productos desde entonces | Rierge\" \/>\n<meta name=\"robots\" content=\"index, follow, max-snippet:-1, max-image-preview:large, max-video-preview:-1\" \/>\n<link rel=\"canonical\" href=\"https:\/\/rierge.com\/rierge\/historia\/\" \/>\n<meta property=\"og:locale\" content=\"en_US\" \/>\n<meta property=\"og:type\" content=\"article\" \/>\n<meta property=\"og:title\" content=\"[:es]Historia[:ca]Hist\u00f2ria[:en]History[:fr]Histoire[:pb]Historia[:]\" \/>\n<meta property=\"og:description\" content=\"Santi Riera Gerente &nbsp; RIERGE se fund\u00f3 en el a\u00f1o 1954 por D. Santiago Riera Corretge y D. Andr\u00e9s Erra Fabregat, se constituy\u00f3 en sociedad an\u00f3nima en\" \/>\n<meta property=\"og:url\" content=\"https:\/\/rierge.com\/rierge\/historia\/\" \/>\n<meta property=\"og:site_name\" content=\"RIERGE\" \/>\n<meta property=\"article:modified_time\" content=\"2023-04-12T16:23:57+00:00\" \/>\n<meta property=\"og:image\" content=\"https:\/\/rierge.com\/wp-content\/uploads\/2017\/04\/b_compania_historia.jpg\" \/>\n\t<meta property=\"og:image:width\" content=\"1000\" \/>\n\t<meta property=\"og:image:height\" content=\"400\" \/>\n\t<meta property=\"og:image:type\" content=\"image\/jpeg\" \/>\n<meta name=\"twitter:card\" content=\"summary_large_image\" \/>\n<meta name=\"twitter:label1\" content=\"Est. reading time\" \/>\n\t<meta name=\"twitter:data1\" content=\"9 minutes\" \/>\n<script type=\"application\/ld+json\" class=\"yoast-schema-graph\">{\"@context\":\"https:\/\/schema.org\",\"@graph\":[{\"@type\":\"WebPage\",\"@id\":\"https:\/\/rierge.com\/rierge\/historia\/\",\"url\":\"https:\/\/rierge.com\/rierge\/historia\/\",\"name\":\"[:es]Historia[:ca]Hist\u00f2ria[:en]History[:fr]Histoire[:pb]Historia[:] - RIERGE\",\"isPartOf\":{\"@id\":\"https:\/\/rierge.com\/en\/#website\"},\"primaryImageOfPage\":{\"@id\":\"https:\/\/rierge.com\/rierge\/historia\/#primaryimage\"},\"image\":{\"@id\":\"https:\/\/rierge.com\/rierge\/historia\/#primaryimage\"},\"thumbnailUrl\":\"https:\/\/rierge.com\/wp-content\/uploads\/2017\/04\/b_compania_historia.jpg\",\"datePublished\":\"2017-04-14T11:13:41+00:00\",\"dateModified\":\"2023-04-12T16:23:57+00:00\",\"description\":\"Empresa dedicada desde los 60 al sector Industrial, innovando y desarrollando nuevos productos desde entonces | Rierge\",\"breadcrumb\":{\"@id\":\"https:\/\/rierge.com\/rierge\/historia\/#breadcrumb\"},\"inLanguage\":\"en-US\",\"potentialAction\":[{\"@type\":\"ReadAction\",\"target\":[\"https:\/\/rierge.com\/rierge\/historia\/\"]}]},{\"@type\":\"ImageObject\",\"inLanguage\":\"en-US\",\"@id\":\"https:\/\/rierge.com\/rierge\/historia\/#primaryimage\",\"url\":\"https:\/\/rierge.com\/wp-content\/uploads\/2017\/04\/b_compania_historia.jpg\",\"contentUrl\":\"https:\/\/rierge.com\/wp-content\/uploads\/2017\/04\/b_compania_historia.jpg\",\"width\":1000,\"height\":400},{\"@type\":\"BreadcrumbList\",\"@id\":\"https:\/\/rierge.com\/rierge\/historia\/#breadcrumb\",\"itemListElement\":[{\"@type\":\"ListItem\",\"position\":1,\"name\":\"Home\",\"item\":\"https:\/\/rierge.com\/\"},{\"@type\":\"ListItem\",\"position\":2,\"name\":\"Compa\u00f1\u00eda\",\"item\":\"https:\/\/rierge.com\/\"},{\"@type\":\"ListItem\",\"position\":3,\"name\":\"Historia\"}]},{\"@type\":\"WebSite\",\"@id\":\"https:\/\/rierge.com\/en\/#website\",\"url\":\"https:\/\/rierge.com\/en\/\",\"name\":\"RIERGE\",\"description\":\"\",\"publisher\":{\"@id\":\"https:\/\/rierge.com\/en\/#organization\"},\"potentialAction\":[{\"@type\":\"SearchAction\",\"target\":{\"@type\":\"EntryPoint\",\"urlTemplate\":\"https:\/\/rierge.com\/en\/?s={search_term_string}\"},\"query-input\":{\"@type\":\"PropertyValueSpecification\",\"valueRequired\":true,\"valueName\":\"search_term_string\"}}],\"inLanguage\":\"en-US\"},{\"@type\":\"Organization\",\"@id\":\"https:\/\/rierge.com\/en\/#organization\",\"name\":\"Rierge\",\"url\":\"https:\/\/rierge.com\/en\/\",\"logo\":{\"@type\":\"ImageObject\",\"inLanguage\":\"en-US\",\"@id\":\"https:\/\/rierge.com\/en\/#\/schema\/logo\/image\/\",\"url\":\"https:\/\/rierge.com\/wp-content\/uploads\/2017\/06\/logo-rierge-desde-1954.jpg\",\"contentUrl\":\"https:\/\/rierge.com\/wp-content\/uploads\/2017\/06\/logo-rierge-desde-1954.jpg\",\"width\":180,\"height\":50,\"caption\":\"Rierge\"},\"image\":{\"@id\":\"https:\/\/rierge.com\/en\/#\/schema\/logo\/image\/\"}}]}<\/script>\n<!-- \/ Yoast SEO Premium plugin. -->","yoast_head_json":{"title":"[:es]Historia[:ca]Hist\u00f2ria[:en]History[:fr]Histoire[:pb]Historia[:] - RIERGE","description":"Empresa dedicada desde los 60 al sector Industrial, innovando y desarrollando nuevos productos desde entonces | Rierge","robots":{"index":"index","follow":"follow","max-snippet":"max-snippet:-1","max-image-preview":"max-image-preview:large","max-video-preview":"max-video-preview:-1"},"canonical":"https:\/\/rierge.com\/rierge\/historia\/","og_locale":"en_US","og_type":"article","og_title":"[:es]Historia[:ca]Hist\u00f2ria[:en]History[:fr]Histoire[:pb]Historia[:]","og_description":"Santi Riera Gerente &nbsp; RIERGE se fund\u00f3 en el a\u00f1o 1954 por D. Santiago Riera Corretge y D. Andr\u00e9s Erra Fabregat, se constituy\u00f3 en sociedad an\u00f3nima en","og_url":"https:\/\/rierge.com\/rierge\/historia\/","og_site_name":"RIERGE","article_modified_time":"2023-04-12T16:23:57+00:00","og_image":[{"width":1000,"height":400,"url":"https:\/\/rierge.com\/wp-content\/uploads\/2017\/04\/b_compania_historia.jpg","type":"image\/jpeg"}],"twitter_card":"summary_large_image","twitter_misc":{"Est. reading time":"9 minutes"},"schema":{"@context":"https:\/\/schema.org","@graph":[{"@type":"WebPage","@id":"https:\/\/rierge.com\/rierge\/historia\/","url":"https:\/\/rierge.com\/rierge\/historia\/","name":"[:es]Historia[:ca]Hist\u00f2ria[:en]History[:fr]Histoire[:pb]Historia[:] - RIERGE","isPartOf":{"@id":"https:\/\/rierge.com\/en\/#website"},"primaryImageOfPage":{"@id":"https:\/\/rierge.com\/rierge\/historia\/#primaryimage"},"image":{"@id":"https:\/\/rierge.com\/rierge\/historia\/#primaryimage"},"thumbnailUrl":"https:\/\/rierge.com\/wp-content\/uploads\/2017\/04\/b_compania_historia.jpg","datePublished":"2017-04-14T11:13:41+00:00","dateModified":"2023-04-12T16:23:57+00:00","description":"Empresa dedicada desde los 60 al sector Industrial, innovando y desarrollando nuevos productos desde entonces | Rierge","breadcrumb":{"@id":"https:\/\/rierge.com\/rierge\/historia\/#breadcrumb"},"inLanguage":"en-US","potentialAction":[{"@type":"ReadAction","target":["https:\/\/rierge.com\/rierge\/historia\/"]}]},{"@type":"ImageObject","inLanguage":"en-US","@id":"https:\/\/rierge.com\/rierge\/historia\/#primaryimage","url":"https:\/\/rierge.com\/wp-content\/uploads\/2017\/04\/b_compania_historia.jpg","contentUrl":"https:\/\/rierge.com\/wp-content\/uploads\/2017\/04\/b_compania_historia.jpg","width":1000,"height":400},{"@type":"BreadcrumbList","@id":"https:\/\/rierge.com\/rierge\/historia\/#breadcrumb","itemListElement":[{"@type":"ListItem","position":1,"name":"Home","item":"https:\/\/rierge.com\/"},{"@type":"ListItem","position":2,"name":"Compa\u00f1\u00eda","item":"https:\/\/rierge.com\/"},{"@type":"ListItem","position":3,"name":"Historia"}]},{"@type":"WebSite","@id":"https:\/\/rierge.com\/en\/#website","url":"https:\/\/rierge.com\/en\/","name":"RIERGE","description":"","publisher":{"@id":"https:\/\/rierge.com\/en\/#organization"},"potentialAction":[{"@type":"SearchAction","target":{"@type":"EntryPoint","urlTemplate":"https:\/\/rierge.com\/en\/?s={search_term_string}"},"query-input":{"@type":"PropertyValueSpecification","valueRequired":true,"valueName":"search_term_string"}}],"inLanguage":"en-US"},{"@type":"Organization","@id":"https:\/\/rierge.com\/en\/#organization","name":"Rierge","url":"https:\/\/rierge.com\/en\/","logo":{"@type":"ImageObject","inLanguage":"en-US","@id":"https:\/\/rierge.com\/en\/#\/schema\/logo\/image\/","url":"https:\/\/rierge.com\/wp-content\/uploads\/2017\/06\/logo-rierge-desde-1954.jpg","contentUrl":"https:\/\/rierge.com\/wp-content\/uploads\/2017\/06\/logo-rierge-desde-1954.jpg","width":180,"height":50,"caption":"Rierge"},"image":{"@id":"https:\/\/rierge.com\/en\/#\/schema\/logo\/image\/"}}]}},"_links":{"self":[{"href":"https:\/\/rierge.com\/en\/wp-json\/wp\/v2\/pages\/571","targetHints":{"allow":["GET"]}}],"collection":[{"href":"https:\/\/rierge.com\/en\/wp-json\/wp\/v2\/pages"}],"about":[{"href":"https:\/\/rierge.com\/en\/wp-json\/wp\/v2\/types\/page"}],"author":[{"embeddable":true,"href":"https:\/\/rierge.com\/en\/wp-json\/wp\/v2\/users\/1"}],"replies":[{"embeddable":true,"href":"https:\/\/rierge.com\/en\/wp-json\/wp\/v2\/comments?post=571"}],"version-history":[{"count":1,"href":"https:\/\/rierge.com\/en\/wp-json\/wp\/v2\/pages\/571\/revisions"}],"predecessor-version":[{"id":7447,"href":"https:\/\/rierge.com\/en\/wp-json\/wp\/v2\/pages\/571\/revisions\/7447"}],"up":[{"embeddable":true,"href":"https:\/\/rierge.com\/en\/wp-json\/wp\/v2\/pages\/23"}],"wp:featuredmedia":[{"embeddable":true,"href":"https:\/\/rierge.com\/en\/wp-json\/wp\/v2\/media\/1488"}],"wp:attachment":[{"href":"https:\/\/rierge.com\/en\/wp-json\/wp\/v2\/media?parent=571"}],"curies":[{"name":"wp","href":"https:\/\/api.w.org\/{rel}","templated":true}]}}