{"id":1688,"date":"2017-05-09T16:16:19","date_gmt":"2017-05-09T16:16:19","guid":{"rendered":"http:\/\/rierge.com\/?page_id=1688"},"modified":"2025-02-11T10:02:59","modified_gmt":"2025-02-11T10:02:59","slug":"distribuidores","status":"publish","type":"page","link":"https:\/\/rierge.com\/en\/distribuidores\/","title":{"rendered":"Distributors"},"content":{"rendered":"<p><\/p>\n<table style=\"width: 100%;\">\n<tbody>\n<tr>\n<td style=\"width: 54.4048%;\">\n<table class=\"delegaciones\">\n<tbody>\n<tr>\n<td colspan=\"2\"><\/td>\n<\/tr>\n<tr>\n<td style=\"width: 70px;\"><\/td>\n<td style=\"vertical-align: middle;\"><\/td>\n<\/tr>\n<tr>\n<td><\/td>\n<td><\/td>\n<\/tr>\n<tr>\n<td><\/td>\n<td><\/td>\n<\/tr>\n<tr>\n<td><\/td>\n<td><\/td>\n<\/tr>\n<tr>\n<td><\/td>\n<td><\/td>\n<\/tr>\n<\/tbody>\n<\/table>\n<\/td>\n<td style=\"text-align: center; vertical-align: middle; width: 45.1191%;\"><\/td>\n<\/tr>\n<\/tbody>\n<\/table>\n<p>&nbsp;<\/p>\n<table>\n<tbody>\n<tr>\n<td>\n<table class=\"delegaciones\" style=\"width: 100%;\">\n<tbody>\n<tr>\n<td style=\"width: 99.1453%;\" colspan=\"2\">\n<h3><span class=\"VIiyi\" lang=\"en\"><span class=\"JLqJ4b ChMk0b\" data-language-for-alternatives=\"en\" data-language-to-translate-into=\"es\" data-phrase-index=\"0\">Sweden<\/span><\/span><\/h3>\n<\/td>\n<\/tr>\n<tr>\n<td style=\"width: 16.9719%;\"><img loading=\"lazy\" decoding=\"async\" src=\"http:\/\/rierge.com\/wp-content\/uploads\/2017\/05\/picto1.jpg\" alt=\"\" width=\"45\" height=\"45\" data-id=\"1886\" \/><\/td>\n<td style=\"width: 82.1734%;\"><strong><span class=\"_Xbe\">KH Produktionsteknik AB<\/span><\/strong> Rosenbol, Solvillan 333 78 Burseryd\u00a0 <span class=\"HwtZe\" lang=\"en\"><span class=\"jCAhz ChMk0b\"><span class=\"ryNqvb\">Sweden<\/span><\/span><\/span><\/td>\n<\/tr>\n<tr>\n<td style=\"width: 16.9719%;\"><img loading=\"lazy\" decoding=\"async\" src=\"http:\/\/rierge.com\/wp-content\/uploads\/2017\/05\/picto2.jpg\" alt=\"\" width=\"45\" height=\"45\" data-id=\"1883\" \/><\/td>\n<td style=\"width: 82.1734%;\">Mr. Krister Hultman<\/td>\n<\/tr>\n<tr>\n<td style=\"width: 16.9719%;\"><img loading=\"lazy\" decoding=\"async\" src=\"http:\/\/rierge.com\/wp-content\/uploads\/2017\/05\/picto3.jpg\" alt=\"\" width=\"45\" height=\"45\" data-id=\"1885\" \/><\/td>\n<td style=\"width: 82.1734%;\"><\/td>\n<\/tr>\n<tr>\n<td style=\"width: 16.9719%;\"><img loading=\"lazy\" decoding=\"async\" class=\"alignnone\" src=\"http:\/\/rierge.com\/wp-content\/uploads\/2017\/05\/picto4.jpg\" alt=\"\" width=\"45\" height=\"45\" data-id=\"1884\" \/><\/td>\n<td style=\"width: 82.1734%;\"><a href=\"mailto:Krister@kaha.se\">Krister@kaha.se.<\/a><\/td>\n<\/tr>\n<tr>\n<td style=\"width: 16.9719%;\"><img loading=\"lazy\" decoding=\"async\" class=\"alignleft\" src=\"http:\/\/rierge.com\/wp-content\/uploads\/2017\/03\/picto-phoneEXT.jpg\" alt=\"\" width=\"45\" height=\"45\" data-id=\"2301\" \/><\/td>\n<td style=\"width: 82.1734%;\">+46 70 424 76 69<\/td>\n<\/tr>\n<\/tbody>\n<\/table>\n<\/td>\n<td><\/td>\n<\/tr>\n<\/tbody>\n<\/table>\n<h3><\/h3>\n<table>\n<tbody>\n<tr>\n<td style=\"width: 91px;\">\n<table class=\"delegaciones\" style=\"width: 100%; height: 193px;\">\n<tbody>\n<tr style=\"height: 65px;\">\n<td style=\"width: 98.909%; height: 65px;\" colspan=\"3\"><\/td>\n<\/tr>\n<tr style=\"height: 24px;\">\n<td style=\"width: 17.3333%; height: 24px;\"><\/td>\n<td style=\"width: 50.4242%; height: 24px;\"><\/td>\n<td style=\"width: 31.1515%; height: 24px;\"><\/td>\n<\/tr>\n<tr style=\"height: 24px;\">\n<td style=\"width: 17.3333%; height: 24px;\"><\/td>\n<td style=\"width: 50.4242%; height: 24px;\"><\/td>\n<td style=\"width: 31.1515%; height: 24px;\"><\/td>\n<\/tr>\n<tr style=\"height: 24px;\">\n<td style=\"width: 17.3333%; height: 24px;\"><\/td>\n<td style=\"width: 50.4242%; height: 24px;\"><\/td>\n<td style=\"width: 31.1515%; height: 24px;\"><\/td>\n<\/tr>\n<tr style=\"height: 24px;\">\n<td style=\"width: 17.3333%; height: 24px;\"><\/td>\n<td style=\"width: 50.4242%; height: 24px;\"><\/td>\n<td style=\"width: 31.1515%; height: 24px;\"><\/td>\n<\/tr>\n<tr style=\"height: 32px;\">\n<td style=\"width: 17.3333%; height: 32px;\"><\/td>\n<td style=\"width: 50.4242%; height: 32px;\"><\/td>\n<td style=\"width: 31.1515%; height: 32px;\"><\/td>\n<\/tr>\n<\/tbody>\n<\/table>\n<\/td>\n<td style=\"width: 10px;\"><\/td>\n<\/tr>\n<\/tbody>\n<\/table>\n<table>\n<tbody>\n<tr>\n<td>The sale of our machines is done by distributors who can take prompt care of the necessary interventions. These distributors have technical training and stock of common exchanges. In any case, our machines components are standard and come from first order companies that have delegations in the majority of countries of the world. We have an extensive network covering a large part of Europe and South America. At the moment \u00a0we are in full expansion of our distribution network. Ir you are interested in joining our organization, please contact ua by completing the form. We will be glad to attend your proposal. If you want a distributor of our organization to contact you, send us an email to the addresses of the following link and as soon as possible the agent will contact you yo meet your needs.<\/td>\n<td><\/td>\n<td><\/td>\n<\/tr>\n<\/tbody>\n<\/table>\n<table style=\"border-collapse: collapse; width: 100%;\">\n<tbody>\n<tr>\n<td style=\"width: 100%;\"><\/td>\n<\/tr>\n<\/tbody>\n<\/table>\n<table>\n<tbody>\n<tr>\n<td>\n<p style=\"text-align: justify;\">\n<\/td>\n<td><\/td>\n<td>\n<div class=\"wpcf7 no-js\" id=\"wpcf7-f6-o3\" lang=\"es-ES\" dir=\"ltr\" data-wpcf7-id=\"6\">\n<div class=\"screen-reader-response\"><p role=\"status\" aria-live=\"polite\" aria-atomic=\"true\"><\/p> <ul><\/ul><\/div>\n<form action=\"\/en\/wp-json\/wp\/v2\/pages\/1688#wpcf7-f6-o3\" method=\"post\" class=\"wpcf7-form init\" aria-label=\"Formulario de contacto\" novalidate=\"novalidate\" data-status=\"init\">\n<div style=\"display: none;\">\n<input type=\"hidden\" name=\"_wpcf7\" value=\"6\" \/>\n<input type=\"hidden\" name=\"_wpcf7_version\" value=\"6.0.5\" \/>\n<input type=\"hidden\" name=\"_wpcf7_locale\" value=\"es_ES\" \/>\n<input type=\"hidden\" name=\"_wpcf7_unit_tag\" value=\"wpcf7-f6-o3\" \/>\n<input type=\"hidden\" name=\"_wpcf7_container_post\" value=\"0\" \/>\n<input type=\"hidden\" name=\"_wpcf7_posted_data_hash\" value=\"\" \/>\n<input type=\"hidden\" name=\"_wpcf7dtx_version\" value=\"5.0.3\" \/>\n<input type=\"hidden\" name=\"_wpcf7_recaptcha_response\" value=\"\" \/>\n<\/div>\n<p><label><span class=\"required\">*<\/span>Company name<\/label><span class=\"wpcf7-form-control-wrap\" data-name=\"your-name\"><input size=\"40\" maxlength=\"400\" class=\"wpcf7-form-control wpcf7-text wpcf7-validates-as-required\" aria-required=\"true\" aria-invalid=\"false\" value=\"\" type=\"text\" name=\"your-name\" \/><\/span>\n<\/p>\n<p><label><span class=\"required\"><\/span>Contact person<\/label><span class=\"wpcf7-form-control-wrap\" data-name=\"your-persona-contacte\"><input size=\"40\" maxlength=\"400\" class=\"wpcf7-form-control wpcf7-text\" aria-invalid=\"false\" value=\"\" type=\"text\" name=\"your-persona-contacte\" \/><\/span>\n<\/p>\n<p><label><span class=\"required\">*<\/span>Telephone<\/label><span class=\"wpcf7-form-control-wrap\" data-name=\"your-telefon\"><input size=\"40\" maxlength=\"400\" class=\"wpcf7-form-control wpcf7-text wpcf7-validates-as-required\" aria-required=\"true\" aria-invalid=\"false\" value=\"\" type=\"text\" name=\"your-telefon\" \/><\/span>\n<\/p>\n<p><label><span class=\"required\">*<\/span>Email<\/label><span class=\"wpcf7-form-control-wrap\" data-name=\"your-email\"><input size=\"40\" maxlength=\"400\" class=\"wpcf7-form-control wpcf7-email wpcf7-validates-as-required wpcf7-text wpcf7-validates-as-email\" aria-required=\"true\" aria-invalid=\"false\" value=\"\" type=\"email\" name=\"your-email\" \/><\/span>\n<\/p>\n<p><span class=\"wpcf7-form-control-wrap\" data-name=\"menu-nn\"><select class=\"wpcf7-form-control wpcf7-select test-class\" aria-invalid=\"false\" name=\"menu-nn\"><option value=\"\">&#8212;Por favor, elige una opci\u00f3n&#8212;<\/option><option value=\"Informaci\u00f3n\">Informaci\u00f3n<\/option><option value=\"Distribuci\u00f3n\">Distribuci\u00f3n<\/option><option value=\"Oferta de trabajo\">Oferta de trabajo<\/option><\/select><\/span><br \/>\n<span class=\"wpcf7-form-control-wrap hiddendefault\" data-name=\"hiddendefault\"><input type=\"hidden\" name=\"hiddendefault\" class=\"wpcf7-form-control wpcf7-hidden wpcf7dtx wpcf7dtx-hidden\" aria-invalid=\"false\"><\/span>\n<\/p>\n<p><label>Message<\/label><span class=\"wpcf7-form-control-wrap\" data-name=\"your-message\"><textarea cols=\"40\" rows=\"10\" maxlength=\"2000\" class=\"wpcf7-form-control wpcf7-textarea\" aria-invalid=\"false\" name=\"your-message\"><\/textarea><\/span>\n<\/p>\n<p><span class=\"wpcf7-form-control-wrap\" data-name=\"acceptance-100\"><span class=\"wpcf7-form-control wpcf7-acceptance\"><span class=\"wpcf7-list-item\"><label><input type=\"checkbox\" name=\"acceptance-100\" value=\"1\" aria-invalid=\"false\" \/><span class=\"wpcf7-list-item-label\">Acepto la <a href=\"http:\/\/rierge.com\/es\/contactar\/privacidad\/\" target=\"_blank\">pol\u00edtica de privacidad<\/a><\/span><\/label><\/span><\/span><\/span><br \/>\n<span class=\"wpcf7-form-control-wrap checkbox-766\"><span class=\"wpcf7-form-control wpcf7-checkbox\"><span class=\"wpcf7-list-item first last\" style=\"margin:0 !important\"><input type=\"checkbox\" name=\"checkbox-766[]\" value=\"Acepto recibir comunicaciones informativas\/comerciales de RIERGE\" style=\"display: inline;float: left;height: auto;margin-right: 10px;width: auto;\" \/><span class=\"wpcf7-list-item-label\">Acepto recibir comunicaciones informativas\/comerciales de RIERGE<\/span><\/span><\/span><\/span><br \/>\n\n<\/p>\n<p><input class=\"wpcf7-form-control wpcf7-submit has-spinner\" type=\"submit\" value=\"Send\" \/>\n<\/p>\n<p>De acuerdo con la la Ley Org\u00e1nica 3\/2018, de 5 de diciembre, de Protecci\u00f3n de Datos Personales y Garant\u00eda de los Derechos Digitales (LOPDGDD), los datos personales recogidos en el presente formulario ser\u00e1n objeto de tratamiento por parte de RIERGE con la finalidad de ponernos en contacto con usted y ofrecer una respuesta a las consultas planteadas por medio del presente formulario. La base legal para el tratamiento de sus datos es su consentimiento, el desarrollo de medidas precontractuales o contractuales, el cumplimiento de obligaciones legales y\/o el inter\u00e9s leg\u00edtimo de RIERGE. Se podr\u00e1n ejercer los derechos de acceso, supresi\u00f3n, rectificaci\u00f3n, oposici\u00f3n, portabilidad o limitaci\u00f3n mediante correo electr\u00f3nico a la direcci\u00f3n rierge@rierge.com. En todo caso, los interesados tienen el derecho de presentar una reclamaci\u00f3n ante la Autoridad de Protecci\u00f3n de Datos correspondiente. Los datos personales proporcionados se conservar\u00e1n por el periodo legal o contractualmente previsto, o mientras se mantenga el consentimiento del interesado. No se har\u00e1 cesi\u00f3n de los datos recogidos, excepto por obligaci\u00f3n legal o cesiones autorizadas por ley. Rogamos, comunique de forma inmediata a rierge@rierge.com cualquier cambio o modificaci\u00f3n que se produzca en relaci\u00f3n a los datos que nos ha proporcionado, con el fin de que estos respondan con veracidad a su situaci\u00f3n personal en todo momento.\n<\/p><div class=\"wpcf7-response-output\" aria-hidden=\"true\"><\/div>\n<\/form>\n<\/div>\n<\/td>\n<\/tr>\n<\/tbody>\n<\/table>\n<p><\/p>","protected":false},"excerpt":{"rendered":"<p>&nbsp; Sweden KH Produktionsteknik AB Rosenbol, Solvillan 333 78 Burseryd\u00a0 Sweden Mr. Krister Hultman Krister@kaha.se. +46 70 424 76 69 The sale of our machines is done by distributors who can take prompt care of the necessary interventions. These distributors have technical training and stock of common exchanges. In any case, our machines components are [&hellip;]<\/p>\n","protected":false},"author":1,"featured_media":0,"parent":0,"menu_order":22,"comment_status":"closed","ping_status":"closed","template":"","meta":{"_mc_calendar":[],"footnotes":""},"class_list":["post-1688","page","type-page","status-publish","hentry"],"yoast_head":"<!-- This site is optimized with the Yoast SEO Premium plugin v18.4 (Yoast SEO v24.9) - https:\/\/yoast.com\/wordpress\/plugins\/seo\/ -->\n<title>Distributors - RIERGE<\/title>\n<meta name=\"robots\" content=\"index, follow, max-snippet:-1, max-image-preview:large, max-video-preview:-1\" \/>\n<link rel=\"canonical\" href=\"https:\/\/rierge.com\/distribuidores\/\" \/>\n<meta property=\"og:locale\" content=\"en_US\" \/>\n<meta property=\"og:type\" content=\"article\" \/>\n<meta property=\"og:title\" content=\"[:es]Distribuidores[:ca]Distribu\u00efdors[:en]Distributors[:fr]Concessionnaires[:pb]Distribuidores[:]\" \/>\n<meta property=\"og:description\" content=\"\u00a0 GALICIA \/ COMERCIAL DIGON Pol. Ind. de Bergondo. Calle Parroquia de Corti\u00f1an, 11 15165 Babio (Santa Marta) Sr. Francisco Doldan +34 649807786\" \/>\n<meta property=\"og:url\" content=\"https:\/\/rierge.com\/distribuidores\/\" \/>\n<meta property=\"og:site_name\" content=\"RIERGE\" \/>\n<meta property=\"article:modified_time\" content=\"2025-02-11T10:02:59+00:00\" \/>\n<meta property=\"og:image\" content=\"http:\/\/rierge.com\/wp-content\/uploads\/2017\/05\/picto1.jpg\" \/>\n<meta name=\"twitter:card\" content=\"summary_large_image\" \/>\n<meta name=\"twitter:label1\" content=\"Est. reading time\" \/>\n\t<meta name=\"twitter:data1\" content=\"2 minutes\" \/>\n<script type=\"application\/ld+json\" class=\"yoast-schema-graph\">{\"@context\":\"https:\/\/schema.org\",\"@graph\":[{\"@type\":\"WebPage\",\"@id\":\"https:\/\/rierge.com\/distribuidores\/\",\"url\":\"https:\/\/rierge.com\/distribuidores\/\",\"name\":\"[:es]Distribuidores[:ca]Distribu\u00efdors[:en]Distributors[:fr]Concessionnaires[:pb]Distribuidores[:] - RIERGE\",\"isPartOf\":{\"@id\":\"https:\/\/rierge.com\/en\/#website\"},\"primaryImageOfPage\":{\"@id\":\"https:\/\/rierge.com\/distribuidores\/#primaryimage\"},\"image\":{\"@id\":\"https:\/\/rierge.com\/distribuidores\/#primaryimage\"},\"thumbnailUrl\":\"http:\/\/rierge.com\/wp-content\/uploads\/2017\/05\/picto1.jpg\",\"datePublished\":\"2017-05-09T16:16:19+00:00\",\"dateModified\":\"2025-02-11T10:02:59+00:00\",\"breadcrumb\":{\"@id\":\"https:\/\/rierge.com\/distribuidores\/#breadcrumb\"},\"inLanguage\":\"en-US\",\"potentialAction\":[{\"@type\":\"ReadAction\",\"target\":[\"https:\/\/rierge.com\/distribuidores\/\"]}]},{\"@type\":\"ImageObject\",\"inLanguage\":\"en-US\",\"@id\":\"https:\/\/rierge.com\/distribuidores\/#primaryimage\",\"url\":\"http:\/\/rierge.com\/wp-content\/uploads\/2017\/05\/picto1.jpg\",\"contentUrl\":\"http:\/\/rierge.com\/wp-content\/uploads\/2017\/05\/picto1.jpg\"},{\"@type\":\"BreadcrumbList\",\"@id\":\"https:\/\/rierge.com\/distribuidores\/#breadcrumb\",\"itemListElement\":[{\"@type\":\"ListItem\",\"position\":1,\"name\":\"Home\",\"item\":\"https:\/\/rierge.com\/\"},{\"@type\":\"ListItem\",\"position\":2,\"name\":\"Distribuidores\"}]},{\"@type\":\"WebSite\",\"@id\":\"https:\/\/rierge.com\/en\/#website\",\"url\":\"https:\/\/rierge.com\/en\/\",\"name\":\"RIERGE\",\"description\":\"\",\"publisher\":{\"@id\":\"https:\/\/rierge.com\/en\/#organization\"},\"potentialAction\":[{\"@type\":\"SearchAction\",\"target\":{\"@type\":\"EntryPoint\",\"urlTemplate\":\"https:\/\/rierge.com\/en\/?s={search_term_string}\"},\"query-input\":{\"@type\":\"PropertyValueSpecification\",\"valueRequired\":true,\"valueName\":\"search_term_string\"}}],\"inLanguage\":\"en-US\"},{\"@type\":\"Organization\",\"@id\":\"https:\/\/rierge.com\/en\/#organization\",\"name\":\"Rierge\",\"url\":\"https:\/\/rierge.com\/en\/\",\"logo\":{\"@type\":\"ImageObject\",\"inLanguage\":\"en-US\",\"@id\":\"https:\/\/rierge.com\/en\/#\/schema\/logo\/image\/\",\"url\":\"https:\/\/rierge.com\/wp-content\/uploads\/2017\/06\/logo-rierge-desde-1954.jpg\",\"contentUrl\":\"https:\/\/rierge.com\/wp-content\/uploads\/2017\/06\/logo-rierge-desde-1954.jpg\",\"width\":180,\"height\":50,\"caption\":\"Rierge\"},\"image\":{\"@id\":\"https:\/\/rierge.com\/en\/#\/schema\/logo\/image\/\"}}]}<\/script>\n<!-- \/ Yoast SEO Premium plugin. -->","yoast_head_json":{"title":"[:es]Distribuidores[:ca]Distribu\u00efdors[:en]Distributors[:fr]Concessionnaires[:pb]Distribuidores[:] - RIERGE","robots":{"index":"index","follow":"follow","max-snippet":"max-snippet:-1","max-image-preview":"max-image-preview:large","max-video-preview":"max-video-preview:-1"},"canonical":"https:\/\/rierge.com\/distribuidores\/","og_locale":"en_US","og_type":"article","og_title":"[:es]Distribuidores[:ca]Distribu\u00efdors[:en]Distributors[:fr]Concessionnaires[:pb]Distribuidores[:]","og_description":"\u00a0 GALICIA \/ COMERCIAL DIGON Pol. Ind. de Bergondo. Calle Parroquia de Corti\u00f1an, 11 15165 Babio (Santa Marta) Sr. Francisco Doldan +34 649807786","og_url":"https:\/\/rierge.com\/distribuidores\/","og_site_name":"RIERGE","article_modified_time":"2025-02-11T10:02:59+00:00","og_image":[{"url":"http:\/\/rierge.com\/wp-content\/uploads\/2017\/05\/picto1.jpg","type":"","width":"","height":""}],"twitter_card":"summary_large_image","twitter_misc":{"Est. reading time":"2 minutes"},"schema":{"@context":"https:\/\/schema.org","@graph":[{"@type":"WebPage","@id":"https:\/\/rierge.com\/distribuidores\/","url":"https:\/\/rierge.com\/distribuidores\/","name":"[:es]Distribuidores[:ca]Distribu\u00efdors[:en]Distributors[:fr]Concessionnaires[:pb]Distribuidores[:] - RIERGE","isPartOf":{"@id":"https:\/\/rierge.com\/en\/#website"},"primaryImageOfPage":{"@id":"https:\/\/rierge.com\/distribuidores\/#primaryimage"},"image":{"@id":"https:\/\/rierge.com\/distribuidores\/#primaryimage"},"thumbnailUrl":"http:\/\/rierge.com\/wp-content\/uploads\/2017\/05\/picto1.jpg","datePublished":"2017-05-09T16:16:19+00:00","dateModified":"2025-02-11T10:02:59+00:00","breadcrumb":{"@id":"https:\/\/rierge.com\/distribuidores\/#breadcrumb"},"inLanguage":"en-US","potentialAction":[{"@type":"ReadAction","target":["https:\/\/rierge.com\/distribuidores\/"]}]},{"@type":"ImageObject","inLanguage":"en-US","@id":"https:\/\/rierge.com\/distribuidores\/#primaryimage","url":"http:\/\/rierge.com\/wp-content\/uploads\/2017\/05\/picto1.jpg","contentUrl":"http:\/\/rierge.com\/wp-content\/uploads\/2017\/05\/picto1.jpg"},{"@type":"BreadcrumbList","@id":"https:\/\/rierge.com\/distribuidores\/#breadcrumb","itemListElement":[{"@type":"ListItem","position":1,"name":"Home","item":"https:\/\/rierge.com\/"},{"@type":"ListItem","position":2,"name":"Distribuidores"}]},{"@type":"WebSite","@id":"https:\/\/rierge.com\/en\/#website","url":"https:\/\/rierge.com\/en\/","name":"RIERGE","description":"","publisher":{"@id":"https:\/\/rierge.com\/en\/#organization"},"potentialAction":[{"@type":"SearchAction","target":{"@type":"EntryPoint","urlTemplate":"https:\/\/rierge.com\/en\/?s={search_term_string}"},"query-input":{"@type":"PropertyValueSpecification","valueRequired":true,"valueName":"search_term_string"}}],"inLanguage":"en-US"},{"@type":"Organization","@id":"https:\/\/rierge.com\/en\/#organization","name":"Rierge","url":"https:\/\/rierge.com\/en\/","logo":{"@type":"ImageObject","inLanguage":"en-US","@id":"https:\/\/rierge.com\/en\/#\/schema\/logo\/image\/","url":"https:\/\/rierge.com\/wp-content\/uploads\/2017\/06\/logo-rierge-desde-1954.jpg","contentUrl":"https:\/\/rierge.com\/wp-content\/uploads\/2017\/06\/logo-rierge-desde-1954.jpg","width":180,"height":50,"caption":"Rierge"},"image":{"@id":"https:\/\/rierge.com\/en\/#\/schema\/logo\/image\/"}}]}},"_links":{"self":[{"href":"https:\/\/rierge.com\/en\/wp-json\/wp\/v2\/pages\/1688","targetHints":{"allow":["GET"]}}],"collection":[{"href":"https:\/\/rierge.com\/en\/wp-json\/wp\/v2\/pages"}],"about":[{"href":"https:\/\/rierge.com\/en\/wp-json\/wp\/v2\/types\/page"}],"author":[{"embeddable":true,"href":"https:\/\/rierge.com\/en\/wp-json\/wp\/v2\/users\/1"}],"replies":[{"embeddable":true,"href":"https:\/\/rierge.com\/en\/wp-json\/wp\/v2\/comments?post=1688"}],"version-history":[{"count":5,"href":"https:\/\/rierge.com\/en\/wp-json\/wp\/v2\/pages\/1688\/revisions"}],"predecessor-version":[{"id":8023,"href":"https:\/\/rierge.com\/en\/wp-json\/wp\/v2\/pages\/1688\/revisions\/8023"}],"wp:attachment":[{"href":"https:\/\/rierge.com\/en\/wp-json\/wp\/v2\/media?parent=1688"}],"curies":[{"name":"wp","href":"https:\/\/api.w.org\/{rel}","templated":true}]}}