{"id":1381,"date":"2017-05-03T14:28:20","date_gmt":"2017-05-03T14:28:20","guid":{"rendered":"http:\/\/rierge.com\/?page_id=1381"},"modified":"2025-03-21T14:46:59","modified_gmt":"2025-03-21T14:46:59","slug":"delegaciones","status":"publish","type":"page","link":"https:\/\/rierge.com\/en\/contactar\/delegaciones\/","title":{"rendered":"International Delegations"},"content":{"rendered":"<p>&nbsp;<\/p>\n<table>\n<tbody>\n<tr>\n<td style=\"width: 50%;\"><\/td>\n<td style=\"text-align: center; vertical-align: middle;\"><\/td>\n<\/tr>\n<\/tbody>\n<\/table>\n<table style=\"width: 100%;\">\n<tbody>\n<tr>\n<td style=\"width: 49.5238%;\">\n<table class=\"delegaciones\">\n<tbody>\n<tr>\n<td colspan=\"2\"><\/td>\n<\/tr>\n<tr>\n<td><img loading=\"lazy\" decoding=\"async\" src=\"http:\/\/rierge.com\/wp-content\/uploads\/2017\/05\/picto1.jpg\" alt=\"\" width=\"45\" height=\"45\" data-id=\"1886\" \/><\/td>\n<td><span class=\"LrzXr\">\u00a0<\/span><\/td>\n<\/tr>\n<tr>\n<td><img loading=\"lazy\" decoding=\"async\" src=\"http:\/\/rierge.com\/wp-content\/uploads\/2017\/05\/picto2.jpg\" alt=\"\" width=\"45\" height=\"45\" data-id=\"1883\" \/><\/td>\n<td><\/td>\n<\/tr>\n<tr>\n<td><img loading=\"lazy\" decoding=\"async\" src=\"http:\/\/rierge.com\/wp-content\/uploads\/2017\/05\/picto3.jpg\" alt=\"\" width=\"45\" height=\"45\" data-id=\"1885\" \/><\/td>\n<td><\/td>\n<\/tr>\n<tr>\n<td><img loading=\"lazy\" decoding=\"async\" src=\"http:\/\/rierge.com\/wp-content\/uploads\/2017\/05\/picto4.jpg\" alt=\"\" width=\"45\" height=\"45\" data-id=\"1884\" \/><\/td>\n<td><\/td>\n<\/tr>\n<tr>\n<td><\/td>\n<td><\/td>\n<\/tr>\n<tr>\n<td><\/td>\n<td><\/td>\n<\/tr>\n<\/tbody>\n<\/table>\n<\/td>\n<td style=\"width: 49.5238%;\"><\/td>\n<\/tr>\n<\/tbody>\n<\/table>\n<table style=\"width: 100%;\">\n<tbody>\n<tr>\n<td style=\"width: 49.5205%;\">\n<table class=\"delegaciones\">\n<tbody>\n<tr>\n<td colspan=\"2\"><\/td>\n<td><\/td>\n<\/tr>\n<tr>\n<td colspan=\"2\">\n<h3>DELEGATION FRAN\u00c7E<\/h3>\n<\/td>\n<td><\/td>\n<\/tr>\n<tr>\n<td><img loading=\"lazy\" decoding=\"async\" src=\"http:\/\/rierge.com\/wp-content\/uploads\/2017\/05\/picto1.jpg\" alt=\"\" width=\"45\" height=\"45\" data-id=\"1886\" \/><\/td>\n<td>2, rue Ren\u00e9 Cassin 17100 Saintes<\/td>\n<td><\/td>\n<\/tr>\n<tr>\n<td><img loading=\"lazy\" decoding=\"async\" src=\"http:\/\/rierge.com\/wp-content\/uploads\/2017\/05\/picto2.jpg\" alt=\"\" width=\"45\" height=\"45\" data-id=\"1883\" \/><\/td>\n<td>Mr. Bruno RAUDIN<\/td>\n<td><\/td>\n<\/tr>\n<tr>\n<td><img loading=\"lazy\" decoding=\"async\" src=\"http:\/\/rierge.com\/wp-content\/uploads\/2017\/05\/picto3.jpg\" alt=\"\" width=\"45\" height=\"45\" data-id=\"1885\" \/><\/td>\n<td>33 (0)6 82 81 71 53<\/td>\n<td><\/td>\n<\/tr>\n<tr>\n<td><img loading=\"lazy\" decoding=\"async\" src=\"http:\/\/rierge.com\/wp-content\/uploads\/2017\/05\/picto4.jpg\" alt=\"\" width=\"45\" height=\"45\" data-id=\"1884\" \/><\/td>\n<td><a href=\"mailto:bruno.raudin@1g-neo.fr\" target=\"_blank\" rel=\"noopener\">Bruno Raudin<\/a><\/td>\n<td><\/td>\n<\/tr>\n<\/tbody>\n<\/table>\n<\/td>\n<td style=\"width: 49.6462%;\"><\/td>\n<\/tr>\n<\/tbody>\n<\/table>\n<p>&nbsp;<\/p>","protected":false},"excerpt":{"rendered":"<p>&nbsp; \u00a0 DELEGATION FRAN\u00c7E 2, rue Ren\u00e9 Cassin 17100 Saintes Mr. Bruno RAUDIN 33 (0)6 82 81 71 53 Bruno Raudin &nbsp;<\/p>\n","protected":false},"author":1,"featured_media":1878,"parent":212,"menu_order":21,"comment_status":"closed","ping_status":"closed","template":"","meta":{"_mc_calendar":[],"footnotes":""},"class_list":["post-1381","page","type-page","status-publish","has-post-thumbnail","hentry"],"yoast_head":"<!-- This site is optimized with the Yoast SEO Premium plugin v18.4 (Yoast SEO v24.9) - https:\/\/yoast.com\/wordpress\/plugins\/seo\/ -->\n<title>International Delegations - RIERGE<\/title>\n<meta name=\"robots\" content=\"index, follow, max-snippet:-1, max-image-preview:large, max-video-preview:-1\" \/>\n<link rel=\"canonical\" href=\"https:\/\/rierge.com\/contactar\/delegaciones\/\" \/>\n<meta property=\"og:locale\" content=\"en_US\" \/>\n<meta property=\"og:type\" content=\"article\" \/>\n<meta property=\"og:title\" content=\"[:es]Delegaciones Internacionales[:ca]Delegacions Internacionals[:en]International Delegations[:fr]D\u00e9l\u00e9gations Internationales[:pb]Delega\u00e7\u00f5es Internacionais[:]\" \/>\n<meta property=\"og:description\" content=\"D\u00c9L\u00c9GATION FRAN\u00c7E 2, rue Ren\u00e9 Cassin\u00a0 17100 Saintes Mr. Bruno RAUDIN \u00a033 (0)6 82 81 71 53 Bruno Raudin &nbsp; D\u00c9L\u00c9GATION FRAN\u00c7E 2, rue Ren\u00e9 Cassin\u00a0 17100\" \/>\n<meta property=\"og:url\" content=\"https:\/\/rierge.com\/contactar\/delegaciones\/\" \/>\n<meta property=\"og:site_name\" content=\"RIERGE\" \/>\n<meta property=\"article:modified_time\" content=\"2025-03-21T14:46:59+00:00\" \/>\n<meta property=\"og:image\" content=\"https:\/\/rierge.com\/wp-content\/uploads\/2017\/05\/b_delegaciones.jpg\" \/>\n\t<meta property=\"og:image:width\" content=\"1000\" \/>\n\t<meta property=\"og:image:height\" content=\"250\" \/>\n\t<meta property=\"og:image:type\" content=\"image\/jpeg\" \/>\n<meta name=\"twitter:card\" content=\"summary_large_image\" \/>\n<meta name=\"twitter:label1\" content=\"Est. reading time\" \/>\n\t<meta name=\"twitter:data1\" content=\"2 minutes\" \/>\n<script type=\"application\/ld+json\" class=\"yoast-schema-graph\">{\"@context\":\"https:\/\/schema.org\",\"@graph\":[{\"@type\":\"WebPage\",\"@id\":\"https:\/\/rierge.com\/contactar\/delegaciones\/\",\"url\":\"https:\/\/rierge.com\/contactar\/delegaciones\/\",\"name\":\"[:es]Delegaciones Internacionales[:ca]Delegacions Internacionals[:en]International Delegations[:fr]D\u00e9l\u00e9gations Internationales[:pb]Delega\u00e7\u00f5es Internacionais[:] - RIERGE\",\"isPartOf\":{\"@id\":\"https:\/\/rierge.com\/en\/#website\"},\"primaryImageOfPage\":{\"@id\":\"https:\/\/rierge.com\/contactar\/delegaciones\/#primaryimage\"},\"image\":{\"@id\":\"https:\/\/rierge.com\/contactar\/delegaciones\/#primaryimage\"},\"thumbnailUrl\":\"https:\/\/rierge.com\/wp-content\/uploads\/2017\/05\/b_delegaciones.jpg\",\"datePublished\":\"2017-05-03T14:28:20+00:00\",\"dateModified\":\"2025-03-21T14:46:59+00:00\",\"breadcrumb\":{\"@id\":\"https:\/\/rierge.com\/contactar\/delegaciones\/#breadcrumb\"},\"inLanguage\":\"en-US\",\"potentialAction\":[{\"@type\":\"ReadAction\",\"target\":[\"https:\/\/rierge.com\/contactar\/delegaciones\/\"]}]},{\"@type\":\"ImageObject\",\"inLanguage\":\"en-US\",\"@id\":\"https:\/\/rierge.com\/contactar\/delegaciones\/#primaryimage\",\"url\":\"https:\/\/rierge.com\/wp-content\/uploads\/2017\/05\/b_delegaciones.jpg\",\"contentUrl\":\"https:\/\/rierge.com\/wp-content\/uploads\/2017\/05\/b_delegaciones.jpg\",\"width\":1000,\"height\":250},{\"@type\":\"BreadcrumbList\",\"@id\":\"https:\/\/rierge.com\/contactar\/delegaciones\/#breadcrumb\",\"itemListElement\":[{\"@type\":\"ListItem\",\"position\":1,\"name\":\"Home\",\"item\":\"https:\/\/rierge.com\/\"},{\"@type\":\"ListItem\",\"position\":2,\"name\":\"Contactar\",\"item\":\"https:\/\/rierge.com\/es\/contactar\/\"},{\"@type\":\"ListItem\",\"position\":3,\"name\":\"Delegaciones Internacionales\"}]},{\"@type\":\"WebSite\",\"@id\":\"https:\/\/rierge.com\/en\/#website\",\"url\":\"https:\/\/rierge.com\/en\/\",\"name\":\"RIERGE\",\"description\":\"\",\"publisher\":{\"@id\":\"https:\/\/rierge.com\/en\/#organization\"},\"potentialAction\":[{\"@type\":\"SearchAction\",\"target\":{\"@type\":\"EntryPoint\",\"urlTemplate\":\"https:\/\/rierge.com\/en\/?s={search_term_string}\"},\"query-input\":{\"@type\":\"PropertyValueSpecification\",\"valueRequired\":true,\"valueName\":\"search_term_string\"}}],\"inLanguage\":\"en-US\"},{\"@type\":\"Organization\",\"@id\":\"https:\/\/rierge.com\/en\/#organization\",\"name\":\"Rierge\",\"url\":\"https:\/\/rierge.com\/en\/\",\"logo\":{\"@type\":\"ImageObject\",\"inLanguage\":\"en-US\",\"@id\":\"https:\/\/rierge.com\/en\/#\/schema\/logo\/image\/\",\"url\":\"https:\/\/rierge.com\/wp-content\/uploads\/2017\/06\/logo-rierge-desde-1954.jpg\",\"contentUrl\":\"https:\/\/rierge.com\/wp-content\/uploads\/2017\/06\/logo-rierge-desde-1954.jpg\",\"width\":180,\"height\":50,\"caption\":\"Rierge\"},\"image\":{\"@id\":\"https:\/\/rierge.com\/en\/#\/schema\/logo\/image\/\"}}]}<\/script>\n<!-- \/ Yoast SEO Premium plugin. -->","yoast_head_json":{"title":"[:es]Delegaciones Internacionales[:ca]Delegacions Internacionals[:en]International Delegations[:fr]D\u00e9l\u00e9gations Internationales[:pb]Delega\u00e7\u00f5es Internacionais[:] - RIERGE","robots":{"index":"index","follow":"follow","max-snippet":"max-snippet:-1","max-image-preview":"max-image-preview:large","max-video-preview":"max-video-preview:-1"},"canonical":"https:\/\/rierge.com\/contactar\/delegaciones\/","og_locale":"en_US","og_type":"article","og_title":"[:es]Delegaciones Internacionales[:ca]Delegacions Internacionals[:en]International Delegations[:fr]D\u00e9l\u00e9gations Internationales[:pb]Delega\u00e7\u00f5es Internacionais[:]","og_description":"D\u00c9L\u00c9GATION FRAN\u00c7E 2, rue Ren\u00e9 Cassin\u00a0 17100 Saintes Mr. Bruno RAUDIN \u00a033 (0)6 82 81 71 53 Bruno Raudin &nbsp; D\u00c9L\u00c9GATION FRAN\u00c7E 2, rue Ren\u00e9 Cassin\u00a0 17100","og_url":"https:\/\/rierge.com\/contactar\/delegaciones\/","og_site_name":"RIERGE","article_modified_time":"2025-03-21T14:46:59+00:00","og_image":[{"width":1000,"height":250,"url":"https:\/\/rierge.com\/wp-content\/uploads\/2017\/05\/b_delegaciones.jpg","type":"image\/jpeg"}],"twitter_card":"summary_large_image","twitter_misc":{"Est. reading time":"2 minutes"},"schema":{"@context":"https:\/\/schema.org","@graph":[{"@type":"WebPage","@id":"https:\/\/rierge.com\/contactar\/delegaciones\/","url":"https:\/\/rierge.com\/contactar\/delegaciones\/","name":"[:es]Delegaciones Internacionales[:ca]Delegacions Internacionals[:en]International Delegations[:fr]D\u00e9l\u00e9gations Internationales[:pb]Delega\u00e7\u00f5es Internacionais[:] - RIERGE","isPartOf":{"@id":"https:\/\/rierge.com\/en\/#website"},"primaryImageOfPage":{"@id":"https:\/\/rierge.com\/contactar\/delegaciones\/#primaryimage"},"image":{"@id":"https:\/\/rierge.com\/contactar\/delegaciones\/#primaryimage"},"thumbnailUrl":"https:\/\/rierge.com\/wp-content\/uploads\/2017\/05\/b_delegaciones.jpg","datePublished":"2017-05-03T14:28:20+00:00","dateModified":"2025-03-21T14:46:59+00:00","breadcrumb":{"@id":"https:\/\/rierge.com\/contactar\/delegaciones\/#breadcrumb"},"inLanguage":"en-US","potentialAction":[{"@type":"ReadAction","target":["https:\/\/rierge.com\/contactar\/delegaciones\/"]}]},{"@type":"ImageObject","inLanguage":"en-US","@id":"https:\/\/rierge.com\/contactar\/delegaciones\/#primaryimage","url":"https:\/\/rierge.com\/wp-content\/uploads\/2017\/05\/b_delegaciones.jpg","contentUrl":"https:\/\/rierge.com\/wp-content\/uploads\/2017\/05\/b_delegaciones.jpg","width":1000,"height":250},{"@type":"BreadcrumbList","@id":"https:\/\/rierge.com\/contactar\/delegaciones\/#breadcrumb","itemListElement":[{"@type":"ListItem","position":1,"name":"Home","item":"https:\/\/rierge.com\/"},{"@type":"ListItem","position":2,"name":"Contactar","item":"https:\/\/rierge.com\/es\/contactar\/"},{"@type":"ListItem","position":3,"name":"Delegaciones Internacionales"}]},{"@type":"WebSite","@id":"https:\/\/rierge.com\/en\/#website","url":"https:\/\/rierge.com\/en\/","name":"RIERGE","description":"","publisher":{"@id":"https:\/\/rierge.com\/en\/#organization"},"potentialAction":[{"@type":"SearchAction","target":{"@type":"EntryPoint","urlTemplate":"https:\/\/rierge.com\/en\/?s={search_term_string}"},"query-input":{"@type":"PropertyValueSpecification","valueRequired":true,"valueName":"search_term_string"}}],"inLanguage":"en-US"},{"@type":"Organization","@id":"https:\/\/rierge.com\/en\/#organization","name":"Rierge","url":"https:\/\/rierge.com\/en\/","logo":{"@type":"ImageObject","inLanguage":"en-US","@id":"https:\/\/rierge.com\/en\/#\/schema\/logo\/image\/","url":"https:\/\/rierge.com\/wp-content\/uploads\/2017\/06\/logo-rierge-desde-1954.jpg","contentUrl":"https:\/\/rierge.com\/wp-content\/uploads\/2017\/06\/logo-rierge-desde-1954.jpg","width":180,"height":50,"caption":"Rierge"},"image":{"@id":"https:\/\/rierge.com\/en\/#\/schema\/logo\/image\/"}}]}},"_links":{"self":[{"href":"https:\/\/rierge.com\/en\/wp-json\/wp\/v2\/pages\/1381","targetHints":{"allow":["GET"]}}],"collection":[{"href":"https:\/\/rierge.com\/en\/wp-json\/wp\/v2\/pages"}],"about":[{"href":"https:\/\/rierge.com\/en\/wp-json\/wp\/v2\/types\/page"}],"author":[{"embeddable":true,"href":"https:\/\/rierge.com\/en\/wp-json\/wp\/v2\/users\/1"}],"replies":[{"embeddable":true,"href":"https:\/\/rierge.com\/en\/wp-json\/wp\/v2\/comments?post=1381"}],"version-history":[{"count":13,"href":"https:\/\/rierge.com\/en\/wp-json\/wp\/v2\/pages\/1381\/revisions"}],"predecessor-version":[{"id":8046,"href":"https:\/\/rierge.com\/en\/wp-json\/wp\/v2\/pages\/1381\/revisions\/8046"}],"up":[{"embeddable":true,"href":"https:\/\/rierge.com\/en\/wp-json\/wp\/v2\/pages\/212"}],"wp:featuredmedia":[{"embeddable":true,"href":"https:\/\/rierge.com\/en\/wp-json\/wp\/v2\/media\/1878"}],"wp:attachment":[{"href":"https:\/\/rierge.com\/en\/wp-json\/wp\/v2\/media?parent=1381"}],"curies":[{"name":"wp","href":"https:\/\/api.w.org\/{rel}","templated":true}]}}