                 
                                       
                                       
                                       
                                       
                                       
                                       
                                       
                                       
                                       
                                       
                                       
                                       
                                       
                                         
                                       
                                       
                                       
                                       
                                       
                                       
                                       
                                       
                                       
                                       
                                       
                                       
                                       
                                         
                                       
                                       
                                       
                                       
                                       
                                       
                                       
                                       
                                       
                                       
                                       
                                       
                                       
                                         
                                       
                                       
                                       
                                       
                                       
                                       
                                       
                                       
                                       
                                       
                                       
                                       
                                       
                                         
                                       
                                       
                                       
                                       
                                       
                                       
                                       
                                       
                                       
                                       
                                       
                                       
                                       
                        {"id":12,"date":"2017-03-23T14:32:34","date_gmt":"2017-03-23T14:32:34","guid":{"rendered":"http:\/\/rierge.com\/?page_id=12"},"modified":"2024-05-08T09:52:58","modified_gmt":"2024-05-08T09:52:58","slug":"sobre-nosostros","status":"publish","type":"page","link":"https:\/\/rierge.com\/en\/rierge\/sobre-nosostros\/","title":{"rendered":"About Us"},"content":{"rendered":"<p><\/p>\n<table cellspacing=\"25\">\n<tbody>\n<tr>\n<td style=\"width: 25%; vertical-align: top;\">\n<div class=\"list-mark\">\n<h3>PRESENT\u00a0IN THE SECTORS<\/h3>\n<ul>\n<li>Aerospace<\/li>\n<li>Automotive<\/li>\n<li>Trains<\/li>\n<li>Solid Surface<\/li>\n<li>Furniture Manufacturing<\/li>\n<li>Manufacture of doors, windows and stairs<\/li>\n<\/ul>\n<\/div>\n<div class=\"clear padding-top-20\">\u00a0<\/div>\n<div class=\"list-mark\">\n<h3>MACHINING MATERIALS LIKE<\/h3>\n<ul>\n<li>Resins<\/li>\n<li>Composites<\/li>\n<li>Technological Materials<\/li>\n<li>Carbon fiber<\/li>\n<li>Wood<\/li>\n<li>Aluminum<\/li>\n<li>Plastic<\/li>\n<\/ul>\n<\/div>\n<\/td>\n<td style=\"text-align: justify;\">Rierge was founded in 1954 and since 1990 is specialized in the design and manufacturing of CNC Machining Centers for different industrial sectors, machining different materials. In our plants in Mollet and Martorelles (Barcelona) we manufacture the CNC centers in full. <strong>At RIERGE<\/strong> &#8211; We develop your projects. &#8211; We design solutions. &#8211; We develop Software for user. &#8211; We program the PLC&#8217;s of the equipments &#8211; We realize the welding, folding and machining of the structures. &#8211; We design and assemble the electrical panels of the machines. &#8211; We assemble the different parts in our facilities. &#8211; We parameterize and programme the CNC. &#8211; We install and provide training about our products. <strong><em>ALL\u00a0THANKS TO THE TECHNICAL TEAM IN RIERGE&#8217;S TEMPLATE.<\/em><\/strong> The constant changes of trends, the inexorable evolution of the technology and the new materials to be machined, oblige us yo be foccused to the market and to develop the necessary tools and machines adapted to the new demands of the market. Currently other materials are being integrated into the industry, such as resins, composites, corian, honeycomb, fiberglass, carbon fiber, sandwich panel &#8230; which are combined or replace traditional materials.<\/p>\n<h3><strong>APPLICATION SECTORS<\/strong><\/h3>\n<p><strong>Advanced materials, composites and aluminum:\u00a0<\/strong>Numerical Control machining centers for the machining of aluminum and composite materials. This has been the most innovative department of our company, where the evolution of these materials has been the absolute protagonist. RIERGE has invested in developing different solutions to supply innovative sectors such as aerospace, automotive, nautical, railway and many more. <b>Plastic:\u00a0<\/b>for the machining of plastic materials and composites. <strong>Wood:<\/strong>\u00a0Numerical Control (CNC) machining centers for woodworking. We have specific machines for\u00a0doors, windows ans stairs machining, and we have also lines for the board machining<\/td>\n<\/tr>\n<tr>\n<td style=\"width: 25%; text-align: right; vertical-align: middle;\"><span style=\"color: #808080; font-size: 14pt;\">WITH RIERGE YOU WILL HAVE AN INTEGRAL MACHINE\/SOFTWARE SOLUTION<\/span><\/td>\n<td style=\"text-align: justify;\">\n<h3>\u00a0<\/h3>\n<h3>COMERCIAL ADVICE<\/h3>\n<p>At Rierge, we advise our clients in choosing the most suitable solution for their needs. At present, the market demands a flexible and dynamic production, so it is essential to choose the most suitable machine format and software tha suits the final product that is wanted to manufacture. Our extensive range of machines, designed for each productive sector makes Rierge, can offer you the most interesting and productive solution. With Rierge you will have an integral machine \/ software solution. In addition, we offer you the possibility of automating your processes with loading and unloading systems, all managed from a single software. Our sales team with our technical department, is able to advise you on choosing the best personalitzed solution.<\/td>\n<\/tr>\n<tr>\n<td style=\"width: 25%; text-align: right; vertical-align: middle;\"><span style=\"color: #808080; font-size: 14pt;\">WE HAVE A SHOWROOM FOR\u00a0 <\/span><span style=\"color: #808080; font-size: 14pt;\">MACHINE DEMOSTRATIONS <\/span><span style=\"color: #808080; font-size: 14pt;\">AND SOFTWARE PRESENTATIONS<\/span><\/td>\n<td>\n<h3>\u00a0<\/h3>\n<h3 style=\"text-align: justify;\">SHOWROOM<\/h3>\n<p style=\"text-align: justify;\">In our facilities in Martorelles we have a room prepared for demonstrations of machines and software presentations, so that our client could see the the conjunction funtionality of both facets.<\/p>\n<p style=\"text-align: justify;\">This service allows us to test materials and tools, another important factor for the installation&#8217;s smooth operation.<\/p>\n<p style=\"text-align: justify;\">In this place we hold colloquiums and training for the sales and designers team of our clients to offer them sales pitch for the products designed and made with Rierge&#8217;s integrated solutions.<\/p>\n<p style=\"text-align: justify;\">This service is at your disposal, do not hesitate to contact our Marketing department to schedule the event.<\/p>\n<\/td>\n<\/tr>\n<tr>\n<td style=\"width: 25%; text-align: right; vertical-align: middle;\"><span style=\"color: #808080; font-size: 14pt;\">RIERGE CONSTANTLY <\/span><span style=\"color: #808080; font-size: 14pt;\">DEVELOPS NEW PRODUCTS<\/span><\/td>\n<td>\n<h3 style=\"text-align: justify;\">TECHNOLOGY\u00a0&amp; DEVELOPMENT<\/h3>\n<p style=\"text-align: justify;\">In Rierge we develop our products through our technical office, we build in our facilities all the boiler components, we develop our own software and we adapt market solutions to our products.<\/p>\n<p style=\"text-align: justify;\">Our machines follow strict quality processes, where all the components that have been welded and, because of their manufacturing process, are exposed to high temperatures, are subjected to a stabilization process.<\/p>\n<p style=\"text-align: justify;\">In the process of finishing the construction, all the axes are compared, adjusted, squared and compensated with high precision elements to guarantee precision and quality in the finishes of your products, as well as the durability of the mechanical components of traction and translation.<\/p>\n<p style=\"text-align: justify;\">We develops constantly new products and improvements in the existing ones, being a world leader of this sector.<\/p>\n<\/td>\n<\/tr>\n<tr>\n<td style=\"width: 25%; text-align: right; vertical-align: middle;\"><span style=\"color: #808080; font-size: 14pt;\">GET MORE PRODUCTIVITY WITH OUR AUTOMATION SOLUTIONS<\/span><\/td>\n<td>\n<h3>\u00a0<\/h3>\n<h3 style=\"text-align: justify;\">AUTOMATION SOLUTIONS<\/h3>\n<p style=\"text-align: justify;\">To achieve consistently the expected productivity, eash machining depends on the non-interruptions pieces&#8217; loading and unloading. For this,we have developed differents systems for the machines to work without interruptions and automatically.<\/p>\n<p style=\"text-align: justify;\">We have telescopic loaders for panel loading, and suction cup manipulators for loading, unloading and stacking doors, all controlled from a single point and connected to your ERP.<\/p>\n<p style=\"text-align: justify;\">\u00a0<\/p>\n<ul>\n<li style=\"text-align: justify;\"><strong>Design and manufacture according to your needs.<\/strong><\/li>\n<li style=\"text-align: justify;\"><strong>Control from a single point and a single program.<\/strong><\/li>\n<li style=\"text-align: justify;\"><strong>Connection for Teleservice.<\/strong><\/li>\n<li style=\"text-align: justify;\"><strong>Smart manufacturing.<\/strong><\/li>\n<\/ul>\n<\/td>\n<\/tr>\n<\/tbody>\n<\/table>\n<p style=\"text-align: center;\"><ul class=\"videos\"><li class=\"grid-100\"><iframe loading=\"lazy\" width=\"560\" height=\"315\" src=\"https:\/\/www.youtube.com\/embed\/-gKU6_L2QkE?rel=0\" frameborder=\"0\" allowfullscreen><\/iframe><\/ul><\/p>\n<p style=\"text-align: justify;\"><div class=\"contenedor-colaboradores\"><h2>Colaboradores<\/h2><p class=\"sub-titulo\"><\/p><ul class=\"colaboradores\"><li class=\"slide\"><a href=\"https:\/\/www.siemens.com\" target=\"_blank\"><img decoding=\"async\" src=\"https:\/\/rierge.com\/wp-content\/uploads\/2017\/03\/siemens-125x55.jpg\" alt=\" \" \/><\/a><\/li><li class=\"slide\"><a href=\"http:\/\/www.schaeffler.es\" target=\"_blank\"><img decoding=\"async\" src=\"https:\/\/rierge.com\/wp-content\/uploads\/2017\/03\/schaeffler-125x55.jpg\" alt=\" \" \/><\/a><\/li><li class=\"slide\"><a href=\"https:\/\/www.becker-international.com\/index.php?id=1&lang=003&func=&list=&shop_obj=&shop_index=\" target=\"_blank\"><img decoding=\"async\" src=\"https:\/\/rierge.com\/wp-content\/uploads\/2017\/03\/becker-125x55.jpg\" alt=\" \" \/><\/a><\/li><li class=\"slide\"><a href=\"http:\/\/www.buschvacuum.com\" target=\"_blank\"><img decoding=\"async\" src=\"https:\/\/rierge.com\/wp-content\/uploads\/2017\/03\/busch-125x55.jpg\" alt=\" \" \/><\/a><\/li><li class=\"slide\"><a href=\"http:\/\/www.raabe-software.de\/?lang=en&s=\" target=\"_blank\"><img decoding=\"async\" src=\"https:\/\/rierge.com\/wp-content\/uploads\/2017\/03\/twin-cam-125x55.jpg\" alt=\" \" \/><\/a><\/li><li class=\"slide\"><a href=\"https:\/\/teowin.com\" target=\"_blank\"><img decoding=\"async\" src=\"https:\/\/rierge.com\/wp-content\/uploads\/2024\/08\/Teowin_Compacto_Negativo_Blanco_redu-125x106.jpg\" alt=\" \" \/><\/a><\/li><li class=\"slide\"><a href=\"https:\/\/www.ddxgroup.com\/es\/software\" target=\"_blank\"><img decoding=\"async\" src=\"https:\/\/rierge.com\/wp-content\/uploads\/2017\/03\/1580726226-DDX-Logo-LINEAR-VERSION-white-125x38.png\" alt=\" \" \/><\/a><\/li><li class=\"slide\"><a href=\"http:\/\/www.gabarro.com\/es\/\" target=\"_blank\"><img decoding=\"async\" src=\"https:\/\/rierge.com\/wp-content\/uploads\/2017\/10\/Logo_Gabarro_3-web-125x42.jpg\" alt=\" \" \/><\/a><\/li><li class=\"slide\"><a href=\"http:\/\/www.gamo.com\/?lang=es\" target=\"_blank\"><img decoding=\"async\" src=\"https:\/\/rierge.com\/wp-content\/uploads\/2017\/10\/gamo1-125x31.jpg\" alt=\" \" \/><\/a><\/li><li class=\"slide\"><a href=\"https:\/\/www.prodim-systems.com\" target=\"_blank\"><img decoding=\"async\" src=\"https:\/\/rierge.com\/wp-content\/uploads\/2017\/03\/prodim-125x55.jpg\" alt=\" \" \/><\/a><\/li><li class=\"slide\"><a href=\"https:\/\/www.geodetic.com\" target=\"_blank\"><img decoding=\"async\" src=\"https:\/\/rierge.com\/wp-content\/uploads\/2017\/03\/nub3d-125x55.jpg\" alt=\" \" \/><\/a><\/li><li class=\"slide\"><a href=\"http:\/\/www.mia-cg.com\/\" target=\"_blank\"><img decoding=\"async\" src=\"https:\/\/rierge.com\/wp-content\/uploads\/2017\/03\/mia-125x55.jpg\" alt=\" \" \/><\/a><\/li><li class=\"slide\"><a href=\"http:\/\/www.cenfim.org\" target=\"_blank\"><img decoding=\"async\" src=\"https:\/\/rierge.com\/wp-content\/uploads\/2017\/10\/cenfim-web-125x38.jpg\" alt=\" \" \/><\/a><\/li><li class=\"slide\"><a href=\"http:\/\/www.cumesoft.com\" target=\"_blank\"><img decoding=\"async\" src=\"https:\/\/rierge.com\/wp-content\/uploads\/2017\/03\/cumesoft-125x55.jpg\" alt=\" \" \/><\/a><\/li><\/ul><\/div><div class=\"clear\"><\/div><\/p>\n<p style=\"text-align: justify;\">\u00a0<\/p>\n<p><\/p>","protected":false},"excerpt":{"rendered":"<p>PRESENT\u00a0IN THE SECTORS Aerospace Automotive Trains Solid Surface Furniture Manufacturing Manufacture of doors, windows and stairs \u00a0 MACHINING MATERIALS LIKE Resins Composites Technological Materials Carbon fiber Wood Aluminum Plastic Rierge was founded in 1954 and since 1990 is specialized in the design and manufacturing of CNC Machining Centers for different industrial sectors, machining different materials. [&hellip;]<\/p>\n","protected":false},"author":1,"featured_media":1615,"parent":23,"menu_order":6,"comment_status":"closed","ping_status":"closed","template":"","meta":{"_mc_calendar":[],"footnotes":""},"class_list":["post-12","page","type-page","status-publish","has-post-thumbnail","hentry"],"yoast_head":"<!-- This site is optimized with the Yoast SEO Premium plugin v18.4 (Yoast SEO v24.9) - https:\/\/yoast.com\/wordpress\/plugins\/seo\/ -->\n<title>About Us - RIERGE<\/title>\n<meta name=\"description\" content=\"Rierge se fund\u00f3 en 1954 y desde 1990 est\u00e1 especializada en el dise\u00f1o y fabricaci\u00f3n de Centros de Mecanizado CNC, para diferentes sectores Industriales, mecanizando materiales diversos.\" \/>\n<meta name=\"robots\" content=\"index, follow, max-snippet:-1, max-image-preview:large, max-video-preview:-1\" \/>\n<link rel=\"canonical\" href=\"https:\/\/rierge.com\/rierge\/sobre-nosostros\/\" \/>\n<meta property=\"og:locale\" content=\"en_US\" \/>\n<meta property=\"og:type\" content=\"article\" \/>\n<meta property=\"og:title\" content=\"[:es]Sobre Nosotros[:ca]Sobre Nosaltres[:en]About Us[:fr]\u00c0 propos de nous[:pb]Sobre Nosotros[:]\" \/>\n<meta property=\"og:description\" content=\"PRESENTES EN LOS SECTORES Aeroespacial Automotriz Ferrovial Solid Surface Fabricaci\u00f3n de Muebles Fabricaci\u00f3n de puertas, ventanas y escaleras \u00a0 MECANIZADO\" \/>\n<meta property=\"og:url\" content=\"https:\/\/rierge.com\/rierge\/sobre-nosostros\/\" \/>\n<meta property=\"og:site_name\" content=\"RIERGE\" \/>\n<meta property=\"article:modified_time\" content=\"2024-05-08T09:52:58+00:00\" \/>\n<meta property=\"og:image\" content=\"https:\/\/rierge.com\/wp-content\/uploads\/2017\/03\/b_compania_sobre-nosotros.jpg\" \/>\n\t<meta property=\"og:image:width\" content=\"1000\" \/>\n\t<meta property=\"og:image:height\" content=\"400\" \/>\n\t<meta property=\"og:image:type\" content=\"image\/jpeg\" \/>\n<meta name=\"twitter:card\" content=\"summary_large_image\" \/>\n<meta name=\"twitter:label1\" content=\"Est. reading time\" \/>\n\t<meta name=\"twitter:data1\" content=\"4 minutes\" \/>\n<script type=\"application\/ld+json\" class=\"yoast-schema-graph\">{\"@context\":\"https:\/\/schema.org\",\"@graph\":[{\"@type\":\"WebPage\",\"@id\":\"https:\/\/rierge.com\/rierge\/sobre-nosostros\/\",\"url\":\"https:\/\/rierge.com\/rierge\/sobre-nosostros\/\",\"name\":\"[:es]Sobre Nosotros[:ca]Sobre Nosaltres[:en]About Us[:fr]\u00c0 propos de nous[:pb]Sobre Nosotros[:] - RIERGE\",\"isPartOf\":{\"@id\":\"https:\/\/rierge.com\/en\/#website\"},\"primaryImageOfPage\":{\"@id\":\"https:\/\/rierge.com\/rierge\/sobre-nosostros\/#primaryimage\"},\"image\":{\"@id\":\"https:\/\/rierge.com\/rierge\/sobre-nosostros\/#primaryimage\"},\"thumbnailUrl\":\"https:\/\/rierge.com\/wp-content\/uploads\/2017\/03\/b_compania_sobre-nosotros.jpg\",\"datePublished\":\"2017-03-23T14:32:34+00:00\",\"dateModified\":\"2024-05-08T09:52:58+00:00\",\"description\":\"Rierge se fund\u00f3 en 1954 y desde 1990 est\u00e1 especializada en el dise\u00f1o y fabricaci\u00f3n de Centros de Mecanizado CNC, para diferentes sectores Industriales, mecanizando materiales diversos.\",\"breadcrumb\":{\"@id\":\"https:\/\/rierge.com\/rierge\/sobre-nosostros\/#breadcrumb\"},\"inLanguage\":\"en-US\",\"potentialAction\":[{\"@type\":\"ReadAction\",\"target\":[\"https:\/\/rierge.com\/rierge\/sobre-nosostros\/\"]}]},{\"@type\":\"ImageObject\",\"inLanguage\":\"en-US\",\"@id\":\"https:\/\/rierge.com\/rierge\/sobre-nosostros\/#primaryimage\",\"url\":\"https:\/\/rierge.com\/wp-content\/uploads\/2017\/03\/b_compania_sobre-nosotros.jpg\",\"contentUrl\":\"https:\/\/rierge.com\/wp-content\/uploads\/2017\/03\/b_compania_sobre-nosotros.jpg\",\"width\":1000,\"height\":400},{\"@type\":\"BreadcrumbList\",\"@id\":\"https:\/\/rierge.com\/rierge\/sobre-nosostros\/#breadcrumb\",\"itemListElement\":[{\"@type\":\"ListItem\",\"position\":1,\"name\":\"Home\",\"item\":\"https:\/\/rierge.com\/\"},{\"@type\":\"ListItem\",\"position\":2,\"name\":\"Compa\u00f1\u00eda\",\"item\":\"https:\/\/rierge.com\/\"},{\"@type\":\"ListItem\",\"position\":3,\"name\":\"Sobre Nosotros\"}]},{\"@type\":\"WebSite\",\"@id\":\"https:\/\/rierge.com\/en\/#website\",\"url\":\"https:\/\/rierge.com\/en\/\",\"name\":\"RIERGE\",\"description\":\"\",\"publisher\":{\"@id\":\"https:\/\/rierge.com\/en\/#organization\"},\"potentialAction\":[{\"@type\":\"SearchAction\",\"target\":{\"@type\":\"EntryPoint\",\"urlTemplate\":\"https:\/\/rierge.com\/en\/?s={search_term_string}\"},\"query-input\":{\"@type\":\"PropertyValueSpecification\",\"valueRequired\":true,\"valueName\":\"search_term_string\"}}],\"inLanguage\":\"en-US\"},{\"@type\":\"Organization\",\"@id\":\"https:\/\/rierge.com\/en\/#organization\",\"name\":\"Rierge\",\"url\":\"https:\/\/rierge.com\/en\/\",\"logo\":{\"@type\":\"ImageObject\",\"inLanguage\":\"en-US\",\"@id\":\"https:\/\/rierge.com\/en\/#\/schema\/logo\/image\/\",\"url\":\"https:\/\/rierge.com\/wp-content\/uploads\/2017\/06\/logo-rierge-desde-1954.jpg\",\"contentUrl\":\"https:\/\/rierge.com\/wp-content\/uploads\/2017\/06\/logo-rierge-desde-1954.jpg\",\"width\":180,\"height\":50,\"caption\":\"Rierge\"},\"image\":{\"@id\":\"https:\/\/rierge.com\/en\/#\/schema\/logo\/image\/\"}}]}<\/script>\n<!-- \/ Yoast SEO Premium plugin. -->","yoast_head_json":{"title":"[:es]Sobre Nosotros[:ca]Sobre Nosaltres[:en]About Us[:fr]\u00c0 propos de nous[:pb]Sobre Nosotros[:] - RIERGE","description":"Rierge se fund\u00f3 en 1954 y desde 1990 est\u00e1 especializada en el dise\u00f1o y fabricaci\u00f3n de Centros de Mecanizado CNC, para diferentes sectores Industriales, mecanizando materiales diversos.","robots":{"index":"index","follow":"follow","max-snippet":"max-snippet:-1","max-image-preview":"max-image-preview:large","max-video-preview":"max-video-preview:-1"},"canonical":"https:\/\/rierge.com\/rierge\/sobre-nosostros\/","og_locale":"en_US","og_type":"article","og_title":"[:es]Sobre Nosotros[:ca]Sobre Nosaltres[:en]About Us[:fr]\u00c0 propos de nous[:pb]Sobre Nosotros[:]","og_description":"PRESENTES EN LOS SECTORES Aeroespacial Automotriz Ferrovial Solid Surface Fabricaci\u00f3n de Muebles Fabricaci\u00f3n de puertas, ventanas y escaleras \u00a0 MECANIZADO","og_url":"https:\/\/rierge.com\/rierge\/sobre-nosostros\/","og_site_name":"RIERGE","article_modified_time":"2024-05-08T09:52:58+00:00","og_image":[{"width":1000,"height":400,"url":"https:\/\/rierge.com\/wp-content\/uploads\/2017\/03\/b_compania_sobre-nosotros.jpg","type":"image\/jpeg"}],"twitter_card":"summary_large_image","twitter_misc":{"Est. reading time":"4 minutes"},"schema":{"@context":"https:\/\/schema.org","@graph":[{"@type":"WebPage","@id":"https:\/\/rierge.com\/rierge\/sobre-nosostros\/","url":"https:\/\/rierge.com\/rierge\/sobre-nosostros\/","name":"[:es]Sobre Nosotros[:ca]Sobre Nosaltres[:en]About Us[:fr]\u00c0 propos de nous[:pb]Sobre Nosotros[:] - RIERGE","isPartOf":{"@id":"https:\/\/rierge.com\/en\/#website"},"primaryImageOfPage":{"@id":"https:\/\/rierge.com\/rierge\/sobre-nosostros\/#primaryimage"},"image":{"@id":"https:\/\/rierge.com\/rierge\/sobre-nosostros\/#primaryimage"},"thumbnailUrl":"https:\/\/rierge.com\/wp-content\/uploads\/2017\/03\/b_compania_sobre-nosotros.jpg","datePublished":"2017-03-23T14:32:34+00:00","dateModified":"2024-05-08T09:52:58+00:00","description":"Rierge se fund\u00f3 en 1954 y desde 1990 est\u00e1 especializada en el dise\u00f1o y fabricaci\u00f3n de Centros de Mecanizado CNC, para diferentes sectores Industriales, mecanizando materiales diversos.","breadcrumb":{"@id":"https:\/\/rierge.com\/rierge\/sobre-nosostros\/#breadcrumb"},"inLanguage":"en-US","potentialAction":[{"@type":"ReadAction","target":["https:\/\/rierge.com\/rierge\/sobre-nosostros\/"]}]},{"@type":"ImageObject","inLanguage":"en-US","@id":"https:\/\/rierge.com\/rierge\/sobre-nosostros\/#primaryimage","url":"https:\/\/rierge.com\/wp-content\/uploads\/2017\/03\/b_compania_sobre-nosotros.jpg","contentUrl":"https:\/\/rierge.com\/wp-content\/uploads\/2017\/03\/b_compania_sobre-nosotros.jpg","width":1000,"height":400},{"@type":"BreadcrumbList","@id":"https:\/\/rierge.com\/rierge\/sobre-nosostros\/#breadcrumb","itemListElement":[{"@type":"ListItem","position":1,"name":"Home","item":"https:\/\/rierge.com\/"},{"@type":"ListItem","position":2,"name":"Compa\u00f1\u00eda","item":"https:\/\/rierge.com\/"},{"@type":"ListItem","position":3,"name":"Sobre Nosotros"}]},{"@type":"WebSite","@id":"https:\/\/rierge.com\/en\/#website","url":"https:\/\/rierge.com\/en\/","name":"RIERGE","description":"","publisher":{"@id":"https:\/\/rierge.com\/en\/#organization"},"potentialAction":[{"@type":"SearchAction","target":{"@type":"EntryPoint","urlTemplate":"https:\/\/rierge.com\/en\/?s={search_term_string}"},"query-input":{"@type":"PropertyValueSpecification","valueRequired":true,"valueName":"search_term_string"}}],"inLanguage":"en-US"},{"@type":"Organization","@id":"https:\/\/rierge.com\/en\/#organization","name":"Rierge","url":"https:\/\/rierge.com\/en\/","logo":{"@type":"ImageObject","inLanguage":"en-US","@id":"https:\/\/rierge.com\/en\/#\/schema\/logo\/image\/","url":"https:\/\/rierge.com\/wp-content\/uploads\/2017\/06\/logo-rierge-desde-1954.jpg","contentUrl":"https:\/\/rierge.com\/wp-content\/uploads\/2017\/06\/logo-rierge-desde-1954.jpg","width":180,"height":50,"caption":"Rierge"},"image":{"@id":"https:\/\/rierge.com\/en\/#\/schema\/logo\/image\/"}}]}},"_links":{"self":[{"href":"https:\/\/rierge.com\/en\/wp-json\/wp\/v2\/pages\/12","targetHints":{"allow":["GET"]}}],"collection":[{"href":"https:\/\/rierge.com\/en\/wp-json\/wp\/v2\/pages"}],"about":[{"href":"https:\/\/rierge.com\/en\/wp-json\/wp\/v2\/types\/page"}],"author":[{"embeddable":true,"href":"https:\/\/rierge.com\/en\/wp-json\/wp\/v2\/users\/1"}],"replies":[{"embeddable":true,"href":"https:\/\/rierge.com\/en\/wp-json\/wp\/v2\/comments?post=12"}],"version-history":[{"count":7,"href":"https:\/\/rierge.com\/en\/wp-json\/wp\/v2\/pages\/12\/revisions"}],"predecessor-version":[{"id":7855,"href":"https:\/\/rierge.com\/en\/wp-json\/wp\/v2\/pages\/12\/revisions\/7855"}],"up":[{"embeddable":true,"href":"https:\/\/rierge.com\/en\/wp-json\/wp\/v2\/pages\/23"}],"wp:featuredmedia":[{"embeddable":true,"href":"https:\/\/rierge.com\/en\/wp-json\/wp\/v2\/media\/1615"}],"wp:attachment":[{"href":"https:\/\/rierge.com\/en\/wp-json\/wp\/v2\/media?parent=12"}],"curies":[{"name":"wp","href":"https:\/\/api.w.org\/{rel}","templated":true}]}}