{"id":571,"date":"2017-04-14T11:13:41","date_gmt":"2017-04-14T11:13:41","guid":{"rendered":"http:\/\/rierge.com\/?page_id=571"},"modified":"2023-04-12T16:23:57","modified_gmt":"2023-04-12T16:23:57","slug":"historia","status":"publish","type":"page","link":"https:\/\/rierge.com\/ca\/rierge\/historia\/","title":{"rendered":"Hist\u00f2ria"},"content":{"rendered":"<p><\/p>\n<table>\n<tbody>\n<tr>\n<td style=\"width: 30%;\">\n<table>\n<tbody>\n<tr>\n<td><img loading=\"lazy\" decoding=\"async\" src=\"http:\/\/rierge.com\/wp-content\/uploads\/2017\/04\/santi-riera_2-350x233.png\" alt=\"\" width=\"212\" height=\"212\" data-id=\"2168\"><\/td>\n<\/tr>\n<tr>\n<td><strong>Santi Riera<\/strong><br \/>\nGerente<\/td>\n<\/tr>\n<\/tbody>\n<\/table>\n<\/td>\n<td>\n<p style=\"text-align: justify;\"><strong>RIERGE<\/strong>&nbsp;es va fundar l&#8217;any 1954 per Sr. Santiago Riera Corretge i Sr. Andr\u00e9s Erra Fabregat, i es va constituir en societat an\u00f2nima en l&#8217;any 1977.<\/p>\n<p style=\"text-align: justify;\">Empresa dedicada des dels 60 al sector Industrial, innovant i desenvolupant nous productes des de llavors.<\/p>\n<p style=\"text-align: justify;\">A principis dels anys 90 vam comen\u00e7ar amb el desenvolupament de pant\u00f2grafs de plasma i l\u00e0ser, aix\u00ed com de centres de mecanitzat a control num\u00e8ric. Fins ara hem anat desenvolupant diferents models i sistemes per fer molt m\u00e9s productius els centres de mecanitzat.<\/p>\n<p style=\"text-align: justify;\">La nostra oferta ha anat creixent fins a conseguir la gamma de m\u00e0quines m\u00e9s extensa i solucions a necessitats espec\u00edfiques.<\/p>\n<p style=\"text-align: justify;\">Ens hem especialitzat en la fabricaci\u00f3 de m\u00e0quines a la mida de les necessitats del client i hem desenvolupat l\u00ednies de producci\u00f3 integrals. Disposem d&#8217;oficina t\u00e8cnica i departament de desenvolupament de software.<\/p>\n<p style=\"text-align: justify;\">Tots els processos dels quals es compon la fabricaci\u00f3 de les m\u00e0quines es realitzen a les instal\u00b7lacions de la nostra empresa.<\/p>\n<p style=\"text-align: justify;\">En aquests moments podem oferir solucions completes de producci\u00f3 amb mecanitzat i manipulaci\u00f3 de peces, i a m\u00e9s, m\u00e0quines insertadores de ferratges, automatitzant al m\u00e0xim els processos. Tot aix\u00f2 gestionat amb programes de desenvolupament propi o de mercat, adaptant a cada cas la millor soluci\u00f3.<\/p>\n<p style=\"text-align: justify;\">RIERGE disposa de col\u00b7laboradors en la majoria de les prov\u00edncies espanyoles formats pel nostre SAT, per poder oferir un servei d&#8217;assist\u00e8ncia t\u00e8cnica m\u00e9s proper.<\/p>\n<p style=\"text-align: justify;\">A nivell mundial, RIERGE, disposa de distribuidors qualificats per poder assessorar en l&#8217;adquisici\u00f3 de la millor soluci\u00f3 per la seva activitat, aix\u00ed com proporcionar un servei post-venta. Disposem de delegacions pr\u00f2pies amb servei t\u00e8cnic i estructura comercial a Brasil i M\u00e8xic.<\/p>\n<\/td>\n<\/tr>\n<tr>\n<td style=\"width: 30%;\" colspan=\"2\"><img loading=\"lazy\" decoding=\"async\" class=\"aligncenter size-full wp-image-1491\" src=\"http:\/\/rierge.com\/wp-content\/uploads\/2017\/04\/mapa-compania.jpg\" alt=\"\" width=\"863\" height=\"550\" data-id=\"1491\" srcset=\"https:\/\/rierge.com\/wp-content\/uploads\/2017\/04\/mapa-compania.jpg 863w, https:\/\/rierge.com\/wp-content\/uploads\/2017\/04\/mapa-compania-600x382.jpg 600w, https:\/\/rierge.com\/wp-content\/uploads\/2017\/04\/mapa-compania-350x223.jpg 350w, https:\/\/rierge.com\/wp-content\/uploads\/2017\/04\/mapa-compania-768x489.jpg 768w, https:\/\/rierge.com\/wp-content\/uploads\/2017\/04\/mapa-compania-60x38.jpg 60w\" sizes=\"auto, (max-width: 863px) 100vw, 863px\" \/><\/td>\n<\/tr>\n<\/tbody>\n<\/table>\n<p><\/p>","protected":false},"excerpt":{"rendered":"<p>Santi Riera Gerente RIERGE&nbsp;es va fundar l&#8217;any 1954 per Sr. Santiago Riera Corretge i Sr. Andr\u00e9s Erra Fabregat, i es va constituir en societat an\u00f2nima en l&#8217;any 1977. Empresa dedicada des dels 60 al sector Industrial, innovant i desenvolupant nous productes des de llavors. A principis dels anys 90 vam comen\u00e7ar amb el desenvolupament de [&hellip;]<\/p>\n","protected":false},"author":1,"featured_media":1488,"parent":23,"menu_order":5,"comment_status":"closed","ping_status":"closed","template":"","meta":{"_mc_calendar":[],"footnotes":""},"class_list":["post-571","page","type-page","status-publish","has-post-thumbnail","hentry"],"yoast_head":"<!-- This site is optimized with the Yoast SEO Premium plugin v18.4 (Yoast SEO v24.9) - https:\/\/yoast.com\/wordpress\/plugins\/seo\/ -->\n<title>Hist\u00f2ria - RIERGE<\/title>\n<meta name=\"description\" content=\"Empresa dedicada desde los 60 al sector Industrial, innovando y desarrollando nuevos productos desde entonces | Rierge\" \/>\n<meta name=\"robots\" content=\"index, follow, max-snippet:-1, max-image-preview:large, max-video-preview:-1\" \/>\n<link rel=\"canonical\" href=\"https:\/\/rierge.com\/rierge\/historia\/\" \/>\n<meta property=\"og:locale\" content=\"ca_ES\" \/>\n<meta property=\"og:type\" content=\"article\" \/>\n<meta property=\"og:title\" content=\"[:es]Historia[:ca]Hist\u00f2ria[:en]History[:fr]Histoire[:pb]Historia[:]\" \/>\n<meta property=\"og:description\" content=\"Santi Riera Gerente &nbsp; RIERGE se fund\u00f3 en el a\u00f1o 1954 por D. Santiago Riera Corretge y D. Andr\u00e9s Erra Fabregat, se constituy\u00f3 en sociedad an\u00f3nima en\" \/>\n<meta property=\"og:url\" content=\"https:\/\/rierge.com\/rierge\/historia\/\" \/>\n<meta property=\"og:site_name\" content=\"RIERGE\" \/>\n<meta property=\"article:modified_time\" content=\"2023-04-12T16:23:57+00:00\" \/>\n<meta property=\"og:image\" content=\"https:\/\/rierge.com\/wp-content\/uploads\/2017\/04\/b_compania_historia.jpg\" \/>\n\t<meta property=\"og:image:width\" content=\"1000\" \/>\n\t<meta property=\"og:image:height\" content=\"400\" \/>\n\t<meta property=\"og:image:type\" content=\"image\/jpeg\" \/>\n<meta name=\"twitter:card\" content=\"summary_large_image\" \/>\n<meta name=\"twitter:label1\" content=\"Temps estimat de lectura\" \/>\n\t<meta name=\"twitter:data1\" content=\"9 minuts\" \/>\n<script type=\"application\/ld+json\" class=\"yoast-schema-graph\">{\"@context\":\"https:\/\/schema.org\",\"@graph\":[{\"@type\":\"WebPage\",\"@id\":\"https:\/\/rierge.com\/rierge\/historia\/\",\"url\":\"https:\/\/rierge.com\/rierge\/historia\/\",\"name\":\"[:es]Historia[:ca]Hist\u00f2ria[:en]History[:fr]Histoire[:pb]Historia[:] - RIERGE\",\"isPartOf\":{\"@id\":\"https:\/\/rierge.com\/en\/#website\"},\"primaryImageOfPage\":{\"@id\":\"https:\/\/rierge.com\/rierge\/historia\/#primaryimage\"},\"image\":{\"@id\":\"https:\/\/rierge.com\/rierge\/historia\/#primaryimage\"},\"thumbnailUrl\":\"https:\/\/rierge.com\/wp-content\/uploads\/2017\/04\/b_compania_historia.jpg\",\"datePublished\":\"2017-04-14T11:13:41+00:00\",\"dateModified\":\"2023-04-12T16:23:57+00:00\",\"description\":\"Empresa dedicada desde los 60 al sector Industrial, innovando y desarrollando nuevos productos desde entonces | Rierge\",\"breadcrumb\":{\"@id\":\"https:\/\/rierge.com\/rierge\/historia\/#breadcrumb\"},\"inLanguage\":\"ca\",\"potentialAction\":[{\"@type\":\"ReadAction\",\"target\":[\"https:\/\/rierge.com\/rierge\/historia\/\"]}]},{\"@type\":\"ImageObject\",\"inLanguage\":\"ca\",\"@id\":\"https:\/\/rierge.com\/rierge\/historia\/#primaryimage\",\"url\":\"https:\/\/rierge.com\/wp-content\/uploads\/2017\/04\/b_compania_historia.jpg\",\"contentUrl\":\"https:\/\/rierge.com\/wp-content\/uploads\/2017\/04\/b_compania_historia.jpg\",\"width\":1000,\"height\":400},{\"@type\":\"BreadcrumbList\",\"@id\":\"https:\/\/rierge.com\/rierge\/historia\/#breadcrumb\",\"itemListElement\":[{\"@type\":\"ListItem\",\"position\":1,\"name\":\"Home\",\"item\":\"https:\/\/rierge.com\/\"},{\"@type\":\"ListItem\",\"position\":2,\"name\":\"Compa\u00f1\u00eda\",\"item\":\"https:\/\/rierge.com\/\"},{\"@type\":\"ListItem\",\"position\":3,\"name\":\"Historia\"}]},{\"@type\":\"WebSite\",\"@id\":\"https:\/\/rierge.com\/en\/#website\",\"url\":\"https:\/\/rierge.com\/en\/\",\"name\":\"RIERGE\",\"description\":\"\",\"publisher\":{\"@id\":\"https:\/\/rierge.com\/en\/#organization\"},\"potentialAction\":[{\"@type\":\"SearchAction\",\"target\":{\"@type\":\"EntryPoint\",\"urlTemplate\":\"https:\/\/rierge.com\/en\/?s={search_term_string}\"},\"query-input\":{\"@type\":\"PropertyValueSpecification\",\"valueRequired\":true,\"valueName\":\"search_term_string\"}}],\"inLanguage\":\"ca\"},{\"@type\":\"Organization\",\"@id\":\"https:\/\/rierge.com\/en\/#organization\",\"name\":\"Rierge\",\"url\":\"https:\/\/rierge.com\/en\/\",\"logo\":{\"@type\":\"ImageObject\",\"inLanguage\":\"ca\",\"@id\":\"https:\/\/rierge.com\/en\/#\/schema\/logo\/image\/\",\"url\":\"https:\/\/rierge.com\/wp-content\/uploads\/2017\/06\/logo-rierge-desde-1954.jpg\",\"contentUrl\":\"https:\/\/rierge.com\/wp-content\/uploads\/2017\/06\/logo-rierge-desde-1954.jpg\",\"width\":180,\"height\":50,\"caption\":\"Rierge\"},\"image\":{\"@id\":\"https:\/\/rierge.com\/en\/#\/schema\/logo\/image\/\"}}]}<\/script>\n<!-- \/ Yoast SEO Premium plugin. -->","yoast_head_json":{"title":"[:es]Historia[:ca]Hist\u00f2ria[:en]History[:fr]Histoire[:pb]Historia[:] - RIERGE","description":"Empresa dedicada desde los 60 al sector Industrial, innovando y desarrollando nuevos productos desde entonces | Rierge","robots":{"index":"index","follow":"follow","max-snippet":"max-snippet:-1","max-image-preview":"max-image-preview:large","max-video-preview":"max-video-preview:-1"},"canonical":"https:\/\/rierge.com\/rierge\/historia\/","og_locale":"ca_ES","og_type":"article","og_title":"[:es]Historia[:ca]Hist\u00f2ria[:en]History[:fr]Histoire[:pb]Historia[:]","og_description":"Santi Riera Gerente &nbsp; RIERGE se fund\u00f3 en el a\u00f1o 1954 por D. Santiago Riera Corretge y D. Andr\u00e9s Erra Fabregat, se constituy\u00f3 en sociedad an\u00f3nima en","og_url":"https:\/\/rierge.com\/rierge\/historia\/","og_site_name":"RIERGE","article_modified_time":"2023-04-12T16:23:57+00:00","og_image":[{"width":1000,"height":400,"url":"https:\/\/rierge.com\/wp-content\/uploads\/2017\/04\/b_compania_historia.jpg","type":"image\/jpeg"}],"twitter_card":"summary_large_image","twitter_misc":{"Temps estimat de lectura":"9 minuts"},"schema":{"@context":"https:\/\/schema.org","@graph":[{"@type":"WebPage","@id":"https:\/\/rierge.com\/rierge\/historia\/","url":"https:\/\/rierge.com\/rierge\/historia\/","name":"[:es]Historia[:ca]Hist\u00f2ria[:en]History[:fr]Histoire[:pb]Historia[:] - RIERGE","isPartOf":{"@id":"https:\/\/rierge.com\/en\/#website"},"primaryImageOfPage":{"@id":"https:\/\/rierge.com\/rierge\/historia\/#primaryimage"},"image":{"@id":"https:\/\/rierge.com\/rierge\/historia\/#primaryimage"},"thumbnailUrl":"https:\/\/rierge.com\/wp-content\/uploads\/2017\/04\/b_compania_historia.jpg","datePublished":"2017-04-14T11:13:41+00:00","dateModified":"2023-04-12T16:23:57+00:00","description":"Empresa dedicada desde los 60 al sector Industrial, innovando y desarrollando nuevos productos desde entonces | Rierge","breadcrumb":{"@id":"https:\/\/rierge.com\/rierge\/historia\/#breadcrumb"},"inLanguage":"ca","potentialAction":[{"@type":"ReadAction","target":["https:\/\/rierge.com\/rierge\/historia\/"]}]},{"@type":"ImageObject","inLanguage":"ca","@id":"https:\/\/rierge.com\/rierge\/historia\/#primaryimage","url":"https:\/\/rierge.com\/wp-content\/uploads\/2017\/04\/b_compania_historia.jpg","contentUrl":"https:\/\/rierge.com\/wp-content\/uploads\/2017\/04\/b_compania_historia.jpg","width":1000,"height":400},{"@type":"BreadcrumbList","@id":"https:\/\/rierge.com\/rierge\/historia\/#breadcrumb","itemListElement":[{"@type":"ListItem","position":1,"name":"Home","item":"https:\/\/rierge.com\/"},{"@type":"ListItem","position":2,"name":"Compa\u00f1\u00eda","item":"https:\/\/rierge.com\/"},{"@type":"ListItem","position":3,"name":"Historia"}]},{"@type":"WebSite","@id":"https:\/\/rierge.com\/en\/#website","url":"https:\/\/rierge.com\/en\/","name":"RIERGE","description":"","publisher":{"@id":"https:\/\/rierge.com\/en\/#organization"},"potentialAction":[{"@type":"SearchAction","target":{"@type":"EntryPoint","urlTemplate":"https:\/\/rierge.com\/en\/?s={search_term_string}"},"query-input":{"@type":"PropertyValueSpecification","valueRequired":true,"valueName":"search_term_string"}}],"inLanguage":"ca"},{"@type":"Organization","@id":"https:\/\/rierge.com\/en\/#organization","name":"Rierge","url":"https:\/\/rierge.com\/en\/","logo":{"@type":"ImageObject","inLanguage":"ca","@id":"https:\/\/rierge.com\/en\/#\/schema\/logo\/image\/","url":"https:\/\/rierge.com\/wp-content\/uploads\/2017\/06\/logo-rierge-desde-1954.jpg","contentUrl":"https:\/\/rierge.com\/wp-content\/uploads\/2017\/06\/logo-rierge-desde-1954.jpg","width":180,"height":50,"caption":"Rierge"},"image":{"@id":"https:\/\/rierge.com\/en\/#\/schema\/logo\/image\/"}}]}},"_links":{"self":[{"href":"https:\/\/rierge.com\/ca\/wp-json\/wp\/v2\/pages\/571","targetHints":{"allow":["GET"]}}],"collection":[{"href":"https:\/\/rierge.com\/ca\/wp-json\/wp\/v2\/pages"}],"about":[{"href":"https:\/\/rierge.com\/ca\/wp-json\/wp\/v2\/types\/page"}],"author":[{"embeddable":true,"href":"https:\/\/rierge.com\/ca\/wp-json\/wp\/v2\/users\/1"}],"replies":[{"embeddable":true,"href":"https:\/\/rierge.com\/ca\/wp-json\/wp\/v2\/comments?post=571"}],"version-history":[{"count":1,"href":"https:\/\/rierge.com\/ca\/wp-json\/wp\/v2\/pages\/571\/revisions"}],"predecessor-version":[{"id":7447,"href":"https:\/\/rierge.com\/ca\/wp-json\/wp\/v2\/pages\/571\/revisions\/7447"}],"up":[{"embeddable":true,"href":"https:\/\/rierge.com\/ca\/wp-json\/wp\/v2\/pages\/23"}],"wp:featuredmedia":[{"embeddable":true,"href":"https:\/\/rierge.com\/ca\/wp-json\/wp\/v2\/media\/1488"}],"wp:attachment":[{"href":"https:\/\/rierge.com\/ca\/wp-json\/wp\/v2\/media?parent=571"}],"curies":[{"name":"wp","href":"https:\/\/api.w.org\/{rel}","templated":true}]}}