{"id":1855,"date":"2017-05-18T11:13:43","date_gmt":"2017-05-18T11:13:43","guid":{"rendered":"http:\/\/rierge.com\/?page_id=1855"},"modified":"2023-03-30T14:08:50","modified_gmt":"2023-03-30T14:08:50","slug":"soluciones-integrales","status":"publish","type":"page","link":"https:\/\/rierge.com\/ca\/servicios\/soluciones-integrales\/","title":{"rendered":"Solucions integrals"},"content":{"rendered":"<p><\/p>\n<h3>L\u00ednies autom\u00e0tiques de panell<\/h3>\n<table style=\"width: 100%;\">\n<tbody>\n<tr>\n<td style=\"width: 70%;\">\n<p><strong>L\u00ednia Nesting Impressora<\/strong><\/p>\n<p style=\"text-align: justify;\">Es composa d&#8217;un centre de mecanitzat CNC, que incorpora un carregador telesc\u00f2pic a l&#8217;entrada de la m\u00e0quina i aquest carregador disposa d&#8217;una impressora d&#8217;etiquetes que les va col\u00b7locant de forma autom\u00e0tica al panell abans de ser mecanitzat.<\/p>\n<p style=\"text-align: justify;\">El carregador \u00e9s telesc\u00f2pic de manera que podem col\u00b7locar un paquet de taulers i autom\u00e0ticament s&#8217;alimentar\u00e0 al centre de mecanitzat, que simult\u00e0niament, a la desc\u00e0rrega i neteja del martir, col\u00b7locar\u00e0 el nou panell en m\u00e0quina per ser mecanitzat.<\/p>\n<p style=\"text-align: justify;\">A la sortida del centre de mecanitzat disposem d&#8217;una taula de banda on tindrem les peces etiquetades, tallades i taladrades.<\/p>\n<\/td>\n<td style=\"width: 5%;\">\u00a0<\/td>\n<td><iframe loading=\"lazy\" src=\"\/\/www.youtube.com\/embed\/dHqSZ9-njIw\" width=\"560\" height=\"314\" allowfullscreen=\"allowfullscreen\"><\/iframe><\/td>\n<\/tr>\n<tr>\n<td>&nbsp;<\/td>\n<td>&nbsp;<\/td>\n<td style=\"text-align: right; vertical-align: top;\">\u00a0<\/td>\n<\/tr>\n<tr>\n<td>\n<p><strong>L\u00ednia de Nesting +\u00a0Txapadora<\/strong><\/p>\n<p style=\"text-align: justify;\">Es composa d&#8217;un centre de mecanitzat CNC que incorpora un carregador telesc\u00f2pic a l&#8217;entrada de la m\u00e0quina i aquest carregador disposa d&#8217;una impresora d&#8217;etiquetes que les va col\u00b7locant de manera autom\u00e0tica en el panell abans de ser mecanitzat.<\/p>\n<p style=\"text-align: justify;\"><span style=\"font-family: inherit; font-size: inherit;\">El carregador \u00e9s telesc\u00f2pic de manera que podem col\u00b7locar un paquet de taulers i autom\u00e0ticament s&#8217;alimentar\u00e0 al centre de mecanitzat, que simult\u00e0niament, a la desc\u00e0rrega i neteja del martir, col\u00b7locar\u00e0 el nou panell en m\u00e0quina per ser mecanitzat.<\/span><\/p>\n<p style=\"text-align: justify;\">A la sortida del mecanitzat, tindrem una cinta de banda i un manipulador Goliat, que voltejaran les peces en cas de necessitat i alimentar\u00e0 una txapadora de cantos electr\u00f2nica que, d&#8217;acord amb la informaci\u00f3 facilitada en el codi de barres de la pe\u00e7a, escollir\u00e0 el canto corresponent i s&#8217;adequar\u00e0 al gruix de la pe\u00e7a, que a la sortida de la txapadora retornar\u00e0 a l&#8217;origen on, segons les necessitats, tornar\u00e0 a la txapadora o ser\u00e0 ben apilada en un palet. I aix\u00ed haur\u00e0 acabat el proc\u00e9s.<\/p>\n<p>&nbsp;<\/p>\n<\/td>\n<td>&nbsp;<\/td>\n<td style=\"text-align: right; vertical-align: top;\"><iframe loading=\"lazy\" src=\"\/\/www.youtube.com\/embed\/BlqZI__2NqY\" width=\"560\" height=\"314\" allowfullscreen=\"allowfullscreen\"><\/iframe><\/td>\n<\/tr>\n<\/tbody>\n<\/table>\n<h3>L\u00ednia de fabricaci\u00f3 de portes + col\u00b7locaci\u00f3 de ferratges<\/h3>\n<table style=\"width: 100%;\">\n<tbody>\n<tr>\n<td style=\"width: 70%;\">\u00a0<\/td>\n<td style=\"width: 5%;\">\u00a0<\/td>\n<td>&nbsp;<\/td>\n<\/tr>\n<tr>\n<td>\n<p style=\"text-align: justify;\"><strong>Mecacerc + Ferramak<\/strong><\/p>\n<p style=\"text-align: justify;\"><strong>La l\u00ednia est\u00e0 composta per les m\u00e0quines seg\u00fcents:<\/strong><\/p>\n<p style=\"text-align: justify;\">Centre de mecanitzat\u00a0<strong>MECACERC<\/strong>\u00a0amb carregador.<br \/>\n Insertadora de ferratges\u00a0<strong>FERRAMAK.<\/strong><\/p>\n<div style=\"text-align: justify;\">\u00a0<\/div>\n<p style=\"text-align: justify;\">Despr\u00e9s de fabricar el marc per mitj\u00e0 d&#8217;una motllurera o b\u00e9 amb un altre proc\u00e9s, necessitem mecanitzar l&#8217;allotjament dels ferratges. Aix\u00f2 ho farem amb la m\u00e0quina\u00a0<strong>MECACERC<\/strong>, que, provisionada amb un carregador vertical de perfils, anir\u00e0 alimentant la m\u00e0quina.<\/p>\n<p style=\"text-align: justify;\">A la sortida connectarem amb una <strong>FERRAMAK<\/strong>, que col\u00b7locar\u00e0 els ferratges i els cargolar\u00e0 de manera autom\u00e0tica.<\/p>\n<p style=\"text-align: justify;\">Ja tenim les tres peces del marc llestes per ser empaquetades.<\/p>\n<p style=\"text-align: justify;\">En el cas de voler acoblar els marcs amb la porta, ho farem en el banc de muntatge per, posteriorment, ser acoblat i entregar tot el Kit complet al nostre client.<\/p>\n<p style=\"text-align: justify;\">\u00a0Tot aquest proc\u00e9s pot ser realitzat de manera completament autom\u00e0tica o semi-autom\u00e0tica.<\/p>\n<\/td>\n<td>&nbsp;<\/td>\n<td style=\"vertical-align: top;\"><iframe loading=\"lazy\" src=\"\/\/www.youtube.com\/embed\/UQvgCZVV2r8\" width=\"560\" height=\"314\" allowfullscreen=\"allowfullscreen\"><\/iframe><\/td>\n<\/tr>\n<tr>\n<td>\n<p><strong>L\u00ednia de fabricaci\u00f3 de marcs + inserci\u00f3 de ferratges.<\/strong><\/p>\n<\/td>\n<td>&nbsp;<\/td>\n<td>&nbsp;<\/td>\n<\/tr>\n<tr>\n<td>\n<p style=\"text-align: justify;\"><strong>Megadoor + Ferradoor<\/strong><\/p>\n<p style=\"text-align: justify;\"><strong>Es composa de les seg\u00fcents m\u00e0quines:<\/strong><\/p>\n<p style=\"text-align: justify;\">Manipulador <strong>Goliat<\/strong> per a c\u00e0rrega y desc\u00e0rrega de portes.<br \/>\n Centre de mecanitzat\u00a0<strong>MEGADOOR <\/strong>(que segons necessitats productives pot variar el model).<br \/>\n Insertadora de ferratges\u00a0<strong>FERRADOOR.<\/strong><\/p>\n<p style=\"text-align: justify;\"><strong>Funcionament de la l\u00ednia:<\/strong><\/p>\n<p style=\"text-align: justify;\">Per mediaci\u00f3 del centre de mecanitzat\u00a0<strong>MEGADOOR<\/strong>\u00a0realitzarem tot el mecanitzat de la porta (esquadrat, allotjament de perns, allotjament del pany, taladro de la maneta, taladro de la clau, ratllat i qualsevol altre treball de fresa).<\/p>\n<p style=\"text-align: justify;\">A la \u00a0sortida de la m\u00e0quina connectarem amb la insertadora de ferratges\u00a0<strong>FERRADOOR<\/strong> que ens col\u00b7locar\u00e0 el pany i els perns, sense importar la quantitat ni el sentit de la obertura (dreta\/esquerra).<\/p>\n<p style=\"text-align: justify;\">Un cop enllestit aquest proc\u00e9s podem passar a l&#8217;acoblament de la porta i mitjan\u00e7ant el manipulador\u00a0<strong>GOLIAT<\/strong> l&#8217;apilarem en el lloc escollit pel client.<\/p>\n<p style=\"text-align: justify;\">En cas de voler acoblar la porta amb els marcs, ho farem en el banc de muntatge per, posteriorment, ser acoblat i entregar tot el Kit complet al nostre client.<\/p>\n<p style=\"text-align: justify;\">Tot aquest proc\u00e9s pot ser realitzat de manera completament autom\u00e0tica o semi-autom\u00e0tica.<\/p>\n<p>&nbsp;<\/p>\n<\/td>\n<td>&nbsp;<\/td>\n<td style=\"vertical-align: top;\"><iframe loading=\"lazy\" src=\"\/\/www.youtube.com\/embed\/ClBxTY50hmM\" width=\"560\" height=\"314\" allowfullscreen=\"allowfullscreen\"><\/iframe><\/td>\n<\/tr>\n<tr>\n<td>&nbsp;<\/td>\n<td>&nbsp;<\/td>\n<td>&nbsp;<\/td>\n<\/tr>\n<\/tbody>\n<\/table>\n<p>&nbsp;<\/p>\n<p><\/p>","protected":false},"excerpt":{"rendered":"<p>L\u00ednies autom\u00e0tiques de panell L\u00ednia Nesting Impressora Es composa d&#8217;un centre de mecanitzat CNC, que incorpora un carregador telesc\u00f2pic a l&#8217;entrada de la m\u00e0quina i aquest carregador disposa d&#8217;una impressora d&#8217;etiquetes que les va col\u00b7locant de forma autom\u00e0tica al panell abans de ser mecanitzat. El carregador \u00e9s telesc\u00f2pic de manera que podem col\u00b7locar un paquet [&hellip;]<\/p>\n","protected":false},"author":1,"featured_media":1856,"parent":18,"menu_order":13,"comment_status":"closed","ping_status":"closed","template":"","meta":{"_mc_calendar":[],"footnotes":""},"class_list":["post-1855","page","type-page","status-publish","has-post-thumbnail","hentry"],"yoast_head":"<!-- This site is optimized with the Yoast SEO Premium plugin v18.4 (Yoast SEO v24.9) - https:\/\/yoast.com\/wordpress\/plugins\/seo\/ -->\n<title>Solucions integrals - RIERGE<\/title>\n<meta name=\"robots\" content=\"index, follow, max-snippet:-1, max-image-preview:large, max-video-preview:-1\" \/>\n<link rel=\"canonical\" href=\"https:\/\/rierge.com\/fr\/services\/soluciones-integrales\/\" \/>\n<meta property=\"og:locale\" content=\"ca_ES\" \/>\n<meta property=\"og:type\" content=\"article\" \/>\n<meta property=\"og:title\" content=\"[:es]Soluciones integrales[:ca]Solucions integrals[:en]Integral Solutions[:fr]Solutions int\u00e9grales[:pb]Soluciones integrales[:]\" \/>\n<meta property=\"og:description\" content=\"L\u00edneas autom\u00e1ticas de panel L\u00ednea Nesting Impresora Se compone de un centro de mecanizado CNC, que incorpora un cargador telesc\u00f3pico a la entrada de la\" \/>\n<meta property=\"og:url\" content=\"https:\/\/rierge.com\/fr\/services\/soluciones-integrales\/\" \/>\n<meta property=\"og:site_name\" content=\"RIERGE\" \/>\n<meta property=\"article:modified_time\" content=\"2023-03-30T14:08:50+00:00\" \/>\n<meta property=\"og:image\" content=\"https:\/\/rierge.com\/wp-content\/uploads\/2017\/05\/b_soluciones-integrales.jpg\" \/>\n\t<meta property=\"og:image:width\" content=\"1000\" \/>\n\t<meta property=\"og:image:height\" content=\"400\" \/>\n\t<meta property=\"og:image:type\" content=\"image\/jpeg\" \/>\n<meta name=\"twitter:card\" content=\"summary_large_image\" \/>\n<meta name=\"twitter:label1\" content=\"Temps estimat de lectura\" \/>\n\t<meta name=\"twitter:data1\" content=\"16 minuts\" \/>\n<script type=\"application\/ld+json\" class=\"yoast-schema-graph\">{\"@context\":\"https:\/\/schema.org\",\"@graph\":[{\"@type\":\"WebPage\",\"@id\":\"https:\/\/rierge.com\/fr\/services\/soluciones-integrales\/\",\"url\":\"https:\/\/rierge.com\/fr\/services\/soluciones-integrales\/\",\"name\":\"[:es]Soluciones integrales[:ca]Solucions integrals[:en]Integral Solutions[:fr]Solutions int\u00e9grales[:pb]Soluciones integrales[:] - RIERGE\",\"isPartOf\":{\"@id\":\"https:\/\/rierge.com\/en\/#website\"},\"primaryImageOfPage\":{\"@id\":\"https:\/\/rierge.com\/fr\/services\/soluciones-integrales\/#primaryimage\"},\"image\":{\"@id\":\"https:\/\/rierge.com\/fr\/services\/soluciones-integrales\/#primaryimage\"},\"thumbnailUrl\":\"https:\/\/rierge.com\/wp-content\/uploads\/2017\/05\/b_soluciones-integrales.jpg\",\"datePublished\":\"2017-05-18T11:13:43+00:00\",\"dateModified\":\"2023-03-30T14:08:50+00:00\",\"breadcrumb\":{\"@id\":\"https:\/\/rierge.com\/fr\/services\/soluciones-integrales\/#breadcrumb\"},\"inLanguage\":\"ca\",\"potentialAction\":[{\"@type\":\"ReadAction\",\"target\":[\"https:\/\/rierge.com\/fr\/services\/soluciones-integrales\/\"]}]},{\"@type\":\"ImageObject\",\"inLanguage\":\"ca\",\"@id\":\"https:\/\/rierge.com\/fr\/services\/soluciones-integrales\/#primaryimage\",\"url\":\"https:\/\/rierge.com\/wp-content\/uploads\/2017\/05\/b_soluciones-integrales.jpg\",\"contentUrl\":\"https:\/\/rierge.com\/wp-content\/uploads\/2017\/05\/b_soluciones-integrales.jpg\",\"width\":1000,\"height\":400},{\"@type\":\"BreadcrumbList\",\"@id\":\"https:\/\/rierge.com\/fr\/services\/soluciones-integrales\/#breadcrumb\",\"itemListElement\":[{\"@type\":\"ListItem\",\"position\":1,\"name\":\"Home\",\"item\":\"https:\/\/rierge.com\/\"},{\"@type\":\"ListItem\",\"position\":2,\"name\":\"Services\",\"item\":\"https:\/\/rierge.com\/en\/services\/\"},{\"@type\":\"ListItem\",\"position\":3,\"name\":\"Solutions int\u00e9grales\"}]},{\"@type\":\"WebSite\",\"@id\":\"https:\/\/rierge.com\/en\/#website\",\"url\":\"https:\/\/rierge.com\/en\/\",\"name\":\"RIERGE\",\"description\":\"\",\"publisher\":{\"@id\":\"https:\/\/rierge.com\/en\/#organization\"},\"potentialAction\":[{\"@type\":\"SearchAction\",\"target\":{\"@type\":\"EntryPoint\",\"urlTemplate\":\"https:\/\/rierge.com\/en\/?s={search_term_string}\"},\"query-input\":{\"@type\":\"PropertyValueSpecification\",\"valueRequired\":true,\"valueName\":\"search_term_string\"}}],\"inLanguage\":\"ca\"},{\"@type\":\"Organization\",\"@id\":\"https:\/\/rierge.com\/en\/#organization\",\"name\":\"Rierge\",\"url\":\"https:\/\/rierge.com\/en\/\",\"logo\":{\"@type\":\"ImageObject\",\"inLanguage\":\"ca\",\"@id\":\"https:\/\/rierge.com\/en\/#\/schema\/logo\/image\/\",\"url\":\"https:\/\/rierge.com\/wp-content\/uploads\/2017\/06\/logo-rierge-desde-1954.jpg\",\"contentUrl\":\"https:\/\/rierge.com\/wp-content\/uploads\/2017\/06\/logo-rierge-desde-1954.jpg\",\"width\":180,\"height\":50,\"caption\":\"Rierge\"},\"image\":{\"@id\":\"https:\/\/rierge.com\/en\/#\/schema\/logo\/image\/\"}}]}<\/script>\n<!-- \/ Yoast SEO Premium plugin. -->","yoast_head_json":{"title":"[:es]Soluciones integrales[:ca]Solucions integrals[:en]Integral Solutions[:fr]Solutions int\u00e9grales[:pb]Soluciones integrales[:] - RIERGE","robots":{"index":"index","follow":"follow","max-snippet":"max-snippet:-1","max-image-preview":"max-image-preview:large","max-video-preview":"max-video-preview:-1"},"canonical":"https:\/\/rierge.com\/fr\/services\/soluciones-integrales\/","og_locale":"ca_ES","og_type":"article","og_title":"[:es]Soluciones integrales[:ca]Solucions integrals[:en]Integral Solutions[:fr]Solutions int\u00e9grales[:pb]Soluciones integrales[:]","og_description":"L\u00edneas autom\u00e1ticas de panel L\u00ednea Nesting Impresora Se compone de un centro de mecanizado CNC, que incorpora un cargador telesc\u00f3pico a la entrada de la","og_url":"https:\/\/rierge.com\/fr\/services\/soluciones-integrales\/","og_site_name":"RIERGE","article_modified_time":"2023-03-30T14:08:50+00:00","og_image":[{"width":1000,"height":400,"url":"https:\/\/rierge.com\/wp-content\/uploads\/2017\/05\/b_soluciones-integrales.jpg","type":"image\/jpeg"}],"twitter_card":"summary_large_image","twitter_misc":{"Temps estimat de lectura":"16 minuts"},"schema":{"@context":"https:\/\/schema.org","@graph":[{"@type":"WebPage","@id":"https:\/\/rierge.com\/fr\/services\/soluciones-integrales\/","url":"https:\/\/rierge.com\/fr\/services\/soluciones-integrales\/","name":"[:es]Soluciones integrales[:ca]Solucions integrals[:en]Integral Solutions[:fr]Solutions int\u00e9grales[:pb]Soluciones integrales[:] - RIERGE","isPartOf":{"@id":"https:\/\/rierge.com\/en\/#website"},"primaryImageOfPage":{"@id":"https:\/\/rierge.com\/fr\/services\/soluciones-integrales\/#primaryimage"},"image":{"@id":"https:\/\/rierge.com\/fr\/services\/soluciones-integrales\/#primaryimage"},"thumbnailUrl":"https:\/\/rierge.com\/wp-content\/uploads\/2017\/05\/b_soluciones-integrales.jpg","datePublished":"2017-05-18T11:13:43+00:00","dateModified":"2023-03-30T14:08:50+00:00","breadcrumb":{"@id":"https:\/\/rierge.com\/fr\/services\/soluciones-integrales\/#breadcrumb"},"inLanguage":"ca","potentialAction":[{"@type":"ReadAction","target":["https:\/\/rierge.com\/fr\/services\/soluciones-integrales\/"]}]},{"@type":"ImageObject","inLanguage":"ca","@id":"https:\/\/rierge.com\/fr\/services\/soluciones-integrales\/#primaryimage","url":"https:\/\/rierge.com\/wp-content\/uploads\/2017\/05\/b_soluciones-integrales.jpg","contentUrl":"https:\/\/rierge.com\/wp-content\/uploads\/2017\/05\/b_soluciones-integrales.jpg","width":1000,"height":400},{"@type":"BreadcrumbList","@id":"https:\/\/rierge.com\/fr\/services\/soluciones-integrales\/#breadcrumb","itemListElement":[{"@type":"ListItem","position":1,"name":"Home","item":"https:\/\/rierge.com\/"},{"@type":"ListItem","position":2,"name":"Services","item":"https:\/\/rierge.com\/en\/services\/"},{"@type":"ListItem","position":3,"name":"Solutions int\u00e9grales"}]},{"@type":"WebSite","@id":"https:\/\/rierge.com\/en\/#website","url":"https:\/\/rierge.com\/en\/","name":"RIERGE","description":"","publisher":{"@id":"https:\/\/rierge.com\/en\/#organization"},"potentialAction":[{"@type":"SearchAction","target":{"@type":"EntryPoint","urlTemplate":"https:\/\/rierge.com\/en\/?s={search_term_string}"},"query-input":{"@type":"PropertyValueSpecification","valueRequired":true,"valueName":"search_term_string"}}],"inLanguage":"ca"},{"@type":"Organization","@id":"https:\/\/rierge.com\/en\/#organization","name":"Rierge","url":"https:\/\/rierge.com\/en\/","logo":{"@type":"ImageObject","inLanguage":"ca","@id":"https:\/\/rierge.com\/en\/#\/schema\/logo\/image\/","url":"https:\/\/rierge.com\/wp-content\/uploads\/2017\/06\/logo-rierge-desde-1954.jpg","contentUrl":"https:\/\/rierge.com\/wp-content\/uploads\/2017\/06\/logo-rierge-desde-1954.jpg","width":180,"height":50,"caption":"Rierge"},"image":{"@id":"https:\/\/rierge.com\/en\/#\/schema\/logo\/image\/"}}]}},"_links":{"self":[{"href":"https:\/\/rierge.com\/ca\/wp-json\/wp\/v2\/pages\/1855","targetHints":{"allow":["GET"]}}],"collection":[{"href":"https:\/\/rierge.com\/ca\/wp-json\/wp\/v2\/pages"}],"about":[{"href":"https:\/\/rierge.com\/ca\/wp-json\/wp\/v2\/types\/page"}],"author":[{"embeddable":true,"href":"https:\/\/rierge.com\/ca\/wp-json\/wp\/v2\/users\/1"}],"replies":[{"embeddable":true,"href":"https:\/\/rierge.com\/ca\/wp-json\/wp\/v2\/comments?post=1855"}],"version-history":[{"count":1,"href":"https:\/\/rierge.com\/ca\/wp-json\/wp\/v2\/pages\/1855\/revisions"}],"predecessor-version":[{"id":7407,"href":"https:\/\/rierge.com\/ca\/wp-json\/wp\/v2\/pages\/1855\/revisions\/7407"}],"up":[{"embeddable":true,"href":"https:\/\/rierge.com\/ca\/wp-json\/wp\/v2\/pages\/18"}],"wp:featuredmedia":[{"embeddable":true,"href":"https:\/\/rierge.com\/ca\/wp-json\/wp\/v2\/media\/1856"}],"wp:attachment":[{"href":"https:\/\/rierge.com\/ca\/wp-json\/wp\/v2\/media?parent=1855"}],"curies":[{"name":"wp","href":"https:\/\/api.w.org\/{rel}","templated":true}]}}