{"id":1246,"date":"2017-04-28T09:32:54","date_gmt":"2017-04-28T09:32:54","guid":{"rendered":"http:\/\/rierge.com\/?page_id=1246"},"modified":"2023-09-14T08:13:51","modified_gmt":"2023-09-14T08:13:51","slug":"procesos","status":"publish","type":"page","link":"https:\/\/rierge.com\/ca\/rierge\/procesos\/","title":{"rendered":"Processos"},"content":{"rendered":"<p><\/p>\n<h2>\n<table cellspacing=\"20\">\n<tbody>\n<tr>\n<td>\n\t\t<style type=\"text\/css\">\n\t\t\t#gallery-3 {\n\t\t\t\tmargin: auto;\n\t\t\t}\n\t\t\t#gallery-3 .gallery-item {\n\t\t\t\tfloat: left;\n\t\t\t\tmargin-top: 10px;\n\t\t\t\ttext-align: center;\n\t\t\t\twidth: 50%;\n\t\t\t}\n\t\t\t#gallery-3 img {\n\t\t\t\tborder: 2px solid #cfcfcf;\n\t\t\t}\n\t\t\t#gallery-3 .gallery-caption {\n\t\t\t\tmargin-left: 0;\n\t\t\t}\n\t\t\t\/* see gallery_shortcode() in wp-includes\/media.php *\/\n\t\t<\/style>\n\t\t<div id='gallery-3' class='gallery galleryid-1496 gallery-columns-2 gallery-size-thumbnail'><dl class='gallery-item'>\n\t\t\t<dt class='gallery-icon landscape'>\n\t\t\t\t<a href='https:\/\/rierge.com\/wp-content\/uploads\/2017\/04\/RiergeDetalls-13.jpeg'><img loading=\"lazy\" decoding=\"async\" width=\"160\" height=\"160\" src=\"https:\/\/rierge.com\/wp-content\/uploads\/2017\/04\/RiergeDetalls-13-160x160.jpeg\" class=\"attachment-thumbnail size-thumbnail\" alt=\"\" srcset=\"https:\/\/rierge.com\/wp-content\/uploads\/2017\/04\/RiergeDetalls-13-160x160.jpeg 160w, https:\/\/rierge.com\/wp-content\/uploads\/2017\/04\/RiergeDetalls-13-300x300.jpeg 300w, https:\/\/rierge.com\/wp-content\/uploads\/2017\/04\/RiergeDetalls-13-100x100.jpeg 100w\" sizes=\"auto, (max-width: 160px) 100vw, 160px\" \/><\/a>\n\t\t\t<\/dt><\/dl><dl class='gallery-item'>\n\t\t\t<dt class='gallery-icon landscape'>\n\t\t\t\t<a href='https:\/\/rierge.com\/wp-content\/uploads\/2017\/04\/bancada-2-350x263.jpeg'><img loading=\"lazy\" decoding=\"async\" width=\"160\" height=\"160\" src=\"https:\/\/rierge.com\/wp-content\/uploads\/2017\/04\/bancada-2-350x263-160x160.jpeg\" class=\"attachment-thumbnail size-thumbnail\" alt=\"\" srcset=\"https:\/\/rierge.com\/wp-content\/uploads\/2017\/04\/bancada-2-350x263-160x160.jpeg 160w, https:\/\/rierge.com\/wp-content\/uploads\/2017\/04\/bancada-2-350x263-100x100.jpeg 100w\" sizes=\"auto, (max-width: 160px) 100vw, 160px\" \/><\/a>\n\t\t\t<\/dt><\/dl><br style=\"clear: both\" \/><dl class='gallery-item'>\n\t\t\t<dt class='gallery-icon landscape'>\n\t\t\t\t<a href='https:\/\/rierge.com\/wp-content\/uploads\/2017\/04\/Estabilizado-general-768x582.jpeg'><img loading=\"lazy\" decoding=\"async\" width=\"160\" height=\"160\" src=\"https:\/\/rierge.com\/wp-content\/uploads\/2017\/04\/Estabilizado-general-768x582-160x160.jpeg\" class=\"attachment-thumbnail size-thumbnail\" alt=\"\" srcset=\"https:\/\/rierge.com\/wp-content\/uploads\/2017\/04\/Estabilizado-general-768x582-160x160.jpeg 160w, https:\/\/rierge.com\/wp-content\/uploads\/2017\/04\/Estabilizado-general-768x582-300x300.jpeg 300w, https:\/\/rierge.com\/wp-content\/uploads\/2017\/04\/Estabilizado-general-768x582-100x100.jpeg 100w\" sizes=\"auto, (max-width: 160px) 100vw, 160px\" \/><\/a>\n\t\t\t<\/dt><\/dl>\n\t\t\t<br style='clear: both' \/>\n\t\t<\/div>\n<\/td>\n<td style=\"width: 62%; vertical-align: top; text-align: justify;\">\n<h2>Tecnologia &amp; Desenvolupament<\/h2>\n<p style=\"text-align: justify;\">A Rierge desenvolupem els nostres productes a trav\u00e9s de la nostra oficina t\u00e8cnica.<\/p>\n<p style=\"text-align: justify;\">Constru\u00efm a les nostres instal\u00b7lacions tots els components de caldereria, desenvolupem el nostre propi software i adaptem solucions de mercat als nostres productes. Soldem, mecanitzem, constru\u00efm els elements de planxisteria, disenyem i constru\u00efm els quadres el\u00e8ctrics, programem i parametritzem tots els elements electr\u00f2nics, pintem, acoblem els components i realitzem la posta en marxa dels nostres centres de mecanitzat CNC.<\/p>\n<p style=\"text-align: justify;\">\n<p>El nostre personal qualificat realitza el disseny i l&#8217;esquema del quadre el\u00e8ctric, i en les nostres instal\u00b7lacions realitzem el muntatge dels diferents elements, identificant cadascun dels cables, els quals tamb\u00e9 confeccionem: soldem els terminals i comprovem cadascun d&#8217;aquests, amb la fi de tenir la seguretat de que no es produeixi cap fallada de connexi\u00f3.<\/p>\n<p style=\"text-align: justify;\">La majoria de les nostres m\u00e0quines s\u00f3n tractades estabilitzant totes les peces que ha sofert tensions per la seva fabricaci\u00f3 en l&#8217;origen o en el transcurs del proc\u00e9s de fabricaci\u00f3 de la m\u00e0quina.<\/p>\n<p style=\"text-align: justify;\">Aquestes peces s\u00f3n tractades amb calor durant un per\u00edode de 24h arribant a una temperatura de 600\u00baC, amb l&#8217;objectiu que durant el proc\u00e9s siguin eliminades les tensions internes que deriven d&#8217;una deformaci\u00f3 de l&#8217;estructura amb el pas dels mesos, que comportaria una p\u00e8rdua de precisi\u00f3 i un desgast superior dels elements de tracci\u00f3 i translaci\u00f3 com ho s\u00f3n les guies, cargols, patins i cremalleres.<\/p>\n<\/td>\n<\/tr>\n<tr>\n<td><img loading=\"lazy\" decoding=\"async\" class=\"size-medium wp-image-1389 aligncenter\" src=\"http:\/\/rierge.com\/wp-content\/uploads\/2017\/05\/Mecanizado-NT-DOOR5-350x265.jpg\" alt=\"\" width=\"350\" height=\"265\" data-id=\"1389\" srcset=\"https:\/\/rierge.com\/wp-content\/uploads\/2017\/05\/Mecanizado-NT-DOOR5-350x265.jpg 350w, https:\/\/rierge.com\/wp-content\/uploads\/2017\/05\/Mecanizado-NT-DOOR5-600x455.jpg 600w, https:\/\/rierge.com\/wp-content\/uploads\/2017\/05\/Mecanizado-NT-DOOR5-768x582.jpg 768w, https:\/\/rierge.com\/wp-content\/uploads\/2017\/05\/Mecanizado-NT-DOOR5-1000x758.jpg 1000w, https:\/\/rierge.com\/wp-content\/uploads\/2017\/05\/Mecanizado-NT-DOOR5-60x46.jpg 60w, https:\/\/rierge.com\/wp-content\/uploads\/2017\/05\/Mecanizado-NT-DOOR5.jpg 1200w\" sizes=\"auto, (max-width: 350px) 100vw, 350px\" \/><\/td>\n<td style=\"width: 62%; vertical-align: top;\">\n<h2 style=\"text-align: justify;\">Mecanitzat<\/h2>\n<p style=\"text-align: justify;\">Els punts de suport de les guies de precisi\u00f3, cremalleres, cargols, suports i altres punts de recolzament s\u00f3n mecanitzats, per garantitzar un perfecte assentament i paral\u00b7lelisme, garantitzant aix\u00ed una m\u00e0xima precissi\u00f3 de la m\u00e0quina.<\/p>\n<\/td>\n<\/tr>\n<tr>\n<td>\n\t\t<style type=\"text\/css\">\n\t\t\t#gallery-4 {\n\t\t\t\tmargin: auto;\n\t\t\t}\n\t\t\t#gallery-4 .gallery-item {\n\t\t\t\tfloat: left;\n\t\t\t\tmargin-top: 10px;\n\t\t\t\ttext-align: center;\n\t\t\t\twidth: 50%;\n\t\t\t}\n\t\t\t#gallery-4 img {\n\t\t\t\tborder: 2px solid #cfcfcf;\n\t\t\t}\n\t\t\t#gallery-4 .gallery-caption {\n\t\t\t\tmargin-left: 0;\n\t\t\t}\n\t\t\t\/* see gallery_shortcode() in wp-includes\/media.php *\/\n\t\t<\/style>\n\t\t<div id='gallery-4' class='gallery galleryid-1496 gallery-columns-2 gallery-size-thumbnail'><dl class='gallery-item'>\n\t\t\t<dt class='gallery-icon landscape'>\n\t\t\t\t<a href='https:\/\/rierge.com\/wp-content\/uploads\/2017\/04\/01fe3ae239c27886087f538b0d86ffbfa6a09df0d6-350x263.jpeg'><img loading=\"lazy\" decoding=\"async\" width=\"160\" height=\"160\" src=\"https:\/\/rierge.com\/wp-content\/uploads\/2017\/04\/01fe3ae239c27886087f538b0d86ffbfa6a09df0d6-350x263-160x160.jpeg\" class=\"attachment-thumbnail size-thumbnail\" alt=\"\" srcset=\"https:\/\/rierge.com\/wp-content\/uploads\/2017\/04\/01fe3ae239c27886087f538b0d86ffbfa6a09df0d6-350x263-160x160.jpeg 160w, https:\/\/rierge.com\/wp-content\/uploads\/2017\/04\/01fe3ae239c27886087f538b0d86ffbfa6a09df0d6-350x263-100x100.jpeg 100w\" sizes=\"auto, (max-width: 160px) 100vw, 160px\" \/><\/a>\n\t\t\t<\/dt><\/dl><dl class='gallery-item'>\n\t\t\t<dt class='gallery-icon landscape'>\n\t\t\t\t<a href='https:\/\/rierge.com\/wp-content\/uploads\/2017\/04\/ensamblaje-350x263.jpeg'><img loading=\"lazy\" decoding=\"async\" width=\"160\" height=\"160\" src=\"https:\/\/rierge.com\/wp-content\/uploads\/2017\/04\/ensamblaje-350x263-160x160.jpeg\" class=\"attachment-thumbnail size-thumbnail\" alt=\"\" srcset=\"https:\/\/rierge.com\/wp-content\/uploads\/2017\/04\/ensamblaje-350x263-160x160.jpeg 160w, https:\/\/rierge.com\/wp-content\/uploads\/2017\/04\/ensamblaje-350x263-100x100.jpeg 100w\" sizes=\"auto, (max-width: 160px) 100vw, 160px\" \/><\/a>\n\t\t\t<\/dt><\/dl><br style=\"clear: both\" \/>\n\t\t<\/div>\n<\/td>\n<td style=\"vertical-align: top;\">\n<h2 style=\"text-align: justify;\">Acoblament<\/h2>\n<p style=\"text-align: justify;\">Quan rebem els components fabricants pels diferents departaments de l&#8217;empresa, comen\u00e7a la tasca d&#8217;acoblament dels elements. En aquest proc\u00e9s \u00e9s un conflueix el treball de tot un equip i on tot ha d&#8217;encaixar amb la m\u00e0xima precissi\u00f3. S\u00f3n centenars de peces que configuraran un producte d&#8217;alta qualitat i precisi\u00f3, per aconseguir la m\u00e0xima satisfacci\u00f3 dels nostres clients.<\/p>\n<\/td>\n<\/tr>\n<tr>\n<td><img loading=\"lazy\" decoding=\"async\" class=\"size-full wp-image-493\" src=\"http:\/\/rierge.com\/wp-content\/uploads\/2017\/03\/cal3-1.jpg\" alt=\"\" width=\"277\" height=\"276\" data-id=\"493\" srcset=\"https:\/\/rierge.com\/wp-content\/uploads\/2017\/03\/cal3-1.jpg 277w, https:\/\/rierge.com\/wp-content\/uploads\/2017\/03\/cal3-1-100x100.jpg 100w, https:\/\/rierge.com\/wp-content\/uploads\/2017\/03\/cal3-1-60x60.jpg 60w\" sizes=\"auto, (max-width: 277px) 100vw, 277px\" \/><\/td>\n<td style=\"vertical-align: top;\">\n<h2 style=\"text-align: justify;\">Control de Qualitat<\/h2>\n<p style=\"text-align: justify;\">Tots els eixos s\u00f3n calibrats amb interfer\u00f2metres l\u00e0ser per poder compensar les difer\u00e8ncies de pes que poden tenir els elements de tracci\u00f3 com ara cremalleres, cargols o reductors.<\/p>\n<p style=\"text-align: justify;\">L&#8217;esquadrats entre els diferents eixos es realitza tamb\u00e9 amb equips l\u00e0ser, que ens garantitza una alta precisi\u00f3 i perfecci\u00f3 en els mecanitzats.<\/p>\n<p style=\"text-align: justify;\">Incorporem les \u00faltimes tecnologies de medici\u00f3 per a una perfecta alineaci\u00f3 i compensaci\u00f3 dels eixos de tracci\u00f3. Un cop acabades les m\u00e0quines, passen per un estricte control de qualitat realitzant un Test de Circularitat, Esquadrat, Repetitivitat, Precissi\u00f3, Lateralitat i Regulaci\u00f3 de Servos per mitj\u00e0 del Sistema Ballbar, i s&#8217;efectuen proves de comprovaci\u00f3 de totes les funcions..<\/p>\n<p style=\"text-align: justify;\">En m\u00e0quines de grans dimensions s&#8217;usa el L\u00e0ser Tracker per a l&#8217;alineaci\u00f3 de l&#8217;acoblament, la instal\u00b7laci\u00f3 i l&#8217;alineaci\u00f3 de les m\u00e0quines.<\/p>\n<p style=\"text-align: justify;\">Aquests equips ens emeten documentaci\u00f3 per a l&#8217;emissi\u00f3 de la Certificaci\u00f3 ISO.<\/p>\n<\/td>\n<\/tr>\n<tr>\n<td>\u00a0<img loading=\"lazy\" decoding=\"async\" class=\"alignnone size-medium wp-image-1909\" src=\"http:\/\/rierge.com\/wp-content\/uploads\/2017\/05\/CARLES-SAC-350x197.jpg\" alt=\"\" width=\"350\" height=\"197\" data-id=\"1909\" \/><\/td>\n<td style=\"vertical-align: top;\">\n<h2 style=\"text-align: justify;\">Conexi\u00f3 via m\u00f2dem<\/h2>\n<p style=\"text-align: justify;\">El m\u00f2dul TELESERVICE est\u00e0 compost per un m\u00f2dem, instal\u00b7lat al pupitre de control i software de comunicacions per accedir des del nostre ordinador al CNC dia Internet.<\/p>\n<p style=\"text-align: justify;\">Aquest sistema ens possibilita oferir-li suport t\u00e8cnic a dist\u00e0ncia, orientant-lo en la programaci\u00f3 i, alhora, poder realitzar el diagn\u00f2stic de qualsevol fallada, ja sigui en el programa o en el sistema, importar i exportar fitxers, visualitzar entrades i sortides i la possibilitat d&#8217;intervenir en aquest equip.<\/p>\n<p style=\"text-align: justify;\">A la m\u00e0quina van disposades preses externes de connexi\u00f3 USB i d&#8217;auriculars per poder estar connectat amb el nostre departament SAC via Skype.<\/p>\n<\/td>\n<\/tr>\n<tr>\n<td><img loading=\"lazy\" decoding=\"async\" class=\"alignnone size-medium wp-image-1829\" src=\"http:\/\/rierge.com\/wp-content\/uploads\/2017\/04\/01b945925f84a23100cf6b7a33a2de8ddcf30153b1-350x263-350x263.jpeg\" alt=\"\" width=\"350\" height=\"263\" data-id=\"1829\" srcset=\"https:\/\/rierge.com\/wp-content\/uploads\/2017\/04\/01b945925f84a23100cf6b7a33a2de8ddcf30153b1-350x263.jpeg 350w, https:\/\/rierge.com\/wp-content\/uploads\/2017\/04\/01b945925f84a23100cf6b7a33a2de8ddcf30153b1-350x263-60x45.jpeg 60w\" sizes=\"auto, (max-width: 350px) 100vw, 350px\" \/><\/td>\n<td style=\"vertical-align: top;\">\n<h2 style=\"text-align: justify;\">Registri&#8217;s\u00a0i accedeixi<\/h2>\n<p style=\"text-align: justify;\">Els nostres clients poden tenir acc\u00e9s a la Zona Club Clients on poden descarregar-se tot tipus de documentaci\u00f3 t\u00e8cnica i comercial.<\/p>\n<p style=\"text-align: justify;\">La nostra SUITE X4, desenvolupada en el nostre departament de Software, creix dia a dia i ens ofereix m\u00e9s prestacions d&#8217;intercomunicaci\u00f3ns entre programes i facilita als notres clients l&#8217;\u00fas de la m\u00e0quina, treballant en un sol entorn f\u00e0cil i did\u00e0ctic.<\/p>\n<p style=\"text-align: justify;\">El nostre servei t\u00e8cnic est\u00e0 dotat dels elements necessaris per poder avaluar a dist\u00e0ncia la naturalesa de la intervenci\u00f3. En un 80% dels casos se soluciona per via telem\u00e0tica, per\u00f2 en el cas que sigui necess\u00e0ria la intervenci\u00f3 <em>in situ<\/em>, els nostres t\u00e8cnics es despla\u00e7aran per solucionar-ho.<\/p>\n<p style=\"text-align: justify;\">Totes les nostres m\u00e0quines de nova generaci\u00f3 any 2009, estan equipades amb m\u00f2dem de connexi\u00f3 a Internet i preses externes de connexi\u00f3 de mem\u00f2ria USB, aix\u00ed com per la connexi\u00f3 d&#8217;auriculars i mico perqu\u00e8 el client pugui establir contacte amb el nostre departament SAC a trav\u00e9s d&#8217;Skype per rebre assist\u00e8ncia remota i ajudar-lo en els dubtes que puguin sorgir.<\/p>\n<\/td>\n<\/tr>\n<\/tbody>\n<\/table>\n<p style=\"text-align: justify;\">Els components que fem servir en les nostres m\u00e0quines s\u00f3n exclusivament d&#8217;origen europeu i de marques l\u00edders en la seva especialitat. Visiti la nostra secci\u00f3 de Col\u00b7laboradors, on trobar\u00e0 informaci\u00f3 sobre aquests i els links amb el seu lloc web.<\/p>\n<p style=\"text-align: justify;\"><ul class=\"videos\"><li class=\"grid-50\"><iframe loading=\"lazy\" width=\"100%\" height=\"270\" src=\"https:\/\/www.youtube.com\/embed\/D7G6gJzbrN4?rel=0\" frameborder=\"0\" allowfullscreen><\/iframe><\/ul><\/p>\n<p><\/p>","protected":false},"excerpt":{"rendered":"<p>Tecnologia &amp; Desenvolupament A Rierge desenvolupem els nostres productes a trav\u00e9s de la nostra oficina t\u00e8cnica. Constru\u00efm a les nostres instal\u00b7lacions tots els components de caldereria, desenvolupem el nostre propi software i adaptem solucions de mercat als nostres productes. Soldem, mecanitzem, constru\u00efm els elements de planxisteria, disenyem i constru\u00efm els quadres el\u00e8ctrics, programem i parametritzem [&hellip;]<\/p>\n","protected":false},"author":1,"featured_media":2567,"parent":23,"menu_order":4,"comment_status":"closed","ping_status":"closed","template":"","meta":{"_mc_calendar":[],"footnotes":""},"class_list":["post-1246","page","type-page","status-publish","has-post-thumbnail","hentry"],"yoast_head":"<!-- This site is optimized with the Yoast SEO Premium plugin v18.4 (Yoast SEO v24.9) - https:\/\/yoast.com\/wordpress\/plugins\/seo\/ -->\n<title>Procesos de fabricaci\u00f3n de los centros de mecanizado - RIERGE<\/title>\n<meta name=\"description\" content=\"Conoce el proceso de fabricaci\u00f3n de los centros de mecanizado Rierge | Rierge\" \/>\n<meta name=\"robots\" content=\"index, follow, max-snippet:-1, max-image-preview:large, max-video-preview:-1\" \/>\n<link rel=\"canonical\" href=\"https:\/\/rierge.com\/rierge\/procesos\/\" \/>\n<meta property=\"og:locale\" content=\"ca_ES\" \/>\n<meta property=\"og:type\" content=\"article\" \/>\n<meta property=\"og:title\" content=\"[:es]Procesos[:ca]Processos[:en]Processes[:fr]Processus[:pb]Procesos[:]\" \/>\n<meta property=\"og:description\" content=\"Procesos para la fabricaci\u00f3n de los Centros de Mecanizado Rierge Tecnolog\u00eda &amp; Desarrollo En Rierge desarrollamos nuestros productos a trav\u00e9s de\" \/>\n<meta property=\"og:url\" content=\"https:\/\/rierge.com\/rierge\/procesos\/\" \/>\n<meta property=\"og:site_name\" content=\"RIERGE\" \/>\n<meta property=\"article:modified_time\" content=\"2023-09-14T08:13:51+00:00\" \/>\n<meta property=\"og:image\" content=\"https:\/\/rierge.com\/wp-content\/uploads\/2017\/05\/b_procesos.jpg\" \/>\n\t<meta property=\"og:image:width\" content=\"1000\" \/>\n\t<meta property=\"og:image:height\" content=\"400\" \/>\n\t<meta property=\"og:image:type\" content=\"image\/jpeg\" \/>\n<meta name=\"twitter:card\" content=\"summary_large_image\" \/>\n<meta name=\"twitter:label1\" content=\"Temps estimat de lectura\" \/>\n\t<meta name=\"twitter:data1\" content=\"23 minuts\" \/>\n<script type=\"application\/ld+json\" class=\"yoast-schema-graph\">{\"@context\":\"https:\/\/schema.org\",\"@graph\":[{\"@type\":\"WebPage\",\"@id\":\"https:\/\/rierge.com\/rierge\/procesos\/\",\"url\":\"https:\/\/rierge.com\/rierge\/procesos\/\",\"name\":\"Procesos de fabricaci\u00f3n de los centros de mecanizado - RIERGE\",\"isPartOf\":{\"@id\":\"https:\/\/rierge.com\/en\/#website\"},\"primaryImageOfPage\":{\"@id\":\"https:\/\/rierge.com\/rierge\/procesos\/#primaryimage\"},\"image\":{\"@id\":\"https:\/\/rierge.com\/rierge\/procesos\/#primaryimage\"},\"thumbnailUrl\":\"https:\/\/rierge.com\/wp-content\/uploads\/2017\/05\/b_procesos.jpg\",\"datePublished\":\"2017-04-28T09:32:54+00:00\",\"dateModified\":\"2023-09-14T08:13:51+00:00\",\"description\":\"Conoce el proceso de fabricaci\u00f3n de los centros de mecanizado Rierge | Rierge\",\"breadcrumb\":{\"@id\":\"https:\/\/rierge.com\/rierge\/procesos\/#breadcrumb\"},\"inLanguage\":\"ca\",\"potentialAction\":[{\"@type\":\"ReadAction\",\"target\":[\"https:\/\/rierge.com\/rierge\/procesos\/\"]}]},{\"@type\":\"ImageObject\",\"inLanguage\":\"ca\",\"@id\":\"https:\/\/rierge.com\/rierge\/procesos\/#primaryimage\",\"url\":\"https:\/\/rierge.com\/wp-content\/uploads\/2017\/05\/b_procesos.jpg\",\"contentUrl\":\"https:\/\/rierge.com\/wp-content\/uploads\/2017\/05\/b_procesos.jpg\",\"width\":1000,\"height\":400},{\"@type\":\"BreadcrumbList\",\"@id\":\"https:\/\/rierge.com\/rierge\/procesos\/#breadcrumb\",\"itemListElement\":[{\"@type\":\"ListItem\",\"position\":1,\"name\":\"Home\",\"item\":\"https:\/\/rierge.com\/\"},{\"@type\":\"ListItem\",\"position\":2,\"name\":\"Compa\u00f1\u00eda\",\"item\":\"https:\/\/rierge.com\/\"},{\"@type\":\"ListItem\",\"position\":3,\"name\":\"Procesos\"}]},{\"@type\":\"WebSite\",\"@id\":\"https:\/\/rierge.com\/en\/#website\",\"url\":\"https:\/\/rierge.com\/en\/\",\"name\":\"RIERGE\",\"description\":\"\",\"publisher\":{\"@id\":\"https:\/\/rierge.com\/en\/#organization\"},\"potentialAction\":[{\"@type\":\"SearchAction\",\"target\":{\"@type\":\"EntryPoint\",\"urlTemplate\":\"https:\/\/rierge.com\/en\/?s={search_term_string}\"},\"query-input\":{\"@type\":\"PropertyValueSpecification\",\"valueRequired\":true,\"valueName\":\"search_term_string\"}}],\"inLanguage\":\"ca\"},{\"@type\":\"Organization\",\"@id\":\"https:\/\/rierge.com\/en\/#organization\",\"name\":\"Rierge\",\"url\":\"https:\/\/rierge.com\/en\/\",\"logo\":{\"@type\":\"ImageObject\",\"inLanguage\":\"ca\",\"@id\":\"https:\/\/rierge.com\/en\/#\/schema\/logo\/image\/\",\"url\":\"https:\/\/rierge.com\/wp-content\/uploads\/2017\/06\/logo-rierge-desde-1954.jpg\",\"contentUrl\":\"https:\/\/rierge.com\/wp-content\/uploads\/2017\/06\/logo-rierge-desde-1954.jpg\",\"width\":180,\"height\":50,\"caption\":\"Rierge\"},\"image\":{\"@id\":\"https:\/\/rierge.com\/en\/#\/schema\/logo\/image\/\"}}]}<\/script>\n<!-- \/ Yoast SEO Premium plugin. -->","yoast_head_json":{"title":"Procesos de fabricaci\u00f3n de los centros de mecanizado - RIERGE","description":"Conoce el proceso de fabricaci\u00f3n de los centros de mecanizado Rierge | Rierge","robots":{"index":"index","follow":"follow","max-snippet":"max-snippet:-1","max-image-preview":"max-image-preview:large","max-video-preview":"max-video-preview:-1"},"canonical":"https:\/\/rierge.com\/rierge\/procesos\/","og_locale":"ca_ES","og_type":"article","og_title":"[:es]Procesos[:ca]Processos[:en]Processes[:fr]Processus[:pb]Procesos[:]","og_description":"Procesos para la fabricaci\u00f3n de los Centros de Mecanizado Rierge Tecnolog\u00eda &amp; Desarrollo En Rierge desarrollamos nuestros productos a trav\u00e9s de","og_url":"https:\/\/rierge.com\/rierge\/procesos\/","og_site_name":"RIERGE","article_modified_time":"2023-09-14T08:13:51+00:00","og_image":[{"width":1000,"height":400,"url":"https:\/\/rierge.com\/wp-content\/uploads\/2017\/05\/b_procesos.jpg","type":"image\/jpeg"}],"twitter_card":"summary_large_image","twitter_misc":{"Temps estimat de lectura":"23 minuts"},"schema":{"@context":"https:\/\/schema.org","@graph":[{"@type":"WebPage","@id":"https:\/\/rierge.com\/rierge\/procesos\/","url":"https:\/\/rierge.com\/rierge\/procesos\/","name":"Procesos de fabricaci\u00f3n de los centros de mecanizado - RIERGE","isPartOf":{"@id":"https:\/\/rierge.com\/en\/#website"},"primaryImageOfPage":{"@id":"https:\/\/rierge.com\/rierge\/procesos\/#primaryimage"},"image":{"@id":"https:\/\/rierge.com\/rierge\/procesos\/#primaryimage"},"thumbnailUrl":"https:\/\/rierge.com\/wp-content\/uploads\/2017\/05\/b_procesos.jpg","datePublished":"2017-04-28T09:32:54+00:00","dateModified":"2023-09-14T08:13:51+00:00","description":"Conoce el proceso de fabricaci\u00f3n de los centros de mecanizado Rierge | Rierge","breadcrumb":{"@id":"https:\/\/rierge.com\/rierge\/procesos\/#breadcrumb"},"inLanguage":"ca","potentialAction":[{"@type":"ReadAction","target":["https:\/\/rierge.com\/rierge\/procesos\/"]}]},{"@type":"ImageObject","inLanguage":"ca","@id":"https:\/\/rierge.com\/rierge\/procesos\/#primaryimage","url":"https:\/\/rierge.com\/wp-content\/uploads\/2017\/05\/b_procesos.jpg","contentUrl":"https:\/\/rierge.com\/wp-content\/uploads\/2017\/05\/b_procesos.jpg","width":1000,"height":400},{"@type":"BreadcrumbList","@id":"https:\/\/rierge.com\/rierge\/procesos\/#breadcrumb","itemListElement":[{"@type":"ListItem","position":1,"name":"Home","item":"https:\/\/rierge.com\/"},{"@type":"ListItem","position":2,"name":"Compa\u00f1\u00eda","item":"https:\/\/rierge.com\/"},{"@type":"ListItem","position":3,"name":"Procesos"}]},{"@type":"WebSite","@id":"https:\/\/rierge.com\/en\/#website","url":"https:\/\/rierge.com\/en\/","name":"RIERGE","description":"","publisher":{"@id":"https:\/\/rierge.com\/en\/#organization"},"potentialAction":[{"@type":"SearchAction","target":{"@type":"EntryPoint","urlTemplate":"https:\/\/rierge.com\/en\/?s={search_term_string}"},"query-input":{"@type":"PropertyValueSpecification","valueRequired":true,"valueName":"search_term_string"}}],"inLanguage":"ca"},{"@type":"Organization","@id":"https:\/\/rierge.com\/en\/#organization","name":"Rierge","url":"https:\/\/rierge.com\/en\/","logo":{"@type":"ImageObject","inLanguage":"ca","@id":"https:\/\/rierge.com\/en\/#\/schema\/logo\/image\/","url":"https:\/\/rierge.com\/wp-content\/uploads\/2017\/06\/logo-rierge-desde-1954.jpg","contentUrl":"https:\/\/rierge.com\/wp-content\/uploads\/2017\/06\/logo-rierge-desde-1954.jpg","width":180,"height":50,"caption":"Rierge"},"image":{"@id":"https:\/\/rierge.com\/en\/#\/schema\/logo\/image\/"}}]}},"_links":{"self":[{"href":"https:\/\/rierge.com\/ca\/wp-json\/wp\/v2\/pages\/1246","targetHints":{"allow":["GET"]}}],"collection":[{"href":"https:\/\/rierge.com\/ca\/wp-json\/wp\/v2\/pages"}],"about":[{"href":"https:\/\/rierge.com\/ca\/wp-json\/wp\/v2\/types\/page"}],"author":[{"embeddable":true,"href":"https:\/\/rierge.com\/ca\/wp-json\/wp\/v2\/users\/1"}],"replies":[{"embeddable":true,"href":"https:\/\/rierge.com\/ca\/wp-json\/wp\/v2\/comments?post=1246"}],"version-history":[{"count":3,"href":"https:\/\/rierge.com\/ca\/wp-json\/wp\/v2\/pages\/1246\/revisions"}],"predecessor-version":[{"id":7532,"href":"https:\/\/rierge.com\/ca\/wp-json\/wp\/v2\/pages\/1246\/revisions\/7532"}],"up":[{"embeddable":true,"href":"https:\/\/rierge.com\/ca\/wp-json\/wp\/v2\/pages\/23"}],"wp:featuredmedia":[{"embeddable":true,"href":"https:\/\/rierge.com\/ca\/wp-json\/wp\/v2\/media\/2567"}],"wp:attachment":[{"href":"https:\/\/rierge.com\/ca\/wp-json\/wp\/v2\/media?parent=1246"}],"curies":[{"name":"wp","href":"https:\/\/api.w.org\/{rel}","templated":true}]}}