                 
                                       
                                       
                                       
                                       
                                       
                                       
                                       
                                       
                                       
                                       
                                       
                                       
                                       
                                         
                                       
                                       
                                       
                                       
                                       
                                       
                                       
                                       
                                       
                                       
                                       
                                       
                                       
                                         
                                       
                                       
                                       
                                       
                                       
                                       
                                       
                                       
                                       
                                       
                                       
                                       
                                       
                                         
                                       
                                       
                                       
                                       
                                       
                                       
                                       
                                       
                                       
                                       
                                       
                                       
                                       
                                         
                                       
                                       
                                       
                                       
                                       
                                       
                                       
                                       
                                       
                                       
                                       
                                       
                                       
                        {"id":12,"date":"2017-03-23T14:32:34","date_gmt":"2017-03-23T14:32:34","guid":{"rendered":"http:\/\/rierge.com\/?page_id=12"},"modified":"2024-05-08T09:52:58","modified_gmt":"2024-05-08T09:52:58","slug":"sobre-nosostros","status":"publish","type":"page","link":"https:\/\/rierge.com\/ca\/rierge\/sobre-nosostros\/","title":{"rendered":"Sobre Nosaltres"},"content":{"rendered":"<p><\/p>\n<table cellspacing=\"25\">\n<tbody>\n<tr>\n<td style=\"width: 25%; vertical-align: top;\">\n<div class=\"list-mark\">\n<h3>PRESENTS ALS SECTORS<\/h3>\n<ul>\n<li>Aeron\u00e0utic.<\/li>\n<li>Automotriu.<\/li>\n<li>Ferrovial.<\/li>\n<li>Solid Surface.<\/li>\n<li>Fabricaci\u00f3 de Mobles.<\/li>\n<li>Fabricaci\u00f3 de portes, finestres i escales.<\/li>\n<\/ul>\n<\/div>\n<div class=\"clear padding-top-20\">\u00a0<\/div>\n<div class=\"list-mark\">\n<h3>MECANITZAT\u00a0DE MATERIALS COM<\/h3>\n<ul>\n<li>Resines<\/li>\n<li>Composites<\/li>\n<li>Materials Tecnol\u00f2gics<\/li>\n<li>Fibra de carbono<\/li>\n<li>Fusta<\/li>\n<li>Alumini<\/li>\n<li>Pl\u00e0stic<\/li>\n<\/ul>\n<\/div>\n<\/td>\n<td style=\"text-align: justify;\">Rierge es va fundar en 1954 i des de 1990 est\u00e0 especialitzada en el disseny i la fabricaci\u00f3 de Centres de Mecanitzat CNC, per a diferents sectors industrials, mecanitzant materials diversos. En les nostres plantes de Mollet i Martorelles (Barcelona) es realitza la fabricaci\u00f3 dels centres de mecanitzat CNC al complet. <strong>A\u00a0RIERGE<\/strong> \u2013 Desenvolupem els seus projectes. \u2013 Dissenyem solucions. \u2013 Desenvolupem Software per a usuario. \u2013 Programem els PLC&#8217;s dels equips. \u2013 Realitzem la soldadura, plegat i mecanitzat de les estructures. \u2013 Dissenyem i muntem els quadres el\u00e8ctrics de les m\u00e0quines. \u2013 Acoblem les diferents parts en les nostres instalacions. \u2013 Parametritzem i programem el el CNC. \u2013 Instal\u00b7lem i proporcionem formaci\u00f3 dels nostres productes. TOT AIX\u00d2, GR\u00c0CIES A L&#8217;EQUIP T\u00c8CNIC EN PLANTILLA DE RIERGE. El constant canvi de tend\u00e8ncies, l&#8217;evoluci\u00f3 inexorable de la tecnologia i els nous materials a mecanitzar, ens obliga a estar atents al mercat i desenvolupar les eines i m\u00e0quines necessaries adaptades a les noves exig\u00e8ncies del mercat. Actualment altres materiales estan sent integrats en la ind\u00fastria en general, como ara les resines, composites, corian, alucob\u00f3n, Honeycomb, Fibra de vidre, Fibra de carbono, Panel s\u00e0ndvitx&#8230; que s\u00f3n combinats o que substitueixen els materials tradicionals.<\/p>\n<h3><strong>ELS SECTORS APLICATIUS<\/strong><\/h3>\n<p><strong>Materials avan\u00e7ats, composites y alumini:\u00a0<\/strong>Centres de mecanitzat a Control Num\u00e8ric, per al mecanitzat d&#8217;alumini i materials compostos. Aquest ha sigut el departament m\u00e9s innovador de la nostra empresa, on l&#8217;evoluci\u00f3 d&#8217;aquests materials ha sigut el protagonista absolut. RIERGE ha invertit en desenvolupar diferents solucions per poder subministrar a sectors innovadors com l&#8217;aeroespacial, l&#8217;automovil\u00edstic, el sector n\u00e0utic, el ferrovial i molts m\u00e9s. <strong>Pl\u00e0stic:<\/strong> Centres de mecanitzat de Control Num\u00e8ric, per al mecanitzat de materials pl\u00e0stics i composites. <strong>Fusta:<\/strong> Centres de mecanitzat\u00a0a Control Num\u00e8ric (CNC) per treballar la fusta. Disposem de m\u00e0quines espec\u00edfiques per al mecanitzat de portes, finestres i escales, i l\u00ednies autom\u00e0tiques per al mecanitzat de tauler<\/td>\n<\/tr>\n<tr>\n<td style=\"width: 25%; text-align: right; vertical-align: middle;\"><span style=\"color: #808080; font-size: 14pt;\">AMB RIERGE DISPOSAR\u00c0 D&#8217;UNA SOLUCI\u00d3 INTEGRAL DE M\u00c0QUINA\/SOFTWARE<\/span><\/td>\n<td style=\"text-align: justify;\">\n<h3>\u00a0<\/h3>\n<h3>ASSESSORAMENT COMERCIAL<\/h3>\n<p>A Rierge assessorem als nostres clients en l&#8217;elecci\u00f3 de la soluci\u00f3 m\u00e9s adequada a les seves necessitats. En l&#8217;actualitat, el mercat exigeix una producci\u00f3 flexible i din\u00e0mica, pel que \u00e9s essencial escollir el format de m\u00e0quina m\u00e9s adequat i el sofware que s&#8217;adapti al producte final que desitgem fabricar. La nostra extensa gamma de m\u00e0quines dissenyades per a cada sector productiu fa que Rierge pugui oferir-li la soluci\u00f3 m\u00e9s interessant i productiva. Amb Rierge disposar\u00e0 d&#8217;una soluci\u00f3 integral de m\u00e0quina \/ software. A m\u00e9s, li oferim la possibilitat d&#8217;automatitzar els seus processos amb sistemes de c\u00e0rrega i desc\u00e0rrega, tot aix\u00f2 gestionat des d&#8217;un \u00fanic software.. El nostre equip comercial, junt al nostre departament t\u00e8cnic, est\u00e0 capacitat per assessorar-li en l&#8217;elecci\u00f3 de la millor soluci\u00f3 personalitzada.<\/td>\n<\/tr>\n<tr>\n<td style=\"width: 25%; text-align: right; vertical-align: middle;\"><span style=\"color: #808080; font-size: 14pt;\">DISPOSEM\u00a0D&#8217;UNA SALA PER A DEMOSTRACIONS DE M\u00c0QUINAS I\u00a0PRESENTACIONS DE SOFTWARE<\/span><\/td>\n<td>\n<h3>\u00a0<\/h3>\n<h3>\u00a0<\/h3>\n<h3 style=\"text-align: justify;\">SALA DE DEMOSTRACIONS<\/h3>\n<p style=\"text-align: justify;\">En les nostres instal\u00b7lacions de Martorelles, disposem d&#8217;una sala preparada per la realitzaci\u00f3 de demostracions de m\u00e0quines i presentacions de software, de manera que el nostre client pot veure la funcionalitat de la conjunci\u00f3 de les dues facetes.<\/p>\n<p style=\"text-align: justify;\">Aquest servei ens permet poder realitzar proves de materials i eines, un altre dels factors importants pel bon funcionament de la instal\u00b7laci\u00f3.<\/p>\n<p style=\"text-align: justify;\">En aquest espai, es realitzen col\u00b7loquis i formaci\u00f3 pels equips de ventes i disseny dels nostres clients, per oferir arguments de venta dels productes dissenyats i elaborats amb les solucions integrades de Rierge.<\/p>\n<p style=\"text-align: justify;\">Aquest servei est\u00e0 a la seva disposici\u00f3, no dubti en contactar amb el nostre departament de M\u00e0rqueting per a la programaci\u00f3 de l&#8217;esdeveniment.<\/p>\n<\/td>\n<\/tr>\n<tr>\n<td style=\"width: 25%; text-align: right; vertical-align: middle;\"><span style=\"color: #808080; font-size: 14pt;\">RIERGE DESENVOLUPA CONSTANTMENT NOUS PRODUCTES<\/span><\/td>\n<td>\n<h3 style=\"text-align: justify;\">TECNOLOGIA &amp; DESENVOLUPAMENT<\/h3>\n<p style=\"text-align: justify;\">A Rierge desenvolupem els nostres productes a trav\u00e9s de la nostra oficina t\u00e8cnica, constru\u00efm a les nostres instal\u00b7lacions tots els components de caldereria, desenvolupem el nostre propi software i adaptem solucions de mercat als nostres productes.<\/p>\n<p style=\"text-align: justify;\">Les nostres m\u00e0quines segueixen uns estrictes processos de qualitat, on tots els components que han sigut soldats o que, per el seu proc\u00e9s de fabricaci\u00f3, est\u00e0n exposades a altes temperatures, s\u00f3n sotmesos a un proc\u00e9s d&#8217;estabilitzat.<\/p>\n<p style=\"text-align: justify;\">En el proc\u00e9s d&#8217;acabament de la construcci\u00f3, tots els eixos s\u00f3n comparats, ajustats, esquadrats i compensats amb elements d&#8217;alta precisi\u00f3 per garantitzar precisi\u00f3 i qualitat en els acabaments dels productes, a m\u00e9s d&#8217;una durabilitat dels components mec\u00e0nics de tracci\u00f3 i translaci\u00f3.<\/p>\n<p style=\"text-align: justify;\">Rierge desenvolupa constantment nous productes i millores en els ja existents, sent l\u00edder mundial en el sector.<\/p>\n<\/td>\n<\/tr>\n<tr>\n<td style=\"width: 25%; text-align: right; vertical-align: middle;\"><span style=\"color: #808080; font-size: 14pt;\">ACONSEGUEIXI UNA MAJORPRODUCTIVITAT AMB LES NOSTRES SOLUCIONS D&#8217;AUTOMATITZACI\u00d3<\/span><\/td>\n<td>\n<h3>\u00a0<\/h3>\n<h3 style=\"text-align: justify;\">SOLUCIONS D&#8217;AUTOMATITZACI\u00d3<\/h3>\n<p style=\"text-align: justify;\">Per assolir la productivitat esperada de manera constant, cada m\u00e0quina de mecanitzat dep\u00e8n de la c\u00e0rrega i desc\u00e0rrega de les peces sense interrupcions. Per aix\u00f2, hem desenvolupat diferents sistemes per a qu\u00e8 les m\u00e0quines treballin sense iterrupcions i de forma autom\u00e0tica.<\/p>\n<p style=\"text-align: justify;\">Disposem de carregadors telesc\u00f2pics per la c\u00e0rrega del panell i manipuladors de ventoses per la c\u00e0rrega, desc\u00e0rrega i l&#8217;apilat de portes. Tot aix\u00f2 controlat des d&#8217;un \u00fanic punt i amb connexi\u00f3 a la seva ERP.<\/p>\n<ul>\n<li style=\"text-align: justify;\"><strong>Disseny i fabricaci\u00f3 d&#8217;acord amb les seves necessitats.<\/strong><\/li>\n<li style=\"text-align: justify;\"><strong>Controlat\u00a0des d&#8217;un \u00fanic punt i un sol programa.<\/strong><\/li>\n<li style=\"text-align: justify;\"><strong>Conexi\u00f3 per Teleservice.<\/strong><\/li>\n<li style=\"text-align: justify;\"><strong>Fabricaci\u00f3 intel\u00b7ligent.<\/strong><\/li>\n<\/ul>\n<\/td>\n<\/tr>\n<\/tbody>\n<\/table>\n<p style=\"text-align: center;\"><ul class=\"videos\"><li class=\"grid-100\"><iframe loading=\"lazy\" width=\"560\" height=\"315\" src=\"https:\/\/www.youtube.com\/embed\/-gKU6_L2QkE?rel=0\" frameborder=\"0\" allowfullscreen><\/iframe><\/ul><\/p>\n<p style=\"text-align: justify;\"><div class=\"contenedor-colaboradores\"><h2>Colaboradores<\/h2><p class=\"sub-titulo\"><\/p><ul class=\"colaboradores\"><li class=\"slide\"><a href=\"https:\/\/www.siemens.com\" target=\"_blank\"><img decoding=\"async\" src=\"https:\/\/rierge.com\/wp-content\/uploads\/2017\/03\/siemens-125x55.jpg\" alt=\" \" \/><\/a><\/li><li class=\"slide\"><a href=\"http:\/\/www.schaeffler.es\" target=\"_blank\"><img decoding=\"async\" src=\"https:\/\/rierge.com\/wp-content\/uploads\/2017\/03\/schaeffler-125x55.jpg\" alt=\" \" \/><\/a><\/li><li class=\"slide\"><a href=\"https:\/\/www.becker-international.com\/index.php?id=1&lang=003&func=&list=&shop_obj=&shop_index=\" target=\"_blank\"><img decoding=\"async\" src=\"https:\/\/rierge.com\/wp-content\/uploads\/2017\/03\/becker-125x55.jpg\" alt=\" \" \/><\/a><\/li><li class=\"slide\"><a href=\"http:\/\/www.buschvacuum.com\" target=\"_blank\"><img decoding=\"async\" src=\"https:\/\/rierge.com\/wp-content\/uploads\/2017\/03\/busch-125x55.jpg\" alt=\" \" \/><\/a><\/li><li class=\"slide\"><a href=\"http:\/\/www.raabe-software.de\/?lang=en&s=\" target=\"_blank\"><img decoding=\"async\" src=\"https:\/\/rierge.com\/wp-content\/uploads\/2017\/03\/twin-cam-125x55.jpg\" alt=\" \" \/><\/a><\/li><li class=\"slide\"><a href=\"https:\/\/teowin.com\" target=\"_blank\"><img decoding=\"async\" src=\"https:\/\/rierge.com\/wp-content\/uploads\/2024\/08\/Teowin_Compacto_Negativo_Blanco_redu-125x106.jpg\" alt=\" \" \/><\/a><\/li><li class=\"slide\"><a href=\"https:\/\/www.ddxgroup.com\/es\/software\" target=\"_blank\"><img decoding=\"async\" src=\"https:\/\/rierge.com\/wp-content\/uploads\/2017\/03\/1580726226-DDX-Logo-LINEAR-VERSION-white-125x38.png\" alt=\" \" \/><\/a><\/li><li class=\"slide\"><a href=\"http:\/\/www.gabarro.com\/es\/\" target=\"_blank\"><img decoding=\"async\" src=\"https:\/\/rierge.com\/wp-content\/uploads\/2017\/10\/Logo_Gabarro_3-web-125x42.jpg\" alt=\" \" \/><\/a><\/li><li class=\"slide\"><a href=\"http:\/\/www.gamo.com\/?lang=es\" target=\"_blank\"><img decoding=\"async\" src=\"https:\/\/rierge.com\/wp-content\/uploads\/2017\/10\/gamo1-125x31.jpg\" alt=\" \" \/><\/a><\/li><li class=\"slide\"><a href=\"https:\/\/www.prodim-systems.com\" target=\"_blank\"><img decoding=\"async\" src=\"https:\/\/rierge.com\/wp-content\/uploads\/2017\/03\/prodim-125x55.jpg\" alt=\" \" \/><\/a><\/li><li class=\"slide\"><a href=\"https:\/\/www.geodetic.com\" target=\"_blank\"><img decoding=\"async\" src=\"https:\/\/rierge.com\/wp-content\/uploads\/2017\/03\/nub3d-125x55.jpg\" alt=\" \" \/><\/a><\/li><li class=\"slide\"><a href=\"http:\/\/www.mia-cg.com\/\" target=\"_blank\"><img decoding=\"async\" src=\"https:\/\/rierge.com\/wp-content\/uploads\/2017\/03\/mia-125x55.jpg\" alt=\" \" \/><\/a><\/li><li class=\"slide\"><a href=\"http:\/\/www.cenfim.org\" target=\"_blank\"><img decoding=\"async\" src=\"https:\/\/rierge.com\/wp-content\/uploads\/2017\/10\/cenfim-web-125x38.jpg\" alt=\" \" \/><\/a><\/li><li class=\"slide\"><a href=\"http:\/\/www.cumesoft.com\" target=\"_blank\"><img decoding=\"async\" src=\"https:\/\/rierge.com\/wp-content\/uploads\/2017\/03\/cumesoft-125x55.jpg\" alt=\" \" \/><\/a><\/li><\/ul><\/div><div class=\"clear\"><\/div><\/p>\n<p style=\"text-align: justify;\">\u00a0<\/p>\n<p><\/p>","protected":false},"excerpt":{"rendered":"<p>PRESENTS ALS SECTORS Aeron\u00e0utic. Automotriu. Ferrovial. Solid Surface. Fabricaci\u00f3 de Mobles. Fabricaci\u00f3 de portes, finestres i escales. \u00a0 MECANITZAT\u00a0DE MATERIALS COM Resines Composites Materials Tecnol\u00f2gics Fibra de carbono Fusta Alumini Pl\u00e0stic Rierge es va fundar en 1954 i des de 1990 est\u00e0 especialitzada en el disseny i la fabricaci\u00f3 de Centres de Mecanitzat CNC, per [&hellip;]<\/p>\n","protected":false},"author":1,"featured_media":1615,"parent":23,"menu_order":6,"comment_status":"closed","ping_status":"closed","template":"","meta":{"_mc_calendar":[],"footnotes":""},"class_list":["post-12","page","type-page","status-publish","has-post-thumbnail","hentry"],"yoast_head":"<!-- This site is optimized with the Yoast SEO Premium plugin v18.4 (Yoast SEO v24.9) - https:\/\/yoast.com\/wordpress\/plugins\/seo\/ -->\n<title>Sobre Nosaltres - RIERGE<\/title>\n<meta name=\"description\" content=\"Rierge se fund\u00f3 en 1954 y desde 1990 est\u00e1 especializada en el dise\u00f1o y fabricaci\u00f3n de Centros de Mecanizado CNC, para diferentes sectores Industriales, mecanizando materiales diversos.\" \/>\n<meta name=\"robots\" content=\"index, follow, max-snippet:-1, max-image-preview:large, max-video-preview:-1\" \/>\n<link rel=\"canonical\" href=\"https:\/\/rierge.com\/rierge\/sobre-nosostros\/\" \/>\n<meta property=\"og:locale\" content=\"ca_ES\" \/>\n<meta property=\"og:type\" content=\"article\" \/>\n<meta property=\"og:title\" content=\"[:es]Sobre Nosotros[:ca]Sobre Nosaltres[:en]About Us[:fr]\u00c0 propos de nous[:pb]Sobre Nosotros[:]\" \/>\n<meta property=\"og:description\" content=\"PRESENTES EN LOS SECTORES Aeroespacial Automotriz Ferrovial Solid Surface Fabricaci\u00f3n de Muebles Fabricaci\u00f3n de puertas, ventanas y escaleras \u00a0 MECANIZADO\" \/>\n<meta property=\"og:url\" content=\"https:\/\/rierge.com\/rierge\/sobre-nosostros\/\" \/>\n<meta property=\"og:site_name\" content=\"RIERGE\" \/>\n<meta property=\"article:modified_time\" content=\"2024-05-08T09:52:58+00:00\" \/>\n<meta property=\"og:image\" content=\"https:\/\/rierge.com\/wp-content\/uploads\/2017\/03\/b_compania_sobre-nosotros.jpg\" \/>\n\t<meta property=\"og:image:width\" content=\"1000\" \/>\n\t<meta property=\"og:image:height\" content=\"400\" \/>\n\t<meta property=\"og:image:type\" content=\"image\/jpeg\" \/>\n<meta name=\"twitter:card\" content=\"summary_large_image\" \/>\n<meta name=\"twitter:label1\" content=\"Temps estimat de lectura\" \/>\n\t<meta name=\"twitter:data1\" content=\"4 minuts\" \/>\n<script type=\"application\/ld+json\" class=\"yoast-schema-graph\">{\"@context\":\"https:\/\/schema.org\",\"@graph\":[{\"@type\":\"WebPage\",\"@id\":\"https:\/\/rierge.com\/rierge\/sobre-nosostros\/\",\"url\":\"https:\/\/rierge.com\/rierge\/sobre-nosostros\/\",\"name\":\"[:es]Sobre Nosotros[:ca]Sobre Nosaltres[:en]About Us[:fr]\u00c0 propos de nous[:pb]Sobre Nosotros[:] - RIERGE\",\"isPartOf\":{\"@id\":\"https:\/\/rierge.com\/en\/#website\"},\"primaryImageOfPage\":{\"@id\":\"https:\/\/rierge.com\/rierge\/sobre-nosostros\/#primaryimage\"},\"image\":{\"@id\":\"https:\/\/rierge.com\/rierge\/sobre-nosostros\/#primaryimage\"},\"thumbnailUrl\":\"https:\/\/rierge.com\/wp-content\/uploads\/2017\/03\/b_compania_sobre-nosotros.jpg\",\"datePublished\":\"2017-03-23T14:32:34+00:00\",\"dateModified\":\"2024-05-08T09:52:58+00:00\",\"description\":\"Rierge se fund\u00f3 en 1954 y desde 1990 est\u00e1 especializada en el dise\u00f1o y fabricaci\u00f3n de Centros de Mecanizado CNC, para diferentes sectores Industriales, mecanizando materiales diversos.\",\"breadcrumb\":{\"@id\":\"https:\/\/rierge.com\/rierge\/sobre-nosostros\/#breadcrumb\"},\"inLanguage\":\"ca\",\"potentialAction\":[{\"@type\":\"ReadAction\",\"target\":[\"https:\/\/rierge.com\/rierge\/sobre-nosostros\/\"]}]},{\"@type\":\"ImageObject\",\"inLanguage\":\"ca\",\"@id\":\"https:\/\/rierge.com\/rierge\/sobre-nosostros\/#primaryimage\",\"url\":\"https:\/\/rierge.com\/wp-content\/uploads\/2017\/03\/b_compania_sobre-nosotros.jpg\",\"contentUrl\":\"https:\/\/rierge.com\/wp-content\/uploads\/2017\/03\/b_compania_sobre-nosotros.jpg\",\"width\":1000,\"height\":400},{\"@type\":\"BreadcrumbList\",\"@id\":\"https:\/\/rierge.com\/rierge\/sobre-nosostros\/#breadcrumb\",\"itemListElement\":[{\"@type\":\"ListItem\",\"position\":1,\"name\":\"Home\",\"item\":\"https:\/\/rierge.com\/\"},{\"@type\":\"ListItem\",\"position\":2,\"name\":\"Compa\u00f1\u00eda\",\"item\":\"https:\/\/rierge.com\/\"},{\"@type\":\"ListItem\",\"position\":3,\"name\":\"Sobre Nosotros\"}]},{\"@type\":\"WebSite\",\"@id\":\"https:\/\/rierge.com\/en\/#website\",\"url\":\"https:\/\/rierge.com\/en\/\",\"name\":\"RIERGE\",\"description\":\"\",\"publisher\":{\"@id\":\"https:\/\/rierge.com\/en\/#organization\"},\"potentialAction\":[{\"@type\":\"SearchAction\",\"target\":{\"@type\":\"EntryPoint\",\"urlTemplate\":\"https:\/\/rierge.com\/en\/?s={search_term_string}\"},\"query-input\":{\"@type\":\"PropertyValueSpecification\",\"valueRequired\":true,\"valueName\":\"search_term_string\"}}],\"inLanguage\":\"ca\"},{\"@type\":\"Organization\",\"@id\":\"https:\/\/rierge.com\/en\/#organization\",\"name\":\"Rierge\",\"url\":\"https:\/\/rierge.com\/en\/\",\"logo\":{\"@type\":\"ImageObject\",\"inLanguage\":\"ca\",\"@id\":\"https:\/\/rierge.com\/en\/#\/schema\/logo\/image\/\",\"url\":\"https:\/\/rierge.com\/wp-content\/uploads\/2017\/06\/logo-rierge-desde-1954.jpg\",\"contentUrl\":\"https:\/\/rierge.com\/wp-content\/uploads\/2017\/06\/logo-rierge-desde-1954.jpg\",\"width\":180,\"height\":50,\"caption\":\"Rierge\"},\"image\":{\"@id\":\"https:\/\/rierge.com\/en\/#\/schema\/logo\/image\/\"}}]}<\/script>\n<!-- \/ Yoast SEO Premium plugin. -->","yoast_head_json":{"title":"[:es]Sobre Nosotros[:ca]Sobre Nosaltres[:en]About Us[:fr]\u00c0 propos de nous[:pb]Sobre Nosotros[:] - RIERGE","description":"Rierge se fund\u00f3 en 1954 y desde 1990 est\u00e1 especializada en el dise\u00f1o y fabricaci\u00f3n de Centros de Mecanizado CNC, para diferentes sectores Industriales, mecanizando materiales diversos.","robots":{"index":"index","follow":"follow","max-snippet":"max-snippet:-1","max-image-preview":"max-image-preview:large","max-video-preview":"max-video-preview:-1"},"canonical":"https:\/\/rierge.com\/rierge\/sobre-nosostros\/","og_locale":"ca_ES","og_type":"article","og_title":"[:es]Sobre Nosotros[:ca]Sobre Nosaltres[:en]About Us[:fr]\u00c0 propos de nous[:pb]Sobre Nosotros[:]","og_description":"PRESENTES EN LOS SECTORES Aeroespacial Automotriz Ferrovial Solid Surface Fabricaci\u00f3n de Muebles Fabricaci\u00f3n de puertas, ventanas y escaleras \u00a0 MECANIZADO","og_url":"https:\/\/rierge.com\/rierge\/sobre-nosostros\/","og_site_name":"RIERGE","article_modified_time":"2024-05-08T09:52:58+00:00","og_image":[{"width":1000,"height":400,"url":"https:\/\/rierge.com\/wp-content\/uploads\/2017\/03\/b_compania_sobre-nosotros.jpg","type":"image\/jpeg"}],"twitter_card":"summary_large_image","twitter_misc":{"Temps estimat de lectura":"4 minuts"},"schema":{"@context":"https:\/\/schema.org","@graph":[{"@type":"WebPage","@id":"https:\/\/rierge.com\/rierge\/sobre-nosostros\/","url":"https:\/\/rierge.com\/rierge\/sobre-nosostros\/","name":"[:es]Sobre Nosotros[:ca]Sobre Nosaltres[:en]About Us[:fr]\u00c0 propos de nous[:pb]Sobre Nosotros[:] - RIERGE","isPartOf":{"@id":"https:\/\/rierge.com\/en\/#website"},"primaryImageOfPage":{"@id":"https:\/\/rierge.com\/rierge\/sobre-nosostros\/#primaryimage"},"image":{"@id":"https:\/\/rierge.com\/rierge\/sobre-nosostros\/#primaryimage"},"thumbnailUrl":"https:\/\/rierge.com\/wp-content\/uploads\/2017\/03\/b_compania_sobre-nosotros.jpg","datePublished":"2017-03-23T14:32:34+00:00","dateModified":"2024-05-08T09:52:58+00:00","description":"Rierge se fund\u00f3 en 1954 y desde 1990 est\u00e1 especializada en el dise\u00f1o y fabricaci\u00f3n de Centros de Mecanizado CNC, para diferentes sectores Industriales, mecanizando materiales diversos.","breadcrumb":{"@id":"https:\/\/rierge.com\/rierge\/sobre-nosostros\/#breadcrumb"},"inLanguage":"ca","potentialAction":[{"@type":"ReadAction","target":["https:\/\/rierge.com\/rierge\/sobre-nosostros\/"]}]},{"@type":"ImageObject","inLanguage":"ca","@id":"https:\/\/rierge.com\/rierge\/sobre-nosostros\/#primaryimage","url":"https:\/\/rierge.com\/wp-content\/uploads\/2017\/03\/b_compania_sobre-nosotros.jpg","contentUrl":"https:\/\/rierge.com\/wp-content\/uploads\/2017\/03\/b_compania_sobre-nosotros.jpg","width":1000,"height":400},{"@type":"BreadcrumbList","@id":"https:\/\/rierge.com\/rierge\/sobre-nosostros\/#breadcrumb","itemListElement":[{"@type":"ListItem","position":1,"name":"Home","item":"https:\/\/rierge.com\/"},{"@type":"ListItem","position":2,"name":"Compa\u00f1\u00eda","item":"https:\/\/rierge.com\/"},{"@type":"ListItem","position":3,"name":"Sobre Nosotros"}]},{"@type":"WebSite","@id":"https:\/\/rierge.com\/en\/#website","url":"https:\/\/rierge.com\/en\/","name":"RIERGE","description":"","publisher":{"@id":"https:\/\/rierge.com\/en\/#organization"},"potentialAction":[{"@type":"SearchAction","target":{"@type":"EntryPoint","urlTemplate":"https:\/\/rierge.com\/en\/?s={search_term_string}"},"query-input":{"@type":"PropertyValueSpecification","valueRequired":true,"valueName":"search_term_string"}}],"inLanguage":"ca"},{"@type":"Organization","@id":"https:\/\/rierge.com\/en\/#organization","name":"Rierge","url":"https:\/\/rierge.com\/en\/","logo":{"@type":"ImageObject","inLanguage":"ca","@id":"https:\/\/rierge.com\/en\/#\/schema\/logo\/image\/","url":"https:\/\/rierge.com\/wp-content\/uploads\/2017\/06\/logo-rierge-desde-1954.jpg","contentUrl":"https:\/\/rierge.com\/wp-content\/uploads\/2017\/06\/logo-rierge-desde-1954.jpg","width":180,"height":50,"caption":"Rierge"},"image":{"@id":"https:\/\/rierge.com\/en\/#\/schema\/logo\/image\/"}}]}},"_links":{"self":[{"href":"https:\/\/rierge.com\/ca\/wp-json\/wp\/v2\/pages\/12","targetHints":{"allow":["GET"]}}],"collection":[{"href":"https:\/\/rierge.com\/ca\/wp-json\/wp\/v2\/pages"}],"about":[{"href":"https:\/\/rierge.com\/ca\/wp-json\/wp\/v2\/types\/page"}],"author":[{"embeddable":true,"href":"https:\/\/rierge.com\/ca\/wp-json\/wp\/v2\/users\/1"}],"replies":[{"embeddable":true,"href":"https:\/\/rierge.com\/ca\/wp-json\/wp\/v2\/comments?post=12"}],"version-history":[{"count":7,"href":"https:\/\/rierge.com\/ca\/wp-json\/wp\/v2\/pages\/12\/revisions"}],"predecessor-version":[{"id":7855,"href":"https:\/\/rierge.com\/ca\/wp-json\/wp\/v2\/pages\/12\/revisions\/7855"}],"up":[{"embeddable":true,"href":"https:\/\/rierge.com\/ca\/wp-json\/wp\/v2\/pages\/23"}],"wp:featuredmedia":[{"embeddable":true,"href":"https:\/\/rierge.com\/ca\/wp-json\/wp\/v2\/media\/1615"}],"wp:attachment":[{"href":"https:\/\/rierge.com\/ca\/wp-json\/wp\/v2\/media?parent=12"}],"curies":[{"name":"wp","href":"https:\/\/api.w.org\/{rel}","templated":true}]}}